{"id":99197,"date":"2020-12-06T19:18:01","date_gmt":"2020-12-06T19:18:01","guid":{"rendered":"https:\/\/gartenlounge.ch\/product\/non%20class\u00e9\/tagesdecke-zweiseitig-denim-blau-140x190cm\/"},"modified":"2023-06-13T12:30:12","modified_gmt":"2023-06-13T12:30:12","slug":"tagesdecke-zweiseitig-denim-blau-140x190cm","status":"publish","type":"product","link":"https:\/\/gartenlounge.ch\/fr\/product\/oreiller\/tagesdecke-zweiseitig-denim-blau-140x190cm\/","title":{"rendered":"Tagesdecke zweiseitig Denim blau 140x190cm"},"content":{"rendered":"<p>In kr\u00e4ftigem Blau aus der Farbfamilie der Denimstoffe bietet diese Tagesdecke zwei unterschiedliche Seiten. Eine kuschelige Vorderseite mit Kunstfell und eine R\u00fcckseite die durch den wilden Tigerprint zum Blickfang wird.<br \/>\nDie Denim Tagesdecke besteht aus hochwertigen, pflegeleichten und robusten Synthetik-Fasern.<br \/>\nIn Europa unter fairen Bedingungen produziert und gefertigt.<\/p>\n","protected":false},"excerpt":{"rendered":"<p>In kr\u00e4ftigem Blau aus der Farbfamilie der Denimstoffe bietet diese Tagesdecke zwei unterschiedliche Seiten. Eine kuschelige Vorderseite mit Kunstfell und eine R\u00fcckseite die durch den wilden Tigerprint zum Blickfang wird. Die Denim Tagesdecke besteht aus hochwertigen, pflegeleichten und robusten Synthetik-Fasern. In Europa unter fairen Bedingungen produziert und gefertigt.<\/p>\n","protected":false},"featured_media":102138,"template":"","meta":{"_acf_changed":false},"product_cat":[157,163],"product_tag":[],"acf":[],"yoast_head":"<!-- This site is optimized with the Yoast SEO plugin v22.3 - https:\/\/yoast.com\/wordpress\/plugins\/seo\/ -->\n<title>Tagesdecke zweiseitig Denim blau 140x190cm - Gartenlounge<\/title>\n<meta name=\"description\" content=\"Seit 2006 ist gartenlounge.ch auf lounges und gartenm\u00f6bel aller art spezialisiert. Quer durch die ganze welt, auf der spur von individualit\u00e4t und exklusivit\u00e4t.\" \/>\n<meta name=\"robots\" content=\"index, follow, max-snippet:-1, max-image-preview:large, max-video-preview:-1\" \/>\n<link rel=\"canonical\" href=\"https:\/\/gartenlounge.ch\/fr\/product\/oreiller\/tagesdecke-zweiseitig-denim-blau-140x190cm\/\" \/>\n<meta property=\"og:locale\" content=\"fr_FR\" \/>\n<meta property=\"og:type\" content=\"article\" \/>\n<meta property=\"og:title\" content=\"Tagesdecke zweiseitig Denim blau 140x190cm - Gartenlounge\" \/>\n<meta property=\"og:description\" content=\"Seit 2006 ist gartenlounge.ch auf lounges und gartenm\u00f6bel aller art spezialisiert. Quer durch die ganze welt, auf der spur von individualit\u00e4t und exklusivit\u00e4t.\" \/>\n<meta property=\"og:url\" content=\"https:\/\/gartenlounge.ch\/fr\/product\/oreiller\/tagesdecke-zweiseitig-denim-blau-140x190cm\/\" \/>\n<meta property=\"og:site_name\" content=\"Gartenlounge\" \/>\n<meta property=\"article:publisher\" content=\"https:\/\/www.facebook.com\/outdoorsofa\/\" \/>\n<meta property=\"article:modified_time\" content=\"2023-06-13T12:30:12+00:00\" \/>\n<meta property=\"og:image\" content=\"https:\/\/gartenlounge.ch\/wp-content\/uploads\/2020\/12\/DENIM-blanket-blue-ok.jpg\" \/>\n\t<meta property=\"og:image:width\" content=\"800\" \/>\n\t<meta property=\"og:image:height\" content=\"600\" \/>\n\t<meta property=\"og:image:type\" content=\"image\/jpeg\" \/>\n<meta name=\"twitter:card\" content=\"summary_large_image\" \/>\n<script type=\"application\/ld+json\" class=\"yoast-schema-graph\">{\"@context\":\"https:\/\/schema.org\",\"@graph\":[{\"@type\":\"WebPage\",\"@id\":\"https:\/\/gartenlounge.ch\/fr\/product\/oreiller\/tagesdecke-zweiseitig-denim-blau-140x190cm\/\",\"url\":\"https:\/\/gartenlounge.ch\/fr\/product\/oreiller\/tagesdecke-zweiseitig-denim-blau-140x190cm\/\",\"name\":\"Tagesdecke zweiseitig Denim blau 140x190cm - Gartenlounge\",\"isPartOf\":{\"@id\":\"https:\/\/gartenlounge.ch\/#website\"},\"primaryImageOfPage\":{\"@id\":\"https:\/\/gartenlounge.ch\/fr\/product\/oreiller\/tagesdecke-zweiseitig-denim-blau-140x190cm\/#primaryimage\"},\"image\":{\"@id\":\"https:\/\/gartenlounge.ch\/fr\/product\/oreiller\/tagesdecke-zweiseitig-denim-blau-140x190cm\/#primaryimage\"},\"thumbnailUrl\":\"https:\/\/gartenlounge.ch\/wp-content\/uploads\/2020\/12\/Tagesdecke-zweiseitig-Denim-blau-30.jpg\",\"datePublished\":\"2020-12-06T19:18:01+00:00\",\"dateModified\":\"2023-06-13T12:30:12+00:00\",\"description\":\"Seit 2006 ist gartenlounge.ch auf lounges und gartenm\u00f6bel aller art spezialisiert. Quer durch die ganze welt, auf der spur von individualit\u00e4t und exklusivit\u00e4t.\",\"breadcrumb\":{\"@id\":\"https:\/\/gartenlounge.ch\/fr\/product\/oreiller\/tagesdecke-zweiseitig-denim-blau-140x190cm\/#breadcrumb\"},\"inLanguage\":\"fr-FR\",\"potentialAction\":[{\"@type\":\"ReadAction\",\"target\":[\"https:\/\/gartenlounge.ch\/fr\/product\/oreiller\/tagesdecke-zweiseitig-denim-blau-140x190cm\/\"]}]},{\"@type\":\"ImageObject\",\"inLanguage\":\"fr-FR\",\"@id\":\"https:\/\/gartenlounge.ch\/fr\/product\/oreiller\/tagesdecke-zweiseitig-denim-blau-140x190cm\/#primaryimage\",\"url\":\"https:\/\/gartenlounge.ch\/wp-content\/uploads\/2020\/12\/Tagesdecke-zweiseitig-Denim-blau-30.jpg\",\"contentUrl\":\"https:\/\/gartenlounge.ch\/wp-content\/uploads\/2020\/12\/Tagesdecke-zweiseitig-Denim-blau-30.jpg\",\"width\":800,\"height\":600},{\"@type\":\"BreadcrumbList\",\"@id\":\"https:\/\/gartenlounge.ch\/fr\/product\/oreiller\/tagesdecke-zweiseitig-denim-blau-140x190cm\/#breadcrumb\",\"itemListElement\":[{\"@type\":\"ListItem\",\"position\":1,\"name\":\"Home\",\"item\":\"https:\/\/gartenlounge.ch\/fr\/\"},{\"@type\":\"ListItem\",\"position\":2,\"name\":\"Boutique\",\"item\":\"https:\/\/gartenlounge.ch\/fr\/boutique\/\"},{\"@type\":\"ListItem\",\"position\":3,\"name\":\"Tagesdecke zweiseitig Denim blau 140x190cm\"}]},{\"@type\":\"WebSite\",\"@id\":\"https:\/\/gartenlounge.ch\/#website\",\"url\":\"https:\/\/gartenlounge.ch\/\",\"name\":\"Gartenlounge\",\"description\":\"Lounges und Garten Lounges Aller Art Spezialisiert.\",\"publisher\":{\"@id\":\"https:\/\/gartenlounge.ch\/#organization\"},\"potentialAction\":[{\"@type\":\"SearchAction\",\"target\":{\"@type\":\"EntryPoint\",\"urlTemplate\":\"https:\/\/gartenlounge.ch\/?s={search_term_string}\"},\"query-input\":\"required name=search_term_string\"}],\"inLanguage\":\"fr-FR\"},{\"@type\":\"Organization\",\"@id\":\"https:\/\/gartenlounge.ch\/#organization\",\"name\":\"Gartenlounge - Lounges und Gartenlounges aller Art spezialisiert.\",\"url\":\"https:\/\/gartenlounge.ch\/\",\"logo\":{\"@type\":\"ImageObject\",\"inLanguage\":\"fr-FR\",\"@id\":\"https:\/\/gartenlounge.ch\/#\/schema\/logo\/image\/\",\"url\":\"https:\/\/gartenlounge.ch\/wp-content\/uploads\/2018\/09\/Gartenlongue.ch_.png\",\"contentUrl\":\"https:\/\/gartenlounge.ch\/wp-content\/uploads\/2018\/09\/Gartenlongue.ch_.png\",\"width\":500,\"height\":67,\"caption\":\"Gartenlounge - Lounges und Gartenlounges aller Art spezialisiert.\"},\"image\":{\"@id\":\"https:\/\/gartenlounge.ch\/#\/schema\/logo\/image\/\"},\"sameAs\":[\"https:\/\/www.facebook.com\/outdoorsofa\/\"]}]}<\/script>\n<!-- \/ Yoast SEO plugin. -->","yoast_head_json":{"title":"Tagesdecke zweiseitig Denim blau 140x190cm - Gartenlounge","description":"Seit 2006 ist gartenlounge.ch auf lounges und gartenm\u00f6bel aller art spezialisiert. Quer durch die ganze welt, auf der spur von individualit\u00e4t und exklusivit\u00e4t.","robots":{"index":"index","follow":"follow","max-snippet":"max-snippet:-1","max-image-preview":"max-image-preview:large","max-video-preview":"max-video-preview:-1"},"canonical":"https:\/\/gartenlounge.ch\/fr\/product\/oreiller\/tagesdecke-zweiseitig-denim-blau-140x190cm\/","og_locale":"fr_FR","og_type":"article","og_title":"Tagesdecke zweiseitig Denim blau 140x190cm - Gartenlounge","og_description":"Seit 2006 ist gartenlounge.ch auf lounges und gartenm\u00f6bel aller art spezialisiert. Quer durch die ganze welt, auf der spur von individualit\u00e4t und exklusivit\u00e4t.","og_url":"https:\/\/gartenlounge.ch\/fr\/product\/oreiller\/tagesdecke-zweiseitig-denim-blau-140x190cm\/","og_site_name":"Gartenlounge","article_publisher":"https:\/\/www.facebook.com\/outdoorsofa\/","article_modified_time":"2023-06-13T12:30:12+00:00","og_image":[{"width":800,"height":600,"url":"https:\/\/gartenlounge.ch\/wp-content\/uploads\/2020\/12\/DENIM-blanket-blue-ok.jpg","type":"image\/jpeg"}],"twitter_card":"summary_large_image","schema":{"@context":"https:\/\/schema.org","@graph":[{"@type":"WebPage","@id":"https:\/\/gartenlounge.ch\/fr\/product\/oreiller\/tagesdecke-zweiseitig-denim-blau-140x190cm\/","url":"https:\/\/gartenlounge.ch\/fr\/product\/oreiller\/tagesdecke-zweiseitig-denim-blau-140x190cm\/","name":"Tagesdecke zweiseitig Denim blau 140x190cm - Gartenlounge","isPartOf":{"@id":"https:\/\/gartenlounge.ch\/#website"},"primaryImageOfPage":{"@id":"https:\/\/gartenlounge.ch\/fr\/product\/oreiller\/tagesdecke-zweiseitig-denim-blau-140x190cm\/#primaryimage"},"image":{"@id":"https:\/\/gartenlounge.ch\/fr\/product\/oreiller\/tagesdecke-zweiseitig-denim-blau-140x190cm\/#primaryimage"},"thumbnailUrl":"https:\/\/gartenlounge.ch\/wp-content\/uploads\/2020\/12\/Tagesdecke-zweiseitig-Denim-blau-30.jpg","datePublished":"2020-12-06T19:18:01+00:00","dateModified":"2023-06-13T12:30:12+00:00","description":"Seit 2006 ist gartenlounge.ch auf lounges und gartenm\u00f6bel aller art spezialisiert. Quer durch die ganze welt, auf der spur von individualit\u00e4t und exklusivit\u00e4t.","breadcrumb":{"@id":"https:\/\/gartenlounge.ch\/fr\/product\/oreiller\/tagesdecke-zweiseitig-denim-blau-140x190cm\/#breadcrumb"},"inLanguage":"fr-FR","potentialAction":[{"@type":"ReadAction","target":["https:\/\/gartenlounge.ch\/fr\/product\/oreiller\/tagesdecke-zweiseitig-denim-blau-140x190cm\/"]}]},{"@type":"ImageObject","inLanguage":"fr-FR","@id":"https:\/\/gartenlounge.ch\/fr\/product\/oreiller\/tagesdecke-zweiseitig-denim-blau-140x190cm\/#primaryimage","url":"https:\/\/gartenlounge.ch\/wp-content\/uploads\/2020\/12\/Tagesdecke-zweiseitig-Denim-blau-30.jpg","contentUrl":"https:\/\/gartenlounge.ch\/wp-content\/uploads\/2020\/12\/Tagesdecke-zweiseitig-Denim-blau-30.jpg","width":800,"height":600},{"@type":"BreadcrumbList","@id":"https:\/\/gartenlounge.ch\/fr\/product\/oreiller\/tagesdecke-zweiseitig-denim-blau-140x190cm\/#breadcrumb","itemListElement":[{"@type":"ListItem","position":1,"name":"Home","item":"https:\/\/gartenlounge.ch\/fr\/"},{"@type":"ListItem","position":2,"name":"Boutique","item":"https:\/\/gartenlounge.ch\/fr\/boutique\/"},{"@type":"ListItem","position":3,"name":"Tagesdecke zweiseitig Denim blau 140x190cm"}]},{"@type":"WebSite","@id":"https:\/\/gartenlounge.ch\/#website","url":"https:\/\/gartenlounge.ch\/","name":"Gartenlounge","description":"Lounges und Garten Lounges Aller Art Spezialisiert.","publisher":{"@id":"https:\/\/gartenlounge.ch\/#organization"},"potentialAction":[{"@type":"SearchAction","target":{"@type":"EntryPoint","urlTemplate":"https:\/\/gartenlounge.ch\/?s={search_term_string}"},"query-input":"required name=search_term_string"}],"inLanguage":"fr-FR"},{"@type":"Organization","@id":"https:\/\/gartenlounge.ch\/#organization","name":"Gartenlounge - Lounges und Gartenlounges aller Art spezialisiert.","url":"https:\/\/gartenlounge.ch\/","logo":{"@type":"ImageObject","inLanguage":"fr-FR","@id":"https:\/\/gartenlounge.ch\/#\/schema\/logo\/image\/","url":"https:\/\/gartenlounge.ch\/wp-content\/uploads\/2018\/09\/Gartenlongue.ch_.png","contentUrl":"https:\/\/gartenlounge.ch\/wp-content\/uploads\/2018\/09\/Gartenlongue.ch_.png","width":500,"height":67,"caption":"Gartenlounge - Lounges und Gartenlounges aller Art spezialisiert."},"image":{"@id":"https:\/\/gartenlounge.ch\/#\/schema\/logo\/image\/"},"sameAs":["https:\/\/www.facebook.com\/outdoorsofa\/"]}]}},"_links":{"self":[{"href":"https:\/\/gartenlounge.ch\/fr\/wp-json\/wp\/v2\/product\/99197"}],"collection":[{"href":"https:\/\/gartenlounge.ch\/fr\/wp-json\/wp\/v2\/product"}],"about":[{"href":"https:\/\/gartenlounge.ch\/fr\/wp-json\/wp\/v2\/types\/product"}],"wp:featuredmedia":[{"embeddable":true,"href":"https:\/\/gartenlounge.ch\/fr\/wp-json\/wp\/v2\/media\/102138"}],"wp:attachment":[{"href":"https:\/\/gartenlounge.ch\/fr\/wp-json\/wp\/v2\/media?parent=99197"}],"wp:term":[{"taxonomy":"product_cat","embeddable":true,"href":"https:\/\/gartenlounge.ch\/fr\/wp-json\/wp\/v2\/product_cat?post=99197"},{"taxonomy":"product_tag","embeddable":true,"href":"https:\/\/gartenlounge.ch\/fr\/wp-json\/wp\/v2\/product_tag?post=99197"}],"curies":[{"name":"wp","href":"https:\/\/api.w.org\/{rel}","templated":true}]}}