{"id":98536,"date":"2023-01-25T20:39:32","date_gmt":"2023-01-25T20:39:32","guid":{"rendered":"https:\/\/gartenlounge.ch\/product\/non%20class\u00e9\/cosiloft-120-rund\/"},"modified":"2023-06-13T09:54:56","modified_gmt":"2023-06-13T09:54:56","slug":"cosiloft-120-rund","status":"publish","type":"product","link":"https:\/\/gartenlounge.ch\/fr\/product\/espace-feu\/cosiloft-120-rund\/","title":{"rendered":"Cosiloft 120 rund"},"content":{"rendered":"<p>Vous \u00eates \u00e0 la recherche d&#8217;un foyer rond autour duquel vous, vos amis et votre famille pourrez vous asseoir confortablement ? Le Cosiloft 120 rond est le foyer parfait pour vous ! Le Cosiloft se compose d&#8217;un cadre ouvert en aluminium avec un plateau en teck. Le cadre est disponible en deux couleurs : blanc pour un look moderne ou noir pour un style industriel. Malgr\u00e9 sa faible hauteur de couchage, le Cosiloft 120 round peut m\u00eame accueillir une bouteille de gaz de 5 kg. La bouteille de gaz est bien int\u00e9gr\u00e9e dans le design de la table Cosiloft.<\/p>\n<p>*Veuillez noter : vous optez pour un Cosiloft en teck ? Ne recouvrez pas le teck d&#8217;une housse de protection. Vous pouvez laisser le plateau de table en teck \u00e0 l&#8217;ext\u00e9rieur ou le ranger dans un garage ou un abri de jardin, par exemple.<\/p>\n<p>Le Cosiloft 120 round est livr\u00e9 avec un r\u00e9gulateur de 30 mBar avec tuyau de gaz, 4 b\u00fbches en c\u00e9ramique, des pierres de lave et une batterie.<\/p>\n","protected":false},"excerpt":{"rendered":"<p>Vous \u00eates \u00e0 la recherche d&#8217;un foyer rond autour duquel vous, vos amis et votre famille pourrez vous asseoir confortablement ? Le Cosiloft 120 rond est le foyer parfait pour vous ! Le Cosiloft se compose d&#8217;un cadre ouvert en aluminium avec un plateau en teck. Le cadre est disponible en deux couleurs : blanc [&#8230;]\n","protected":false},"featured_media":96238,"template":"","meta":{"_acf_changed":false},"product_cat":[414],"product_tag":[],"acf":[],"yoast_head":"<!-- This site is optimized with the Yoast SEO plugin v22.3 - https:\/\/yoast.com\/wordpress\/plugins\/seo\/ -->\n<title>Cosiloft 120 rund - Gartenlounge<\/title>\n<meta name=\"description\" content=\"Seit 2006 ist gartenlounge.ch auf lounges und gartenm\u00f6bel aller art spezialisiert. Quer durch die ganze welt, auf der spur von individualit\u00e4t und exklusivit\u00e4t.\" \/>\n<meta name=\"robots\" content=\"index, follow, max-snippet:-1, max-image-preview:large, max-video-preview:-1\" \/>\n<link rel=\"canonical\" href=\"https:\/\/gartenlounge.ch\/fr\/product\/s-lounges-fr\/cosiloft-120-rund\/\" \/>\n<meta property=\"og:locale\" content=\"fr_FR\" \/>\n<meta property=\"og:type\" content=\"article\" \/>\n<meta property=\"og:title\" content=\"Cosiloft 120 rund - Gartenlounge\" \/>\n<meta property=\"og:description\" content=\"Seit 2006 ist gartenlounge.ch auf lounges und gartenm\u00f6bel aller art spezialisiert. Quer durch die ganze welt, auf der spur von individualit\u00e4t und exklusivit\u00e4t.\" \/>\n<meta property=\"og:url\" content=\"https:\/\/gartenlounge.ch\/fr\/product\/s-lounges-fr\/cosiloft-120-rund\/\" \/>\n<meta property=\"og:site_name\" content=\"Gartenlounge\" \/>\n<meta property=\"article:publisher\" content=\"https:\/\/www.facebook.com\/outdoorsofa\/\" \/>\n<meta property=\"article:modified_time\" content=\"2023-06-13T09:54:56+00:00\" \/>\n<meta property=\"og:image\" content=\"https:\/\/gartenlounge.ch\/wp-content\/uploads\/2023\/01\/00-5981110-Cosiloft-round-teak-black_S3-Kopie.jpg\" \/>\n\t<meta property=\"og:image:width\" content=\"800\" \/>\n\t<meta property=\"og:image:height\" content=\"600\" \/>\n\t<meta property=\"og:image:type\" content=\"image\/jpeg\" \/>\n<meta name=\"twitter:card\" content=\"summary_large_image\" \/>\n<meta name=\"twitter:label1\" content=\"Dur\u00e9e de lecture estim\u00e9e\" \/>\n\t<meta name=\"twitter:data1\" content=\"1 minute\" \/>\n<script type=\"application\/ld+json\" class=\"yoast-schema-graph\">{\"@context\":\"https:\/\/schema.org\",\"@graph\":[{\"@type\":\"WebPage\",\"@id\":\"https:\/\/gartenlounge.ch\/fr\/product\/s-lounges-fr\/cosiloft-120-rund\/\",\"url\":\"https:\/\/gartenlounge.ch\/fr\/product\/s-lounges-fr\/cosiloft-120-rund\/\",\"name\":\"Cosiloft 120 rund - Gartenlounge\",\"isPartOf\":{\"@id\":\"https:\/\/gartenlounge.ch\/#website\"},\"primaryImageOfPage\":{\"@id\":\"https:\/\/gartenlounge.ch\/fr\/product\/s-lounges-fr\/cosiloft-120-rund\/#primaryimage\"},\"image\":{\"@id\":\"https:\/\/gartenlounge.ch\/fr\/product\/s-lounges-fr\/cosiloft-120-rund\/#primaryimage\"},\"thumbnailUrl\":\"https:\/\/gartenlounge.ch\/wp-content\/uploads\/2023\/01\/00-5981110-Cosiloft-round-teak-black_S3-Kopie.jpg\",\"datePublished\":\"2023-01-25T20:39:32+00:00\",\"dateModified\":\"2023-06-13T09:54:56+00:00\",\"description\":\"Seit 2006 ist gartenlounge.ch auf lounges und gartenm\u00f6bel aller art spezialisiert. Quer durch die ganze welt, auf der spur von individualit\u00e4t und exklusivit\u00e4t.\",\"breadcrumb\":{\"@id\":\"https:\/\/gartenlounge.ch\/fr\/product\/s-lounges-fr\/cosiloft-120-rund\/#breadcrumb\"},\"inLanguage\":\"fr-FR\",\"potentialAction\":[{\"@type\":\"ReadAction\",\"target\":[\"https:\/\/gartenlounge.ch\/fr\/product\/s-lounges-fr\/cosiloft-120-rund\/\"]}]},{\"@type\":\"ImageObject\",\"inLanguage\":\"fr-FR\",\"@id\":\"https:\/\/gartenlounge.ch\/fr\/product\/s-lounges-fr\/cosiloft-120-rund\/#primaryimage\",\"url\":\"https:\/\/gartenlounge.ch\/wp-content\/uploads\/2023\/01\/00-5981110-Cosiloft-round-teak-black_S3-Kopie.jpg\",\"contentUrl\":\"https:\/\/gartenlounge.ch\/wp-content\/uploads\/2023\/01\/00-5981110-Cosiloft-round-teak-black_S3-Kopie.jpg\",\"width\":800,\"height\":600},{\"@type\":\"BreadcrumbList\",\"@id\":\"https:\/\/gartenlounge.ch\/fr\/product\/s-lounges-fr\/cosiloft-120-rund\/#breadcrumb\",\"itemListElement\":[{\"@type\":\"ListItem\",\"position\":1,\"name\":\"Home\",\"item\":\"https:\/\/gartenlounge.ch\/fr\/\"},{\"@type\":\"ListItem\",\"position\":2,\"name\":\"Boutique\",\"item\":\"https:\/\/gartenlounge.ch\/fr\/boutique\/\"},{\"@type\":\"ListItem\",\"position\":3,\"name\":\"Cosiloft 120 rund\"}]},{\"@type\":\"WebSite\",\"@id\":\"https:\/\/gartenlounge.ch\/#website\",\"url\":\"https:\/\/gartenlounge.ch\/\",\"name\":\"Gartenlounge\",\"description\":\"Lounges und Garten Lounges Aller Art Spezialisiert.\",\"publisher\":{\"@id\":\"https:\/\/gartenlounge.ch\/#organization\"},\"potentialAction\":[{\"@type\":\"SearchAction\",\"target\":{\"@type\":\"EntryPoint\",\"urlTemplate\":\"https:\/\/gartenlounge.ch\/?s={search_term_string}\"},\"query-input\":\"required name=search_term_string\"}],\"inLanguage\":\"fr-FR\"},{\"@type\":\"Organization\",\"@id\":\"https:\/\/gartenlounge.ch\/#organization\",\"name\":\"Gartenlounge - Lounges und Gartenlounges aller Art spezialisiert.\",\"url\":\"https:\/\/gartenlounge.ch\/\",\"logo\":{\"@type\":\"ImageObject\",\"inLanguage\":\"fr-FR\",\"@id\":\"https:\/\/gartenlounge.ch\/#\/schema\/logo\/image\/\",\"url\":\"https:\/\/gartenlounge.ch\/wp-content\/uploads\/2018\/09\/Gartenlongue.ch_.png\",\"contentUrl\":\"https:\/\/gartenlounge.ch\/wp-content\/uploads\/2018\/09\/Gartenlongue.ch_.png\",\"width\":500,\"height\":67,\"caption\":\"Gartenlounge - Lounges und Gartenlounges aller Art spezialisiert.\"},\"image\":{\"@id\":\"https:\/\/gartenlounge.ch\/#\/schema\/logo\/image\/\"},\"sameAs\":[\"https:\/\/www.facebook.com\/outdoorsofa\/\"]}]}<\/script>\n<!-- \/ Yoast SEO plugin. -->","yoast_head_json":{"title":"Cosiloft 120 rund - Gartenlounge","description":"Seit 2006 ist gartenlounge.ch auf lounges und gartenm\u00f6bel aller art spezialisiert. Quer durch die ganze welt, auf der spur von individualit\u00e4t und exklusivit\u00e4t.","robots":{"index":"index","follow":"follow","max-snippet":"max-snippet:-1","max-image-preview":"max-image-preview:large","max-video-preview":"max-video-preview:-1"},"canonical":"https:\/\/gartenlounge.ch\/fr\/product\/s-lounges-fr\/cosiloft-120-rund\/","og_locale":"fr_FR","og_type":"article","og_title":"Cosiloft 120 rund - Gartenlounge","og_description":"Seit 2006 ist gartenlounge.ch auf lounges und gartenm\u00f6bel aller art spezialisiert. Quer durch die ganze welt, auf der spur von individualit\u00e4t und exklusivit\u00e4t.","og_url":"https:\/\/gartenlounge.ch\/fr\/product\/s-lounges-fr\/cosiloft-120-rund\/","og_site_name":"Gartenlounge","article_publisher":"https:\/\/www.facebook.com\/outdoorsofa\/","article_modified_time":"2023-06-13T09:54:56+00:00","og_image":[{"width":800,"height":600,"url":"https:\/\/gartenlounge.ch\/wp-content\/uploads\/2023\/01\/00-5981110-Cosiloft-round-teak-black_S3-Kopie.jpg","type":"image\/jpeg"}],"twitter_card":"summary_large_image","twitter_misc":{"Dur\u00e9e de lecture estim\u00e9e":"1 minute"},"schema":{"@context":"https:\/\/schema.org","@graph":[{"@type":"WebPage","@id":"https:\/\/gartenlounge.ch\/fr\/product\/s-lounges-fr\/cosiloft-120-rund\/","url":"https:\/\/gartenlounge.ch\/fr\/product\/s-lounges-fr\/cosiloft-120-rund\/","name":"Cosiloft 120 rund - Gartenlounge","isPartOf":{"@id":"https:\/\/gartenlounge.ch\/#website"},"primaryImageOfPage":{"@id":"https:\/\/gartenlounge.ch\/fr\/product\/s-lounges-fr\/cosiloft-120-rund\/#primaryimage"},"image":{"@id":"https:\/\/gartenlounge.ch\/fr\/product\/s-lounges-fr\/cosiloft-120-rund\/#primaryimage"},"thumbnailUrl":"https:\/\/gartenlounge.ch\/wp-content\/uploads\/2023\/01\/00-5981110-Cosiloft-round-teak-black_S3-Kopie.jpg","datePublished":"2023-01-25T20:39:32+00:00","dateModified":"2023-06-13T09:54:56+00:00","description":"Seit 2006 ist gartenlounge.ch auf lounges und gartenm\u00f6bel aller art spezialisiert. Quer durch die ganze welt, auf der spur von individualit\u00e4t und exklusivit\u00e4t.","breadcrumb":{"@id":"https:\/\/gartenlounge.ch\/fr\/product\/s-lounges-fr\/cosiloft-120-rund\/#breadcrumb"},"inLanguage":"fr-FR","potentialAction":[{"@type":"ReadAction","target":["https:\/\/gartenlounge.ch\/fr\/product\/s-lounges-fr\/cosiloft-120-rund\/"]}]},{"@type":"ImageObject","inLanguage":"fr-FR","@id":"https:\/\/gartenlounge.ch\/fr\/product\/s-lounges-fr\/cosiloft-120-rund\/#primaryimage","url":"https:\/\/gartenlounge.ch\/wp-content\/uploads\/2023\/01\/00-5981110-Cosiloft-round-teak-black_S3-Kopie.jpg","contentUrl":"https:\/\/gartenlounge.ch\/wp-content\/uploads\/2023\/01\/00-5981110-Cosiloft-round-teak-black_S3-Kopie.jpg","width":800,"height":600},{"@type":"BreadcrumbList","@id":"https:\/\/gartenlounge.ch\/fr\/product\/s-lounges-fr\/cosiloft-120-rund\/#breadcrumb","itemListElement":[{"@type":"ListItem","position":1,"name":"Home","item":"https:\/\/gartenlounge.ch\/fr\/"},{"@type":"ListItem","position":2,"name":"Boutique","item":"https:\/\/gartenlounge.ch\/fr\/boutique\/"},{"@type":"ListItem","position":3,"name":"Cosiloft 120 rund"}]},{"@type":"WebSite","@id":"https:\/\/gartenlounge.ch\/#website","url":"https:\/\/gartenlounge.ch\/","name":"Gartenlounge","description":"Lounges und Garten Lounges Aller Art Spezialisiert.","publisher":{"@id":"https:\/\/gartenlounge.ch\/#organization"},"potentialAction":[{"@type":"SearchAction","target":{"@type":"EntryPoint","urlTemplate":"https:\/\/gartenlounge.ch\/?s={search_term_string}"},"query-input":"required name=search_term_string"}],"inLanguage":"fr-FR"},{"@type":"Organization","@id":"https:\/\/gartenlounge.ch\/#organization","name":"Gartenlounge - Lounges und Gartenlounges aller Art spezialisiert.","url":"https:\/\/gartenlounge.ch\/","logo":{"@type":"ImageObject","inLanguage":"fr-FR","@id":"https:\/\/gartenlounge.ch\/#\/schema\/logo\/image\/","url":"https:\/\/gartenlounge.ch\/wp-content\/uploads\/2018\/09\/Gartenlongue.ch_.png","contentUrl":"https:\/\/gartenlounge.ch\/wp-content\/uploads\/2018\/09\/Gartenlongue.ch_.png","width":500,"height":67,"caption":"Gartenlounge - Lounges und Gartenlounges aller Art spezialisiert."},"image":{"@id":"https:\/\/gartenlounge.ch\/#\/schema\/logo\/image\/"},"sameAs":["https:\/\/www.facebook.com\/outdoorsofa\/"]}]}},"_links":{"self":[{"href":"https:\/\/gartenlounge.ch\/fr\/wp-json\/wp\/v2\/product\/98536"}],"collection":[{"href":"https:\/\/gartenlounge.ch\/fr\/wp-json\/wp\/v2\/product"}],"about":[{"href":"https:\/\/gartenlounge.ch\/fr\/wp-json\/wp\/v2\/types\/product"}],"wp:featuredmedia":[{"embeddable":true,"href":"https:\/\/gartenlounge.ch\/fr\/wp-json\/wp\/v2\/media\/96238"}],"wp:attachment":[{"href":"https:\/\/gartenlounge.ch\/fr\/wp-json\/wp\/v2\/media?parent=98536"}],"wp:term":[{"taxonomy":"product_cat","embeddable":true,"href":"https:\/\/gartenlounge.ch\/fr\/wp-json\/wp\/v2\/product_cat?post=98536"},{"taxonomy":"product_tag","embeddable":true,"href":"https:\/\/gartenlounge.ch\/fr\/wp-json\/wp\/v2\/product_tag?post=98536"}],"curies":[{"name":"wp","href":"https:\/\/api.w.org\/{rel}","templated":true}]}}