{"id":98194,"date":"2023-04-25T12:39:06","date_gmt":"2023-04-25T12:39:06","guid":{"rendered":"https:\/\/gartenlounge.ch\/product\/non%20class\u00e9\/ecp730-fabric-protector\/"},"modified":"2023-06-13T11:02:44","modified_gmt":"2023-06-13T11:02:44","slug":"ecp730-fabric-protector","status":"publish","type":"product","link":"https:\/\/gartenlounge.ch\/fr\/product\/pflege\/ecp730-fabric-protector\/","title":{"rendered":"ECP730 Fabric Protector"},"content":{"rendered":"<p>1. portez une protection oculaire et des gants en caoutchouc lors de l&#8217;utilisation de ce protecteur.<br \/>\nCouvrez pr\u00e9alablement le sol de la zone de travail.<br \/>\n2. enlevez toutes les salissures avec de l&#8217;eau, du savon ou utilisez l&#8217;Exotan<br \/>\nCleaner pour le nettoyage.<br \/>\n3. laissez s\u00e9cher compl\u00e8tement les meubles trait\u00e9s.<br \/>\n4. avant d&#8217;utiliser le protecteur de tissu, agitez le flacon pendant au moins une minute.<br \/>\npendant quelques minutes.<br \/>\n5. vaporiser une couche \u00e9paisse sur le tissu de mani\u00e8re \u00e0 ce que la zone nettoy\u00e9e soit compl\u00e8tement humidifi\u00e9e<br \/>\nsoit bien humidifi\u00e9e.<br \/>\n6. r\u00e9p\u00e9ter l&#8217;op\u00e9ration apr\u00e8s 2 heures de s\u00e9chage complet.<br \/>\n7. laisser ensuite s\u00e9cher compl\u00e8tement les meubles trait\u00e9s.<br \/>\n8. il est recommand\u00e9 de traiter les salons au moins deux fois par an avec ce produit.<br \/>\nAttention :<br \/>\n&#8211; Le produit ne doit pas \u00eatre laiss\u00e9 \u00e0 la port\u00e9e des enfants.<br \/>\n&#8211; Ne mangez pas, ne buvez pas et ne fumez pas pendant l&#8217;application.<br \/>\n&#8211; \u00c9viter tout contact avec les yeux ou la peau.<br \/>\n&#8211; En cas d&#8217;ingestion de ce produit, ne pas faire vomir mais consulter imm\u00e9diatement un m\u00e9decin.<br \/>\nconsulter un m\u00e9decin et lui montrer l&#8217;\u00e9tiquette du flacon.<br \/>\n&#8211; Nous d\u00e9clinons toute responsabilit\u00e9 en cas de mauvaise utilisation.<br \/>\n&#8211; Prot\u00e9ger du gel<\/p>\n","protected":false},"excerpt":{"rendered":"<p>1. portez une protection oculaire et des gants en caoutchouc lors de l&#8217;utilisation de ce protecteur. Couvrez pr\u00e9alablement le sol de la zone de travail. 2. enlevez toutes les salissures avec de l&#8217;eau, du savon ou utilisez l&#8217;Exotan Cleaner pour le nettoyage. 3. laissez s\u00e9cher compl\u00e8tement les meubles trait\u00e9s. 4. avant d&#8217;utiliser le protecteur de [&#8230;]\n","protected":false},"featured_media":98186,"template":"","meta":{"_acf_changed":false},"product_cat":[78,165],"product_tag":[],"acf":[],"yoast_head":"<!-- This site is optimized with the Yoast SEO plugin v22.3 - https:\/\/yoast.com\/wordpress\/plugins\/seo\/ -->\n<title>ECP730 Fabric Protector - Gartenlounge<\/title>\n<meta name=\"description\" content=\"Seit 2006 ist gartenlounge.ch auf lounges und gartenm\u00f6bel aller art spezialisiert. Quer durch die ganze welt, auf der spur von individualit\u00e4t und exklusivit\u00e4t.\" \/>\n<meta name=\"robots\" content=\"index, follow, max-snippet:-1, max-image-preview:large, max-video-preview:-1\" \/>\n<link rel=\"canonical\" href=\"https:\/\/gartenlounge.ch\/fr\/product\/soins\/ecp730-fabric-protector\/\" \/>\n<meta property=\"og:locale\" content=\"fr_FR\" \/>\n<meta property=\"og:type\" content=\"article\" \/>\n<meta property=\"og:title\" content=\"ECP730 Fabric Protector - Gartenlounge\" \/>\n<meta property=\"og:description\" content=\"Seit 2006 ist gartenlounge.ch auf lounges und gartenm\u00f6bel aller art spezialisiert. Quer durch die ganze welt, auf der spur von individualit\u00e4t und exklusivit\u00e4t.\" \/>\n<meta property=\"og:url\" content=\"https:\/\/gartenlounge.ch\/fr\/product\/soins\/ecp730-fabric-protector\/\" \/>\n<meta property=\"og:site_name\" content=\"Gartenlounge\" \/>\n<meta property=\"article:publisher\" content=\"https:\/\/www.facebook.com\/outdoorsofa\/\" \/>\n<meta property=\"article:modified_time\" content=\"2023-06-13T11:02:44+00:00\" \/>\n<meta property=\"og:image\" content=\"https:\/\/gartenlounge.ch\/wp-content\/uploads\/2023\/04\/ECP730-FabricProtector_075_NLF.jpg\" \/>\n\t<meta property=\"og:image:width\" content=\"800\" \/>\n\t<meta property=\"og:image:height\" content=\"600\" \/>\n\t<meta property=\"og:image:type\" content=\"image\/jpeg\" \/>\n<meta name=\"twitter:card\" content=\"summary_large_image\" \/>\n<meta name=\"twitter:label1\" content=\"Dur\u00e9e de lecture estim\u00e9e\" \/>\n\t<meta name=\"twitter:data1\" content=\"1 minute\" \/>\n<script type=\"application\/ld+json\" class=\"yoast-schema-graph\">{\"@context\":\"https:\/\/schema.org\",\"@graph\":[{\"@type\":\"WebPage\",\"@id\":\"https:\/\/gartenlounge.ch\/fr\/product\/soins\/ecp730-fabric-protector\/\",\"url\":\"https:\/\/gartenlounge.ch\/fr\/product\/soins\/ecp730-fabric-protector\/\",\"name\":\"ECP730 Fabric Protector - Gartenlounge\",\"isPartOf\":{\"@id\":\"https:\/\/gartenlounge.ch\/#website\"},\"primaryImageOfPage\":{\"@id\":\"https:\/\/gartenlounge.ch\/fr\/product\/soins\/ecp730-fabric-protector\/#primaryimage\"},\"image\":{\"@id\":\"https:\/\/gartenlounge.ch\/fr\/product\/soins\/ecp730-fabric-protector\/#primaryimage\"},\"thumbnailUrl\":\"https:\/\/gartenlounge.ch\/wp-content\/uploads\/2023\/04\/ECP730-FabricProtector_075_NLF.jpg\",\"datePublished\":\"2023-04-25T12:39:06+00:00\",\"dateModified\":\"2023-06-13T11:02:44+00:00\",\"description\":\"Seit 2006 ist gartenlounge.ch auf lounges und gartenm\u00f6bel aller art spezialisiert. Quer durch die ganze welt, auf der spur von individualit\u00e4t und exklusivit\u00e4t.\",\"breadcrumb\":{\"@id\":\"https:\/\/gartenlounge.ch\/fr\/product\/soins\/ecp730-fabric-protector\/#breadcrumb\"},\"inLanguage\":\"fr-FR\",\"potentialAction\":[{\"@type\":\"ReadAction\",\"target\":[\"https:\/\/gartenlounge.ch\/fr\/product\/soins\/ecp730-fabric-protector\/\"]}]},{\"@type\":\"ImageObject\",\"inLanguage\":\"fr-FR\",\"@id\":\"https:\/\/gartenlounge.ch\/fr\/product\/soins\/ecp730-fabric-protector\/#primaryimage\",\"url\":\"https:\/\/gartenlounge.ch\/wp-content\/uploads\/2023\/04\/ECP730-FabricProtector_075_NLF.jpg\",\"contentUrl\":\"https:\/\/gartenlounge.ch\/wp-content\/uploads\/2023\/04\/ECP730-FabricProtector_075_NLF.jpg\",\"width\":800,\"height\":600},{\"@type\":\"BreadcrumbList\",\"@id\":\"https:\/\/gartenlounge.ch\/fr\/product\/soins\/ecp730-fabric-protector\/#breadcrumb\",\"itemListElement\":[{\"@type\":\"ListItem\",\"position\":1,\"name\":\"Home\",\"item\":\"https:\/\/gartenlounge.ch\/fr\/\"},{\"@type\":\"ListItem\",\"position\":2,\"name\":\"Boutique\",\"item\":\"https:\/\/gartenlounge.ch\/fr\/boutique\/\"},{\"@type\":\"ListItem\",\"position\":3,\"name\":\"ECP730 Fabric Protector\"}]},{\"@type\":\"WebSite\",\"@id\":\"https:\/\/gartenlounge.ch\/#website\",\"url\":\"https:\/\/gartenlounge.ch\/\",\"name\":\"Gartenlounge\",\"description\":\"Lounges und Garten Lounges Aller Art Spezialisiert.\",\"publisher\":{\"@id\":\"https:\/\/gartenlounge.ch\/#organization\"},\"potentialAction\":[{\"@type\":\"SearchAction\",\"target\":{\"@type\":\"EntryPoint\",\"urlTemplate\":\"https:\/\/gartenlounge.ch\/?s={search_term_string}\"},\"query-input\":\"required name=search_term_string\"}],\"inLanguage\":\"fr-FR\"},{\"@type\":\"Organization\",\"@id\":\"https:\/\/gartenlounge.ch\/#organization\",\"name\":\"Gartenlounge - Lounges und Gartenlounges aller Art spezialisiert.\",\"url\":\"https:\/\/gartenlounge.ch\/\",\"logo\":{\"@type\":\"ImageObject\",\"inLanguage\":\"fr-FR\",\"@id\":\"https:\/\/gartenlounge.ch\/#\/schema\/logo\/image\/\",\"url\":\"https:\/\/gartenlounge.ch\/wp-content\/uploads\/2018\/09\/Gartenlongue.ch_.png\",\"contentUrl\":\"https:\/\/gartenlounge.ch\/wp-content\/uploads\/2018\/09\/Gartenlongue.ch_.png\",\"width\":500,\"height\":67,\"caption\":\"Gartenlounge - Lounges und Gartenlounges aller Art spezialisiert.\"},\"image\":{\"@id\":\"https:\/\/gartenlounge.ch\/#\/schema\/logo\/image\/\"},\"sameAs\":[\"https:\/\/www.facebook.com\/outdoorsofa\/\"]}]}<\/script>\n<!-- \/ Yoast SEO plugin. -->","yoast_head_json":{"title":"ECP730 Fabric Protector - Gartenlounge","description":"Seit 2006 ist gartenlounge.ch auf lounges und gartenm\u00f6bel aller art spezialisiert. Quer durch die ganze welt, auf der spur von individualit\u00e4t und exklusivit\u00e4t.","robots":{"index":"index","follow":"follow","max-snippet":"max-snippet:-1","max-image-preview":"max-image-preview:large","max-video-preview":"max-video-preview:-1"},"canonical":"https:\/\/gartenlounge.ch\/fr\/product\/soins\/ecp730-fabric-protector\/","og_locale":"fr_FR","og_type":"article","og_title":"ECP730 Fabric Protector - Gartenlounge","og_description":"Seit 2006 ist gartenlounge.ch auf lounges und gartenm\u00f6bel aller art spezialisiert. Quer durch die ganze welt, auf der spur von individualit\u00e4t und exklusivit\u00e4t.","og_url":"https:\/\/gartenlounge.ch\/fr\/product\/soins\/ecp730-fabric-protector\/","og_site_name":"Gartenlounge","article_publisher":"https:\/\/www.facebook.com\/outdoorsofa\/","article_modified_time":"2023-06-13T11:02:44+00:00","og_image":[{"width":800,"height":600,"url":"https:\/\/gartenlounge.ch\/wp-content\/uploads\/2023\/04\/ECP730-FabricProtector_075_NLF.jpg","type":"image\/jpeg"}],"twitter_card":"summary_large_image","twitter_misc":{"Dur\u00e9e de lecture estim\u00e9e":"1 minute"},"schema":{"@context":"https:\/\/schema.org","@graph":[{"@type":"WebPage","@id":"https:\/\/gartenlounge.ch\/fr\/product\/soins\/ecp730-fabric-protector\/","url":"https:\/\/gartenlounge.ch\/fr\/product\/soins\/ecp730-fabric-protector\/","name":"ECP730 Fabric Protector - Gartenlounge","isPartOf":{"@id":"https:\/\/gartenlounge.ch\/#website"},"primaryImageOfPage":{"@id":"https:\/\/gartenlounge.ch\/fr\/product\/soins\/ecp730-fabric-protector\/#primaryimage"},"image":{"@id":"https:\/\/gartenlounge.ch\/fr\/product\/soins\/ecp730-fabric-protector\/#primaryimage"},"thumbnailUrl":"https:\/\/gartenlounge.ch\/wp-content\/uploads\/2023\/04\/ECP730-FabricProtector_075_NLF.jpg","datePublished":"2023-04-25T12:39:06+00:00","dateModified":"2023-06-13T11:02:44+00:00","description":"Seit 2006 ist gartenlounge.ch auf lounges und gartenm\u00f6bel aller art spezialisiert. Quer durch die ganze welt, auf der spur von individualit\u00e4t und exklusivit\u00e4t.","breadcrumb":{"@id":"https:\/\/gartenlounge.ch\/fr\/product\/soins\/ecp730-fabric-protector\/#breadcrumb"},"inLanguage":"fr-FR","potentialAction":[{"@type":"ReadAction","target":["https:\/\/gartenlounge.ch\/fr\/product\/soins\/ecp730-fabric-protector\/"]}]},{"@type":"ImageObject","inLanguage":"fr-FR","@id":"https:\/\/gartenlounge.ch\/fr\/product\/soins\/ecp730-fabric-protector\/#primaryimage","url":"https:\/\/gartenlounge.ch\/wp-content\/uploads\/2023\/04\/ECP730-FabricProtector_075_NLF.jpg","contentUrl":"https:\/\/gartenlounge.ch\/wp-content\/uploads\/2023\/04\/ECP730-FabricProtector_075_NLF.jpg","width":800,"height":600},{"@type":"BreadcrumbList","@id":"https:\/\/gartenlounge.ch\/fr\/product\/soins\/ecp730-fabric-protector\/#breadcrumb","itemListElement":[{"@type":"ListItem","position":1,"name":"Home","item":"https:\/\/gartenlounge.ch\/fr\/"},{"@type":"ListItem","position":2,"name":"Boutique","item":"https:\/\/gartenlounge.ch\/fr\/boutique\/"},{"@type":"ListItem","position":3,"name":"ECP730 Fabric Protector"}]},{"@type":"WebSite","@id":"https:\/\/gartenlounge.ch\/#website","url":"https:\/\/gartenlounge.ch\/","name":"Gartenlounge","description":"Lounges und Garten Lounges Aller Art Spezialisiert.","publisher":{"@id":"https:\/\/gartenlounge.ch\/#organization"},"potentialAction":[{"@type":"SearchAction","target":{"@type":"EntryPoint","urlTemplate":"https:\/\/gartenlounge.ch\/?s={search_term_string}"},"query-input":"required name=search_term_string"}],"inLanguage":"fr-FR"},{"@type":"Organization","@id":"https:\/\/gartenlounge.ch\/#organization","name":"Gartenlounge - Lounges und Gartenlounges aller Art spezialisiert.","url":"https:\/\/gartenlounge.ch\/","logo":{"@type":"ImageObject","inLanguage":"fr-FR","@id":"https:\/\/gartenlounge.ch\/#\/schema\/logo\/image\/","url":"https:\/\/gartenlounge.ch\/wp-content\/uploads\/2018\/09\/Gartenlongue.ch_.png","contentUrl":"https:\/\/gartenlounge.ch\/wp-content\/uploads\/2018\/09\/Gartenlongue.ch_.png","width":500,"height":67,"caption":"Gartenlounge - Lounges und Gartenlounges aller Art spezialisiert."},"image":{"@id":"https:\/\/gartenlounge.ch\/#\/schema\/logo\/image\/"},"sameAs":["https:\/\/www.facebook.com\/outdoorsofa\/"]}]}},"_links":{"self":[{"href":"https:\/\/gartenlounge.ch\/fr\/wp-json\/wp\/v2\/product\/98194"}],"collection":[{"href":"https:\/\/gartenlounge.ch\/fr\/wp-json\/wp\/v2\/product"}],"about":[{"href":"https:\/\/gartenlounge.ch\/fr\/wp-json\/wp\/v2\/types\/product"}],"wp:featuredmedia":[{"embeddable":true,"href":"https:\/\/gartenlounge.ch\/fr\/wp-json\/wp\/v2\/media\/98186"}],"wp:attachment":[{"href":"https:\/\/gartenlounge.ch\/fr\/wp-json\/wp\/v2\/media?parent=98194"}],"wp:term":[{"taxonomy":"product_cat","embeddable":true,"href":"https:\/\/gartenlounge.ch\/fr\/wp-json\/wp\/v2\/product_cat?post=98194"},{"taxonomy":"product_tag","embeddable":true,"href":"https:\/\/gartenlounge.ch\/fr\/wp-json\/wp\/v2\/product_tag?post=98194"}],"curies":[{"name":"wp","href":"https:\/\/api.w.org\/{rel}","templated":true}]}}