{"id":93553,"date":"2022-10-26T21:12:12","date_gmt":"2022-10-26T21:12:12","guid":{"rendered":"https:\/\/gartenlounge.ch\/product\/non%20class\u00e9\/moodz-eck-lounge-340x240x73cm\/"},"modified":"2022-10-28T21:54:36","modified_gmt":"2022-10-28T21:54:36","slug":"moodz-eck-lounge-340x240x73cm","status":"publish","type":"product","link":"https:\/\/gartenlounge.ch\/fr\/product\/moodz-fr\/moodz-eck-lounge-340x240x73cm\/","title":{"rendered":"Moodz Eck Lounge <br\/> 340x240x73cm"},"content":{"rendered":"<p>Le Moodz Lounge a une apparence unique et son \u00e9l\u00e9gance styl\u00e9e attire l\u2019attention dans votre jardin ou sur votre terrasse. Les diff\u00e9rents \u00e9l\u00e9ments peuvent \u00eatre combin\u00e9s \u00e0 volont\u00e9, ce qui vous permet de composer Lounge selon vos besoins.\u00a0 La combinaison de dimensions g\u00e9n\u00e9reuses, de coussins confortables et d\u2019un confort d\u2019assise optimal, incite au farniente et \u00e0 la d\u00e9tente. Asseyez-vous et sur\u00e9levez vos jambes. Profitez du soleil et de la chaleur agreable, du ciel bleu et de la douce brise. Que ce soit en tant qu\u2019h\u00f4te avec des amis, que ce soit avec votre famille ou tout seul pour vous, le Moodz Lounge vous offre une oasis de bien-\u00eatre en plein air qui r\u00e9pond \u00e0 tous vos souhaits. Gr\u00e2ce \u00e0 la combinaison de Sunbrella, quick dry foam, et \u00e0 une construction d\u00e9velopp\u00e9e avec beaucoup de savoir-faire et d\u2019exp\u00e9rience, vous en profiterez encore apr\u00e8s de nombreuses ann\u00e9es.<\/p>\n","protected":false},"excerpt":{"rendered":"<p>Le Moodz Lounge a une apparence unique et son \u00e9l\u00e9gance styl\u00e9e attire l\u2019attention dans votre jardin ou sur votre terrasse. Les diff\u00e9rents \u00e9l\u00e9ments peuvent \u00eatre combin\u00e9s \u00e0 volont\u00e9, ce qui vous permet de composer Lounge selon vos besoins.\u00a0 La combinaison de dimensions g\u00e9n\u00e9reuses, de coussins confortables et d\u2019un confort d\u2019assise optimal, incite au farniente et [&#8230;]\n","protected":false},"featured_media":93542,"template":"","meta":{"_acf_changed":false},"product_cat":[278],"product_tag":[],"acf":[],"yoast_head":"<!-- This site is optimized with the Yoast SEO plugin v22.3 - https:\/\/yoast.com\/wordpress\/plugins\/seo\/ -->\n<title>Moodz Eck Lounge  340x240x73cm - Gartenlounge<\/title>\n<meta name=\"description\" content=\"Seit 2006 ist gartenlounge.ch auf lounges und gartenm\u00f6bel aller art spezialisiert. Quer durch die ganze welt, auf der spur von individualit\u00e4t und exklusivit\u00e4t.\" \/>\n<meta name=\"robots\" content=\"index, follow, max-snippet:-1, max-image-preview:large, max-video-preview:-1\" \/>\n<link rel=\"canonical\" href=\"https:\/\/gartenlounge.ch\/fr\/product\/moodz-fr\/moodz-eck-lounge-340x240x73cm\/\" \/>\n<meta property=\"og:locale\" content=\"fr_FR\" \/>\n<meta property=\"og:type\" content=\"article\" \/>\n<meta property=\"og:title\" content=\"Moodz Eck Lounge  340x240x73cm - Gartenlounge\" \/>\n<meta property=\"og:description\" content=\"Seit 2006 ist gartenlounge.ch auf lounges und gartenm\u00f6bel aller art spezialisiert. Quer durch die ganze welt, auf der spur von individualit\u00e4t und exklusivit\u00e4t.\" \/>\n<meta property=\"og:url\" content=\"https:\/\/gartenlounge.ch\/fr\/product\/moodz-fr\/moodz-eck-lounge-340x240x73cm\/\" \/>\n<meta property=\"og:site_name\" content=\"Gartenlounge\" \/>\n<meta property=\"article:publisher\" content=\"https:\/\/www.facebook.com\/outdoorsofa\/\" \/>\n<meta property=\"article:modified_time\" content=\"2022-10-28T21:54:36+00:00\" \/>\n<meta property=\"og:image\" content=\"https:\/\/gartenlounge.ch\/wp-content\/uploads\/2022\/10\/Moodz-Eck-Lounge-340x240x73cm-1.jpg\" \/>\n\t<meta property=\"og:image:width\" content=\"800\" \/>\n\t<meta property=\"og:image:height\" content=\"600\" \/>\n\t<meta property=\"og:image:type\" content=\"image\/jpeg\" \/>\n<meta name=\"twitter:card\" content=\"summary_large_image\" \/>\n<meta name=\"twitter:label1\" content=\"Dur\u00e9e de lecture estim\u00e9e\" \/>\n\t<meta name=\"twitter:data1\" content=\"1 minute\" \/>\n<script type=\"application\/ld+json\" class=\"yoast-schema-graph\">{\"@context\":\"https:\/\/schema.org\",\"@graph\":[{\"@type\":\"WebPage\",\"@id\":\"https:\/\/gartenlounge.ch\/fr\/product\/moodz-fr\/moodz-eck-lounge-340x240x73cm\/\",\"url\":\"https:\/\/gartenlounge.ch\/fr\/product\/moodz-fr\/moodz-eck-lounge-340x240x73cm\/\",\"name\":\"Moodz Eck Lounge 340x240x73cm - Gartenlounge\",\"isPartOf\":{\"@id\":\"https:\/\/gartenlounge.ch\/#website\"},\"primaryImageOfPage\":{\"@id\":\"https:\/\/gartenlounge.ch\/fr\/product\/moodz-fr\/moodz-eck-lounge-340x240x73cm\/#primaryimage\"},\"image\":{\"@id\":\"https:\/\/gartenlounge.ch\/fr\/product\/moodz-fr\/moodz-eck-lounge-340x240x73cm\/#primaryimage\"},\"thumbnailUrl\":\"https:\/\/gartenlounge.ch\/wp-content\/uploads\/2022\/10\/Moodz-Eck-Lounge-340x240x73cm-1.jpg\",\"datePublished\":\"2022-10-26T21:12:12+00:00\",\"dateModified\":\"2022-10-28T21:54:36+00:00\",\"description\":\"Seit 2006 ist gartenlounge.ch auf lounges und gartenm\u00f6bel aller art spezialisiert. Quer durch die ganze welt, auf der spur von individualit\u00e4t und exklusivit\u00e4t.\",\"breadcrumb\":{\"@id\":\"https:\/\/gartenlounge.ch\/fr\/product\/moodz-fr\/moodz-eck-lounge-340x240x73cm\/#breadcrumb\"},\"inLanguage\":\"fr-FR\",\"potentialAction\":[{\"@type\":\"ReadAction\",\"target\":[\"https:\/\/gartenlounge.ch\/fr\/product\/moodz-fr\/moodz-eck-lounge-340x240x73cm\/\"]}]},{\"@type\":\"ImageObject\",\"inLanguage\":\"fr-FR\",\"@id\":\"https:\/\/gartenlounge.ch\/fr\/product\/moodz-fr\/moodz-eck-lounge-340x240x73cm\/#primaryimage\",\"url\":\"https:\/\/gartenlounge.ch\/wp-content\/uploads\/2022\/10\/Moodz-Eck-Lounge-340x240x73cm-1.jpg\",\"contentUrl\":\"https:\/\/gartenlounge.ch\/wp-content\/uploads\/2022\/10\/Moodz-Eck-Lounge-340x240x73cm-1.jpg\",\"width\":800,\"height\":600},{\"@type\":\"BreadcrumbList\",\"@id\":\"https:\/\/gartenlounge.ch\/fr\/product\/moodz-fr\/moodz-eck-lounge-340x240x73cm\/#breadcrumb\",\"itemListElement\":[{\"@type\":\"ListItem\",\"position\":1,\"name\":\"Home\",\"item\":\"https:\/\/gartenlounge.ch\/fr\/\"},{\"@type\":\"ListItem\",\"position\":2,\"name\":\"Boutique\",\"item\":\"https:\/\/gartenlounge.ch\/fr\/boutique\/\"},{\"@type\":\"ListItem\",\"position\":3,\"name\":\"Moodz Eck Lounge 340x240x73cm\"}]},{\"@type\":\"WebSite\",\"@id\":\"https:\/\/gartenlounge.ch\/#website\",\"url\":\"https:\/\/gartenlounge.ch\/\",\"name\":\"Gartenlounge\",\"description\":\"Lounges und Garten Lounges Aller Art Spezialisiert.\",\"publisher\":{\"@id\":\"https:\/\/gartenlounge.ch\/#organization\"},\"potentialAction\":[{\"@type\":\"SearchAction\",\"target\":{\"@type\":\"EntryPoint\",\"urlTemplate\":\"https:\/\/gartenlounge.ch\/?s={search_term_string}\"},\"query-input\":\"required name=search_term_string\"}],\"inLanguage\":\"fr-FR\"},{\"@type\":\"Organization\",\"@id\":\"https:\/\/gartenlounge.ch\/#organization\",\"name\":\"Gartenlounge - Lounges und Gartenlounges aller Art spezialisiert.\",\"url\":\"https:\/\/gartenlounge.ch\/\",\"logo\":{\"@type\":\"ImageObject\",\"inLanguage\":\"fr-FR\",\"@id\":\"https:\/\/gartenlounge.ch\/#\/schema\/logo\/image\/\",\"url\":\"https:\/\/gartenlounge.ch\/wp-content\/uploads\/2018\/09\/Gartenlongue.ch_.png\",\"contentUrl\":\"https:\/\/gartenlounge.ch\/wp-content\/uploads\/2018\/09\/Gartenlongue.ch_.png\",\"width\":500,\"height\":67,\"caption\":\"Gartenlounge - Lounges und Gartenlounges aller Art spezialisiert.\"},\"image\":{\"@id\":\"https:\/\/gartenlounge.ch\/#\/schema\/logo\/image\/\"},\"sameAs\":[\"https:\/\/www.facebook.com\/outdoorsofa\/\"]}]}<\/script>\n<!-- \/ Yoast SEO plugin. -->","yoast_head_json":{"title":"Moodz Eck Lounge  340x240x73cm - Gartenlounge","description":"Seit 2006 ist gartenlounge.ch auf lounges und gartenm\u00f6bel aller art spezialisiert. Quer durch die ganze welt, auf der spur von individualit\u00e4t und exklusivit\u00e4t.","robots":{"index":"index","follow":"follow","max-snippet":"max-snippet:-1","max-image-preview":"max-image-preview:large","max-video-preview":"max-video-preview:-1"},"canonical":"https:\/\/gartenlounge.ch\/fr\/product\/moodz-fr\/moodz-eck-lounge-340x240x73cm\/","og_locale":"fr_FR","og_type":"article","og_title":"Moodz Eck Lounge  340x240x73cm - Gartenlounge","og_description":"Seit 2006 ist gartenlounge.ch auf lounges und gartenm\u00f6bel aller art spezialisiert. Quer durch die ganze welt, auf der spur von individualit\u00e4t und exklusivit\u00e4t.","og_url":"https:\/\/gartenlounge.ch\/fr\/product\/moodz-fr\/moodz-eck-lounge-340x240x73cm\/","og_site_name":"Gartenlounge","article_publisher":"https:\/\/www.facebook.com\/outdoorsofa\/","article_modified_time":"2022-10-28T21:54:36+00:00","og_image":[{"width":800,"height":600,"url":"https:\/\/gartenlounge.ch\/wp-content\/uploads\/2022\/10\/Moodz-Eck-Lounge-340x240x73cm-1.jpg","type":"image\/jpeg"}],"twitter_card":"summary_large_image","twitter_misc":{"Dur\u00e9e de lecture estim\u00e9e":"1 minute"},"schema":{"@context":"https:\/\/schema.org","@graph":[{"@type":"WebPage","@id":"https:\/\/gartenlounge.ch\/fr\/product\/moodz-fr\/moodz-eck-lounge-340x240x73cm\/","url":"https:\/\/gartenlounge.ch\/fr\/product\/moodz-fr\/moodz-eck-lounge-340x240x73cm\/","name":"Moodz Eck Lounge 340x240x73cm - Gartenlounge","isPartOf":{"@id":"https:\/\/gartenlounge.ch\/#website"},"primaryImageOfPage":{"@id":"https:\/\/gartenlounge.ch\/fr\/product\/moodz-fr\/moodz-eck-lounge-340x240x73cm\/#primaryimage"},"image":{"@id":"https:\/\/gartenlounge.ch\/fr\/product\/moodz-fr\/moodz-eck-lounge-340x240x73cm\/#primaryimage"},"thumbnailUrl":"https:\/\/gartenlounge.ch\/wp-content\/uploads\/2022\/10\/Moodz-Eck-Lounge-340x240x73cm-1.jpg","datePublished":"2022-10-26T21:12:12+00:00","dateModified":"2022-10-28T21:54:36+00:00","description":"Seit 2006 ist gartenlounge.ch auf lounges und gartenm\u00f6bel aller art spezialisiert. Quer durch die ganze welt, auf der spur von individualit\u00e4t und exklusivit\u00e4t.","breadcrumb":{"@id":"https:\/\/gartenlounge.ch\/fr\/product\/moodz-fr\/moodz-eck-lounge-340x240x73cm\/#breadcrumb"},"inLanguage":"fr-FR","potentialAction":[{"@type":"ReadAction","target":["https:\/\/gartenlounge.ch\/fr\/product\/moodz-fr\/moodz-eck-lounge-340x240x73cm\/"]}]},{"@type":"ImageObject","inLanguage":"fr-FR","@id":"https:\/\/gartenlounge.ch\/fr\/product\/moodz-fr\/moodz-eck-lounge-340x240x73cm\/#primaryimage","url":"https:\/\/gartenlounge.ch\/wp-content\/uploads\/2022\/10\/Moodz-Eck-Lounge-340x240x73cm-1.jpg","contentUrl":"https:\/\/gartenlounge.ch\/wp-content\/uploads\/2022\/10\/Moodz-Eck-Lounge-340x240x73cm-1.jpg","width":800,"height":600},{"@type":"BreadcrumbList","@id":"https:\/\/gartenlounge.ch\/fr\/product\/moodz-fr\/moodz-eck-lounge-340x240x73cm\/#breadcrumb","itemListElement":[{"@type":"ListItem","position":1,"name":"Home","item":"https:\/\/gartenlounge.ch\/fr\/"},{"@type":"ListItem","position":2,"name":"Boutique","item":"https:\/\/gartenlounge.ch\/fr\/boutique\/"},{"@type":"ListItem","position":3,"name":"Moodz Eck Lounge 340x240x73cm"}]},{"@type":"WebSite","@id":"https:\/\/gartenlounge.ch\/#website","url":"https:\/\/gartenlounge.ch\/","name":"Gartenlounge","description":"Lounges und Garten Lounges Aller Art Spezialisiert.","publisher":{"@id":"https:\/\/gartenlounge.ch\/#organization"},"potentialAction":[{"@type":"SearchAction","target":{"@type":"EntryPoint","urlTemplate":"https:\/\/gartenlounge.ch\/?s={search_term_string}"},"query-input":"required name=search_term_string"}],"inLanguage":"fr-FR"},{"@type":"Organization","@id":"https:\/\/gartenlounge.ch\/#organization","name":"Gartenlounge - Lounges und Gartenlounges aller Art spezialisiert.","url":"https:\/\/gartenlounge.ch\/","logo":{"@type":"ImageObject","inLanguage":"fr-FR","@id":"https:\/\/gartenlounge.ch\/#\/schema\/logo\/image\/","url":"https:\/\/gartenlounge.ch\/wp-content\/uploads\/2018\/09\/Gartenlongue.ch_.png","contentUrl":"https:\/\/gartenlounge.ch\/wp-content\/uploads\/2018\/09\/Gartenlongue.ch_.png","width":500,"height":67,"caption":"Gartenlounge - Lounges und Gartenlounges aller Art spezialisiert."},"image":{"@id":"https:\/\/gartenlounge.ch\/#\/schema\/logo\/image\/"},"sameAs":["https:\/\/www.facebook.com\/outdoorsofa\/"]}]}},"_links":{"self":[{"href":"https:\/\/gartenlounge.ch\/fr\/wp-json\/wp\/v2\/product\/93553"}],"collection":[{"href":"https:\/\/gartenlounge.ch\/fr\/wp-json\/wp\/v2\/product"}],"about":[{"href":"https:\/\/gartenlounge.ch\/fr\/wp-json\/wp\/v2\/types\/product"}],"wp:featuredmedia":[{"embeddable":true,"href":"https:\/\/gartenlounge.ch\/fr\/wp-json\/wp\/v2\/media\/93542"}],"wp:attachment":[{"href":"https:\/\/gartenlounge.ch\/fr\/wp-json\/wp\/v2\/media?parent=93553"}],"wp:term":[{"taxonomy":"product_cat","embeddable":true,"href":"https:\/\/gartenlounge.ch\/fr\/wp-json\/wp\/v2\/product_cat?post=93553"},{"taxonomy":"product_tag","embeddable":true,"href":"https:\/\/gartenlounge.ch\/fr\/wp-json\/wp\/v2\/product_tag?post=93553"}],"curies":[{"name":"wp","href":"https:\/\/api.w.org\/{rel}","templated":true}]}}