{"id":92082,"date":"2022-06-14T21:13:14","date_gmt":"2022-06-14T21:13:14","guid":{"rendered":"https:\/\/gartenlounge.ch\/product\/non%20class\u00e9\/nikki-amsterdam-the-pillow\/"},"modified":"2023-06-13T10:47:20","modified_gmt":"2023-06-13T10:47:20","slug":"nikki-amsterdam-the-pillow","status":"publish","type":"product","link":"https:\/\/gartenlounge.ch\/fr\/product\/oreiller\/nikki-amsterdam-the-pillow\/","title":{"rendered":"Nikki Amsterdam The Pillow"},"content":{"rendered":"<p><span style=\"font-weight: 400;\">Ce coussin chauffant sans fil (60 x 45 CM) au facteur de c\u00e2linit\u00e9 \u00e9lev\u00e9 procure une chaleur merveilleuse sur vos genoux ou dans votre dos. Les \u00e9l\u00e9ments chauffants int\u00e9gr\u00e9s sont r\u00e9partis sur un c\u00f4t\u00e9 du coussin. Les \u00e9l\u00e9ments ont 3 r\u00e9glages de chaleur et chauffent le coussin jusqu\u2019\u00e0 45 \u00b0C ! La puissante batterie de 16000 mAh vous offre des heures de plaisir avec l\u2019oreiller.<\/span><\/p>\n<p><span style=\"font-weight: 400;\">Une attention particuli\u00e8re a \u00e9t\u00e9 accord\u00e9e \u00e0 la couche ext\u00e9rieure merveilleusement douce de Teddy fleece, disponible dans les couleurs Taupe et Grey. Le coussin est termin\u00e9 par un magnifique passepoil de la m\u00eame couleur le long du coussin. Cela donne un aspect magnifique et luxueux. Vous pouvez r\u00e9gler la temp\u00e9rature \u00e0 l\u2019aide du bouton situ\u00e9 sur l\u2019\u00e9tiquette en cuir. La couverture ext\u00e9rieure peut \u00eatre lav\u00e9e.<\/span><\/p>\n<p><span style=\"font-weight: 400;\">Utilisez le coussin doux et moelleux sur la v\u00e9randa, emportez-le au camping et sur le bateau ou blottissez-vous contre lui sur le canap\u00e9.<\/span><\/p>\n<p>&nbsp;<\/p>\n<p><span style=\"font-weight: 400;\">Sp\u00e9cifications<\/span><\/p>\n<ul>\n<li><span style=\"font-weight: 400;\">Mat\u00e9riau : molleton Teddy, bouton en cuir\u00a0<\/span><\/li>\n<li><span style=\"font-weight: 400;\">Dimensions : 60 X 45 CM\u00a0<\/span><\/li>\n<li><span style=\"font-weight: 400;\">4 \u00e9l\u00e9ments de chaleur infrarouge\u00a0<\/span><\/li>\n<li><span style=\"font-weight: 400;\">Bloc d&#8217;alimentation inclus (16000 mAh\/3.7V)\u00a0<\/span><\/li>\n<li><span style=\"font-weight: 400;\">Entr\u00e9e : 100-240V\u00a0<\/span><\/li>\n<li><span style=\"font-weight: 400;\">Sortie : 5v3A\u00a0<\/span><\/li>\n<li><span style=\"font-weight: 400;\">Dur\u00e9e de fonctionnement : jusqu&#8217;\u00e0 14 heures\u00a0<\/span><\/li>\n<li><span style=\"font-weight: 400;\">Temps de charge : jusqu&#8217;\u00e0 4 heures\u00a0<\/span><\/li>\n<li><span style=\"font-weight: 400;\">Temps d&#8217;\u00e9chauffement : 10-15 min<\/span><\/li>\n<\/ul>\n<p>&nbsp;<\/p>\n<p><b>Comment fonctionne The.Pillow ?<\/b><span style=\"font-weight: 400;\"><br \/>\n<\/span><span style=\"font-weight: 400;\">La technologie de chauffage infrarouge est utilis\u00e9e, plus pr\u00e9cis\u00e9ment la technologie FIR (Far Infra Red). Il s&#8217;agit d&#8217;un infrarouge \u00e0 ondes longues qui p\u00e9n\u00e8tre dans les couches profondes du corps. La temp\u00e9rature de votre corps augmente et vous vous sentez merveilleusement chaud alors que l&#8217;air autour de vous reste froid. Les \u00e9l\u00e9ments chauffants sont r\u00e9partis sur un c\u00f4t\u00e9 de l&#8217;oreiller.<\/span><\/p>\n<p><span style=\"font-weight: 400;\">La chaleur \u00e9mise par les \u00e9l\u00e9ments chauffants atteint jusqu&#8217;\u00e0 65\u00b0C. Cela a \u00e9t\u00e9 largement test\u00e9 avec des compteurs de chaleur. Il faut environ 10 \u00e0 15 minutes pour que les \u00e9l\u00e9ments soient correctement r\u00e9chauff\u00e9s. La chaleur que vous ressentirez sera un peu plus faible, car une partie de la chaleur est perdue \u00e0 travers le tissu situ\u00e9 entre les deux. Contrairement \u00e0 The.Plaid, qui est envelopp\u00e9 de mani\u00e8re l\u00e2che autour de vous, votre corps est en contact assez direct avec les \u00e9l\u00e9ments chauffants.<\/span><\/p>\n<p><span style=\"font-weight: 400;\">Que vous choisissiez The.Plaid ou The.Pillow, les effets prouv\u00e9s de l&#8217;infrarouge sur la sant\u00e9 sont pr\u00e9sents dans les deux produits et procurent surtout une sensation merveilleusement relaxante.<\/span><\/p>\n<p><b>Mat\u00e9riau<\/b><span style=\"font-weight: 400;\"><br \/>\n<\/span><span style=\"font-weight: 400;\">L&#8217;oreiller avec un facteur de carrossabilit\u00e9 tr\u00e8s \u00e9lev\u00e9 est fabriqu\u00e9 en polaire de bien-\u00eatre et est donc tr\u00e8s doux pour la peau. La couverture est termin\u00e9e par un magnifique passepoil et une fermeture \u00e9clair de la m\u00eame couleur. La housse s&#8217;enl\u00e8ve facilement et est lavable en machine. Le bouton situ\u00e9 dans l&#8217;\u00e9tiquette en cuir vous permet de r\u00e9gler la temp\u00e9rature souhait\u00e9e. \u00c0 propos, The.Pillow est fabriqu\u00e9 dans le m\u00eame mat\u00e9riau que The.Plaid et est \u00e9galement disponible dans les m\u00eames couleurs, ce qui lui permet de se combiner \u00e0 merveille.<\/span><\/p>\n<p><b>Batterie<\/b><span style=\"font-weight: 400;\"><br \/>\n<\/span><span style=\"font-weight: 400;\">L&#8217;utilisation est simple. Avec la batterie rechargeable de 16000 mAh vous pouvez utiliser The.Pillow compl\u00e8tement sans fil. La batterie se trouve \u00e0 l&#8217;int\u00e9rieur de l&#8217;oreiller via un c\u00e2ble auquel sont fix\u00e9s les \u00e9l\u00e9ments chauffants. La temp\u00e9rature peut \u00eatre r\u00e9gl\u00e9e sur 3 positions, afin que vous puissiez r\u00e9gler vous-m\u00eame votre temp\u00e9rature id\u00e9ale. Le premier r\u00e9glage r\u00e9gule une temp\u00e9rature de 35\u02daC, le r\u00e9glage le plus \u00e9lev\u00e9 45\u02daC. Pleinement charg\u00e9e, la batterie offre 14 heures de chaleur.<\/span><\/p>\n<p><b>Sant\u00e9<\/b><span style=\"font-weight: 400;\"><br \/>\n<\/span><span style=\"font-weight: 400;\">Notre coussin chauffant ne vous procure pas seulement une sensation de confort, il est \u00e9galement bon pour votre sant\u00e9. Si vous souffrez de raideurs, de douleurs chroniques ou de fatigue musculaire, The.Pillow peut certainement vous aider. Le coussin chauffant est \u00e9quip\u00e9 d&#8217;\u00e9l\u00e9ments de chaleur infrarouge qui augmentent la circulation sanguine. Cela permet de d\u00e9tendre les muscles et les articulations, ce qui soulage la douleur. Placez-le contre le bas de votre dos ou dans votre cou et profitez de la chaleur que l&#8217;oreiller d\u00e9gage.<\/span><\/p>\n<p><b>Durable<\/b><span style=\"font-weight: 400;\"><br \/>\n<\/span><span style=\"font-weight: 400;\">Une tasse de th\u00e9, Netflix et un joli oreiller doux et chaud contre vous. \u00c7a ressemble \u00e0 une soir\u00e9e id\u00e9ale sur le canap\u00e9, non ? Vous \u00eates bien r\u00e9chauff\u00e9 et le thermostat peut \u00eatre r\u00e9gl\u00e9 un degr\u00e9 plus bas. Durable et bon pour votre portefeuille. Un degr\u00e9 de moins signifie 6 % de gaz \u00e0 effet de serre en moins ! Et chauffer moins signifie r\u00e9duire les co\u00fbts de chauffage. Non seulement l&#8217;environnement, mais aussi vous serez heureux.<\/span><\/p>\n","protected":false},"excerpt":{"rendered":"<p>Ce coussin chauffant sans fil (60 x 45 CM) au facteur de c\u00e2linit\u00e9 \u00e9lev\u00e9 procure une chaleur merveilleuse sur vos genoux ou dans votre dos. Les \u00e9l\u00e9ments chauffants int\u00e9gr\u00e9s sont r\u00e9partis sur un c\u00f4t\u00e9 du coussin. Les \u00e9l\u00e9ments ont 3 r\u00e9glages de chaleur et chauffent le coussin jusqu\u2019\u00e0 45 \u00b0C ! La puissante batterie de [&#8230;]\n","protected":false},"featured_media":102129,"template":"","meta":{"_acf_changed":false},"product_cat":[157,163],"product_tag":[],"acf":[],"yoast_head":"<!-- This site is optimized with the Yoast SEO plugin v22.3 - https:\/\/yoast.com\/wordpress\/plugins\/seo\/ -->\n<title>Nikki Amsterdam The Pillow - Gartenlounge<\/title>\n<meta name=\"description\" content=\"Seit 2006 ist gartenlounge.ch auf lounges und gartenm\u00f6bel aller art spezialisiert. Quer durch die ganze welt, auf der spur von individualit\u00e4t und exklusivit\u00e4t.\" \/>\n<meta name=\"robots\" content=\"index, follow, max-snippet:-1, max-image-preview:large, max-video-preview:-1\" \/>\n<link rel=\"canonical\" href=\"https:\/\/gartenlounge.ch\/fr\/product\/oreiller\/nikki-amsterdam-the-pillow\/\" \/>\n<meta property=\"og:locale\" content=\"fr_FR\" \/>\n<meta property=\"og:type\" content=\"article\" \/>\n<meta property=\"og:title\" content=\"Nikki Amsterdam The Pillow - Gartenlounge\" \/>\n<meta property=\"og:description\" content=\"Seit 2006 ist gartenlounge.ch auf lounges und gartenm\u00f6bel aller art spezialisiert. Quer durch die ganze welt, auf der spur von individualit\u00e4t und exklusivit\u00e4t.\" \/>\n<meta property=\"og:url\" content=\"https:\/\/gartenlounge.ch\/fr\/product\/oreiller\/nikki-amsterdam-the-pillow\/\" \/>\n<meta property=\"og:site_name\" content=\"Gartenlounge\" \/>\n<meta property=\"article:publisher\" content=\"https:\/\/www.facebook.com\/outdoorsofa\/\" \/>\n<meta property=\"article:modified_time\" content=\"2023-06-13T10:47:20+00:00\" \/>\n<meta property=\"og:image\" content=\"https:\/\/gartenlounge.ch\/wp-content\/uploads\/2022\/06\/nikki-amsterdam-pillow-1.jpg\" \/>\n\t<meta property=\"og:image:width\" content=\"800\" \/>\n\t<meta property=\"og:image:height\" content=\"600\" \/>\n\t<meta property=\"og:image:type\" content=\"image\/jpeg\" \/>\n<meta name=\"twitter:card\" content=\"summary_large_image\" \/>\n<meta name=\"twitter:label1\" content=\"Dur\u00e9e de lecture estim\u00e9e\" \/>\n\t<meta name=\"twitter:data1\" content=\"4 minutes\" \/>\n<script type=\"application\/ld+json\" class=\"yoast-schema-graph\">{\"@context\":\"https:\/\/schema.org\",\"@graph\":[{\"@type\":\"WebPage\",\"@id\":\"https:\/\/gartenlounge.ch\/fr\/product\/oreiller\/nikki-amsterdam-the-pillow\/\",\"url\":\"https:\/\/gartenlounge.ch\/fr\/product\/oreiller\/nikki-amsterdam-the-pillow\/\",\"name\":\"Nikki Amsterdam The Pillow - Gartenlounge\",\"isPartOf\":{\"@id\":\"https:\/\/gartenlounge.ch\/#website\"},\"primaryImageOfPage\":{\"@id\":\"https:\/\/gartenlounge.ch\/fr\/product\/oreiller\/nikki-amsterdam-the-pillow\/#primaryimage\"},\"image\":{\"@id\":\"https:\/\/gartenlounge.ch\/fr\/product\/oreiller\/nikki-amsterdam-the-pillow\/#primaryimage\"},\"thumbnailUrl\":\"https:\/\/gartenlounge.ch\/wp-content\/uploads\/2022\/06\/Nikki-Amsterdam-The-Pillow-30.jpg\",\"datePublished\":\"2022-06-14T21:13:14+00:00\",\"dateModified\":\"2023-06-13T10:47:20+00:00\",\"description\":\"Seit 2006 ist gartenlounge.ch auf lounges und gartenm\u00f6bel aller art spezialisiert. Quer durch die ganze welt, auf der spur von individualit\u00e4t und exklusivit\u00e4t.\",\"breadcrumb\":{\"@id\":\"https:\/\/gartenlounge.ch\/fr\/product\/oreiller\/nikki-amsterdam-the-pillow\/#breadcrumb\"},\"inLanguage\":\"fr-FR\",\"potentialAction\":[{\"@type\":\"ReadAction\",\"target\":[\"https:\/\/gartenlounge.ch\/fr\/product\/oreiller\/nikki-amsterdam-the-pillow\/\"]}]},{\"@type\":\"ImageObject\",\"inLanguage\":\"fr-FR\",\"@id\":\"https:\/\/gartenlounge.ch\/fr\/product\/oreiller\/nikki-amsterdam-the-pillow\/#primaryimage\",\"url\":\"https:\/\/gartenlounge.ch\/wp-content\/uploads\/2022\/06\/Nikki-Amsterdam-The-Pillow-30.jpg\",\"contentUrl\":\"https:\/\/gartenlounge.ch\/wp-content\/uploads\/2022\/06\/Nikki-Amsterdam-The-Pillow-30.jpg\",\"width\":800,\"height\":600},{\"@type\":\"BreadcrumbList\",\"@id\":\"https:\/\/gartenlounge.ch\/fr\/product\/oreiller\/nikki-amsterdam-the-pillow\/#breadcrumb\",\"itemListElement\":[{\"@type\":\"ListItem\",\"position\":1,\"name\":\"Home\",\"item\":\"https:\/\/gartenlounge.ch\/fr\/\"},{\"@type\":\"ListItem\",\"position\":2,\"name\":\"Boutique\",\"item\":\"https:\/\/gartenlounge.ch\/fr\/boutique\/\"},{\"@type\":\"ListItem\",\"position\":3,\"name\":\"Nikki Amsterdam The Pillow\"}]},{\"@type\":\"WebSite\",\"@id\":\"https:\/\/gartenlounge.ch\/#website\",\"url\":\"https:\/\/gartenlounge.ch\/\",\"name\":\"Gartenlounge\",\"description\":\"Lounges und Garten Lounges Aller Art Spezialisiert.\",\"publisher\":{\"@id\":\"https:\/\/gartenlounge.ch\/#organization\"},\"potentialAction\":[{\"@type\":\"SearchAction\",\"target\":{\"@type\":\"EntryPoint\",\"urlTemplate\":\"https:\/\/gartenlounge.ch\/?s={search_term_string}\"},\"query-input\":\"required name=search_term_string\"}],\"inLanguage\":\"fr-FR\"},{\"@type\":\"Organization\",\"@id\":\"https:\/\/gartenlounge.ch\/#organization\",\"name\":\"Gartenlounge - Lounges und Gartenlounges aller Art spezialisiert.\",\"url\":\"https:\/\/gartenlounge.ch\/\",\"logo\":{\"@type\":\"ImageObject\",\"inLanguage\":\"fr-FR\",\"@id\":\"https:\/\/gartenlounge.ch\/#\/schema\/logo\/image\/\",\"url\":\"https:\/\/gartenlounge.ch\/wp-content\/uploads\/2018\/09\/Gartenlongue.ch_.png\",\"contentUrl\":\"https:\/\/gartenlounge.ch\/wp-content\/uploads\/2018\/09\/Gartenlongue.ch_.png\",\"width\":500,\"height\":67,\"caption\":\"Gartenlounge - Lounges und Gartenlounges aller Art spezialisiert.\"},\"image\":{\"@id\":\"https:\/\/gartenlounge.ch\/#\/schema\/logo\/image\/\"},\"sameAs\":[\"https:\/\/www.facebook.com\/outdoorsofa\/\"]}]}<\/script>\n<!-- \/ Yoast SEO plugin. -->","yoast_head_json":{"title":"Nikki Amsterdam The Pillow - Gartenlounge","description":"Seit 2006 ist gartenlounge.ch auf lounges und gartenm\u00f6bel aller art spezialisiert. Quer durch die ganze welt, auf der spur von individualit\u00e4t und exklusivit\u00e4t.","robots":{"index":"index","follow":"follow","max-snippet":"max-snippet:-1","max-image-preview":"max-image-preview:large","max-video-preview":"max-video-preview:-1"},"canonical":"https:\/\/gartenlounge.ch\/fr\/product\/oreiller\/nikki-amsterdam-the-pillow\/","og_locale":"fr_FR","og_type":"article","og_title":"Nikki Amsterdam The Pillow - Gartenlounge","og_description":"Seit 2006 ist gartenlounge.ch auf lounges und gartenm\u00f6bel aller art spezialisiert. Quer durch die ganze welt, auf der spur von individualit\u00e4t und exklusivit\u00e4t.","og_url":"https:\/\/gartenlounge.ch\/fr\/product\/oreiller\/nikki-amsterdam-the-pillow\/","og_site_name":"Gartenlounge","article_publisher":"https:\/\/www.facebook.com\/outdoorsofa\/","article_modified_time":"2023-06-13T10:47:20+00:00","og_image":[{"width":800,"height":600,"url":"https:\/\/gartenlounge.ch\/wp-content\/uploads\/2022\/06\/nikki-amsterdam-pillow-1.jpg","type":"image\/jpeg"}],"twitter_card":"summary_large_image","twitter_misc":{"Dur\u00e9e de lecture estim\u00e9e":"4 minutes"},"schema":{"@context":"https:\/\/schema.org","@graph":[{"@type":"WebPage","@id":"https:\/\/gartenlounge.ch\/fr\/product\/oreiller\/nikki-amsterdam-the-pillow\/","url":"https:\/\/gartenlounge.ch\/fr\/product\/oreiller\/nikki-amsterdam-the-pillow\/","name":"Nikki Amsterdam The Pillow - Gartenlounge","isPartOf":{"@id":"https:\/\/gartenlounge.ch\/#website"},"primaryImageOfPage":{"@id":"https:\/\/gartenlounge.ch\/fr\/product\/oreiller\/nikki-amsterdam-the-pillow\/#primaryimage"},"image":{"@id":"https:\/\/gartenlounge.ch\/fr\/product\/oreiller\/nikki-amsterdam-the-pillow\/#primaryimage"},"thumbnailUrl":"https:\/\/gartenlounge.ch\/wp-content\/uploads\/2022\/06\/Nikki-Amsterdam-The-Pillow-30.jpg","datePublished":"2022-06-14T21:13:14+00:00","dateModified":"2023-06-13T10:47:20+00:00","description":"Seit 2006 ist gartenlounge.ch auf lounges und gartenm\u00f6bel aller art spezialisiert. Quer durch die ganze welt, auf der spur von individualit\u00e4t und exklusivit\u00e4t.","breadcrumb":{"@id":"https:\/\/gartenlounge.ch\/fr\/product\/oreiller\/nikki-amsterdam-the-pillow\/#breadcrumb"},"inLanguage":"fr-FR","potentialAction":[{"@type":"ReadAction","target":["https:\/\/gartenlounge.ch\/fr\/product\/oreiller\/nikki-amsterdam-the-pillow\/"]}]},{"@type":"ImageObject","inLanguage":"fr-FR","@id":"https:\/\/gartenlounge.ch\/fr\/product\/oreiller\/nikki-amsterdam-the-pillow\/#primaryimage","url":"https:\/\/gartenlounge.ch\/wp-content\/uploads\/2022\/06\/Nikki-Amsterdam-The-Pillow-30.jpg","contentUrl":"https:\/\/gartenlounge.ch\/wp-content\/uploads\/2022\/06\/Nikki-Amsterdam-The-Pillow-30.jpg","width":800,"height":600},{"@type":"BreadcrumbList","@id":"https:\/\/gartenlounge.ch\/fr\/product\/oreiller\/nikki-amsterdam-the-pillow\/#breadcrumb","itemListElement":[{"@type":"ListItem","position":1,"name":"Home","item":"https:\/\/gartenlounge.ch\/fr\/"},{"@type":"ListItem","position":2,"name":"Boutique","item":"https:\/\/gartenlounge.ch\/fr\/boutique\/"},{"@type":"ListItem","position":3,"name":"Nikki Amsterdam The Pillow"}]},{"@type":"WebSite","@id":"https:\/\/gartenlounge.ch\/#website","url":"https:\/\/gartenlounge.ch\/","name":"Gartenlounge","description":"Lounges und Garten Lounges Aller Art Spezialisiert.","publisher":{"@id":"https:\/\/gartenlounge.ch\/#organization"},"potentialAction":[{"@type":"SearchAction","target":{"@type":"EntryPoint","urlTemplate":"https:\/\/gartenlounge.ch\/?s={search_term_string}"},"query-input":"required name=search_term_string"}],"inLanguage":"fr-FR"},{"@type":"Organization","@id":"https:\/\/gartenlounge.ch\/#organization","name":"Gartenlounge - Lounges und Gartenlounges aller Art spezialisiert.","url":"https:\/\/gartenlounge.ch\/","logo":{"@type":"ImageObject","inLanguage":"fr-FR","@id":"https:\/\/gartenlounge.ch\/#\/schema\/logo\/image\/","url":"https:\/\/gartenlounge.ch\/wp-content\/uploads\/2018\/09\/Gartenlongue.ch_.png","contentUrl":"https:\/\/gartenlounge.ch\/wp-content\/uploads\/2018\/09\/Gartenlongue.ch_.png","width":500,"height":67,"caption":"Gartenlounge - Lounges und Gartenlounges aller Art spezialisiert."},"image":{"@id":"https:\/\/gartenlounge.ch\/#\/schema\/logo\/image\/"},"sameAs":["https:\/\/www.facebook.com\/outdoorsofa\/"]}]}},"_links":{"self":[{"href":"https:\/\/gartenlounge.ch\/fr\/wp-json\/wp\/v2\/product\/92082"}],"collection":[{"href":"https:\/\/gartenlounge.ch\/fr\/wp-json\/wp\/v2\/product"}],"about":[{"href":"https:\/\/gartenlounge.ch\/fr\/wp-json\/wp\/v2\/types\/product"}],"wp:featuredmedia":[{"embeddable":true,"href":"https:\/\/gartenlounge.ch\/fr\/wp-json\/wp\/v2\/media\/102129"}],"wp:attachment":[{"href":"https:\/\/gartenlounge.ch\/fr\/wp-json\/wp\/v2\/media?parent=92082"}],"wp:term":[{"taxonomy":"product_cat","embeddable":true,"href":"https:\/\/gartenlounge.ch\/fr\/wp-json\/wp\/v2\/product_cat?post=92082"},{"taxonomy":"product_tag","embeddable":true,"href":"https:\/\/gartenlounge.ch\/fr\/wp-json\/wp\/v2\/product_tag?post=92082"}],"curies":[{"name":"wp","href":"https:\/\/api.w.org\/{rel}","templated":true}]}}