{"id":91216,"date":"2021-06-15T12:00:40","date_gmt":"2021-06-15T12:00:40","guid":{"rendered":"https:\/\/gartenlounge.ch\/product\/non%20class\u00e9\/como-bain-de-soleil\/"},"modified":"2023-05-09T13:26:57","modified_gmt":"2023-05-09T13:26:57","slug":"como-bain-de-soleil","status":"publish","type":"product","link":"https:\/\/gartenlounge.ch\/fr\/product\/liegestuehle\/como-bain-de-soleil\/","title":{"rendered":"Como bain de soleil"},"content":{"rendered":"<p><strong>Il ne doit pas toujours s&#8217;agir de Milan &#8230;<\/strong><\/p>\n<p>Les \u00e9l\u00e9ments Como Lounge vous permettent de r\u00e9inventer sans cesse votre espace ext\u00e9rieur et de l&#8217;adapter aux pr\u00e9f\u00e9rences du moment, aux besoins et aux conditions d&#8217;espace locales. Des loges pour le lever ou le coucher du soleil ? Pas de probl\u00e8me. Avec le Como Lounge, tout le monde est aux premi\u00e8res loges. D\u00e9jeuner du matin, snack, caf\u00e9 et g\u00e2teau ? Le Como Lounge est \u00e9galement disponible pour cela et bien s\u00fbr pour s&#8217;allonger, se d\u00e9tendre et discuter avec des amis.<\/p>\n<p>Gr\u00e2ce \u00e0 des mat\u00e9riaux de qualit\u00e9 sup\u00e9rieure, une finition solide et un design moderne et intemporel, l&#8217;ensemble Como Lounge r\u00e9pond \u00e0 toutes les exigences. Les \u00e9l\u00e9ments Como sont recouverts de Sunbrella et offrent, gr\u00e2ce \u00e0 leurs dimensions g\u00e9n\u00e9reuses, suffisamment de place pour un moment de d\u00e9tente dans le salon, que ce soit seul, en famille ou avec des amis. Le set comprend deux \u00e9l\u00e9ments de si\u00e8ge 2 places, deux \u00e9l\u00e9ments de si\u00e8ge 1 place, un \u00e9l\u00e9ment de dossier central ainsi qu&#8217;un \u00e9l\u00e9ment de dossier d&#8217;angle. Compl\u00e9tez le set avec un parasol, nos coussins d&#8217;accentuation, r\u00e9galez vos invit\u00e9s avec des p\u00e2tes, et vous avez d\u00e9j\u00e0 &#8220;little Italy&#8221; dans votre jardin.<\/p>\n<p><strong>&#8230; Como aussi a beaucoup \u00e0 offrir!<\/strong><\/p>\n","protected":false},"excerpt":{"rendered":"<p>Il ne doit pas toujours s&#8217;agir de Milan &#8230; Les \u00e9l\u00e9ments Como Lounge vous permettent de r\u00e9inventer sans cesse votre espace ext\u00e9rieur et de l&#8217;adapter aux pr\u00e9f\u00e9rences du moment, aux besoins et aux conditions d&#8217;espace locales. Des loges pour le lever ou le coucher du soleil ? Pas de probl\u00e8me. Avec le Como Lounge, tout [&#8230;]\n","protected":false},"featured_media":95837,"template":"","meta":{"_acf_changed":false},"product_cat":[259,255],"product_tag":[],"acf":[],"yoast_head":"<!-- This site is optimized with the Yoast SEO plugin v22.3 - https:\/\/yoast.com\/wordpress\/plugins\/seo\/ -->\n<title>Como bain de soleil - Gartenlounge<\/title>\n<meta name=\"description\" content=\"Seit 2006 ist gartenlounge.ch auf lounges und gartenm\u00f6bel aller art spezialisiert. Quer durch die ganze welt, auf der spur von individualit\u00e4t und exklusivit\u00e4t.\" \/>\n<meta name=\"robots\" content=\"index, follow, max-snippet:-1, max-image-preview:large, max-video-preview:-1\" \/>\n<link rel=\"canonical\" href=\"https:\/\/gartenlounge.ch\/fr\/product\/chaises-longues\/como-bain-de-soleil\/\" \/>\n<meta property=\"og:locale\" content=\"fr_FR\" \/>\n<meta property=\"og:type\" content=\"article\" \/>\n<meta property=\"og:title\" content=\"Como bain de soleil - Gartenlounge\" \/>\n<meta property=\"og:description\" content=\"Seit 2006 ist gartenlounge.ch auf lounges und gartenm\u00f6bel aller art spezialisiert. Quer durch die ganze welt, auf der spur von individualit\u00e4t und exklusivit\u00e4t.\" \/>\n<meta property=\"og:url\" content=\"https:\/\/gartenlounge.ch\/fr\/product\/chaises-longues\/como-bain-de-soleil\/\" \/>\n<meta property=\"og:site_name\" content=\"Gartenlounge\" \/>\n<meta property=\"article:publisher\" content=\"https:\/\/www.facebook.com\/outdoorsofa\/\" \/>\n<meta property=\"article:modified_time\" content=\"2023-05-09T13:26:57+00:00\" \/>\n<meta property=\"og:image\" content=\"https:\/\/gartenlounge.ch\/wp-content\/uploads\/2021\/06\/como-sonnenliege_2-1.jpg\" \/>\n\t<meta property=\"og:image:width\" content=\"800\" \/>\n\t<meta property=\"og:image:height\" content=\"600\" \/>\n\t<meta property=\"og:image:type\" content=\"image\/jpeg\" \/>\n<meta name=\"twitter:card\" content=\"summary_large_image\" \/>\n<meta name=\"twitter:label1\" content=\"Dur\u00e9e de lecture estim\u00e9e\" \/>\n\t<meta name=\"twitter:data1\" content=\"1 minute\" \/>\n<script type=\"application\/ld+json\" class=\"yoast-schema-graph\">{\"@context\":\"https:\/\/schema.org\",\"@graph\":[{\"@type\":\"WebPage\",\"@id\":\"https:\/\/gartenlounge.ch\/fr\/product\/chaises-longues\/como-bain-de-soleil\/\",\"url\":\"https:\/\/gartenlounge.ch\/fr\/product\/chaises-longues\/como-bain-de-soleil\/\",\"name\":\"Como bain de soleil - Gartenlounge\",\"isPartOf\":{\"@id\":\"https:\/\/gartenlounge.ch\/#website\"},\"primaryImageOfPage\":{\"@id\":\"https:\/\/gartenlounge.ch\/fr\/product\/chaises-longues\/como-bain-de-soleil\/#primaryimage\"},\"image\":{\"@id\":\"https:\/\/gartenlounge.ch\/fr\/product\/chaises-longues\/como-bain-de-soleil\/#primaryimage\"},\"thumbnailUrl\":\"https:\/\/gartenlounge.ch\/wp-content\/uploads\/2021\/06\/como-sonnenliege_2-1.jpg\",\"datePublished\":\"2021-06-15T12:00:40+00:00\",\"dateModified\":\"2023-05-09T13:26:57+00:00\",\"description\":\"Seit 2006 ist gartenlounge.ch auf lounges und gartenm\u00f6bel aller art spezialisiert. Quer durch die ganze welt, auf der spur von individualit\u00e4t und exklusivit\u00e4t.\",\"breadcrumb\":{\"@id\":\"https:\/\/gartenlounge.ch\/fr\/product\/chaises-longues\/como-bain-de-soleil\/#breadcrumb\"},\"inLanguage\":\"fr-FR\",\"potentialAction\":[{\"@type\":\"ReadAction\",\"target\":[\"https:\/\/gartenlounge.ch\/fr\/product\/chaises-longues\/como-bain-de-soleil\/\"]}]},{\"@type\":\"ImageObject\",\"inLanguage\":\"fr-FR\",\"@id\":\"https:\/\/gartenlounge.ch\/fr\/product\/chaises-longues\/como-bain-de-soleil\/#primaryimage\",\"url\":\"https:\/\/gartenlounge.ch\/wp-content\/uploads\/2021\/06\/como-sonnenliege_2-1.jpg\",\"contentUrl\":\"https:\/\/gartenlounge.ch\/wp-content\/uploads\/2021\/06\/como-sonnenliege_2-1.jpg\",\"width\":800,\"height\":600},{\"@type\":\"BreadcrumbList\",\"@id\":\"https:\/\/gartenlounge.ch\/fr\/product\/chaises-longues\/como-bain-de-soleil\/#breadcrumb\",\"itemListElement\":[{\"@type\":\"ListItem\",\"position\":1,\"name\":\"Home\",\"item\":\"https:\/\/gartenlounge.ch\/fr\/\"},{\"@type\":\"ListItem\",\"position\":2,\"name\":\"Boutique\",\"item\":\"https:\/\/gartenlounge.ch\/fr\/boutique\/\"},{\"@type\":\"ListItem\",\"position\":3,\"name\":\"Como bain de soleil\"}]},{\"@type\":\"WebSite\",\"@id\":\"https:\/\/gartenlounge.ch\/#website\",\"url\":\"https:\/\/gartenlounge.ch\/\",\"name\":\"Gartenlounge\",\"description\":\"Lounges und Garten Lounges Aller Art Spezialisiert.\",\"publisher\":{\"@id\":\"https:\/\/gartenlounge.ch\/#organization\"},\"potentialAction\":[{\"@type\":\"SearchAction\",\"target\":{\"@type\":\"EntryPoint\",\"urlTemplate\":\"https:\/\/gartenlounge.ch\/?s={search_term_string}\"},\"query-input\":\"required name=search_term_string\"}],\"inLanguage\":\"fr-FR\"},{\"@type\":\"Organization\",\"@id\":\"https:\/\/gartenlounge.ch\/#organization\",\"name\":\"Gartenlounge - Lounges und Gartenlounges aller Art spezialisiert.\",\"url\":\"https:\/\/gartenlounge.ch\/\",\"logo\":{\"@type\":\"ImageObject\",\"inLanguage\":\"fr-FR\",\"@id\":\"https:\/\/gartenlounge.ch\/#\/schema\/logo\/image\/\",\"url\":\"https:\/\/gartenlounge.ch\/wp-content\/uploads\/2018\/09\/Gartenlongue.ch_.png\",\"contentUrl\":\"https:\/\/gartenlounge.ch\/wp-content\/uploads\/2018\/09\/Gartenlongue.ch_.png\",\"width\":500,\"height\":67,\"caption\":\"Gartenlounge - Lounges und Gartenlounges aller Art spezialisiert.\"},\"image\":{\"@id\":\"https:\/\/gartenlounge.ch\/#\/schema\/logo\/image\/\"},\"sameAs\":[\"https:\/\/www.facebook.com\/outdoorsofa\/\"]}]}<\/script>\n<!-- \/ Yoast SEO plugin. -->","yoast_head_json":{"title":"Como bain de soleil - Gartenlounge","description":"Seit 2006 ist gartenlounge.ch auf lounges und gartenm\u00f6bel aller art spezialisiert. Quer durch die ganze welt, auf der spur von individualit\u00e4t und exklusivit\u00e4t.","robots":{"index":"index","follow":"follow","max-snippet":"max-snippet:-1","max-image-preview":"max-image-preview:large","max-video-preview":"max-video-preview:-1"},"canonical":"https:\/\/gartenlounge.ch\/fr\/product\/chaises-longues\/como-bain-de-soleil\/","og_locale":"fr_FR","og_type":"article","og_title":"Como bain de soleil - Gartenlounge","og_description":"Seit 2006 ist gartenlounge.ch auf lounges und gartenm\u00f6bel aller art spezialisiert. Quer durch die ganze welt, auf der spur von individualit\u00e4t und exklusivit\u00e4t.","og_url":"https:\/\/gartenlounge.ch\/fr\/product\/chaises-longues\/como-bain-de-soleil\/","og_site_name":"Gartenlounge","article_publisher":"https:\/\/www.facebook.com\/outdoorsofa\/","article_modified_time":"2023-05-09T13:26:57+00:00","og_image":[{"width":800,"height":600,"url":"https:\/\/gartenlounge.ch\/wp-content\/uploads\/2021\/06\/como-sonnenliege_2-1.jpg","type":"image\/jpeg"}],"twitter_card":"summary_large_image","twitter_misc":{"Dur\u00e9e de lecture estim\u00e9e":"1 minute"},"schema":{"@context":"https:\/\/schema.org","@graph":[{"@type":"WebPage","@id":"https:\/\/gartenlounge.ch\/fr\/product\/chaises-longues\/como-bain-de-soleil\/","url":"https:\/\/gartenlounge.ch\/fr\/product\/chaises-longues\/como-bain-de-soleil\/","name":"Como bain de soleil - Gartenlounge","isPartOf":{"@id":"https:\/\/gartenlounge.ch\/#website"},"primaryImageOfPage":{"@id":"https:\/\/gartenlounge.ch\/fr\/product\/chaises-longues\/como-bain-de-soleil\/#primaryimage"},"image":{"@id":"https:\/\/gartenlounge.ch\/fr\/product\/chaises-longues\/como-bain-de-soleil\/#primaryimage"},"thumbnailUrl":"https:\/\/gartenlounge.ch\/wp-content\/uploads\/2021\/06\/como-sonnenliege_2-1.jpg","datePublished":"2021-06-15T12:00:40+00:00","dateModified":"2023-05-09T13:26:57+00:00","description":"Seit 2006 ist gartenlounge.ch auf lounges und gartenm\u00f6bel aller art spezialisiert. Quer durch die ganze welt, auf der spur von individualit\u00e4t und exklusivit\u00e4t.","breadcrumb":{"@id":"https:\/\/gartenlounge.ch\/fr\/product\/chaises-longues\/como-bain-de-soleil\/#breadcrumb"},"inLanguage":"fr-FR","potentialAction":[{"@type":"ReadAction","target":["https:\/\/gartenlounge.ch\/fr\/product\/chaises-longues\/como-bain-de-soleil\/"]}]},{"@type":"ImageObject","inLanguage":"fr-FR","@id":"https:\/\/gartenlounge.ch\/fr\/product\/chaises-longues\/como-bain-de-soleil\/#primaryimage","url":"https:\/\/gartenlounge.ch\/wp-content\/uploads\/2021\/06\/como-sonnenliege_2-1.jpg","contentUrl":"https:\/\/gartenlounge.ch\/wp-content\/uploads\/2021\/06\/como-sonnenliege_2-1.jpg","width":800,"height":600},{"@type":"BreadcrumbList","@id":"https:\/\/gartenlounge.ch\/fr\/product\/chaises-longues\/como-bain-de-soleil\/#breadcrumb","itemListElement":[{"@type":"ListItem","position":1,"name":"Home","item":"https:\/\/gartenlounge.ch\/fr\/"},{"@type":"ListItem","position":2,"name":"Boutique","item":"https:\/\/gartenlounge.ch\/fr\/boutique\/"},{"@type":"ListItem","position":3,"name":"Como bain de soleil"}]},{"@type":"WebSite","@id":"https:\/\/gartenlounge.ch\/#website","url":"https:\/\/gartenlounge.ch\/","name":"Gartenlounge","description":"Lounges und Garten Lounges Aller Art Spezialisiert.","publisher":{"@id":"https:\/\/gartenlounge.ch\/#organization"},"potentialAction":[{"@type":"SearchAction","target":{"@type":"EntryPoint","urlTemplate":"https:\/\/gartenlounge.ch\/?s={search_term_string}"},"query-input":"required name=search_term_string"}],"inLanguage":"fr-FR"},{"@type":"Organization","@id":"https:\/\/gartenlounge.ch\/#organization","name":"Gartenlounge - Lounges und Gartenlounges aller Art spezialisiert.","url":"https:\/\/gartenlounge.ch\/","logo":{"@type":"ImageObject","inLanguage":"fr-FR","@id":"https:\/\/gartenlounge.ch\/#\/schema\/logo\/image\/","url":"https:\/\/gartenlounge.ch\/wp-content\/uploads\/2018\/09\/Gartenlongue.ch_.png","contentUrl":"https:\/\/gartenlounge.ch\/wp-content\/uploads\/2018\/09\/Gartenlongue.ch_.png","width":500,"height":67,"caption":"Gartenlounge - Lounges und Gartenlounges aller Art spezialisiert."},"image":{"@id":"https:\/\/gartenlounge.ch\/#\/schema\/logo\/image\/"},"sameAs":["https:\/\/www.facebook.com\/outdoorsofa\/"]}]}},"_links":{"self":[{"href":"https:\/\/gartenlounge.ch\/fr\/wp-json\/wp\/v2\/product\/91216"}],"collection":[{"href":"https:\/\/gartenlounge.ch\/fr\/wp-json\/wp\/v2\/product"}],"about":[{"href":"https:\/\/gartenlounge.ch\/fr\/wp-json\/wp\/v2\/types\/product"}],"wp:featuredmedia":[{"embeddable":true,"href":"https:\/\/gartenlounge.ch\/fr\/wp-json\/wp\/v2\/media\/95837"}],"wp:attachment":[{"href":"https:\/\/gartenlounge.ch\/fr\/wp-json\/wp\/v2\/media?parent=91216"}],"wp:term":[{"taxonomy":"product_cat","embeddable":true,"href":"https:\/\/gartenlounge.ch\/fr\/wp-json\/wp\/v2\/product_cat?post=91216"},{"taxonomy":"product_tag","embeddable":true,"href":"https:\/\/gartenlounge.ch\/fr\/wp-json\/wp\/v2\/product_tag?post=91216"}],"curies":[{"name":"wp","href":"https:\/\/api.w.org\/{rel}","templated":true}]}}