{"id":91100,"date":"2022-03-19T17:38:18","date_gmt":"2022-03-19T17:38:18","guid":{"rendered":"https:\/\/gartenlounge.ch\/?post_type=product&#038;p=91100"},"modified":"2022-04-14T17:15:11","modified_gmt":"2022-04-14T17:15:11","slug":"gartenlounge-coud-daybed-copy","status":"publish","type":"product","link":"https:\/\/gartenlounge.ch\/fr\/product\/s-lounges-fr\/gartenlounge-coud-daybed-copy\/","title":{"rendered":"Cloud Daybed"},"content":{"rendered":"<p><strong>Comme sur une nuage<\/strong><br \/>\nPr\u00e9f\u00e9rez-vous l&#8217;exceptionnel, l&#8217;original? Le Cloud vous offre tous ce-l\u00e0. Avec le Cloud lit de jour vous gagnez une v\u00e9ritable accroche pour votre jardin ou terrasse.<br \/>\nAvec ses dimensions g\u00e9n\u00e9reux il vous donne plein d\u2019\u00e9space pour vous d\u00e9tendre. Et parce qu\u2019il est fabriqu\u00e9 avec du mat\u00e9riel de haute qualit\u00e9, il est r\u00e9sistant aux intemp\u00e9ries. Cloud peut rester dehors \u00e0 tout temps.<\/p>\n<p><strong>propri\u00e9t\u00e9s particuli\u00e8res<\/strong><br \/>\n\u2981 r\u00e9sistante aux intemp\u00e9ries<br \/>\n\u2981 facile \u00e0 entretenir<br \/>\n\u2981 rempli de \u00ab Fast dry Foam \u00bb<br \/>\n\u2981 mat\u00e9riel de haute qualit\u00e9 &amp; fabrication soign\u00e9e<br \/>\n\u2981 design original, sans coin ni carre<\/p>\n","protected":false},"excerpt":{"rendered":"<p>Comme sur une nuage Pr\u00e9f\u00e9rez-vous l&#8217;exceptionnel, l&#8217;original? Le Cloud vous offre tous ce-l\u00e0. Avec le Cloud lit de jour vous gagnez une v\u00e9ritable accroche pour votre jardin ou terrasse. Avec ses dimensions g\u00e9n\u00e9reux il vous donne plein d\u2019\u00e9space pour vous d\u00e9tendre. Et parce qu\u2019il est fabriqu\u00e9 avec du mat\u00e9riel de haute qualit\u00e9, il est r\u00e9sistant [&#8230;]\n","protected":false},"featured_media":104187,"template":"","meta":{"_acf_changed":false},"product_cat":[264],"product_tag":[],"acf":[],"yoast_head":"<!-- This site is optimized with the Yoast SEO plugin v22.3 - https:\/\/yoast.com\/wordpress\/plugins\/seo\/ -->\n<title>Cloud Daybed - Gartenlounge<\/title>\n<meta name=\"description\" content=\"Le Cloud vous offre tous ce-l\u00e0. Avec le Cloud lit de jour vous gagnez une v\u00e9ritable accroche pour votre jardin ou terrasse.\" \/>\n<meta name=\"robots\" content=\"index, follow, max-snippet:-1, max-image-preview:large, max-video-preview:-1\" \/>\n<link rel=\"canonical\" href=\"https:\/\/gartenlounge.ch\/fr\/product\/s-lounges-fr\/gartenlounge-coud-daybed-copy\/\" \/>\n<meta property=\"og:locale\" content=\"fr_FR\" \/>\n<meta property=\"og:type\" content=\"article\" \/>\n<meta property=\"og:title\" content=\"Cloud Daybed - Gartenlounge\" \/>\n<meta property=\"og:description\" content=\"Le Cloud vous offre tous ce-l\u00e0. Avec le Cloud lit de jour vous gagnez une v\u00e9ritable accroche pour votre jardin ou terrasse.\" \/>\n<meta property=\"og:url\" content=\"https:\/\/gartenlounge.ch\/fr\/product\/s-lounges-fr\/gartenlounge-coud-daybed-copy\/\" \/>\n<meta property=\"og:site_name\" content=\"Gartenlounge\" \/>\n<meta property=\"article:publisher\" content=\"https:\/\/www.facebook.com\/outdoorsofa\/\" \/>\n<meta property=\"article:modified_time\" content=\"2022-04-14T17:15:11+00:00\" \/>\n<meta property=\"og:image\" content=\"https:\/\/gartenlounge.ch\/wp-content\/uploads\/2022\/03\/Cloud-Daybed-30Lagerraumung.jpg\" \/>\n\t<meta property=\"og:image:width\" content=\"800\" \/>\n\t<meta property=\"og:image:height\" content=\"600\" \/>\n\t<meta property=\"og:image:type\" content=\"image\/jpeg\" \/>\n<meta name=\"twitter:card\" content=\"summary_large_image\" \/>\n<meta name=\"twitter:label1\" content=\"Dur\u00e9e de lecture estim\u00e9e\" \/>\n\t<meta name=\"twitter:data1\" content=\"1 minute\" \/>\n<script type=\"application\/ld+json\" class=\"yoast-schema-graph\">{\"@context\":\"https:\/\/schema.org\",\"@graph\":[{\"@type\":\"WebPage\",\"@id\":\"https:\/\/gartenlounge.ch\/fr\/product\/s-lounges-fr\/gartenlounge-coud-daybed-copy\/\",\"url\":\"https:\/\/gartenlounge.ch\/fr\/product\/s-lounges-fr\/gartenlounge-coud-daybed-copy\/\",\"name\":\"Cloud Daybed - Gartenlounge\",\"isPartOf\":{\"@id\":\"https:\/\/gartenlounge.ch\/#website\"},\"primaryImageOfPage\":{\"@id\":\"https:\/\/gartenlounge.ch\/fr\/product\/s-lounges-fr\/gartenlounge-coud-daybed-copy\/#primaryimage\"},\"image\":{\"@id\":\"https:\/\/gartenlounge.ch\/fr\/product\/s-lounges-fr\/gartenlounge-coud-daybed-copy\/#primaryimage\"},\"thumbnailUrl\":\"https:\/\/gartenlounge.ch\/wp-content\/uploads\/2022\/03\/Cloud-Daybed-60.jpg\",\"datePublished\":\"2022-03-19T17:38:18+00:00\",\"dateModified\":\"2022-04-14T17:15:11+00:00\",\"description\":\"Le Cloud vous offre tous ce-l\u00e0. Avec le Cloud lit de jour vous gagnez une v\u00e9ritable accroche pour votre jardin ou terrasse.\",\"breadcrumb\":{\"@id\":\"https:\/\/gartenlounge.ch\/fr\/product\/s-lounges-fr\/gartenlounge-coud-daybed-copy\/#breadcrumb\"},\"inLanguage\":\"fr-FR\",\"potentialAction\":[{\"@type\":\"ReadAction\",\"target\":[\"https:\/\/gartenlounge.ch\/fr\/product\/s-lounges-fr\/gartenlounge-coud-daybed-copy\/\"]}]},{\"@type\":\"ImageObject\",\"inLanguage\":\"fr-FR\",\"@id\":\"https:\/\/gartenlounge.ch\/fr\/product\/s-lounges-fr\/gartenlounge-coud-daybed-copy\/#primaryimage\",\"url\":\"https:\/\/gartenlounge.ch\/wp-content\/uploads\/2022\/03\/Cloud-Daybed-60.jpg\",\"contentUrl\":\"https:\/\/gartenlounge.ch\/wp-content\/uploads\/2022\/03\/Cloud-Daybed-60.jpg\",\"width\":800,\"height\":600},{\"@type\":\"BreadcrumbList\",\"@id\":\"https:\/\/gartenlounge.ch\/fr\/product\/s-lounges-fr\/gartenlounge-coud-daybed-copy\/#breadcrumb\",\"itemListElement\":[{\"@type\":\"ListItem\",\"position\":1,\"name\":\"Home\",\"item\":\"https:\/\/gartenlounge.ch\/fr\/\"},{\"@type\":\"ListItem\",\"position\":2,\"name\":\"Boutique\",\"item\":\"https:\/\/gartenlounge.ch\/fr\/boutique\/\"},{\"@type\":\"ListItem\",\"position\":3,\"name\":\"Cloud Daybed\"}]},{\"@type\":\"WebSite\",\"@id\":\"https:\/\/gartenlounge.ch\/#website\",\"url\":\"https:\/\/gartenlounge.ch\/\",\"name\":\"Gartenlounge\",\"description\":\"Lounges und Garten Lounges Aller Art Spezialisiert.\",\"publisher\":{\"@id\":\"https:\/\/gartenlounge.ch\/#organization\"},\"potentialAction\":[{\"@type\":\"SearchAction\",\"target\":{\"@type\":\"EntryPoint\",\"urlTemplate\":\"https:\/\/gartenlounge.ch\/?s={search_term_string}\"},\"query-input\":\"required name=search_term_string\"}],\"inLanguage\":\"fr-FR\"},{\"@type\":\"Organization\",\"@id\":\"https:\/\/gartenlounge.ch\/#organization\",\"name\":\"Gartenlounge - Lounges und Gartenlounges aller Art spezialisiert.\",\"url\":\"https:\/\/gartenlounge.ch\/\",\"logo\":{\"@type\":\"ImageObject\",\"inLanguage\":\"fr-FR\",\"@id\":\"https:\/\/gartenlounge.ch\/#\/schema\/logo\/image\/\",\"url\":\"https:\/\/gartenlounge.ch\/wp-content\/uploads\/2018\/09\/Gartenlongue.ch_.png\",\"contentUrl\":\"https:\/\/gartenlounge.ch\/wp-content\/uploads\/2018\/09\/Gartenlongue.ch_.png\",\"width\":500,\"height\":67,\"caption\":\"Gartenlounge - Lounges und Gartenlounges aller Art spezialisiert.\"},\"image\":{\"@id\":\"https:\/\/gartenlounge.ch\/#\/schema\/logo\/image\/\"},\"sameAs\":[\"https:\/\/www.facebook.com\/outdoorsofa\/\"]}]}<\/script>\n<!-- \/ Yoast SEO plugin. -->","yoast_head_json":{"title":"Cloud Daybed - Gartenlounge","description":"Le Cloud vous offre tous ce-l\u00e0. Avec le Cloud lit de jour vous gagnez une v\u00e9ritable accroche pour votre jardin ou terrasse.","robots":{"index":"index","follow":"follow","max-snippet":"max-snippet:-1","max-image-preview":"max-image-preview:large","max-video-preview":"max-video-preview:-1"},"canonical":"https:\/\/gartenlounge.ch\/fr\/product\/s-lounges-fr\/gartenlounge-coud-daybed-copy\/","og_locale":"fr_FR","og_type":"article","og_title":"Cloud Daybed - Gartenlounge","og_description":"Le Cloud vous offre tous ce-l\u00e0. Avec le Cloud lit de jour vous gagnez une v\u00e9ritable accroche pour votre jardin ou terrasse.","og_url":"https:\/\/gartenlounge.ch\/fr\/product\/s-lounges-fr\/gartenlounge-coud-daybed-copy\/","og_site_name":"Gartenlounge","article_publisher":"https:\/\/www.facebook.com\/outdoorsofa\/","article_modified_time":"2022-04-14T17:15:11+00:00","og_image":[{"width":800,"height":600,"url":"https:\/\/gartenlounge.ch\/wp-content\/uploads\/2022\/03\/Cloud-Daybed-30Lagerraumung.jpg","type":"image\/jpeg"}],"twitter_card":"summary_large_image","twitter_misc":{"Dur\u00e9e de lecture estim\u00e9e":"1 minute"},"schema":{"@context":"https:\/\/schema.org","@graph":[{"@type":"WebPage","@id":"https:\/\/gartenlounge.ch\/fr\/product\/s-lounges-fr\/gartenlounge-coud-daybed-copy\/","url":"https:\/\/gartenlounge.ch\/fr\/product\/s-lounges-fr\/gartenlounge-coud-daybed-copy\/","name":"Cloud Daybed - Gartenlounge","isPartOf":{"@id":"https:\/\/gartenlounge.ch\/#website"},"primaryImageOfPage":{"@id":"https:\/\/gartenlounge.ch\/fr\/product\/s-lounges-fr\/gartenlounge-coud-daybed-copy\/#primaryimage"},"image":{"@id":"https:\/\/gartenlounge.ch\/fr\/product\/s-lounges-fr\/gartenlounge-coud-daybed-copy\/#primaryimage"},"thumbnailUrl":"https:\/\/gartenlounge.ch\/wp-content\/uploads\/2022\/03\/Cloud-Daybed-60.jpg","datePublished":"2022-03-19T17:38:18+00:00","dateModified":"2022-04-14T17:15:11+00:00","description":"Le Cloud vous offre tous ce-l\u00e0. Avec le Cloud lit de jour vous gagnez une v\u00e9ritable accroche pour votre jardin ou terrasse.","breadcrumb":{"@id":"https:\/\/gartenlounge.ch\/fr\/product\/s-lounges-fr\/gartenlounge-coud-daybed-copy\/#breadcrumb"},"inLanguage":"fr-FR","potentialAction":[{"@type":"ReadAction","target":["https:\/\/gartenlounge.ch\/fr\/product\/s-lounges-fr\/gartenlounge-coud-daybed-copy\/"]}]},{"@type":"ImageObject","inLanguage":"fr-FR","@id":"https:\/\/gartenlounge.ch\/fr\/product\/s-lounges-fr\/gartenlounge-coud-daybed-copy\/#primaryimage","url":"https:\/\/gartenlounge.ch\/wp-content\/uploads\/2022\/03\/Cloud-Daybed-60.jpg","contentUrl":"https:\/\/gartenlounge.ch\/wp-content\/uploads\/2022\/03\/Cloud-Daybed-60.jpg","width":800,"height":600},{"@type":"BreadcrumbList","@id":"https:\/\/gartenlounge.ch\/fr\/product\/s-lounges-fr\/gartenlounge-coud-daybed-copy\/#breadcrumb","itemListElement":[{"@type":"ListItem","position":1,"name":"Home","item":"https:\/\/gartenlounge.ch\/fr\/"},{"@type":"ListItem","position":2,"name":"Boutique","item":"https:\/\/gartenlounge.ch\/fr\/boutique\/"},{"@type":"ListItem","position":3,"name":"Cloud Daybed"}]},{"@type":"WebSite","@id":"https:\/\/gartenlounge.ch\/#website","url":"https:\/\/gartenlounge.ch\/","name":"Gartenlounge","description":"Lounges und Garten Lounges Aller Art Spezialisiert.","publisher":{"@id":"https:\/\/gartenlounge.ch\/#organization"},"potentialAction":[{"@type":"SearchAction","target":{"@type":"EntryPoint","urlTemplate":"https:\/\/gartenlounge.ch\/?s={search_term_string}"},"query-input":"required name=search_term_string"}],"inLanguage":"fr-FR"},{"@type":"Organization","@id":"https:\/\/gartenlounge.ch\/#organization","name":"Gartenlounge - Lounges und Gartenlounges aller Art spezialisiert.","url":"https:\/\/gartenlounge.ch\/","logo":{"@type":"ImageObject","inLanguage":"fr-FR","@id":"https:\/\/gartenlounge.ch\/#\/schema\/logo\/image\/","url":"https:\/\/gartenlounge.ch\/wp-content\/uploads\/2018\/09\/Gartenlongue.ch_.png","contentUrl":"https:\/\/gartenlounge.ch\/wp-content\/uploads\/2018\/09\/Gartenlongue.ch_.png","width":500,"height":67,"caption":"Gartenlounge - Lounges und Gartenlounges aller Art spezialisiert."},"image":{"@id":"https:\/\/gartenlounge.ch\/#\/schema\/logo\/image\/"},"sameAs":["https:\/\/www.facebook.com\/outdoorsofa\/"]}]}},"_links":{"self":[{"href":"https:\/\/gartenlounge.ch\/fr\/wp-json\/wp\/v2\/product\/91100"}],"collection":[{"href":"https:\/\/gartenlounge.ch\/fr\/wp-json\/wp\/v2\/product"}],"about":[{"href":"https:\/\/gartenlounge.ch\/fr\/wp-json\/wp\/v2\/types\/product"}],"wp:featuredmedia":[{"embeddable":true,"href":"https:\/\/gartenlounge.ch\/fr\/wp-json\/wp\/v2\/media\/104187"}],"wp:attachment":[{"href":"https:\/\/gartenlounge.ch\/fr\/wp-json\/wp\/v2\/media?parent=91100"}],"wp:term":[{"taxonomy":"product_cat","embeddable":true,"href":"https:\/\/gartenlounge.ch\/fr\/wp-json\/wp\/v2\/product_cat?post=91100"},{"taxonomy":"product_tag","embeddable":true,"href":"https:\/\/gartenlounge.ch\/fr\/wp-json\/wp\/v2\/product_tag?post=91100"}],"curies":[{"name":"wp","href":"https:\/\/api.w.org\/{rel}","templated":true}]}}