{"id":775,"date":"2018-09-10T12:53:40","date_gmt":"2018-09-10T12:53:40","guid":{"rendered":"https:\/\/gartenlounge.ch\/?post_type=product&#038;p=775"},"modified":"2023-02-23T12:32:43","modified_gmt":"2023-02-23T12:32:43","slug":"ecp500-textilene-wicker-cleaner","status":"publish","type":"product","link":"https:\/\/gartenlounge.ch\/fr\/product\/gartenmoebel-pflege\/ecp500-textilene-wicker-cleaner\/","title":{"rendered":"ECP500 Textilene &#038; Wicker cleaner"},"content":{"rendered":"<p>Gewebereinigung \u2013 Cleaner<\/p>\n<p>1. Tragen Sie beim Gebrauch von diesem Cleaner einen Augenschutz und Gummihandschuhe. Decken Sie zuvor den Boden des Arbeitsbereichs ab.<br \/>\n2. Pr\u00fcfen Sie zuerst an einer unauff\u00e4lligen Stelle, ob das Gewebe farbecht ist.<br \/>\n3. Vor dem Gebrauch feuchten Sie das Gewebe gr\u00fcndlich mit Wasser an.<br \/>\n4. Die Fl\u00fcssigkeit auf das Gewebe spr\u00fchen und 5 Minuten einwirken lassen.<br \/>\n5. Schmutz und Fett mit dem Exotan Reinigungsschwamm entfernen.<br \/>\n6. Das behandelte Gewebe mit Wasser absp\u00fclen und trocknen lassen.<br \/>\n7. Wenn die Flecken nicht restlos entfernt wurden, kann die Behandlung mit einer l\u00e4ngeren Einwirkungszeit wiederholt werden.<br \/>\n8. Behandeln Sie das Gewebe danach mit dem Protecor.<\/p>\n<p>Vorsicht:<\/p>\n<p>\u2013 Da Produkt darf nicht in die H\u00e4nde von Kindern gelangen.<br \/>\n\u2013 Bei der Anwendung darf nicht gegessen, getrunken oder geraucht werden.<br \/>\n\u2013 Ber\u00fchungen mit den Augen oder mit der Haut vermeiden.<br \/>\n\u2013 Beim Schlucken dieses Mittels, kein Erbrechen herbeif\u00fchren, sondern sofort einen Arztaufsuchen und das Etikett der Flasche vorzeigen.<br \/>\n\u2013 Bei unsachgem\u00e4sser Anwendung \u00fcbernehmen wir keine Haftung.<br \/>\n\u2013 Vor Frost sch\u00fctzen<\/p>\n","protected":false},"excerpt":{"rendered":"<p>Gewebereinigung \u2013 Cleaner 1. Tragen Sie beim Gebrauch von diesem Cleaner einen Augenschutz und Gummihandschuhe. Decken Sie zuvor den Boden des Arbeitsbereichs ab. 2. Pr\u00fcfen Sie zuerst an einer unauff\u00e4lligen Stelle, ob das Gewebe farbecht ist. 3. Vor dem Gebrauch feuchten Sie das Gewebe gr\u00fcndlich mit Wasser an. 4. Die Fl\u00fcssigkeit auf das Gewebe spr\u00fchen [&#8230;]\n","protected":false},"featured_media":776,"template":"","meta":{"_acf_changed":false},"product_cat":[377],"product_tag":[],"acf":[],"yoast_head":"<!-- This site is optimized with the Yoast SEO plugin v22.3 - https:\/\/yoast.com\/wordpress\/plugins\/seo\/ -->\n<title>Gewebereiniger von gartenlounge.ch, Reiniger f\u00fcr Outdoor-Kissen &amp; -Bez\u00fcge, ECP500 Textile &amp; Wicker Cleaner<\/title>\n<meta name=\"description\" content=\"Seit 2006 ist gartenlounge.ch auf lounges und gartenm\u00f6bel aller art spezialisiert. Quer durch die ganze welt, auf der spur von individualit\u00e4t und exklusivit\u00e4t.\" \/>\n<meta name=\"robots\" content=\"index, follow, max-snippet:-1, max-image-preview:large, max-video-preview:-1\" \/>\n<link rel=\"canonical\" href=\"https:\/\/gartenlounge.ch\/product\/gartenmoebel-pflege\/ecp500-textilene-wicker-cleaner\/\" \/>\n<meta property=\"og:locale\" content=\"fr_FR\" \/>\n<meta property=\"og:type\" content=\"article\" \/>\n<meta property=\"og:title\" content=\"Gewebereiniger von gartenlounge.ch, Reiniger f\u00fcr Outdoor-Kissen &amp; -Bez\u00fcge, ECP500 Textile &amp; Wicker Cleaner\" \/>\n<meta property=\"og:description\" content=\"Seit 2006 ist gartenlounge.ch auf lounges und gartenm\u00f6bel aller art spezialisiert. Quer durch die ganze welt, auf der spur von individualit\u00e4t und exklusivit\u00e4t.\" \/>\n<meta property=\"og:url\" content=\"https:\/\/gartenlounge.ch\/product\/gartenmoebel-pflege\/ecp500-textilene-wicker-cleaner\/\" \/>\n<meta property=\"og:site_name\" content=\"Gartenlounge\" \/>\n<meta property=\"article:publisher\" content=\"https:\/\/www.facebook.com\/outdoorsofa\/\" \/>\n<meta property=\"article:modified_time\" content=\"2023-02-23T12:32:43+00:00\" \/>\n<meta property=\"og:image\" content=\"https:\/\/gartenlounge.ch\/wp-content\/uploads\/2018\/09\/ECP500-Textilene-Wicker-cleaner.jpg\" \/>\n\t<meta property=\"og:image:width\" content=\"800\" \/>\n\t<meta property=\"og:image:height\" content=\"600\" \/>\n\t<meta property=\"og:image:type\" content=\"image\/jpeg\" \/>\n<meta name=\"twitter:card\" content=\"summary_large_image\" \/>\n<meta name=\"twitter:label1\" content=\"Dur\u00e9e de lecture estim\u00e9e\" \/>\n\t<meta name=\"twitter:data1\" content=\"1 minute\" \/>\n<script type=\"application\/ld+json\" class=\"yoast-schema-graph\">{\"@context\":\"https:\/\/schema.org\",\"@graph\":[{\"@type\":\"WebPage\",\"@id\":\"https:\/\/gartenlounge.ch\/product\/gartenmoebel-pflege\/ecp500-textilene-wicker-cleaner\/\",\"url\":\"https:\/\/gartenlounge.ch\/product\/gartenmoebel-pflege\/ecp500-textilene-wicker-cleaner\/\",\"name\":\"Gewebereiniger von gartenlounge.ch, Reiniger f\u00fcr Outdoor-Kissen & -Bez\u00fcge, ECP500 Textile & Wicker Cleaner\",\"isPartOf\":{\"@id\":\"https:\/\/gartenlounge.ch\/#website\"},\"primaryImageOfPage\":{\"@id\":\"https:\/\/gartenlounge.ch\/product\/gartenmoebel-pflege\/ecp500-textilene-wicker-cleaner\/#primaryimage\"},\"image\":{\"@id\":\"https:\/\/gartenlounge.ch\/product\/gartenmoebel-pflege\/ecp500-textilene-wicker-cleaner\/#primaryimage\"},\"thumbnailUrl\":\"https:\/\/gartenlounge.ch\/wp-content\/uploads\/2018\/09\/ECP500-Textilene-Wicker-cleaner.jpg\",\"datePublished\":\"2018-09-10T12:53:40+00:00\",\"dateModified\":\"2023-02-23T12:32:43+00:00\",\"description\":\"Seit 2006 ist gartenlounge.ch auf lounges und gartenm\u00f6bel aller art spezialisiert. Quer durch die ganze welt, auf der spur von individualit\u00e4t und exklusivit\u00e4t.\",\"breadcrumb\":{\"@id\":\"https:\/\/gartenlounge.ch\/product\/gartenmoebel-pflege\/ecp500-textilene-wicker-cleaner\/#breadcrumb\"},\"inLanguage\":\"fr-FR\",\"potentialAction\":[{\"@type\":\"ReadAction\",\"target\":[\"https:\/\/gartenlounge.ch\/product\/gartenmoebel-pflege\/ecp500-textilene-wicker-cleaner\/\"]}]},{\"@type\":\"ImageObject\",\"inLanguage\":\"fr-FR\",\"@id\":\"https:\/\/gartenlounge.ch\/product\/gartenmoebel-pflege\/ecp500-textilene-wicker-cleaner\/#primaryimage\",\"url\":\"https:\/\/gartenlounge.ch\/wp-content\/uploads\/2018\/09\/ECP500-Textilene-Wicker-cleaner.jpg\",\"contentUrl\":\"https:\/\/gartenlounge.ch\/wp-content\/uploads\/2018\/09\/ECP500-Textilene-Wicker-cleaner.jpg\",\"width\":800,\"height\":600},{\"@type\":\"BreadcrumbList\",\"@id\":\"https:\/\/gartenlounge.ch\/product\/gartenmoebel-pflege\/ecp500-textilene-wicker-cleaner\/#breadcrumb\",\"itemListElement\":[{\"@type\":\"ListItem\",\"position\":1,\"name\":\"Home\",\"item\":\"https:\/\/gartenlounge.ch\/fr\/\"},{\"@type\":\"ListItem\",\"position\":2,\"name\":\"Boutique\",\"item\":\"https:\/\/gartenlounge.ch\/fr\/boutique\/\"},{\"@type\":\"ListItem\",\"position\":3,\"name\":\"ECP500 Textilene &#038; Wicker cleaner\"}]},{\"@type\":\"WebSite\",\"@id\":\"https:\/\/gartenlounge.ch\/#website\",\"url\":\"https:\/\/gartenlounge.ch\/\",\"name\":\"Gartenlounge\",\"description\":\"Lounges und Garten Lounges Aller Art Spezialisiert.\",\"publisher\":{\"@id\":\"https:\/\/gartenlounge.ch\/#organization\"},\"potentialAction\":[{\"@type\":\"SearchAction\",\"target\":{\"@type\":\"EntryPoint\",\"urlTemplate\":\"https:\/\/gartenlounge.ch\/?s={search_term_string}\"},\"query-input\":\"required name=search_term_string\"}],\"inLanguage\":\"fr-FR\"},{\"@type\":\"Organization\",\"@id\":\"https:\/\/gartenlounge.ch\/#organization\",\"name\":\"Gartenlounge - Lounges und Gartenlounges aller Art spezialisiert.\",\"url\":\"https:\/\/gartenlounge.ch\/\",\"logo\":{\"@type\":\"ImageObject\",\"inLanguage\":\"fr-FR\",\"@id\":\"https:\/\/gartenlounge.ch\/#\/schema\/logo\/image\/\",\"url\":\"https:\/\/gartenlounge.ch\/wp-content\/uploads\/2018\/09\/Gartenlongue.ch_.png\",\"contentUrl\":\"https:\/\/gartenlounge.ch\/wp-content\/uploads\/2018\/09\/Gartenlongue.ch_.png\",\"width\":500,\"height\":67,\"caption\":\"Gartenlounge - Lounges und Gartenlounges aller Art spezialisiert.\"},\"image\":{\"@id\":\"https:\/\/gartenlounge.ch\/#\/schema\/logo\/image\/\"},\"sameAs\":[\"https:\/\/www.facebook.com\/outdoorsofa\/\"]}]}<\/script>\n<!-- \/ Yoast SEO plugin. -->","yoast_head_json":{"title":"Gewebereiniger von gartenlounge.ch, Reiniger f\u00fcr Outdoor-Kissen & -Bez\u00fcge, ECP500 Textile & Wicker Cleaner","description":"Seit 2006 ist gartenlounge.ch auf lounges und gartenm\u00f6bel aller art spezialisiert. Quer durch die ganze welt, auf der spur von individualit\u00e4t und exklusivit\u00e4t.","robots":{"index":"index","follow":"follow","max-snippet":"max-snippet:-1","max-image-preview":"max-image-preview:large","max-video-preview":"max-video-preview:-1"},"canonical":"https:\/\/gartenlounge.ch\/product\/gartenmoebel-pflege\/ecp500-textilene-wicker-cleaner\/","og_locale":"fr_FR","og_type":"article","og_title":"Gewebereiniger von gartenlounge.ch, Reiniger f\u00fcr Outdoor-Kissen & -Bez\u00fcge, ECP500 Textile & Wicker Cleaner","og_description":"Seit 2006 ist gartenlounge.ch auf lounges und gartenm\u00f6bel aller art spezialisiert. Quer durch die ganze welt, auf der spur von individualit\u00e4t und exklusivit\u00e4t.","og_url":"https:\/\/gartenlounge.ch\/product\/gartenmoebel-pflege\/ecp500-textilene-wicker-cleaner\/","og_site_name":"Gartenlounge","article_publisher":"https:\/\/www.facebook.com\/outdoorsofa\/","article_modified_time":"2023-02-23T12:32:43+00:00","og_image":[{"width":800,"height":600,"url":"https:\/\/gartenlounge.ch\/wp-content\/uploads\/2018\/09\/ECP500-Textilene-Wicker-cleaner.jpg","type":"image\/jpeg"}],"twitter_card":"summary_large_image","twitter_misc":{"Dur\u00e9e de lecture estim\u00e9e":"1 minute"},"schema":{"@context":"https:\/\/schema.org","@graph":[{"@type":"WebPage","@id":"https:\/\/gartenlounge.ch\/product\/gartenmoebel-pflege\/ecp500-textilene-wicker-cleaner\/","url":"https:\/\/gartenlounge.ch\/product\/gartenmoebel-pflege\/ecp500-textilene-wicker-cleaner\/","name":"Gewebereiniger von gartenlounge.ch, Reiniger f\u00fcr Outdoor-Kissen & -Bez\u00fcge, ECP500 Textile & Wicker Cleaner","isPartOf":{"@id":"https:\/\/gartenlounge.ch\/#website"},"primaryImageOfPage":{"@id":"https:\/\/gartenlounge.ch\/product\/gartenmoebel-pflege\/ecp500-textilene-wicker-cleaner\/#primaryimage"},"image":{"@id":"https:\/\/gartenlounge.ch\/product\/gartenmoebel-pflege\/ecp500-textilene-wicker-cleaner\/#primaryimage"},"thumbnailUrl":"https:\/\/gartenlounge.ch\/wp-content\/uploads\/2018\/09\/ECP500-Textilene-Wicker-cleaner.jpg","datePublished":"2018-09-10T12:53:40+00:00","dateModified":"2023-02-23T12:32:43+00:00","description":"Seit 2006 ist gartenlounge.ch auf lounges und gartenm\u00f6bel aller art spezialisiert. Quer durch die ganze welt, auf der spur von individualit\u00e4t und exklusivit\u00e4t.","breadcrumb":{"@id":"https:\/\/gartenlounge.ch\/product\/gartenmoebel-pflege\/ecp500-textilene-wicker-cleaner\/#breadcrumb"},"inLanguage":"fr-FR","potentialAction":[{"@type":"ReadAction","target":["https:\/\/gartenlounge.ch\/product\/gartenmoebel-pflege\/ecp500-textilene-wicker-cleaner\/"]}]},{"@type":"ImageObject","inLanguage":"fr-FR","@id":"https:\/\/gartenlounge.ch\/product\/gartenmoebel-pflege\/ecp500-textilene-wicker-cleaner\/#primaryimage","url":"https:\/\/gartenlounge.ch\/wp-content\/uploads\/2018\/09\/ECP500-Textilene-Wicker-cleaner.jpg","contentUrl":"https:\/\/gartenlounge.ch\/wp-content\/uploads\/2018\/09\/ECP500-Textilene-Wicker-cleaner.jpg","width":800,"height":600},{"@type":"BreadcrumbList","@id":"https:\/\/gartenlounge.ch\/product\/gartenmoebel-pflege\/ecp500-textilene-wicker-cleaner\/#breadcrumb","itemListElement":[{"@type":"ListItem","position":1,"name":"Home","item":"https:\/\/gartenlounge.ch\/fr\/"},{"@type":"ListItem","position":2,"name":"Boutique","item":"https:\/\/gartenlounge.ch\/fr\/boutique\/"},{"@type":"ListItem","position":3,"name":"ECP500 Textilene &#038; Wicker cleaner"}]},{"@type":"WebSite","@id":"https:\/\/gartenlounge.ch\/#website","url":"https:\/\/gartenlounge.ch\/","name":"Gartenlounge","description":"Lounges und Garten Lounges Aller Art Spezialisiert.","publisher":{"@id":"https:\/\/gartenlounge.ch\/#organization"},"potentialAction":[{"@type":"SearchAction","target":{"@type":"EntryPoint","urlTemplate":"https:\/\/gartenlounge.ch\/?s={search_term_string}"},"query-input":"required name=search_term_string"}],"inLanguage":"fr-FR"},{"@type":"Organization","@id":"https:\/\/gartenlounge.ch\/#organization","name":"Gartenlounge - Lounges und Gartenlounges aller Art spezialisiert.","url":"https:\/\/gartenlounge.ch\/","logo":{"@type":"ImageObject","inLanguage":"fr-FR","@id":"https:\/\/gartenlounge.ch\/#\/schema\/logo\/image\/","url":"https:\/\/gartenlounge.ch\/wp-content\/uploads\/2018\/09\/Gartenlongue.ch_.png","contentUrl":"https:\/\/gartenlounge.ch\/wp-content\/uploads\/2018\/09\/Gartenlongue.ch_.png","width":500,"height":67,"caption":"Gartenlounge - Lounges und Gartenlounges aller Art spezialisiert."},"image":{"@id":"https:\/\/gartenlounge.ch\/#\/schema\/logo\/image\/"},"sameAs":["https:\/\/www.facebook.com\/outdoorsofa\/"]}]}},"_links":{"self":[{"href":"https:\/\/gartenlounge.ch\/fr\/wp-json\/wp\/v2\/product\/775"}],"collection":[{"href":"https:\/\/gartenlounge.ch\/fr\/wp-json\/wp\/v2\/product"}],"about":[{"href":"https:\/\/gartenlounge.ch\/fr\/wp-json\/wp\/v2\/types\/product"}],"wp:featuredmedia":[{"embeddable":true,"href":"https:\/\/gartenlounge.ch\/fr\/wp-json\/wp\/v2\/media\/776"}],"wp:attachment":[{"href":"https:\/\/gartenlounge.ch\/fr\/wp-json\/wp\/v2\/media?parent=775"}],"wp:term":[{"taxonomy":"product_cat","embeddable":true,"href":"https:\/\/gartenlounge.ch\/fr\/wp-json\/wp\/v2\/product_cat?post=775"},{"taxonomy":"product_tag","embeddable":true,"href":"https:\/\/gartenlounge.ch\/fr\/wp-json\/wp\/v2\/product_tag?post=775"}],"curies":[{"name":"wp","href":"https:\/\/api.w.org\/{rel}","templated":true}]}}