{"id":3880,"date":"2018-08-03T17:54:19","date_gmt":"2018-08-07T05:00:19","guid":{"rendered":"https:\/\/gartenlounge.ch\/non%20class\u00e9\/gartenlounge-como-set-6-pcs\/"},"modified":"2023-10-30T08:03:54","modified_gmt":"2023-10-30T08:03:54","slug":"gartenlounge-como-set-6-pcs","status":"publish","type":"product","link":"https:\/\/gartenlounge.ch\/fr\/product\/garten-lounges-fr\/wetterfest-fr\/gartenlounge-como-set-6-pcs\/","title":{"rendered":"salon de jardin Como"},"content":{"rendered":"<p><strong>&#8220;Il ne doit pas toujours s&#8217;agir de Milan &#8230;<\/strong><\/p>\n<p><span style=\"font-size: 14.4px;\">Avec les \u00e9l\u00e9ments Como Lounge, vous pouvez r\u00e9inventer sans cesse votre espace ext\u00e9rieur et l&#8217;adapter aux pr\u00e9f\u00e9rences du moment, aux besoins et aux conditions locales d&#8217;espace. Des loges pour le lever ou le coucher du soleil ? Pas de probl\u00e8me. Avec le Como Lounge, tout le monde est aux premi\u00e8res loges. D\u00e9jeuner du matin, snack, caf\u00e9 et g\u00e2teau ? Le Como Lounge est \u00e9galement disponible pour cela et bien s\u00fbr pour s&#8217;allonger, se d\u00e9tendre et discuter avec des amis.<\/span><\/p>\n<p>Gr\u00e2ce \u00e0 des mat\u00e9riaux de qualit\u00e9 sup\u00e9rieure, une finition solide et un design moderne et intemporel, l&#8217;ensemble Como Lounge r\u00e9pond \u00e0 toutes les exigences. Les \u00e9l\u00e9ments Como sont recouverts de Sunbrella et offrent, gr\u00e2ce \u00e0 leurs dimensions g\u00e9n\u00e9reuses, suffisamment de place pour un moment de d\u00e9tente dans le salon, que ce soit seul, en famille ou avec des amis. Le set comprend deux \u00e9l\u00e9ments de si\u00e8ge 2 places, deux \u00e9l\u00e9ments de si\u00e8ge 1 place, un \u00e9l\u00e9ment de dossier central ainsi qu&#8217;un \u00e9l\u00e9ment de dossier d&#8217;angle. Compl\u00e9tez le set avec notre parasol Roma, nos coussins d&#8217;accentuation, r\u00e9galez vos invit\u00e9s avec des p\u00e2tes, et vous avez d\u00e9j\u00e0 &#8220;little Italy&#8221; dans votre jardin.<\/p>\n<p><strong>&#8230; Como aussi a beaucoup \u00e0 offrir&#8221;!<\/strong><\/p>\n","protected":false},"excerpt":{"rendered":"<p>&#8220;Il ne doit pas toujours s&#8217;agir de Milan &#8230; Avec les \u00e9l\u00e9ments Como Lounge, vous pouvez r\u00e9inventer sans cesse votre espace ext\u00e9rieur et l&#8217;adapter aux pr\u00e9f\u00e9rences du moment, aux besoins et aux conditions locales d&#8217;espace. Des loges pour le lever ou le coucher du soleil ? Pas de probl\u00e8me. Avec le Como Lounge, tout le [&#8230;]\n","protected":false},"featured_media":0,"template":"","meta":{"_acf_changed":false},"product_cat":[161,408],"product_tag":[],"acf":[],"yoast_head":"<!-- This site is optimized with the Yoast SEO plugin v22.3 - https:\/\/yoast.com\/wordpress\/plugins\/seo\/ -->\n<title>salon de jardin Como - Gartenlounge<\/title>\n<meta name=\"description\" content=\"Les \u00e9l\u00e9ments modulaires de Como vous permettent d&#039;adapter votre jardin ou terrasse \u00e0 chacun de vos id\u00e9es\" \/>\n<meta name=\"robots\" content=\"index, follow, max-snippet:-1, max-image-preview:large, max-video-preview:-1\" \/>\n<link rel=\"canonical\" href=\"https:\/\/gartenlounge.ch\/fr\/product\/garten-lounges-fr\/gartenlounge-como-set-6-pcs\/\" \/>\n<meta property=\"og:locale\" content=\"fr_FR\" \/>\n<meta property=\"og:type\" content=\"article\" \/>\n<meta property=\"og:title\" content=\"salon de jardin Como - Gartenlounge\" \/>\n<meta property=\"og:description\" content=\"Les \u00e9l\u00e9ments modulaires de Como vous permettent d&#039;adapter votre jardin ou terrasse \u00e0 chacun de vos id\u00e9es\" \/>\n<meta property=\"og:url\" content=\"https:\/\/gartenlounge.ch\/fr\/product\/garten-lounges-fr\/gartenlounge-como-set-6-pcs\/\" \/>\n<meta property=\"og:site_name\" content=\"Gartenlounge\" \/>\n<meta property=\"article:publisher\" content=\"https:\/\/www.facebook.com\/outdoorsofa\/\" \/>\n<meta property=\"article:modified_time\" content=\"2023-10-30T08:03:54+00:00\" \/>\n<meta name=\"twitter:card\" content=\"summary_large_image\" \/>\n<meta name=\"twitter:label1\" content=\"Dur\u00e9e de lecture estim\u00e9e\" \/>\n\t<meta name=\"twitter:data1\" content=\"1 minute\" \/>\n<script type=\"application\/ld+json\" class=\"yoast-schema-graph\">{\"@context\":\"https:\/\/schema.org\",\"@graph\":[{\"@type\":\"WebPage\",\"@id\":\"https:\/\/gartenlounge.ch\/fr\/product\/garten-lounges-fr\/gartenlounge-como-set-6-pcs\/\",\"url\":\"https:\/\/gartenlounge.ch\/fr\/product\/garten-lounges-fr\/gartenlounge-como-set-6-pcs\/\",\"name\":\"salon de jardin Como - Gartenlounge\",\"isPartOf\":{\"@id\":\"https:\/\/gartenlounge.ch\/#website\"},\"datePublished\":\"2018-08-07T05:00:19+00:00\",\"dateModified\":\"2023-10-30T08:03:54+00:00\",\"description\":\"Les \u00e9l\u00e9ments modulaires de Como vous permettent d'adapter votre jardin ou terrasse \u00e0 chacun de vos id\u00e9es\",\"breadcrumb\":{\"@id\":\"https:\/\/gartenlounge.ch\/fr\/product\/garten-lounges-fr\/gartenlounge-como-set-6-pcs\/#breadcrumb\"},\"inLanguage\":\"fr-FR\",\"potentialAction\":[{\"@type\":\"ReadAction\",\"target\":[\"https:\/\/gartenlounge.ch\/fr\/product\/garten-lounges-fr\/gartenlounge-como-set-6-pcs\/\"]}]},{\"@type\":\"BreadcrumbList\",\"@id\":\"https:\/\/gartenlounge.ch\/fr\/product\/garten-lounges-fr\/gartenlounge-como-set-6-pcs\/#breadcrumb\",\"itemListElement\":[{\"@type\":\"ListItem\",\"position\":1,\"name\":\"Home\",\"item\":\"https:\/\/gartenlounge.ch\/fr\/\"},{\"@type\":\"ListItem\",\"position\":2,\"name\":\"Boutique\",\"item\":\"https:\/\/gartenlounge.ch\/fr\/boutique\/\"},{\"@type\":\"ListItem\",\"position\":3,\"name\":\"salon de jardin Como\"}]},{\"@type\":\"WebSite\",\"@id\":\"https:\/\/gartenlounge.ch\/#website\",\"url\":\"https:\/\/gartenlounge.ch\/\",\"name\":\"Gartenlounge\",\"description\":\"Lounges und Garten Lounges Aller Art Spezialisiert.\",\"publisher\":{\"@id\":\"https:\/\/gartenlounge.ch\/#organization\"},\"potentialAction\":[{\"@type\":\"SearchAction\",\"target\":{\"@type\":\"EntryPoint\",\"urlTemplate\":\"https:\/\/gartenlounge.ch\/?s={search_term_string}\"},\"query-input\":\"required name=search_term_string\"}],\"inLanguage\":\"fr-FR\"},{\"@type\":\"Organization\",\"@id\":\"https:\/\/gartenlounge.ch\/#organization\",\"name\":\"Gartenlounge - Lounges und Gartenlounges aller Art spezialisiert.\",\"url\":\"https:\/\/gartenlounge.ch\/\",\"logo\":{\"@type\":\"ImageObject\",\"inLanguage\":\"fr-FR\",\"@id\":\"https:\/\/gartenlounge.ch\/#\/schema\/logo\/image\/\",\"url\":\"https:\/\/gartenlounge.ch\/wp-content\/uploads\/2018\/09\/Gartenlongue.ch_.png\",\"contentUrl\":\"https:\/\/gartenlounge.ch\/wp-content\/uploads\/2018\/09\/Gartenlongue.ch_.png\",\"width\":500,\"height\":67,\"caption\":\"Gartenlounge - Lounges und Gartenlounges aller Art spezialisiert.\"},\"image\":{\"@id\":\"https:\/\/gartenlounge.ch\/#\/schema\/logo\/image\/\"},\"sameAs\":[\"https:\/\/www.facebook.com\/outdoorsofa\/\"]}]}<\/script>\n<!-- \/ Yoast SEO plugin. -->","yoast_head_json":{"title":"salon de jardin Como - Gartenlounge","description":"Les \u00e9l\u00e9ments modulaires de Como vous permettent d'adapter votre jardin ou terrasse \u00e0 chacun de vos id\u00e9es","robots":{"index":"index","follow":"follow","max-snippet":"max-snippet:-1","max-image-preview":"max-image-preview:large","max-video-preview":"max-video-preview:-1"},"canonical":"https:\/\/gartenlounge.ch\/fr\/product\/garten-lounges-fr\/gartenlounge-como-set-6-pcs\/","og_locale":"fr_FR","og_type":"article","og_title":"salon de jardin Como - Gartenlounge","og_description":"Les \u00e9l\u00e9ments modulaires de Como vous permettent d'adapter votre jardin ou terrasse \u00e0 chacun de vos id\u00e9es","og_url":"https:\/\/gartenlounge.ch\/fr\/product\/garten-lounges-fr\/gartenlounge-como-set-6-pcs\/","og_site_name":"Gartenlounge","article_publisher":"https:\/\/www.facebook.com\/outdoorsofa\/","article_modified_time":"2023-10-30T08:03:54+00:00","twitter_card":"summary_large_image","twitter_misc":{"Dur\u00e9e de lecture estim\u00e9e":"1 minute"},"schema":{"@context":"https:\/\/schema.org","@graph":[{"@type":"WebPage","@id":"https:\/\/gartenlounge.ch\/fr\/product\/garten-lounges-fr\/gartenlounge-como-set-6-pcs\/","url":"https:\/\/gartenlounge.ch\/fr\/product\/garten-lounges-fr\/gartenlounge-como-set-6-pcs\/","name":"salon de jardin Como - Gartenlounge","isPartOf":{"@id":"https:\/\/gartenlounge.ch\/#website"},"datePublished":"2018-08-07T05:00:19+00:00","dateModified":"2023-10-30T08:03:54+00:00","description":"Les \u00e9l\u00e9ments modulaires de Como vous permettent d'adapter votre jardin ou terrasse \u00e0 chacun de vos id\u00e9es","breadcrumb":{"@id":"https:\/\/gartenlounge.ch\/fr\/product\/garten-lounges-fr\/gartenlounge-como-set-6-pcs\/#breadcrumb"},"inLanguage":"fr-FR","potentialAction":[{"@type":"ReadAction","target":["https:\/\/gartenlounge.ch\/fr\/product\/garten-lounges-fr\/gartenlounge-como-set-6-pcs\/"]}]},{"@type":"BreadcrumbList","@id":"https:\/\/gartenlounge.ch\/fr\/product\/garten-lounges-fr\/gartenlounge-como-set-6-pcs\/#breadcrumb","itemListElement":[{"@type":"ListItem","position":1,"name":"Home","item":"https:\/\/gartenlounge.ch\/fr\/"},{"@type":"ListItem","position":2,"name":"Boutique","item":"https:\/\/gartenlounge.ch\/fr\/boutique\/"},{"@type":"ListItem","position":3,"name":"salon de jardin Como"}]},{"@type":"WebSite","@id":"https:\/\/gartenlounge.ch\/#website","url":"https:\/\/gartenlounge.ch\/","name":"Gartenlounge","description":"Lounges und Garten Lounges Aller Art Spezialisiert.","publisher":{"@id":"https:\/\/gartenlounge.ch\/#organization"},"potentialAction":[{"@type":"SearchAction","target":{"@type":"EntryPoint","urlTemplate":"https:\/\/gartenlounge.ch\/?s={search_term_string}"},"query-input":"required name=search_term_string"}],"inLanguage":"fr-FR"},{"@type":"Organization","@id":"https:\/\/gartenlounge.ch\/#organization","name":"Gartenlounge - Lounges und Gartenlounges aller Art spezialisiert.","url":"https:\/\/gartenlounge.ch\/","logo":{"@type":"ImageObject","inLanguage":"fr-FR","@id":"https:\/\/gartenlounge.ch\/#\/schema\/logo\/image\/","url":"https:\/\/gartenlounge.ch\/wp-content\/uploads\/2018\/09\/Gartenlongue.ch_.png","contentUrl":"https:\/\/gartenlounge.ch\/wp-content\/uploads\/2018\/09\/Gartenlongue.ch_.png","width":500,"height":67,"caption":"Gartenlounge - Lounges und Gartenlounges aller Art spezialisiert."},"image":{"@id":"https:\/\/gartenlounge.ch\/#\/schema\/logo\/image\/"},"sameAs":["https:\/\/www.facebook.com\/outdoorsofa\/"]}]}},"_links":{"self":[{"href":"https:\/\/gartenlounge.ch\/fr\/wp-json\/wp\/v2\/product\/3880"}],"collection":[{"href":"https:\/\/gartenlounge.ch\/fr\/wp-json\/wp\/v2\/product"}],"about":[{"href":"https:\/\/gartenlounge.ch\/fr\/wp-json\/wp\/v2\/types\/product"}],"wp:attachment":[{"href":"https:\/\/gartenlounge.ch\/fr\/wp-json\/wp\/v2\/media?parent=3880"}],"wp:term":[{"taxonomy":"product_cat","embeddable":true,"href":"https:\/\/gartenlounge.ch\/fr\/wp-json\/wp\/v2\/product_cat?post=3880"},{"taxonomy":"product_tag","embeddable":true,"href":"https:\/\/gartenlounge.ch\/fr\/wp-json\/wp\/v2\/product_tag?post=3880"}],"curies":[{"name":"wp","href":"https:\/\/api.w.org\/{rel}","templated":true}]}}