{"id":3378,"date":"2018-08-03T08:00:36","date_gmt":"2018-08-17T11:48:36","guid":{"rendered":"https:\/\/gartenlounge.ch\/non%20class\u00e9\/gartenlounge-bite-bain-de-soleil\/"},"modified":"2023-06-12T08:03:22","modified_gmt":"2023-06-12T08:03:22","slug":"gartenlounge-bite-bain-de-soleil","status":"publish","type":"product","link":"https:\/\/gartenlounge.ch\/fr\/product\/chaises-longues\/gartenlounge-bite-bain-de-soleil\/","title":{"rendered":"gartenlounge Bite bain de soleil simple"},"content":{"rendered":"<p><strong>Les bains de soleil, c&#8217;\u00e9tait hier &#8230;<\/strong><\/p>\n<p>Le bien-\u00eatre \u00e0 la maison dans le jardin est facile et vous \u00e9conomisez de l&#8217;argent ! Cherchez l&#8217;ombre sous notre parasol Roma ou sous un arbre et prot\u00e9gez votre peau avec une cr\u00e8me solaire avec un indice de protection \u00e9lev\u00e9 et un filtre UV-A. Vous pouvez maintenant vous d\u00e9tendre sur notre chaise longue Bite et profiter de l&#8217;\u00e9t\u00e9, de la chaleur et de la vue. La forme l\u00e9g\u00e8rement incurv\u00e9e et le rembourrage garantissent une surface de couchage id\u00e9ale et confortable. Gr\u00e2ce \u00e0 l&#8217;appui-t\u00eate multir\u00e9glable, vous pouvez \u00e9galement trouver la position id\u00e9ale \u00e0 tout moment, que vous souhaitiez lire, profiter de la vue ou faire une petite sieste.<br \/>\nLa chaise longue Bite est disponible en version simple ou double. Avec notre Bite Corner Set ou notre Bite Island Set, vous pouvez cr\u00e9er votre propre \u00eelot de bien-\u00eatre en plein air, qui ne laissera rien \u00e0 d\u00e9sirer.<br \/>\nGr\u00e2ce \u00e0 des mat\u00e9riaux de haute qualit\u00e9, une finition solide et des formes claires, la chaise longue Bite correspond au style de vie moderne. Il est recouvert de Sunbrella facile d&#8217;entretien et, gr\u00e2ce \u00e0 ses dimensions g\u00e9n\u00e9reuses, il offre suffisamment d&#8217;espace pour se pr\u00e9lasser en toute d\u00e9contraction. Nous vous recommandons de l&#8217;associer \u00e0 notre table en U et d&#8217;y ajouter votre touche personnelle avec nos coussins d&#8217;appoint et nos accessoires.<\/p>\n<p><strong>&#8230; aujourd&#8217;hui, nous vous offrons le bien-\u00eatre \u00e0 l&#8217;air frais Bite !<\/strong><\/p>\n<p><strong>Caract\u00e9ristiques sp\u00e9ciales:<\/strong><br \/>\nR\u00e9sistant aux intemp\u00e9ries et facile d&#8217;entretien<br \/>\n&#8220;Rembourrage en mousse &#8220;Quick dry Foam<br \/>\nMat\u00e9riaux de haute qualit\u00e9 et fabrication soign\u00e9e<br \/>\nStyle clair et intemporel<\/p>\n","protected":false},"excerpt":{"rendered":"<p>Les bains de soleil, c&#8217;\u00e9tait hier &#8230; Le bien-\u00eatre \u00e0 la maison dans le jardin est facile et vous \u00e9conomisez de l&#8217;argent ! Cherchez l&#8217;ombre sous notre parasol Roma ou sous un arbre et prot\u00e9gez votre peau avec une cr\u00e8me solaire avec un indice de protection \u00e9lev\u00e9 et un filtre UV-A. Vous pouvez maintenant vous [&#8230;]\n","protected":false},"featured_media":96482,"template":"","meta":{"_acf_changed":false},"product_cat":[259],"product_tag":[],"acf":[],"yoast_head":"<!-- This site is optimized with the Yoast SEO plugin v22.3 - https:\/\/yoast.com\/wordpress\/plugins\/seo\/ -->\n<title>Gartenlounge Bite bain de soleil simple - Gartenlounge<\/title>\n<meta name=\"description\" content=\"Seit 2006 ist gartenlounge.ch auf lounges und gartenm\u00f6bel aller art spezialisiert. Quer durch die ganze welt, auf der spur von individualit\u00e4t und exklusivit\u00e4t.\" \/>\n<meta name=\"robots\" content=\"index, follow, max-snippet:-1, max-image-preview:large, max-video-preview:-1\" \/>\n<link rel=\"canonical\" href=\"https:\/\/gartenlounge.ch\/fr\/product\/chaises-longues\/gartenlounge-bite-bain-de-soleil\/\" \/>\n<meta property=\"og:locale\" content=\"fr_FR\" \/>\n<meta property=\"og:type\" content=\"article\" \/>\n<meta property=\"og:title\" content=\"Gartenlounge Bite bain de soleil simple - Gartenlounge\" \/>\n<meta property=\"og:description\" content=\"Seit 2006 ist gartenlounge.ch auf lounges und gartenm\u00f6bel aller art spezialisiert. Quer durch die ganze welt, auf der spur von individualit\u00e4t und exklusivit\u00e4t.\" \/>\n<meta property=\"og:url\" content=\"https:\/\/gartenlounge.ch\/fr\/product\/chaises-longues\/gartenlounge-bite-bain-de-soleil\/\" \/>\n<meta property=\"og:site_name\" content=\"Gartenlounge\" \/>\n<meta property=\"article:publisher\" content=\"https:\/\/www.facebook.com\/outdoorsofa\/\" \/>\n<meta property=\"article:modified_time\" content=\"2023-06-12T08:03:22+00:00\" \/>\n<meta property=\"og:image\" content=\"https:\/\/gartenlounge.ch\/wp-content\/uploads\/2018\/08\/bite-single-1-1.jpg\" \/>\n\t<meta property=\"og:image:width\" content=\"800\" \/>\n\t<meta property=\"og:image:height\" content=\"600\" \/>\n\t<meta property=\"og:image:type\" content=\"image\/jpeg\" \/>\n<meta name=\"twitter:card\" content=\"summary_large_image\" \/>\n<meta name=\"twitter:label1\" content=\"Dur\u00e9e de lecture estim\u00e9e\" \/>\n\t<meta name=\"twitter:data1\" content=\"2 minutes\" \/>\n<script type=\"application\/ld+json\" class=\"yoast-schema-graph\">{\"@context\":\"https:\/\/schema.org\",\"@graph\":[{\"@type\":\"WebPage\",\"@id\":\"https:\/\/gartenlounge.ch\/fr\/product\/chaises-longues\/gartenlounge-bite-bain-de-soleil\/\",\"url\":\"https:\/\/gartenlounge.ch\/fr\/product\/chaises-longues\/gartenlounge-bite-bain-de-soleil\/\",\"name\":\"Gartenlounge Bite bain de soleil simple - Gartenlounge\",\"isPartOf\":{\"@id\":\"https:\/\/gartenlounge.ch\/#website\"},\"primaryImageOfPage\":{\"@id\":\"https:\/\/gartenlounge.ch\/fr\/product\/chaises-longues\/gartenlounge-bite-bain-de-soleil\/#primaryimage\"},\"image\":{\"@id\":\"https:\/\/gartenlounge.ch\/fr\/product\/chaises-longues\/gartenlounge-bite-bain-de-soleil\/#primaryimage\"},\"thumbnailUrl\":\"https:\/\/gartenlounge.ch\/wp-content\/uploads\/2018\/08\/bite-single-1-1.jpg\",\"datePublished\":\"2018-08-17T11:48:36+00:00\",\"dateModified\":\"2023-06-12T08:03:22+00:00\",\"description\":\"Seit 2006 ist gartenlounge.ch auf lounges und gartenm\u00f6bel aller art spezialisiert. Quer durch die ganze welt, auf der spur von individualit\u00e4t und exklusivit\u00e4t.\",\"breadcrumb\":{\"@id\":\"https:\/\/gartenlounge.ch\/fr\/product\/chaises-longues\/gartenlounge-bite-bain-de-soleil\/#breadcrumb\"},\"inLanguage\":\"fr-FR\",\"potentialAction\":[{\"@type\":\"ReadAction\",\"target\":[\"https:\/\/gartenlounge.ch\/fr\/product\/chaises-longues\/gartenlounge-bite-bain-de-soleil\/\"]}]},{\"@type\":\"ImageObject\",\"inLanguage\":\"fr-FR\",\"@id\":\"https:\/\/gartenlounge.ch\/fr\/product\/chaises-longues\/gartenlounge-bite-bain-de-soleil\/#primaryimage\",\"url\":\"https:\/\/gartenlounge.ch\/wp-content\/uploads\/2018\/08\/bite-single-1-1.jpg\",\"contentUrl\":\"https:\/\/gartenlounge.ch\/wp-content\/uploads\/2018\/08\/bite-single-1-1.jpg\",\"width\":800,\"height\":600},{\"@type\":\"BreadcrumbList\",\"@id\":\"https:\/\/gartenlounge.ch\/fr\/product\/chaises-longues\/gartenlounge-bite-bain-de-soleil\/#breadcrumb\",\"itemListElement\":[{\"@type\":\"ListItem\",\"position\":1,\"name\":\"Home\",\"item\":\"https:\/\/gartenlounge.ch\/fr\/\"},{\"@type\":\"ListItem\",\"position\":2,\"name\":\"Boutique\",\"item\":\"https:\/\/gartenlounge.ch\/fr\/boutique\/\"},{\"@type\":\"ListItem\",\"position\":3,\"name\":\"gartenlounge Bite bain de soleil simple\"}]},{\"@type\":\"WebSite\",\"@id\":\"https:\/\/gartenlounge.ch\/#website\",\"url\":\"https:\/\/gartenlounge.ch\/\",\"name\":\"Gartenlounge\",\"description\":\"Lounges und Garten Lounges Aller Art Spezialisiert.\",\"publisher\":{\"@id\":\"https:\/\/gartenlounge.ch\/#organization\"},\"potentialAction\":[{\"@type\":\"SearchAction\",\"target\":{\"@type\":\"EntryPoint\",\"urlTemplate\":\"https:\/\/gartenlounge.ch\/?s={search_term_string}\"},\"query-input\":\"required name=search_term_string\"}],\"inLanguage\":\"fr-FR\"},{\"@type\":\"Organization\",\"@id\":\"https:\/\/gartenlounge.ch\/#organization\",\"name\":\"Gartenlounge - Lounges und Gartenlounges aller Art spezialisiert.\",\"url\":\"https:\/\/gartenlounge.ch\/\",\"logo\":{\"@type\":\"ImageObject\",\"inLanguage\":\"fr-FR\",\"@id\":\"https:\/\/gartenlounge.ch\/#\/schema\/logo\/image\/\",\"url\":\"https:\/\/gartenlounge.ch\/wp-content\/uploads\/2018\/09\/Gartenlongue.ch_.png\",\"contentUrl\":\"https:\/\/gartenlounge.ch\/wp-content\/uploads\/2018\/09\/Gartenlongue.ch_.png\",\"width\":500,\"height\":67,\"caption\":\"Gartenlounge - Lounges und Gartenlounges aller Art spezialisiert.\"},\"image\":{\"@id\":\"https:\/\/gartenlounge.ch\/#\/schema\/logo\/image\/\"},\"sameAs\":[\"https:\/\/www.facebook.com\/outdoorsofa\/\"]}]}<\/script>\n<!-- \/ Yoast SEO plugin. -->","yoast_head_json":{"title":"Gartenlounge Bite bain de soleil simple - Gartenlounge","description":"Seit 2006 ist gartenlounge.ch auf lounges und gartenm\u00f6bel aller art spezialisiert. Quer durch die ganze welt, auf der spur von individualit\u00e4t und exklusivit\u00e4t.","robots":{"index":"index","follow":"follow","max-snippet":"max-snippet:-1","max-image-preview":"max-image-preview:large","max-video-preview":"max-video-preview:-1"},"canonical":"https:\/\/gartenlounge.ch\/fr\/product\/chaises-longues\/gartenlounge-bite-bain-de-soleil\/","og_locale":"fr_FR","og_type":"article","og_title":"Gartenlounge Bite bain de soleil simple - Gartenlounge","og_description":"Seit 2006 ist gartenlounge.ch auf lounges und gartenm\u00f6bel aller art spezialisiert. Quer durch die ganze welt, auf der spur von individualit\u00e4t und exklusivit\u00e4t.","og_url":"https:\/\/gartenlounge.ch\/fr\/product\/chaises-longues\/gartenlounge-bite-bain-de-soleil\/","og_site_name":"Gartenlounge","article_publisher":"https:\/\/www.facebook.com\/outdoorsofa\/","article_modified_time":"2023-06-12T08:03:22+00:00","og_image":[{"width":800,"height":600,"url":"https:\/\/gartenlounge.ch\/wp-content\/uploads\/2018\/08\/bite-single-1-1.jpg","type":"image\/jpeg"}],"twitter_card":"summary_large_image","twitter_misc":{"Dur\u00e9e de lecture estim\u00e9e":"2 minutes"},"schema":{"@context":"https:\/\/schema.org","@graph":[{"@type":"WebPage","@id":"https:\/\/gartenlounge.ch\/fr\/product\/chaises-longues\/gartenlounge-bite-bain-de-soleil\/","url":"https:\/\/gartenlounge.ch\/fr\/product\/chaises-longues\/gartenlounge-bite-bain-de-soleil\/","name":"Gartenlounge Bite bain de soleil simple - Gartenlounge","isPartOf":{"@id":"https:\/\/gartenlounge.ch\/#website"},"primaryImageOfPage":{"@id":"https:\/\/gartenlounge.ch\/fr\/product\/chaises-longues\/gartenlounge-bite-bain-de-soleil\/#primaryimage"},"image":{"@id":"https:\/\/gartenlounge.ch\/fr\/product\/chaises-longues\/gartenlounge-bite-bain-de-soleil\/#primaryimage"},"thumbnailUrl":"https:\/\/gartenlounge.ch\/wp-content\/uploads\/2018\/08\/bite-single-1-1.jpg","datePublished":"2018-08-17T11:48:36+00:00","dateModified":"2023-06-12T08:03:22+00:00","description":"Seit 2006 ist gartenlounge.ch auf lounges und gartenm\u00f6bel aller art spezialisiert. Quer durch die ganze welt, auf der spur von individualit\u00e4t und exklusivit\u00e4t.","breadcrumb":{"@id":"https:\/\/gartenlounge.ch\/fr\/product\/chaises-longues\/gartenlounge-bite-bain-de-soleil\/#breadcrumb"},"inLanguage":"fr-FR","potentialAction":[{"@type":"ReadAction","target":["https:\/\/gartenlounge.ch\/fr\/product\/chaises-longues\/gartenlounge-bite-bain-de-soleil\/"]}]},{"@type":"ImageObject","inLanguage":"fr-FR","@id":"https:\/\/gartenlounge.ch\/fr\/product\/chaises-longues\/gartenlounge-bite-bain-de-soleil\/#primaryimage","url":"https:\/\/gartenlounge.ch\/wp-content\/uploads\/2018\/08\/bite-single-1-1.jpg","contentUrl":"https:\/\/gartenlounge.ch\/wp-content\/uploads\/2018\/08\/bite-single-1-1.jpg","width":800,"height":600},{"@type":"BreadcrumbList","@id":"https:\/\/gartenlounge.ch\/fr\/product\/chaises-longues\/gartenlounge-bite-bain-de-soleil\/#breadcrumb","itemListElement":[{"@type":"ListItem","position":1,"name":"Home","item":"https:\/\/gartenlounge.ch\/fr\/"},{"@type":"ListItem","position":2,"name":"Boutique","item":"https:\/\/gartenlounge.ch\/fr\/boutique\/"},{"@type":"ListItem","position":3,"name":"gartenlounge Bite bain de soleil simple"}]},{"@type":"WebSite","@id":"https:\/\/gartenlounge.ch\/#website","url":"https:\/\/gartenlounge.ch\/","name":"Gartenlounge","description":"Lounges und Garten Lounges Aller Art Spezialisiert.","publisher":{"@id":"https:\/\/gartenlounge.ch\/#organization"},"potentialAction":[{"@type":"SearchAction","target":{"@type":"EntryPoint","urlTemplate":"https:\/\/gartenlounge.ch\/?s={search_term_string}"},"query-input":"required name=search_term_string"}],"inLanguage":"fr-FR"},{"@type":"Organization","@id":"https:\/\/gartenlounge.ch\/#organization","name":"Gartenlounge - Lounges und Gartenlounges aller Art spezialisiert.","url":"https:\/\/gartenlounge.ch\/","logo":{"@type":"ImageObject","inLanguage":"fr-FR","@id":"https:\/\/gartenlounge.ch\/#\/schema\/logo\/image\/","url":"https:\/\/gartenlounge.ch\/wp-content\/uploads\/2018\/09\/Gartenlongue.ch_.png","contentUrl":"https:\/\/gartenlounge.ch\/wp-content\/uploads\/2018\/09\/Gartenlongue.ch_.png","width":500,"height":67,"caption":"Gartenlounge - Lounges und Gartenlounges aller Art spezialisiert."},"image":{"@id":"https:\/\/gartenlounge.ch\/#\/schema\/logo\/image\/"},"sameAs":["https:\/\/www.facebook.com\/outdoorsofa\/"]}]}},"_links":{"self":[{"href":"https:\/\/gartenlounge.ch\/fr\/wp-json\/wp\/v2\/product\/3378"}],"collection":[{"href":"https:\/\/gartenlounge.ch\/fr\/wp-json\/wp\/v2\/product"}],"about":[{"href":"https:\/\/gartenlounge.ch\/fr\/wp-json\/wp\/v2\/types\/product"}],"wp:featuredmedia":[{"embeddable":true,"href":"https:\/\/gartenlounge.ch\/fr\/wp-json\/wp\/v2\/media\/96482"}],"wp:attachment":[{"href":"https:\/\/gartenlounge.ch\/fr\/wp-json\/wp\/v2\/media?parent=3378"}],"wp:term":[{"taxonomy":"product_cat","embeddable":true,"href":"https:\/\/gartenlounge.ch\/fr\/wp-json\/wp\/v2\/product_cat?post=3378"},{"taxonomy":"product_tag","embeddable":true,"href":"https:\/\/gartenlounge.ch\/fr\/wp-json\/wp\/v2\/product_tag?post=3378"}],"curies":[{"name":"wp","href":"https:\/\/api.w.org\/{rel}","templated":true}]}}