{"id":3363,"date":"2018-08-25T11:40:45","date_gmt":"2018-08-19T11:20:45","guid":{"rendered":"https:\/\/gartenlounge.ch\/non%20class\u00e9\/gartenlounge-pacha-balancoire-de-jardin\/"},"modified":"2023-10-30T12:01:17","modified_gmt":"2023-10-30T12:01:17","slug":"gartenlounge-pacha-balancoire-de-jardin","status":"publish","type":"product","link":"https:\/\/gartenlounge.ch\/fr\/product\/garten-lounges\/gartenlounge-pacha-balancoire-de-jardin\/","title":{"rendered":"Pacha balan\u00e7oire de jardin"},"content":{"rendered":"<p><strong>Un conte des 1001 nuits<\/strong><br \/>\nLa balan\u00e7oire de jardin Pacha apporte, selon l&#8217;humeur, de l&#8217;\u00e9lan ou du calme dans votre jardin. Elle vous offre tout ce que votre c\u0153ur d\u00e9sire. Vous r\u00eavez d&#8217;une soir\u00e9e romantique &#8211; &#8220;t\u00eate \u00e0 t\u00eate&#8221;, comme dans un film hollywoodien ? Laissez libre cours \u00e0 votre imagination, cr\u00e9ez une ambiance orientale, placez des bougies, drapez des coussins\/tissus color\u00e9s et profitez de votre vis-\u00e0-vis et de la douce nuit d&#8217;\u00e9t\u00e9. Vous \u00eates tendu apr\u00e8s une journ\u00e9e de travail ? Allongez-vous, fermez les yeux et laissez le doux balancement vous ramener ici et maintenant. De la place pour deux personnes ? Bien s\u00fbr, gr\u00e2ce au bord en aluminium, Pascha peut \u00e9galement \u00eatre utilis\u00e9 comme canap\u00e9 de jardin moderne pour deux personnes. Prendre un bain de soleil ? Pas de probl\u00e8me, ouvrez le toit \u00e0 baldaquin et vous sentirez d\u00e9j\u00e0 le soleil sur votre peau et verrez le ciel bleu. Comme tous nos meubles de salon, il peut \u00eatre entretenu sans grand effort et est rapidement pr\u00eat \u00e0 l&#8217;emploi apr\u00e8s la pluie.<br \/>\n<strong>Nous vous garantissons que notre balan\u00e7oire de jardin Pacha, m\u00eame si elle n&#8217;a pas 1001 ans, r\u00e9pondra \u00e0 tous vos souhaits.<\/strong><br \/>\n<strong>&#8211; mais qu&#8217;elle permet de r\u00e9aliser de nombreux souhaits.<\/strong><\/p>\n<p><strong>Caract\u00e9ristiques particuli\u00e8res<\/strong><br \/>\n\u2022 Facile \u00e0 entretenir et r\u00e9sistante aux intemp\u00e9ries<br \/>\n\u2022 Housse du coussin d&#8217;assise et du rembourrage du dossier (tress\u00e9e) en 100% Nanotex<br \/>\n\u2022 Cadre en aluminium inoxydable, aspect &#8220;white washed&#8221;.<br \/>\n\u2022 Toit solaire facile \u00e0 utiliser, rev\u00eatu en dessous de Texfabric r\u00e9sistant aux intemp\u00e9ries<br \/>\n\u2022 Capacit\u00e9 de charge jusqu&#8217;\u00e0 400 kg max.<br \/>\n\u2022 Incl. 1 coussin d&#8217;assise ainsi que 4 coussins d\u00e9coratifs \u00e0 motifs gris\/blancs, non imperm\u00e9ables<\/p>\n","protected":false},"excerpt":{"rendered":"<p>Un conte des 1001 nuits La balan\u00e7oire de jardin Pacha apporte, selon l&#8217;humeur, de l&#8217;\u00e9lan ou du calme dans votre jardin. Elle vous offre tout ce que votre c\u0153ur d\u00e9sire. Vous r\u00eavez d&#8217;une soir\u00e9e romantique &#8211; &#8220;t\u00eate \u00e0 t\u00eate&#8221;, comme dans un film hollywoodien ? Laissez libre cours \u00e0 votre imagination, cr\u00e9ez une ambiance orientale, [&#8230;]\n","protected":false},"featured_media":89460,"template":"","meta":{"_acf_changed":false},"product_cat":[70,161],"product_tag":[],"acf":[],"yoast_head":"<!-- This site is optimized with the Yoast SEO plugin v22.3 - https:\/\/yoast.com\/wordpress\/plugins\/seo\/ -->\n<title>Pacha balan\u00e7oire de jardin - Gartenlounge<\/title>\n<meta name=\"description\" content=\"Seit 2006 ist gartenlounge.ch auf lounges und gartenm\u00f6bel aller art spezialisiert. Quer durch die ganze welt, auf der spur von individualit\u00e4t und exklusivit\u00e4t.\" \/>\n<meta name=\"robots\" content=\"index, follow, max-snippet:-1, max-image-preview:large, max-video-preview:-1\" \/>\n<link rel=\"canonical\" href=\"https:\/\/gartenlounge.ch\/fr\/product\/garten-lounges-fr\/gartenlounge-pacha-balancoire-de-jardin\/\" \/>\n<meta property=\"og:locale\" content=\"fr_FR\" \/>\n<meta property=\"og:type\" content=\"article\" \/>\n<meta property=\"og:title\" content=\"Pacha balan\u00e7oire de jardin - Gartenlounge\" \/>\n<meta property=\"og:description\" content=\"Seit 2006 ist gartenlounge.ch auf lounges und gartenm\u00f6bel aller art spezialisiert. Quer durch die ganze welt, auf der spur von individualit\u00e4t und exklusivit\u00e4t.\" \/>\n<meta property=\"og:url\" content=\"https:\/\/gartenlounge.ch\/fr\/product\/garten-lounges-fr\/gartenlounge-pacha-balancoire-de-jardin\/\" \/>\n<meta property=\"og:site_name\" content=\"Gartenlounge\" \/>\n<meta property=\"article:publisher\" content=\"https:\/\/www.facebook.com\/outdoorsofa\/\" \/>\n<meta property=\"article:modified_time\" content=\"2023-10-30T12:01:17+00:00\" \/>\n<meta property=\"og:image\" content=\"https:\/\/gartenlounge.ch\/wp-content\/uploads\/2018\/08\/pacha-2.jpg\" \/>\n\t<meta property=\"og:image:width\" content=\"800\" \/>\n\t<meta property=\"og:image:height\" content=\"600\" \/>\n\t<meta property=\"og:image:type\" content=\"image\/jpeg\" \/>\n<meta name=\"twitter:card\" content=\"summary_large_image\" \/>\n<meta name=\"twitter:label1\" content=\"Dur\u00e9e de lecture estim\u00e9e\" \/>\n\t<meta name=\"twitter:data1\" content=\"1 minute\" \/>\n<script type=\"application\/ld+json\" class=\"yoast-schema-graph\">{\"@context\":\"https:\/\/schema.org\",\"@graph\":[{\"@type\":\"WebPage\",\"@id\":\"https:\/\/gartenlounge.ch\/fr\/product\/garten-lounges-fr\/gartenlounge-pacha-balancoire-de-jardin\/\",\"url\":\"https:\/\/gartenlounge.ch\/fr\/product\/garten-lounges-fr\/gartenlounge-pacha-balancoire-de-jardin\/\",\"name\":\"Pacha balan\u00e7oire de jardin - Gartenlounge\",\"isPartOf\":{\"@id\":\"https:\/\/gartenlounge.ch\/#website\"},\"primaryImageOfPage\":{\"@id\":\"https:\/\/gartenlounge.ch\/fr\/product\/garten-lounges-fr\/gartenlounge-pacha-balancoire-de-jardin\/#primaryimage\"},\"image\":{\"@id\":\"https:\/\/gartenlounge.ch\/fr\/product\/garten-lounges-fr\/gartenlounge-pacha-balancoire-de-jardin\/#primaryimage\"},\"thumbnailUrl\":\"https:\/\/gartenlounge.ch\/wp-content\/uploads\/2018\/08\/pacha-2.jpg\",\"datePublished\":\"2018-08-19T11:20:45+00:00\",\"dateModified\":\"2023-10-30T12:01:17+00:00\",\"description\":\"Seit 2006 ist gartenlounge.ch auf lounges und gartenm\u00f6bel aller art spezialisiert. Quer durch die ganze welt, auf der spur von individualit\u00e4t und exklusivit\u00e4t.\",\"breadcrumb\":{\"@id\":\"https:\/\/gartenlounge.ch\/fr\/product\/garten-lounges-fr\/gartenlounge-pacha-balancoire-de-jardin\/#breadcrumb\"},\"inLanguage\":\"fr-FR\",\"potentialAction\":[{\"@type\":\"ReadAction\",\"target\":[\"https:\/\/gartenlounge.ch\/fr\/product\/garten-lounges-fr\/gartenlounge-pacha-balancoire-de-jardin\/\"]}]},{\"@type\":\"ImageObject\",\"inLanguage\":\"fr-FR\",\"@id\":\"https:\/\/gartenlounge.ch\/fr\/product\/garten-lounges-fr\/gartenlounge-pacha-balancoire-de-jardin\/#primaryimage\",\"url\":\"https:\/\/gartenlounge.ch\/wp-content\/uploads\/2018\/08\/pacha-2.jpg\",\"contentUrl\":\"https:\/\/gartenlounge.ch\/wp-content\/uploads\/2018\/08\/pacha-2.jpg\",\"width\":800,\"height\":600},{\"@type\":\"BreadcrumbList\",\"@id\":\"https:\/\/gartenlounge.ch\/fr\/product\/garten-lounges-fr\/gartenlounge-pacha-balancoire-de-jardin\/#breadcrumb\",\"itemListElement\":[{\"@type\":\"ListItem\",\"position\":1,\"name\":\"Home\",\"item\":\"https:\/\/gartenlounge.ch\/fr\/\"},{\"@type\":\"ListItem\",\"position\":2,\"name\":\"Boutique\",\"item\":\"https:\/\/gartenlounge.ch\/fr\/boutique\/\"},{\"@type\":\"ListItem\",\"position\":3,\"name\":\"Pacha balan\u00e7oire de jardin\"}]},{\"@type\":\"WebSite\",\"@id\":\"https:\/\/gartenlounge.ch\/#website\",\"url\":\"https:\/\/gartenlounge.ch\/\",\"name\":\"Gartenlounge\",\"description\":\"Lounges und Garten Lounges Aller Art Spezialisiert.\",\"publisher\":{\"@id\":\"https:\/\/gartenlounge.ch\/#organization\"},\"potentialAction\":[{\"@type\":\"SearchAction\",\"target\":{\"@type\":\"EntryPoint\",\"urlTemplate\":\"https:\/\/gartenlounge.ch\/?s={search_term_string}\"},\"query-input\":\"required name=search_term_string\"}],\"inLanguage\":\"fr-FR\"},{\"@type\":\"Organization\",\"@id\":\"https:\/\/gartenlounge.ch\/#organization\",\"name\":\"Gartenlounge - Lounges und Gartenlounges aller Art spezialisiert.\",\"url\":\"https:\/\/gartenlounge.ch\/\",\"logo\":{\"@type\":\"ImageObject\",\"inLanguage\":\"fr-FR\",\"@id\":\"https:\/\/gartenlounge.ch\/#\/schema\/logo\/image\/\",\"url\":\"https:\/\/gartenlounge.ch\/wp-content\/uploads\/2018\/09\/Gartenlongue.ch_.png\",\"contentUrl\":\"https:\/\/gartenlounge.ch\/wp-content\/uploads\/2018\/09\/Gartenlongue.ch_.png\",\"width\":500,\"height\":67,\"caption\":\"Gartenlounge - Lounges und Gartenlounges aller Art spezialisiert.\"},\"image\":{\"@id\":\"https:\/\/gartenlounge.ch\/#\/schema\/logo\/image\/\"},\"sameAs\":[\"https:\/\/www.facebook.com\/outdoorsofa\/\"]}]}<\/script>\n<!-- \/ Yoast SEO plugin. -->","yoast_head_json":{"title":"Pacha balan\u00e7oire de jardin - Gartenlounge","description":"Seit 2006 ist gartenlounge.ch auf lounges und gartenm\u00f6bel aller art spezialisiert. Quer durch die ganze welt, auf der spur von individualit\u00e4t und exklusivit\u00e4t.","robots":{"index":"index","follow":"follow","max-snippet":"max-snippet:-1","max-image-preview":"max-image-preview:large","max-video-preview":"max-video-preview:-1"},"canonical":"https:\/\/gartenlounge.ch\/fr\/product\/garten-lounges-fr\/gartenlounge-pacha-balancoire-de-jardin\/","og_locale":"fr_FR","og_type":"article","og_title":"Pacha balan\u00e7oire de jardin - Gartenlounge","og_description":"Seit 2006 ist gartenlounge.ch auf lounges und gartenm\u00f6bel aller art spezialisiert. Quer durch die ganze welt, auf der spur von individualit\u00e4t und exklusivit\u00e4t.","og_url":"https:\/\/gartenlounge.ch\/fr\/product\/garten-lounges-fr\/gartenlounge-pacha-balancoire-de-jardin\/","og_site_name":"Gartenlounge","article_publisher":"https:\/\/www.facebook.com\/outdoorsofa\/","article_modified_time":"2023-10-30T12:01:17+00:00","og_image":[{"width":800,"height":600,"url":"https:\/\/gartenlounge.ch\/wp-content\/uploads\/2018\/08\/pacha-2.jpg","type":"image\/jpeg"}],"twitter_card":"summary_large_image","twitter_misc":{"Dur\u00e9e de lecture estim\u00e9e":"1 minute"},"schema":{"@context":"https:\/\/schema.org","@graph":[{"@type":"WebPage","@id":"https:\/\/gartenlounge.ch\/fr\/product\/garten-lounges-fr\/gartenlounge-pacha-balancoire-de-jardin\/","url":"https:\/\/gartenlounge.ch\/fr\/product\/garten-lounges-fr\/gartenlounge-pacha-balancoire-de-jardin\/","name":"Pacha balan\u00e7oire de jardin - Gartenlounge","isPartOf":{"@id":"https:\/\/gartenlounge.ch\/#website"},"primaryImageOfPage":{"@id":"https:\/\/gartenlounge.ch\/fr\/product\/garten-lounges-fr\/gartenlounge-pacha-balancoire-de-jardin\/#primaryimage"},"image":{"@id":"https:\/\/gartenlounge.ch\/fr\/product\/garten-lounges-fr\/gartenlounge-pacha-balancoire-de-jardin\/#primaryimage"},"thumbnailUrl":"https:\/\/gartenlounge.ch\/wp-content\/uploads\/2018\/08\/pacha-2.jpg","datePublished":"2018-08-19T11:20:45+00:00","dateModified":"2023-10-30T12:01:17+00:00","description":"Seit 2006 ist gartenlounge.ch auf lounges und gartenm\u00f6bel aller art spezialisiert. Quer durch die ganze welt, auf der spur von individualit\u00e4t und exklusivit\u00e4t.","breadcrumb":{"@id":"https:\/\/gartenlounge.ch\/fr\/product\/garten-lounges-fr\/gartenlounge-pacha-balancoire-de-jardin\/#breadcrumb"},"inLanguage":"fr-FR","potentialAction":[{"@type":"ReadAction","target":["https:\/\/gartenlounge.ch\/fr\/product\/garten-lounges-fr\/gartenlounge-pacha-balancoire-de-jardin\/"]}]},{"@type":"ImageObject","inLanguage":"fr-FR","@id":"https:\/\/gartenlounge.ch\/fr\/product\/garten-lounges-fr\/gartenlounge-pacha-balancoire-de-jardin\/#primaryimage","url":"https:\/\/gartenlounge.ch\/wp-content\/uploads\/2018\/08\/pacha-2.jpg","contentUrl":"https:\/\/gartenlounge.ch\/wp-content\/uploads\/2018\/08\/pacha-2.jpg","width":800,"height":600},{"@type":"BreadcrumbList","@id":"https:\/\/gartenlounge.ch\/fr\/product\/garten-lounges-fr\/gartenlounge-pacha-balancoire-de-jardin\/#breadcrumb","itemListElement":[{"@type":"ListItem","position":1,"name":"Home","item":"https:\/\/gartenlounge.ch\/fr\/"},{"@type":"ListItem","position":2,"name":"Boutique","item":"https:\/\/gartenlounge.ch\/fr\/boutique\/"},{"@type":"ListItem","position":3,"name":"Pacha balan\u00e7oire de jardin"}]},{"@type":"WebSite","@id":"https:\/\/gartenlounge.ch\/#website","url":"https:\/\/gartenlounge.ch\/","name":"Gartenlounge","description":"Lounges und Garten Lounges Aller Art Spezialisiert.","publisher":{"@id":"https:\/\/gartenlounge.ch\/#organization"},"potentialAction":[{"@type":"SearchAction","target":{"@type":"EntryPoint","urlTemplate":"https:\/\/gartenlounge.ch\/?s={search_term_string}"},"query-input":"required name=search_term_string"}],"inLanguage":"fr-FR"},{"@type":"Organization","@id":"https:\/\/gartenlounge.ch\/#organization","name":"Gartenlounge - Lounges und Gartenlounges aller Art spezialisiert.","url":"https:\/\/gartenlounge.ch\/","logo":{"@type":"ImageObject","inLanguage":"fr-FR","@id":"https:\/\/gartenlounge.ch\/#\/schema\/logo\/image\/","url":"https:\/\/gartenlounge.ch\/wp-content\/uploads\/2018\/09\/Gartenlongue.ch_.png","contentUrl":"https:\/\/gartenlounge.ch\/wp-content\/uploads\/2018\/09\/Gartenlongue.ch_.png","width":500,"height":67,"caption":"Gartenlounge - Lounges und Gartenlounges aller Art spezialisiert."},"image":{"@id":"https:\/\/gartenlounge.ch\/#\/schema\/logo\/image\/"},"sameAs":["https:\/\/www.facebook.com\/outdoorsofa\/"]}]}},"_links":{"self":[{"href":"https:\/\/gartenlounge.ch\/fr\/wp-json\/wp\/v2\/product\/3363"}],"collection":[{"href":"https:\/\/gartenlounge.ch\/fr\/wp-json\/wp\/v2\/product"}],"about":[{"href":"https:\/\/gartenlounge.ch\/fr\/wp-json\/wp\/v2\/types\/product"}],"wp:featuredmedia":[{"embeddable":true,"href":"https:\/\/gartenlounge.ch\/fr\/wp-json\/wp\/v2\/media\/89460"}],"wp:attachment":[{"href":"https:\/\/gartenlounge.ch\/fr\/wp-json\/wp\/v2\/media?parent=3363"}],"wp:term":[{"taxonomy":"product_cat","embeddable":true,"href":"https:\/\/gartenlounge.ch\/fr\/wp-json\/wp\/v2\/product_cat?post=3363"},{"taxonomy":"product_tag","embeddable":true,"href":"https:\/\/gartenlounge.ch\/fr\/wp-json\/wp\/v2\/product_tag?post=3363"}],"curies":[{"name":"wp","href":"https:\/\/api.w.org\/{rel}","templated":true}]}}