{"id":13853,"date":"2018-07-15T21:36:28","date_gmt":"2018-07-30T09:00:28","guid":{"rendered":"https:\/\/gartenlounge.ch\/non%20class\u00e9\/jewel-lounge-set-3-pcs\/"},"modified":"2023-11-07T13:09:57","modified_gmt":"2023-11-07T13:09:57","slug":"jewel-lounge-set-3-pcs","status":"publish","type":"product","link":"https:\/\/gartenlounge.ch\/fr\/product\/garten-lounges-fr\/wetterfest-fr\/jewel-lounge-set-3-pcs\/","title":{"rendered":"salon de jardin Jewel"},"content":{"rendered":"<p>Flexibilit\u00e9, design et confort ont \u00e9t\u00e9 r\u00e9unis dans ce magnifique salon. Avec un design unique de la paroi arri\u00e8re, le salon ressemble \u00e0 une sculpture. Si vous souhaitez commander en plus la table de salon ins\u00e9rable, celle-ci peut \u00eatre int\u00e9gr\u00e9e \u00e0 deux endroits, \u00e0 la place des coussins, de sorte que vous puissiez \u00e9galement voir de face la paroi arri\u00e8re unique du salon. L&#8217;arrondi peut \u00eatre command\u00e9 &#8220;\u00e0 gauche&#8221; ou &#8220;\u00e0 droite&#8221;. Le grand lounge est recouvert de tissu Sunbrella et la mousse quick dry vous permet de vous asseoir rapidement au sec, m\u00eame apr\u00e8s une longue p\u00e9riode de pluie. Le corps du lounge brun\u00e2tre est tr\u00e8s harmonieux avec les coussins argent\u00e9s et s&#8217;adapte ainsi \u00e0 un fond gris\u00e2tre comme brun\u00e2tre.<\/p>\n","protected":false},"excerpt":{"rendered":"<p>Flexibilit\u00e9, design et confort ont \u00e9t\u00e9 r\u00e9unis dans ce magnifique salon. Avec un design unique de la paroi arri\u00e8re, le salon ressemble \u00e0 une sculpture. Si vous souhaitez commander en plus la table de salon ins\u00e9rable, celle-ci peut \u00eatre int\u00e9gr\u00e9e \u00e0 deux endroits, \u00e0 la place des coussins, de sorte que vous puissiez \u00e9galement voir [&#8230;]\n","protected":false},"featured_media":105044,"template":"","meta":{"_acf_changed":false},"product_cat":[161,408],"product_tag":[],"acf":[],"yoast_head":"<!-- This site is optimized with the Yoast SEO plugin v22.3 - https:\/\/yoast.com\/wordpress\/plugins\/seo\/ -->\n<title>salon de jardin Jewel - Gartenlounge<\/title>\n<meta name=\"description\" content=\"Seit 2006 ist gartenlounge.ch auf lounges und gartenm\u00f6bel aller art spezialisiert. Quer durch die ganze welt, auf der spur von individualit\u00e4t und exklusivit\u00e4t.\" \/>\n<meta name=\"robots\" content=\"index, follow, max-snippet:-1, max-image-preview:large, max-video-preview:-1\" \/>\n<link rel=\"canonical\" href=\"https:\/\/gartenlounge.ch\/fr\/product\/garten-lounges-fr\/wetterfest-fr\/jewel-lounge-set-3-pcs\/\" \/>\n<meta property=\"og:locale\" content=\"fr_FR\" \/>\n<meta property=\"og:type\" content=\"article\" \/>\n<meta property=\"og:title\" content=\"salon de jardin Jewel - Gartenlounge\" \/>\n<meta property=\"og:description\" content=\"Seit 2006 ist gartenlounge.ch auf lounges und gartenm\u00f6bel aller art spezialisiert. Quer durch die ganze welt, auf der spur von individualit\u00e4t und exklusivit\u00e4t.\" \/>\n<meta property=\"og:url\" content=\"https:\/\/gartenlounge.ch\/fr\/product\/garten-lounges-fr\/wetterfest-fr\/jewel-lounge-set-3-pcs\/\" \/>\n<meta property=\"og:site_name\" content=\"Gartenlounge\" \/>\n<meta property=\"article:publisher\" content=\"https:\/\/www.facebook.com\/outdoorsofa\/\" \/>\n<meta property=\"article:modified_time\" content=\"2023-11-07T13:09:57+00:00\" \/>\n<meta property=\"og:image\" content=\"https:\/\/gartenlounge.ch\/wp-content\/uploads\/2022\/02\/Jewel-Lounge-Set.jpg\" \/>\n\t<meta property=\"og:image:width\" content=\"800\" \/>\n\t<meta property=\"og:image:height\" content=\"600\" \/>\n\t<meta property=\"og:image:type\" content=\"image\/jpeg\" \/>\n<meta name=\"twitter:card\" content=\"summary_large_image\" \/>\n<meta name=\"twitter:label1\" content=\"Dur\u00e9e de lecture estim\u00e9e\" \/>\n\t<meta name=\"twitter:data1\" content=\"1 minute\" \/>\n<script type=\"application\/ld+json\" class=\"yoast-schema-graph\">{\"@context\":\"https:\/\/schema.org\",\"@graph\":[{\"@type\":\"WebPage\",\"@id\":\"https:\/\/gartenlounge.ch\/fr\/product\/garten-lounges-fr\/wetterfest-fr\/jewel-lounge-set-3-pcs\/\",\"url\":\"https:\/\/gartenlounge.ch\/fr\/product\/garten-lounges-fr\/wetterfest-fr\/jewel-lounge-set-3-pcs\/\",\"name\":\"salon de jardin Jewel - Gartenlounge\",\"isPartOf\":{\"@id\":\"https:\/\/gartenlounge.ch\/#website\"},\"primaryImageOfPage\":{\"@id\":\"https:\/\/gartenlounge.ch\/fr\/product\/garten-lounges-fr\/wetterfest-fr\/jewel-lounge-set-3-pcs\/#primaryimage\"},\"image\":{\"@id\":\"https:\/\/gartenlounge.ch\/fr\/product\/garten-lounges-fr\/wetterfest-fr\/jewel-lounge-set-3-pcs\/#primaryimage\"},\"thumbnailUrl\":\"https:\/\/gartenlounge.ch\/wp-content\/uploads\/2018\/07\/Jewel-links.jpg\",\"datePublished\":\"2018-07-30T09:00:28+00:00\",\"dateModified\":\"2023-11-07T13:09:57+00:00\",\"description\":\"Seit 2006 ist gartenlounge.ch auf lounges und gartenm\u00f6bel aller art spezialisiert. Quer durch die ganze welt, auf der spur von individualit\u00e4t und exklusivit\u00e4t.\",\"breadcrumb\":{\"@id\":\"https:\/\/gartenlounge.ch\/fr\/product\/garten-lounges-fr\/wetterfest-fr\/jewel-lounge-set-3-pcs\/#breadcrumb\"},\"inLanguage\":\"fr-FR\",\"potentialAction\":[{\"@type\":\"ReadAction\",\"target\":[\"https:\/\/gartenlounge.ch\/fr\/product\/garten-lounges-fr\/wetterfest-fr\/jewel-lounge-set-3-pcs\/\"]}]},{\"@type\":\"ImageObject\",\"inLanguage\":\"fr-FR\",\"@id\":\"https:\/\/gartenlounge.ch\/fr\/product\/garten-lounges-fr\/wetterfest-fr\/jewel-lounge-set-3-pcs\/#primaryimage\",\"url\":\"https:\/\/gartenlounge.ch\/wp-content\/uploads\/2018\/07\/Jewel-links.jpg\",\"contentUrl\":\"https:\/\/gartenlounge.ch\/wp-content\/uploads\/2018\/07\/Jewel-links.jpg\",\"width\":800,\"height\":600},{\"@type\":\"BreadcrumbList\",\"@id\":\"https:\/\/gartenlounge.ch\/fr\/product\/garten-lounges-fr\/wetterfest-fr\/jewel-lounge-set-3-pcs\/#breadcrumb\",\"itemListElement\":[{\"@type\":\"ListItem\",\"position\":1,\"name\":\"Home\",\"item\":\"https:\/\/gartenlounge.ch\/fr\/\"},{\"@type\":\"ListItem\",\"position\":2,\"name\":\"Boutique\",\"item\":\"https:\/\/gartenlounge.ch\/fr\/boutique\/\"},{\"@type\":\"ListItem\",\"position\":3,\"name\":\"salon de jardin Jewel\"}]},{\"@type\":\"WebSite\",\"@id\":\"https:\/\/gartenlounge.ch\/#website\",\"url\":\"https:\/\/gartenlounge.ch\/\",\"name\":\"Gartenlounge\",\"description\":\"Lounges und Garten Lounges Aller Art Spezialisiert.\",\"publisher\":{\"@id\":\"https:\/\/gartenlounge.ch\/#organization\"},\"potentialAction\":[{\"@type\":\"SearchAction\",\"target\":{\"@type\":\"EntryPoint\",\"urlTemplate\":\"https:\/\/gartenlounge.ch\/?s={search_term_string}\"},\"query-input\":\"required name=search_term_string\"}],\"inLanguage\":\"fr-FR\"},{\"@type\":\"Organization\",\"@id\":\"https:\/\/gartenlounge.ch\/#organization\",\"name\":\"Gartenlounge - Lounges und Gartenlounges aller Art spezialisiert.\",\"url\":\"https:\/\/gartenlounge.ch\/\",\"logo\":{\"@type\":\"ImageObject\",\"inLanguage\":\"fr-FR\",\"@id\":\"https:\/\/gartenlounge.ch\/#\/schema\/logo\/image\/\",\"url\":\"https:\/\/gartenlounge.ch\/wp-content\/uploads\/2018\/09\/Gartenlongue.ch_.png\",\"contentUrl\":\"https:\/\/gartenlounge.ch\/wp-content\/uploads\/2018\/09\/Gartenlongue.ch_.png\",\"width\":500,\"height\":67,\"caption\":\"Gartenlounge - Lounges und Gartenlounges aller Art spezialisiert.\"},\"image\":{\"@id\":\"https:\/\/gartenlounge.ch\/#\/schema\/logo\/image\/\"},\"sameAs\":[\"https:\/\/www.facebook.com\/outdoorsofa\/\"]}]}<\/script>\n<!-- \/ Yoast SEO plugin. -->","yoast_head_json":{"title":"salon de jardin Jewel - Gartenlounge","description":"Seit 2006 ist gartenlounge.ch auf lounges und gartenm\u00f6bel aller art spezialisiert. Quer durch die ganze welt, auf der spur von individualit\u00e4t und exklusivit\u00e4t.","robots":{"index":"index","follow":"follow","max-snippet":"max-snippet:-1","max-image-preview":"max-image-preview:large","max-video-preview":"max-video-preview:-1"},"canonical":"https:\/\/gartenlounge.ch\/fr\/product\/garten-lounges-fr\/wetterfest-fr\/jewel-lounge-set-3-pcs\/","og_locale":"fr_FR","og_type":"article","og_title":"salon de jardin Jewel - Gartenlounge","og_description":"Seit 2006 ist gartenlounge.ch auf lounges und gartenm\u00f6bel aller art spezialisiert. Quer durch die ganze welt, auf der spur von individualit\u00e4t und exklusivit\u00e4t.","og_url":"https:\/\/gartenlounge.ch\/fr\/product\/garten-lounges-fr\/wetterfest-fr\/jewel-lounge-set-3-pcs\/","og_site_name":"Gartenlounge","article_publisher":"https:\/\/www.facebook.com\/outdoorsofa\/","article_modified_time":"2023-11-07T13:09:57+00:00","og_image":[{"width":800,"height":600,"url":"https:\/\/gartenlounge.ch\/wp-content\/uploads\/2022\/02\/Jewel-Lounge-Set.jpg","type":"image\/jpeg"}],"twitter_card":"summary_large_image","twitter_misc":{"Dur\u00e9e de lecture estim\u00e9e":"1 minute"},"schema":{"@context":"https:\/\/schema.org","@graph":[{"@type":"WebPage","@id":"https:\/\/gartenlounge.ch\/fr\/product\/garten-lounges-fr\/wetterfest-fr\/jewel-lounge-set-3-pcs\/","url":"https:\/\/gartenlounge.ch\/fr\/product\/garten-lounges-fr\/wetterfest-fr\/jewel-lounge-set-3-pcs\/","name":"salon de jardin Jewel - Gartenlounge","isPartOf":{"@id":"https:\/\/gartenlounge.ch\/#website"},"primaryImageOfPage":{"@id":"https:\/\/gartenlounge.ch\/fr\/product\/garten-lounges-fr\/wetterfest-fr\/jewel-lounge-set-3-pcs\/#primaryimage"},"image":{"@id":"https:\/\/gartenlounge.ch\/fr\/product\/garten-lounges-fr\/wetterfest-fr\/jewel-lounge-set-3-pcs\/#primaryimage"},"thumbnailUrl":"https:\/\/gartenlounge.ch\/wp-content\/uploads\/2018\/07\/Jewel-links.jpg","datePublished":"2018-07-30T09:00:28+00:00","dateModified":"2023-11-07T13:09:57+00:00","description":"Seit 2006 ist gartenlounge.ch auf lounges und gartenm\u00f6bel aller art spezialisiert. Quer durch die ganze welt, auf der spur von individualit\u00e4t und exklusivit\u00e4t.","breadcrumb":{"@id":"https:\/\/gartenlounge.ch\/fr\/product\/garten-lounges-fr\/wetterfest-fr\/jewel-lounge-set-3-pcs\/#breadcrumb"},"inLanguage":"fr-FR","potentialAction":[{"@type":"ReadAction","target":["https:\/\/gartenlounge.ch\/fr\/product\/garten-lounges-fr\/wetterfest-fr\/jewel-lounge-set-3-pcs\/"]}]},{"@type":"ImageObject","inLanguage":"fr-FR","@id":"https:\/\/gartenlounge.ch\/fr\/product\/garten-lounges-fr\/wetterfest-fr\/jewel-lounge-set-3-pcs\/#primaryimage","url":"https:\/\/gartenlounge.ch\/wp-content\/uploads\/2018\/07\/Jewel-links.jpg","contentUrl":"https:\/\/gartenlounge.ch\/wp-content\/uploads\/2018\/07\/Jewel-links.jpg","width":800,"height":600},{"@type":"BreadcrumbList","@id":"https:\/\/gartenlounge.ch\/fr\/product\/garten-lounges-fr\/wetterfest-fr\/jewel-lounge-set-3-pcs\/#breadcrumb","itemListElement":[{"@type":"ListItem","position":1,"name":"Home","item":"https:\/\/gartenlounge.ch\/fr\/"},{"@type":"ListItem","position":2,"name":"Boutique","item":"https:\/\/gartenlounge.ch\/fr\/boutique\/"},{"@type":"ListItem","position":3,"name":"salon de jardin Jewel"}]},{"@type":"WebSite","@id":"https:\/\/gartenlounge.ch\/#website","url":"https:\/\/gartenlounge.ch\/","name":"Gartenlounge","description":"Lounges und Garten Lounges Aller Art Spezialisiert.","publisher":{"@id":"https:\/\/gartenlounge.ch\/#organization"},"potentialAction":[{"@type":"SearchAction","target":{"@type":"EntryPoint","urlTemplate":"https:\/\/gartenlounge.ch\/?s={search_term_string}"},"query-input":"required name=search_term_string"}],"inLanguage":"fr-FR"},{"@type":"Organization","@id":"https:\/\/gartenlounge.ch\/#organization","name":"Gartenlounge - Lounges und Gartenlounges aller Art spezialisiert.","url":"https:\/\/gartenlounge.ch\/","logo":{"@type":"ImageObject","inLanguage":"fr-FR","@id":"https:\/\/gartenlounge.ch\/#\/schema\/logo\/image\/","url":"https:\/\/gartenlounge.ch\/wp-content\/uploads\/2018\/09\/Gartenlongue.ch_.png","contentUrl":"https:\/\/gartenlounge.ch\/wp-content\/uploads\/2018\/09\/Gartenlongue.ch_.png","width":500,"height":67,"caption":"Gartenlounge - Lounges und Gartenlounges aller Art spezialisiert."},"image":{"@id":"https:\/\/gartenlounge.ch\/#\/schema\/logo\/image\/"},"sameAs":["https:\/\/www.facebook.com\/outdoorsofa\/"]}]}},"_links":{"self":[{"href":"https:\/\/gartenlounge.ch\/fr\/wp-json\/wp\/v2\/product\/13853"}],"collection":[{"href":"https:\/\/gartenlounge.ch\/fr\/wp-json\/wp\/v2\/product"}],"about":[{"href":"https:\/\/gartenlounge.ch\/fr\/wp-json\/wp\/v2\/types\/product"}],"wp:featuredmedia":[{"embeddable":true,"href":"https:\/\/gartenlounge.ch\/fr\/wp-json\/wp\/v2\/media\/105044"}],"wp:attachment":[{"href":"https:\/\/gartenlounge.ch\/fr\/wp-json\/wp\/v2\/media?parent=13853"}],"wp:term":[{"taxonomy":"product_cat","embeddable":true,"href":"https:\/\/gartenlounge.ch\/fr\/wp-json\/wp\/v2\/product_cat?post=13853"},{"taxonomy":"product_tag","embeddable":true,"href":"https:\/\/gartenlounge.ch\/fr\/wp-json\/wp\/v2\/product_tag?post=13853"}],"curies":[{"name":"wp","href":"https:\/\/api.w.org\/{rel}","templated":true}]}}