{"id":104834,"date":"2026-03-31T06:33:54","date_gmt":"2026-03-31T06:33:54","guid":{"rendered":"https:\/\/gartenlounge.ch\/?post_type=product&#038;p=104834"},"modified":"2026-03-31T06:40:21","modified_gmt":"2026-03-31T06:40:21","slug":"cosiscoop-square-sandy-beige-sand-beige","status":"publish","type":"product","link":"https:\/\/gartenlounge.ch\/fr\/product\/cosidesign\/cosiscoop-square-sandy-beige-sand-beige\/","title":{"rendered":"Cosiscoop Square sandy beige &#8211; Sand-beige"},"content":{"rendered":"<p>Die Cosiscoop Square Sandy Beige ist eine stilvolle, quadratische Laterne, die jedem Innen- oder Aussenbereich zus\u00e4tzliche Gem\u00fctlichkeit verleiht. Mit ihrem Metallgeh\u00e4use und den schlanken Linien hat die Gaslaterne einen einfachen, aber raffinierten Look. Ein zeitloses Design, das nie aus der Mode kommt!<\/p>\n<p><strong>Quadratische Gaslaterne f\u00fcr drinnen und draussen<\/strong><\/p>\n<p>Die quadratische Gaslaterne Cosiscoop Square Sandy Beige ist nicht nur eine sch\u00f6ne Geschenkidee, sondern auch f\u00fcr Freunde oder Familienangeh\u00f6rige geeignet. Diese quadratische Gaslaterne verleiht mit ihrer stimmungsvollen Flamme jedem Innen- oder Aussenbereich das gewisse Extra an Charme. Mit ihrem schlanken Metallgeh\u00e4use verbindet diese Gaslaterne modernes Design mit einem raffinierten Look. Die Cosiscoop-Gaslaterne ist mit transparentem Glas erh\u00e4ltlich. Die grauen Kieselsteine vervollst\u00e4ndigen die Gaslaterne und sind daher ebenfalls im Lieferumfang enthalten. Kombinieren Sie die quadratische Laterne mit den anderen Artikeln der Core-Kollektion.<\/p>\n<p><strong>Einzigartige Eigenschaften und Vorteile<\/strong><\/p>\n<ul>\n<li>Einzigartiger Stimmungsmacher in der Farbe Sandy Beige<\/li>\n<li>Ausgestattet mit transparentem Glas<\/li>\n<li>Hergestellt aus robustem pulverbeschichtetem Metall<\/li>\n<li>Tisch-Gaslaterne: 20 x 20 x 32,5 cm<\/li>\n<li>Verwendet eine 190-Gramm-Gaskartusche<\/li>\n<li>Brenndauer: 5 bis 6 Stunden mit einer Gaskartusche<\/li>\n<li>Inklusive Glas und Kieselsteinen<\/li>\n<\/ul>\n<p><strong>Sandy Beige Cosiscoop-Laterne mit transparentem Glas<\/strong><\/p>\n<p>Die Laterne Cosi Square ist einfach zu bedienen und wird mit einer universellen 190-Gramm-Gaskartusche mit Sicherheitsventil betrieben. Letzteres sorgt daf\u00fcr, dass sich die Kartusche selbst abschaltet, wenn sie den Kontakt zur Gaslaterne verliert. Eine Gaskartusche ist bei unseren Cosi-Partnern, in Gartencentern und Baum\u00e4rkten erh\u00e4ltlich. Sie schrauben die Gasflasche einfach in den Boden der Laterne und z\u00fcnden dann das Feuerzeug an, w\u00e4hrend Sie es nahe an den Brennpunkt halten. Erst dann sollten Sie den Drehknopf drehen. Je weiter man den Knopf dreht, desto gr\u00f6sser wird die Flamme. Mit einer Gasflasche brennt die Cosiscoop durchschnittlich 5 bis 6 Stunden. Ist die Gasflasche noch nicht leer? Dann lassen Sie sie in der Gaslaterne und drehen Sie den Drehknopf bis zum Anschlag zu.<\/p>\n<p><strong>Kraftstoff<\/strong>\u00a0&#8211;\u00a0Propan\/Butangas<br \/>\n<strong>Kraftstoffverbrauch<\/strong>\u00a0&#8211; Maximal 30 Gramm\/Stunde<br \/>\n<strong>W\u00e4rmekapazit\u00e4t<\/strong>\u00a0&#8211; 0,4 kW<br \/>\n<strong>Heizleistung<\/strong>\u00a0&#8211; Niedrig<br \/>\n<strong>Abmessungen<\/strong>\u00a0&#8211;\u00a020 x 20 x 32,5 cm<\/p>\n","protected":false},"excerpt":{"rendered":"<p>Die Cosiscoop Square Sandy Beige ist eine stilvolle, quadratische Laterne, die jedem Innen- oder Aussenbereich zus\u00e4tzliche Gem\u00fctlichkeit verleiht. Mit ihrem Metallgeh\u00e4use und den schlanken Linien hat die Gaslaterne einen einfachen, aber raffinierten Look. Ein zeitloses Design, das nie aus der Mode kommt! Quadratische Gaslaterne f\u00fcr drinnen und draussen Die quadratische Gaslaterne Cosiscoop Square Sandy Beige [&#8230;]\n","protected":false},"featured_media":104835,"template":"","meta":{"_acf_changed":false},"product_cat":[335],"product_tag":[],"acf":[],"yoast_head":"<!-- This site is optimized with the Yoast SEO plugin v22.3 - https:\/\/yoast.com\/wordpress\/plugins\/seo\/ -->\n<title>Cosiscoop Square sandy beige - Sand-beige - Gartenlounge<\/title>\n<meta name=\"description\" content=\"Seit 2006 ist gartenlounge.ch auf lounges und gartenm\u00f6bel aller art spezialisiert. Quer durch die ganze welt, auf der spur von individualit\u00e4t und exklusivit\u00e4t.\" \/>\n<meta name=\"robots\" content=\"index, follow, max-snippet:-1, max-image-preview:large, max-video-preview:-1\" \/>\n<link rel=\"canonical\" href=\"https:\/\/gartenlounge.ch\/product\/cosidesign\/cosiscoop-square-sandy-beige-sand-beige\/\" \/>\n<meta property=\"og:locale\" content=\"fr_FR\" \/>\n<meta property=\"og:type\" content=\"article\" \/>\n<meta property=\"og:title\" content=\"Cosiscoop Square sandy beige - Sand-beige - Gartenlounge\" \/>\n<meta property=\"og:description\" content=\"Seit 2006 ist gartenlounge.ch auf lounges und gartenm\u00f6bel aller art spezialisiert. Quer durch die ganze welt, auf der spur von individualit\u00e4t und exklusivit\u00e4t.\" \/>\n<meta property=\"og:url\" content=\"https:\/\/gartenlounge.ch\/product\/cosidesign\/cosiscoop-square-sandy-beige-sand-beige\/\" \/>\n<meta property=\"og:site_name\" content=\"Gartenlounge\" \/>\n<meta property=\"article:publisher\" content=\"https:\/\/www.facebook.com\/outdoorsofa\/\" \/>\n<meta property=\"article:modified_time\" content=\"2026-03-31T06:40:21+00:00\" \/>\n<meta property=\"og:image\" content=\"https:\/\/gartenlounge.ch\/wp-content\/uploads\/2026\/03\/Cosiscoop-Square-sandy-beige-1.jpg\" \/>\n\t<meta property=\"og:image:width\" content=\"800\" \/>\n\t<meta property=\"og:image:height\" content=\"600\" \/>\n\t<meta property=\"og:image:type\" content=\"image\/jpeg\" \/>\n<meta name=\"twitter:card\" content=\"summary_large_image\" \/>\n<meta name=\"twitter:label1\" content=\"Dur\u00e9e de lecture estim\u00e9e\" \/>\n\t<meta name=\"twitter:data1\" content=\"2 minutes\" \/>\n<script type=\"application\/ld+json\" class=\"yoast-schema-graph\">{\"@context\":\"https:\/\/schema.org\",\"@graph\":[{\"@type\":\"WebPage\",\"@id\":\"https:\/\/gartenlounge.ch\/product\/cosidesign\/cosiscoop-square-sandy-beige-sand-beige\/\",\"url\":\"https:\/\/gartenlounge.ch\/product\/cosidesign\/cosiscoop-square-sandy-beige-sand-beige\/\",\"name\":\"Cosiscoop Square sandy beige - Sand-beige - Gartenlounge\",\"isPartOf\":{\"@id\":\"https:\/\/gartenlounge.ch\/#website\"},\"primaryImageOfPage\":{\"@id\":\"https:\/\/gartenlounge.ch\/product\/cosidesign\/cosiscoop-square-sandy-beige-sand-beige\/#primaryimage\"},\"image\":{\"@id\":\"https:\/\/gartenlounge.ch\/product\/cosidesign\/cosiscoop-square-sandy-beige-sand-beige\/#primaryimage\"},\"thumbnailUrl\":\"https:\/\/gartenlounge.ch\/wp-content\/uploads\/2026\/03\/Cosiscoop-Square-sandy-beige-1.jpg\",\"datePublished\":\"2026-03-31T06:33:54+00:00\",\"dateModified\":\"2026-03-31T06:40:21+00:00\",\"description\":\"Seit 2006 ist gartenlounge.ch auf lounges und gartenm\u00f6bel aller art spezialisiert. Quer durch die ganze welt, auf der spur von individualit\u00e4t und exklusivit\u00e4t.\",\"breadcrumb\":{\"@id\":\"https:\/\/gartenlounge.ch\/product\/cosidesign\/cosiscoop-square-sandy-beige-sand-beige\/#breadcrumb\"},\"inLanguage\":\"fr-FR\",\"potentialAction\":[{\"@type\":\"ReadAction\",\"target\":[\"https:\/\/gartenlounge.ch\/product\/cosidesign\/cosiscoop-square-sandy-beige-sand-beige\/\"]}]},{\"@type\":\"ImageObject\",\"inLanguage\":\"fr-FR\",\"@id\":\"https:\/\/gartenlounge.ch\/product\/cosidesign\/cosiscoop-square-sandy-beige-sand-beige\/#primaryimage\",\"url\":\"https:\/\/gartenlounge.ch\/wp-content\/uploads\/2026\/03\/Cosiscoop-Square-sandy-beige-1.jpg\",\"contentUrl\":\"https:\/\/gartenlounge.ch\/wp-content\/uploads\/2026\/03\/Cosiscoop-Square-sandy-beige-1.jpg\",\"width\":800,\"height\":600},{\"@type\":\"BreadcrumbList\",\"@id\":\"https:\/\/gartenlounge.ch\/product\/cosidesign\/cosiscoop-square-sandy-beige-sand-beige\/#breadcrumb\",\"itemListElement\":[{\"@type\":\"ListItem\",\"position\":1,\"name\":\"Home\",\"item\":\"https:\/\/gartenlounge.ch\/fr\/\"},{\"@type\":\"ListItem\",\"position\":2,\"name\":\"Boutique\",\"item\":\"https:\/\/gartenlounge.ch\/fr\/boutique\/\"},{\"@type\":\"ListItem\",\"position\":3,\"name\":\"Cosiscoop Square sandy beige &#8211; Sand-beige\"}]},{\"@type\":\"WebSite\",\"@id\":\"https:\/\/gartenlounge.ch\/#website\",\"url\":\"https:\/\/gartenlounge.ch\/\",\"name\":\"Gartenlounge\",\"description\":\"Lounges und Garten Lounges Aller Art Spezialisiert.\",\"publisher\":{\"@id\":\"https:\/\/gartenlounge.ch\/#organization\"},\"potentialAction\":[{\"@type\":\"SearchAction\",\"target\":{\"@type\":\"EntryPoint\",\"urlTemplate\":\"https:\/\/gartenlounge.ch\/?s={search_term_string}\"},\"query-input\":\"required name=search_term_string\"}],\"inLanguage\":\"fr-FR\"},{\"@type\":\"Organization\",\"@id\":\"https:\/\/gartenlounge.ch\/#organization\",\"name\":\"Gartenlounge - Lounges und Gartenlounges aller Art spezialisiert.\",\"url\":\"https:\/\/gartenlounge.ch\/\",\"logo\":{\"@type\":\"ImageObject\",\"inLanguage\":\"fr-FR\",\"@id\":\"https:\/\/gartenlounge.ch\/#\/schema\/logo\/image\/\",\"url\":\"https:\/\/gartenlounge.ch\/wp-content\/uploads\/2018\/09\/Gartenlongue.ch_.png\",\"contentUrl\":\"https:\/\/gartenlounge.ch\/wp-content\/uploads\/2018\/09\/Gartenlongue.ch_.png\",\"width\":500,\"height\":67,\"caption\":\"Gartenlounge - Lounges und Gartenlounges aller Art spezialisiert.\"},\"image\":{\"@id\":\"https:\/\/gartenlounge.ch\/#\/schema\/logo\/image\/\"},\"sameAs\":[\"https:\/\/www.facebook.com\/outdoorsofa\/\"]}]}<\/script>\n<!-- \/ Yoast SEO plugin. -->","yoast_head_json":{"title":"Cosiscoop Square sandy beige - Sand-beige - Gartenlounge","description":"Seit 2006 ist gartenlounge.ch auf lounges und gartenm\u00f6bel aller art spezialisiert. Quer durch die ganze welt, auf der spur von individualit\u00e4t und exklusivit\u00e4t.","robots":{"index":"index","follow":"follow","max-snippet":"max-snippet:-1","max-image-preview":"max-image-preview:large","max-video-preview":"max-video-preview:-1"},"canonical":"https:\/\/gartenlounge.ch\/product\/cosidesign\/cosiscoop-square-sandy-beige-sand-beige\/","og_locale":"fr_FR","og_type":"article","og_title":"Cosiscoop Square sandy beige - Sand-beige - Gartenlounge","og_description":"Seit 2006 ist gartenlounge.ch auf lounges und gartenm\u00f6bel aller art spezialisiert. Quer durch die ganze welt, auf der spur von individualit\u00e4t und exklusivit\u00e4t.","og_url":"https:\/\/gartenlounge.ch\/product\/cosidesign\/cosiscoop-square-sandy-beige-sand-beige\/","og_site_name":"Gartenlounge","article_publisher":"https:\/\/www.facebook.com\/outdoorsofa\/","article_modified_time":"2026-03-31T06:40:21+00:00","og_image":[{"width":800,"height":600,"url":"https:\/\/gartenlounge.ch\/wp-content\/uploads\/2026\/03\/Cosiscoop-Square-sandy-beige-1.jpg","type":"image\/jpeg"}],"twitter_card":"summary_large_image","twitter_misc":{"Dur\u00e9e de lecture estim\u00e9e":"2 minutes"},"schema":{"@context":"https:\/\/schema.org","@graph":[{"@type":"WebPage","@id":"https:\/\/gartenlounge.ch\/product\/cosidesign\/cosiscoop-square-sandy-beige-sand-beige\/","url":"https:\/\/gartenlounge.ch\/product\/cosidesign\/cosiscoop-square-sandy-beige-sand-beige\/","name":"Cosiscoop Square sandy beige - Sand-beige - Gartenlounge","isPartOf":{"@id":"https:\/\/gartenlounge.ch\/#website"},"primaryImageOfPage":{"@id":"https:\/\/gartenlounge.ch\/product\/cosidesign\/cosiscoop-square-sandy-beige-sand-beige\/#primaryimage"},"image":{"@id":"https:\/\/gartenlounge.ch\/product\/cosidesign\/cosiscoop-square-sandy-beige-sand-beige\/#primaryimage"},"thumbnailUrl":"https:\/\/gartenlounge.ch\/wp-content\/uploads\/2026\/03\/Cosiscoop-Square-sandy-beige-1.jpg","datePublished":"2026-03-31T06:33:54+00:00","dateModified":"2026-03-31T06:40:21+00:00","description":"Seit 2006 ist gartenlounge.ch auf lounges und gartenm\u00f6bel aller art spezialisiert. Quer durch die ganze welt, auf der spur von individualit\u00e4t und exklusivit\u00e4t.","breadcrumb":{"@id":"https:\/\/gartenlounge.ch\/product\/cosidesign\/cosiscoop-square-sandy-beige-sand-beige\/#breadcrumb"},"inLanguage":"fr-FR","potentialAction":[{"@type":"ReadAction","target":["https:\/\/gartenlounge.ch\/product\/cosidesign\/cosiscoop-square-sandy-beige-sand-beige\/"]}]},{"@type":"ImageObject","inLanguage":"fr-FR","@id":"https:\/\/gartenlounge.ch\/product\/cosidesign\/cosiscoop-square-sandy-beige-sand-beige\/#primaryimage","url":"https:\/\/gartenlounge.ch\/wp-content\/uploads\/2026\/03\/Cosiscoop-Square-sandy-beige-1.jpg","contentUrl":"https:\/\/gartenlounge.ch\/wp-content\/uploads\/2026\/03\/Cosiscoop-Square-sandy-beige-1.jpg","width":800,"height":600},{"@type":"BreadcrumbList","@id":"https:\/\/gartenlounge.ch\/product\/cosidesign\/cosiscoop-square-sandy-beige-sand-beige\/#breadcrumb","itemListElement":[{"@type":"ListItem","position":1,"name":"Home","item":"https:\/\/gartenlounge.ch\/fr\/"},{"@type":"ListItem","position":2,"name":"Boutique","item":"https:\/\/gartenlounge.ch\/fr\/boutique\/"},{"@type":"ListItem","position":3,"name":"Cosiscoop Square sandy beige &#8211; Sand-beige"}]},{"@type":"WebSite","@id":"https:\/\/gartenlounge.ch\/#website","url":"https:\/\/gartenlounge.ch\/","name":"Gartenlounge","description":"Lounges und Garten Lounges Aller Art Spezialisiert.","publisher":{"@id":"https:\/\/gartenlounge.ch\/#organization"},"potentialAction":[{"@type":"SearchAction","target":{"@type":"EntryPoint","urlTemplate":"https:\/\/gartenlounge.ch\/?s={search_term_string}"},"query-input":"required name=search_term_string"}],"inLanguage":"fr-FR"},{"@type":"Organization","@id":"https:\/\/gartenlounge.ch\/#organization","name":"Gartenlounge - Lounges und Gartenlounges aller Art spezialisiert.","url":"https:\/\/gartenlounge.ch\/","logo":{"@type":"ImageObject","inLanguage":"fr-FR","@id":"https:\/\/gartenlounge.ch\/#\/schema\/logo\/image\/","url":"https:\/\/gartenlounge.ch\/wp-content\/uploads\/2018\/09\/Gartenlongue.ch_.png","contentUrl":"https:\/\/gartenlounge.ch\/wp-content\/uploads\/2018\/09\/Gartenlongue.ch_.png","width":500,"height":67,"caption":"Gartenlounge - Lounges und Gartenlounges aller Art spezialisiert."},"image":{"@id":"https:\/\/gartenlounge.ch\/#\/schema\/logo\/image\/"},"sameAs":["https:\/\/www.facebook.com\/outdoorsofa\/"]}]}},"_links":{"self":[{"href":"https:\/\/gartenlounge.ch\/fr\/wp-json\/wp\/v2\/product\/104834"}],"collection":[{"href":"https:\/\/gartenlounge.ch\/fr\/wp-json\/wp\/v2\/product"}],"about":[{"href":"https:\/\/gartenlounge.ch\/fr\/wp-json\/wp\/v2\/types\/product"}],"wp:featuredmedia":[{"embeddable":true,"href":"https:\/\/gartenlounge.ch\/fr\/wp-json\/wp\/v2\/media\/104835"}],"wp:attachment":[{"href":"https:\/\/gartenlounge.ch\/fr\/wp-json\/wp\/v2\/media?parent=104834"}],"wp:term":[{"taxonomy":"product_cat","embeddable":true,"href":"https:\/\/gartenlounge.ch\/fr\/wp-json\/wp\/v2\/product_cat?post=104834"},{"taxonomy":"product_tag","embeddable":true,"href":"https:\/\/gartenlounge.ch\/fr\/wp-json\/wp\/v2\/product_tag?post=104834"}],"curies":[{"name":"wp","href":"https:\/\/api.w.org\/{rel}","templated":true}]}}