{"id":104059,"date":"2025-09-26T14:30:08","date_gmt":"2025-09-26T14:30:08","guid":{"rendered":"https:\/\/gartenlounge.ch\/?post_type=product&#038;p=104059"},"modified":"2026-03-26T10:52:46","modified_gmt":"2026-03-26T10:52:46","slug":"gartenlounge-wave-flanelle","status":"publish","type":"product","link":"https:\/\/gartenlounge.ch\/fr\/product\/garten-lounges\/wetterfest\/gartenlounge-wave-flanelle\/","title":{"rendered":"gartenlounge Wave flanelle"},"content":{"rendered":"<p class=\"yiv4569885223MsoNormal\"><span lang=\"FR-CH\">Fabric Sunbrella flanelle<u><\/u><u><\/u><\/span><\/p>\n<p class=\"yiv4569885223MsoNormal\"><b>Material <\/b>description:<u><\/u><u><\/u><\/p>\n<p class=\"yiv4569885223MsoNormal\"><b>Der Sunbrella Bezug<\/b><br \/>\n\u2022 Pflegeleicht, wetterfest, schnell trocknend<br \/>\n\u2022 UV-best\u00e4ndig, gegen Schimmelbefall behandelt<br \/>\n\u2022 Faser komplett durchgef\u00e4rbt, mit Nylon-Doppelfaden gesteppt<br \/>\n\u2022 Flexibel, dehnbar, feinmaschig<br \/>\n\u2022 Langlebig, auch bei extremen Temperaturen<u><\/u><u><\/u><\/p>\n<p class=\"yiv4569885223MsoNormal\"><b>Der Schaumstoff: Original \u201eQuick dry Foam\u201c<br \/>\n<\/b>\u2022 Kern mittelhart<br \/>\n\u2022 Behandelt gegen Schimmelbefall<br \/>\n\u2022 Sehr schnell trocknend<br \/>\n\u2022 Strapazierf\u00e4hig und haltbar<u><\/u><u><\/u><\/p>\n<p class=\"yiv4569885223MsoNormal\"><b>Das Gestell: Aluminium<\/b><u><\/u><u><\/u><\/p>\n<ul type=\"disc\">\n<li class=\"yiv4569885223MsoNormal\">Nicht rostend<u><\/u><u><\/u><\/li>\n<\/ul>\n<p class=\"yiv4569885223MsoNormal\"><b>Masse:<u><\/u><u><\/u><\/b><\/p>\n<p class=\"yiv4569885223MsoNormal\">262x82x67cm<\/p>\n","protected":false},"excerpt":{"rendered":"<p>Fabric Sunbrella flanelle Material description: Der Sunbrella Bezug \u2022 Pflegeleicht, wetterfest, schnell trocknend \u2022 UV-best\u00e4ndig, gegen Schimmelbefall behandelt \u2022 Faser komplett durchgef\u00e4rbt, mit Nylon-Doppelfaden gesteppt \u2022 Flexibel, dehnbar, feinmaschig \u2022 Langlebig, auch bei extremen Temperaturen Der Schaumstoff: Original \u201eQuick dry Foam\u201c \u2022 Kern mittelhart \u2022 Behandelt gegen Schimmelbefall \u2022 Sehr schnell trocknend \u2022 Strapazierf\u00e4hig und [&#8230;]\n","protected":false},"featured_media":104488,"template":"","meta":{"_acf_changed":false},"product_cat":[70,336],"product_tag":[],"acf":[],"yoast_head":"<!-- This site is optimized with the Yoast SEO plugin v22.3 - https:\/\/yoast.com\/wordpress\/plugins\/seo\/ -->\n<title>gartenlounge Wave flanelle - Gartenlounge<\/title>\n<meta name=\"description\" content=\"Seit 2006 ist gartenlounge.ch auf lounges und gartenm\u00f6bel aller art spezialisiert. Quer durch die ganze welt, auf der spur von individualit\u00e4t und exklusivit\u00e4t.\" \/>\n<meta name=\"robots\" content=\"index, follow, max-snippet:-1, max-image-preview:large, max-video-preview:-1\" \/>\n<link rel=\"canonical\" href=\"https:\/\/gartenlounge.ch\/product\/garten-lounges\/wetterfest\/gartenlounge-wave-flanelle\/\" \/>\n<meta property=\"og:locale\" content=\"fr_FR\" \/>\n<meta property=\"og:type\" content=\"article\" \/>\n<meta property=\"og:title\" content=\"gartenlounge Wave flanelle - Gartenlounge\" \/>\n<meta property=\"og:description\" content=\"Seit 2006 ist gartenlounge.ch auf lounges und gartenm\u00f6bel aller art spezialisiert. Quer durch die ganze welt, auf der spur von individualit\u00e4t und exklusivit\u00e4t.\" \/>\n<meta property=\"og:url\" content=\"https:\/\/gartenlounge.ch\/product\/garten-lounges\/wetterfest\/gartenlounge-wave-flanelle\/\" \/>\n<meta property=\"og:site_name\" content=\"Gartenlounge\" \/>\n<meta property=\"article:publisher\" content=\"https:\/\/www.facebook.com\/outdoorsofa\/\" \/>\n<meta property=\"article:modified_time\" content=\"2026-03-26T10:52:46+00:00\" \/>\n<meta property=\"og:image\" content=\"https:\/\/gartenlounge.ch\/wp-content\/uploads\/2025\/09\/wave-flanelle.jpg\" \/>\n\t<meta property=\"og:image:width\" content=\"800\" \/>\n\t<meta property=\"og:image:height\" content=\"600\" \/>\n\t<meta property=\"og:image:type\" content=\"image\/jpeg\" \/>\n<meta name=\"twitter:card\" content=\"summary_large_image\" \/>\n<meta name=\"twitter:label1\" content=\"Dur\u00e9e de lecture estim\u00e9e\" \/>\n\t<meta name=\"twitter:data1\" content=\"1 minute\" \/>\n<script type=\"application\/ld+json\" class=\"yoast-schema-graph\">{\"@context\":\"https:\/\/schema.org\",\"@graph\":[{\"@type\":\"WebPage\",\"@id\":\"https:\/\/gartenlounge.ch\/product\/garten-lounges\/wetterfest\/gartenlounge-wave-flanelle\/\",\"url\":\"https:\/\/gartenlounge.ch\/product\/garten-lounges\/wetterfest\/gartenlounge-wave-flanelle\/\",\"name\":\"gartenlounge Wave flanelle - Gartenlounge\",\"isPartOf\":{\"@id\":\"https:\/\/gartenlounge.ch\/#website\"},\"primaryImageOfPage\":{\"@id\":\"https:\/\/gartenlounge.ch\/product\/garten-lounges\/wetterfest\/gartenlounge-wave-flanelle\/#primaryimage\"},\"image\":{\"@id\":\"https:\/\/gartenlounge.ch\/product\/garten-lounges\/wetterfest\/gartenlounge-wave-flanelle\/#primaryimage\"},\"thumbnailUrl\":\"https:\/\/gartenlounge.ch\/wp-content\/uploads\/2025\/09\/wave-flanelle.jpg\",\"datePublished\":\"2025-09-26T14:30:08+00:00\",\"dateModified\":\"2026-03-26T10:52:46+00:00\",\"description\":\"Seit 2006 ist gartenlounge.ch auf lounges und gartenm\u00f6bel aller art spezialisiert. Quer durch die ganze welt, auf der spur von individualit\u00e4t und exklusivit\u00e4t.\",\"breadcrumb\":{\"@id\":\"https:\/\/gartenlounge.ch\/product\/garten-lounges\/wetterfest\/gartenlounge-wave-flanelle\/#breadcrumb\"},\"inLanguage\":\"fr-FR\",\"potentialAction\":[{\"@type\":\"ReadAction\",\"target\":[\"https:\/\/gartenlounge.ch\/product\/garten-lounges\/wetterfest\/gartenlounge-wave-flanelle\/\"]}]},{\"@type\":\"ImageObject\",\"inLanguage\":\"fr-FR\",\"@id\":\"https:\/\/gartenlounge.ch\/product\/garten-lounges\/wetterfest\/gartenlounge-wave-flanelle\/#primaryimage\",\"url\":\"https:\/\/gartenlounge.ch\/wp-content\/uploads\/2025\/09\/wave-flanelle.jpg\",\"contentUrl\":\"https:\/\/gartenlounge.ch\/wp-content\/uploads\/2025\/09\/wave-flanelle.jpg\",\"width\":800,\"height\":600},{\"@type\":\"BreadcrumbList\",\"@id\":\"https:\/\/gartenlounge.ch\/product\/garten-lounges\/wetterfest\/gartenlounge-wave-flanelle\/#breadcrumb\",\"itemListElement\":[{\"@type\":\"ListItem\",\"position\":1,\"name\":\"Home\",\"item\":\"https:\/\/gartenlounge.ch\/fr\/\"},{\"@type\":\"ListItem\",\"position\":2,\"name\":\"Boutique\",\"item\":\"https:\/\/gartenlounge.ch\/fr\/boutique\/\"},{\"@type\":\"ListItem\",\"position\":3,\"name\":\"gartenlounge Wave flanelle\"}]},{\"@type\":\"WebSite\",\"@id\":\"https:\/\/gartenlounge.ch\/#website\",\"url\":\"https:\/\/gartenlounge.ch\/\",\"name\":\"Gartenlounge\",\"description\":\"Lounges und Garten Lounges Aller Art Spezialisiert.\",\"publisher\":{\"@id\":\"https:\/\/gartenlounge.ch\/#organization\"},\"potentialAction\":[{\"@type\":\"SearchAction\",\"target\":{\"@type\":\"EntryPoint\",\"urlTemplate\":\"https:\/\/gartenlounge.ch\/?s={search_term_string}\"},\"query-input\":\"required name=search_term_string\"}],\"inLanguage\":\"fr-FR\"},{\"@type\":\"Organization\",\"@id\":\"https:\/\/gartenlounge.ch\/#organization\",\"name\":\"Gartenlounge - Lounges und Gartenlounges aller Art spezialisiert.\",\"url\":\"https:\/\/gartenlounge.ch\/\",\"logo\":{\"@type\":\"ImageObject\",\"inLanguage\":\"fr-FR\",\"@id\":\"https:\/\/gartenlounge.ch\/#\/schema\/logo\/image\/\",\"url\":\"https:\/\/gartenlounge.ch\/wp-content\/uploads\/2018\/09\/Gartenlongue.ch_.png\",\"contentUrl\":\"https:\/\/gartenlounge.ch\/wp-content\/uploads\/2018\/09\/Gartenlongue.ch_.png\",\"width\":500,\"height\":67,\"caption\":\"Gartenlounge - Lounges und Gartenlounges aller Art spezialisiert.\"},\"image\":{\"@id\":\"https:\/\/gartenlounge.ch\/#\/schema\/logo\/image\/\"},\"sameAs\":[\"https:\/\/www.facebook.com\/outdoorsofa\/\"]}]}<\/script>\n<!-- \/ Yoast SEO plugin. -->","yoast_head_json":{"title":"gartenlounge Wave flanelle - Gartenlounge","description":"Seit 2006 ist gartenlounge.ch auf lounges und gartenm\u00f6bel aller art spezialisiert. Quer durch die ganze welt, auf der spur von individualit\u00e4t und exklusivit\u00e4t.","robots":{"index":"index","follow":"follow","max-snippet":"max-snippet:-1","max-image-preview":"max-image-preview:large","max-video-preview":"max-video-preview:-1"},"canonical":"https:\/\/gartenlounge.ch\/product\/garten-lounges\/wetterfest\/gartenlounge-wave-flanelle\/","og_locale":"fr_FR","og_type":"article","og_title":"gartenlounge Wave flanelle - Gartenlounge","og_description":"Seit 2006 ist gartenlounge.ch auf lounges und gartenm\u00f6bel aller art spezialisiert. Quer durch die ganze welt, auf der spur von individualit\u00e4t und exklusivit\u00e4t.","og_url":"https:\/\/gartenlounge.ch\/product\/garten-lounges\/wetterfest\/gartenlounge-wave-flanelle\/","og_site_name":"Gartenlounge","article_publisher":"https:\/\/www.facebook.com\/outdoorsofa\/","article_modified_time":"2026-03-26T10:52:46+00:00","og_image":[{"width":800,"height":600,"url":"https:\/\/gartenlounge.ch\/wp-content\/uploads\/2025\/09\/wave-flanelle.jpg","type":"image\/jpeg"}],"twitter_card":"summary_large_image","twitter_misc":{"Dur\u00e9e de lecture estim\u00e9e":"1 minute"},"schema":{"@context":"https:\/\/schema.org","@graph":[{"@type":"WebPage","@id":"https:\/\/gartenlounge.ch\/product\/garten-lounges\/wetterfest\/gartenlounge-wave-flanelle\/","url":"https:\/\/gartenlounge.ch\/product\/garten-lounges\/wetterfest\/gartenlounge-wave-flanelle\/","name":"gartenlounge Wave flanelle - Gartenlounge","isPartOf":{"@id":"https:\/\/gartenlounge.ch\/#website"},"primaryImageOfPage":{"@id":"https:\/\/gartenlounge.ch\/product\/garten-lounges\/wetterfest\/gartenlounge-wave-flanelle\/#primaryimage"},"image":{"@id":"https:\/\/gartenlounge.ch\/product\/garten-lounges\/wetterfest\/gartenlounge-wave-flanelle\/#primaryimage"},"thumbnailUrl":"https:\/\/gartenlounge.ch\/wp-content\/uploads\/2025\/09\/wave-flanelle.jpg","datePublished":"2025-09-26T14:30:08+00:00","dateModified":"2026-03-26T10:52:46+00:00","description":"Seit 2006 ist gartenlounge.ch auf lounges und gartenm\u00f6bel aller art spezialisiert. Quer durch die ganze welt, auf der spur von individualit\u00e4t und exklusivit\u00e4t.","breadcrumb":{"@id":"https:\/\/gartenlounge.ch\/product\/garten-lounges\/wetterfest\/gartenlounge-wave-flanelle\/#breadcrumb"},"inLanguage":"fr-FR","potentialAction":[{"@type":"ReadAction","target":["https:\/\/gartenlounge.ch\/product\/garten-lounges\/wetterfest\/gartenlounge-wave-flanelle\/"]}]},{"@type":"ImageObject","inLanguage":"fr-FR","@id":"https:\/\/gartenlounge.ch\/product\/garten-lounges\/wetterfest\/gartenlounge-wave-flanelle\/#primaryimage","url":"https:\/\/gartenlounge.ch\/wp-content\/uploads\/2025\/09\/wave-flanelle.jpg","contentUrl":"https:\/\/gartenlounge.ch\/wp-content\/uploads\/2025\/09\/wave-flanelle.jpg","width":800,"height":600},{"@type":"BreadcrumbList","@id":"https:\/\/gartenlounge.ch\/product\/garten-lounges\/wetterfest\/gartenlounge-wave-flanelle\/#breadcrumb","itemListElement":[{"@type":"ListItem","position":1,"name":"Home","item":"https:\/\/gartenlounge.ch\/fr\/"},{"@type":"ListItem","position":2,"name":"Boutique","item":"https:\/\/gartenlounge.ch\/fr\/boutique\/"},{"@type":"ListItem","position":3,"name":"gartenlounge Wave flanelle"}]},{"@type":"WebSite","@id":"https:\/\/gartenlounge.ch\/#website","url":"https:\/\/gartenlounge.ch\/","name":"Gartenlounge","description":"Lounges und Garten Lounges Aller Art Spezialisiert.","publisher":{"@id":"https:\/\/gartenlounge.ch\/#organization"},"potentialAction":[{"@type":"SearchAction","target":{"@type":"EntryPoint","urlTemplate":"https:\/\/gartenlounge.ch\/?s={search_term_string}"},"query-input":"required name=search_term_string"}],"inLanguage":"fr-FR"},{"@type":"Organization","@id":"https:\/\/gartenlounge.ch\/#organization","name":"Gartenlounge - Lounges und Gartenlounges aller Art spezialisiert.","url":"https:\/\/gartenlounge.ch\/","logo":{"@type":"ImageObject","inLanguage":"fr-FR","@id":"https:\/\/gartenlounge.ch\/#\/schema\/logo\/image\/","url":"https:\/\/gartenlounge.ch\/wp-content\/uploads\/2018\/09\/Gartenlongue.ch_.png","contentUrl":"https:\/\/gartenlounge.ch\/wp-content\/uploads\/2018\/09\/Gartenlongue.ch_.png","width":500,"height":67,"caption":"Gartenlounge - Lounges und Gartenlounges aller Art spezialisiert."},"image":{"@id":"https:\/\/gartenlounge.ch\/#\/schema\/logo\/image\/"},"sameAs":["https:\/\/www.facebook.com\/outdoorsofa\/"]}]}},"_links":{"self":[{"href":"https:\/\/gartenlounge.ch\/fr\/wp-json\/wp\/v2\/product\/104059"}],"collection":[{"href":"https:\/\/gartenlounge.ch\/fr\/wp-json\/wp\/v2\/product"}],"about":[{"href":"https:\/\/gartenlounge.ch\/fr\/wp-json\/wp\/v2\/types\/product"}],"wp:featuredmedia":[{"embeddable":true,"href":"https:\/\/gartenlounge.ch\/fr\/wp-json\/wp\/v2\/media\/104488"}],"wp:attachment":[{"href":"https:\/\/gartenlounge.ch\/fr\/wp-json\/wp\/v2\/media?parent=104059"}],"wp:term":[{"taxonomy":"product_cat","embeddable":true,"href":"https:\/\/gartenlounge.ch\/fr\/wp-json\/wp\/v2\/product_cat?post=104059"},{"taxonomy":"product_tag","embeddable":true,"href":"https:\/\/gartenlounge.ch\/fr\/wp-json\/wp\/v2\/product_tag?post=104059"}],"curies":[{"name":"wp","href":"https:\/\/api.w.org\/{rel}","templated":true}]}}