{"id":103966,"date":"2025-08-21T12:26:23","date_gmt":"2025-08-21T12:26:23","guid":{"rendered":"https:\/\/gartenlounge.ch\/?post_type=product&#038;p=103966"},"modified":"2025-08-21T12:46:49","modified_gmt":"2025-08-21T12:46:49","slug":"cosi-all-weather-abdeckung-100x100x50cm","status":"publish","type":"product","link":"https:\/\/gartenlounge.ch\/fr\/product\/cosidesign\/cosi-all-weather-abdeckung-100x100x50cm\/","title":{"rendered":"Cosi All-Weather Abdeckung 100x100x50cm"},"content":{"rendered":"<p>Mit einer Abdeckung ist dein Cosi Feuertisch oder Pillar gut gesch\u00fctzt. Die Bez\u00fcge sind aus PE-Gewebe gefertigt. Decke den Cosi erst ab, wenn der Feuertisch abgek\u00fchlt und trocken ist, um Sch\u00e4den durch Feuchtigkeit zu vermeiden. Lasse bitte auch das Regenwasser, das auf der Abdeckung steht, abflie\u00dfen und bel\u00fcfte den Feuertisch regelm\u00e4\u00dfig, indem du die Abdeckung entfernst. Teak sollte nicht durchg\u00e4ngig abgedeckt werden. Deshalb r\u00e4t Cosi von einer Abdeckung f\u00fcr Produkte aus Teakholz ab.<\/p>\n<p>Die Cosi All-Weather Abdeckung 100x100x50cm passt auf den Cosiloft 100 Lounge Table, den Cosipure 100 und den Cosiflow Square.<\/p>\n","protected":false},"excerpt":{"rendered":"<p>Mit einer Abdeckung ist dein Cosi Feuertisch oder Pillar gut gesch\u00fctzt. Die Bez\u00fcge sind aus PE-Gewebe gefertigt. Decke den Cosi erst ab, wenn der Feuertisch abgek\u00fchlt und trocken ist, um Sch\u00e4den durch Feuchtigkeit zu vermeiden. Lasse bitte auch das Regenwasser, das auf der Abdeckung steht, abflie\u00dfen und bel\u00fcfte den Feuertisch regelm\u00e4\u00dfig, indem du die Abdeckung [&#8230;]\n","protected":false},"featured_media":103967,"template":"","meta":{"_acf_changed":false},"product_cat":[335],"product_tag":[],"acf":[],"yoast_head":"<!-- This site is optimized with the Yoast SEO plugin v22.3 - https:\/\/yoast.com\/wordpress\/plugins\/seo\/ -->\n<title>Cosi All-Weather Abdeckung 100x100x50cm - Gartenlounge<\/title>\n<meta name=\"description\" content=\"Seit 2006 ist gartenlounge.ch auf lounges und gartenm\u00f6bel aller art spezialisiert. Quer durch die ganze welt, auf der spur von individualit\u00e4t und exklusivit\u00e4t.\" \/>\n<meta name=\"robots\" content=\"index, follow, max-snippet:-1, max-image-preview:large, max-video-preview:-1\" \/>\n<link rel=\"canonical\" href=\"https:\/\/gartenlounge.ch\/product\/cosidesign\/cosi-all-weather-abdeckung-100x100x50cm\/\" \/>\n<meta property=\"og:locale\" content=\"fr_FR\" \/>\n<meta property=\"og:type\" content=\"article\" \/>\n<meta property=\"og:title\" content=\"Cosi All-Weather Abdeckung 100x100x50cm - Gartenlounge\" \/>\n<meta property=\"og:description\" content=\"Seit 2006 ist gartenlounge.ch auf lounges und gartenm\u00f6bel aller art spezialisiert. Quer durch die ganze welt, auf der spur von individualit\u00e4t und exklusivit\u00e4t.\" \/>\n<meta property=\"og:url\" content=\"https:\/\/gartenlounge.ch\/product\/cosidesign\/cosi-all-weather-abdeckung-100x100x50cm\/\" \/>\n<meta property=\"og:site_name\" content=\"Gartenlounge\" \/>\n<meta property=\"article:publisher\" content=\"https:\/\/www.facebook.com\/outdoorsofa\/\" \/>\n<meta property=\"article:modified_time\" content=\"2025-08-21T12:46:49+00:00\" \/>\n<meta property=\"og:image\" content=\"https:\/\/gartenlounge.ch\/wp-content\/uploads\/2025\/08\/Cosi-All-Weather-Abdeckung-100x100x50cm-1.jpg\" \/>\n\t<meta property=\"og:image:width\" content=\"800\" \/>\n\t<meta property=\"og:image:height\" content=\"600\" \/>\n\t<meta property=\"og:image:type\" content=\"image\/jpeg\" \/>\n<meta name=\"twitter:card\" content=\"summary_large_image\" \/>\n<meta name=\"twitter:label1\" content=\"Dur\u00e9e de lecture estim\u00e9e\" \/>\n\t<meta name=\"twitter:data1\" content=\"1 minute\" \/>\n<script type=\"application\/ld+json\" class=\"yoast-schema-graph\">{\"@context\":\"https:\/\/schema.org\",\"@graph\":[{\"@type\":\"WebPage\",\"@id\":\"https:\/\/gartenlounge.ch\/product\/cosidesign\/cosi-all-weather-abdeckung-100x100x50cm\/\",\"url\":\"https:\/\/gartenlounge.ch\/product\/cosidesign\/cosi-all-weather-abdeckung-100x100x50cm\/\",\"name\":\"Cosi All-Weather Abdeckung 100x100x50cm - Gartenlounge\",\"isPartOf\":{\"@id\":\"https:\/\/gartenlounge.ch\/#website\"},\"primaryImageOfPage\":{\"@id\":\"https:\/\/gartenlounge.ch\/product\/cosidesign\/cosi-all-weather-abdeckung-100x100x50cm\/#primaryimage\"},\"image\":{\"@id\":\"https:\/\/gartenlounge.ch\/product\/cosidesign\/cosi-all-weather-abdeckung-100x100x50cm\/#primaryimage\"},\"thumbnailUrl\":\"https:\/\/gartenlounge.ch\/wp-content\/uploads\/2025\/08\/Cosi-All-Weather-Abdeckung-100x100x50cm-1.jpg\",\"datePublished\":\"2025-08-21T12:26:23+00:00\",\"dateModified\":\"2025-08-21T12:46:49+00:00\",\"description\":\"Seit 2006 ist gartenlounge.ch auf lounges und gartenm\u00f6bel aller art spezialisiert. Quer durch die ganze welt, auf der spur von individualit\u00e4t und exklusivit\u00e4t.\",\"breadcrumb\":{\"@id\":\"https:\/\/gartenlounge.ch\/product\/cosidesign\/cosi-all-weather-abdeckung-100x100x50cm\/#breadcrumb\"},\"inLanguage\":\"fr-FR\",\"potentialAction\":[{\"@type\":\"ReadAction\",\"target\":[\"https:\/\/gartenlounge.ch\/product\/cosidesign\/cosi-all-weather-abdeckung-100x100x50cm\/\"]}]},{\"@type\":\"ImageObject\",\"inLanguage\":\"fr-FR\",\"@id\":\"https:\/\/gartenlounge.ch\/product\/cosidesign\/cosi-all-weather-abdeckung-100x100x50cm\/#primaryimage\",\"url\":\"https:\/\/gartenlounge.ch\/wp-content\/uploads\/2025\/08\/Cosi-All-Weather-Abdeckung-100x100x50cm-1.jpg\",\"contentUrl\":\"https:\/\/gartenlounge.ch\/wp-content\/uploads\/2025\/08\/Cosi-All-Weather-Abdeckung-100x100x50cm-1.jpg\",\"width\":800,\"height\":600},{\"@type\":\"BreadcrumbList\",\"@id\":\"https:\/\/gartenlounge.ch\/product\/cosidesign\/cosi-all-weather-abdeckung-100x100x50cm\/#breadcrumb\",\"itemListElement\":[{\"@type\":\"ListItem\",\"position\":1,\"name\":\"Home\",\"item\":\"https:\/\/gartenlounge.ch\/fr\/\"},{\"@type\":\"ListItem\",\"position\":2,\"name\":\"Boutique\",\"item\":\"https:\/\/gartenlounge.ch\/fr\/boutique\/\"},{\"@type\":\"ListItem\",\"position\":3,\"name\":\"Cosi All-Weather Abdeckung 100x100x50cm\"}]},{\"@type\":\"WebSite\",\"@id\":\"https:\/\/gartenlounge.ch\/#website\",\"url\":\"https:\/\/gartenlounge.ch\/\",\"name\":\"Gartenlounge\",\"description\":\"Lounges und Garten Lounges Aller Art Spezialisiert.\",\"publisher\":{\"@id\":\"https:\/\/gartenlounge.ch\/#organization\"},\"potentialAction\":[{\"@type\":\"SearchAction\",\"target\":{\"@type\":\"EntryPoint\",\"urlTemplate\":\"https:\/\/gartenlounge.ch\/?s={search_term_string}\"},\"query-input\":\"required name=search_term_string\"}],\"inLanguage\":\"fr-FR\"},{\"@type\":\"Organization\",\"@id\":\"https:\/\/gartenlounge.ch\/#organization\",\"name\":\"Gartenlounge - Lounges und Gartenlounges aller Art spezialisiert.\",\"url\":\"https:\/\/gartenlounge.ch\/\",\"logo\":{\"@type\":\"ImageObject\",\"inLanguage\":\"fr-FR\",\"@id\":\"https:\/\/gartenlounge.ch\/#\/schema\/logo\/image\/\",\"url\":\"https:\/\/gartenlounge.ch\/wp-content\/uploads\/2018\/09\/Gartenlongue.ch_.png\",\"contentUrl\":\"https:\/\/gartenlounge.ch\/wp-content\/uploads\/2018\/09\/Gartenlongue.ch_.png\",\"width\":500,\"height\":67,\"caption\":\"Gartenlounge - Lounges und Gartenlounges aller Art spezialisiert.\"},\"image\":{\"@id\":\"https:\/\/gartenlounge.ch\/#\/schema\/logo\/image\/\"},\"sameAs\":[\"https:\/\/www.facebook.com\/outdoorsofa\/\"]}]}<\/script>\n<!-- \/ Yoast SEO plugin. -->","yoast_head_json":{"title":"Cosi All-Weather Abdeckung 100x100x50cm - Gartenlounge","description":"Seit 2006 ist gartenlounge.ch auf lounges und gartenm\u00f6bel aller art spezialisiert. Quer durch die ganze welt, auf der spur von individualit\u00e4t und exklusivit\u00e4t.","robots":{"index":"index","follow":"follow","max-snippet":"max-snippet:-1","max-image-preview":"max-image-preview:large","max-video-preview":"max-video-preview:-1"},"canonical":"https:\/\/gartenlounge.ch\/product\/cosidesign\/cosi-all-weather-abdeckung-100x100x50cm\/","og_locale":"fr_FR","og_type":"article","og_title":"Cosi All-Weather Abdeckung 100x100x50cm - Gartenlounge","og_description":"Seit 2006 ist gartenlounge.ch auf lounges und gartenm\u00f6bel aller art spezialisiert. Quer durch die ganze welt, auf der spur von individualit\u00e4t und exklusivit\u00e4t.","og_url":"https:\/\/gartenlounge.ch\/product\/cosidesign\/cosi-all-weather-abdeckung-100x100x50cm\/","og_site_name":"Gartenlounge","article_publisher":"https:\/\/www.facebook.com\/outdoorsofa\/","article_modified_time":"2025-08-21T12:46:49+00:00","og_image":[{"width":800,"height":600,"url":"https:\/\/gartenlounge.ch\/wp-content\/uploads\/2025\/08\/Cosi-All-Weather-Abdeckung-100x100x50cm-1.jpg","type":"image\/jpeg"}],"twitter_card":"summary_large_image","twitter_misc":{"Dur\u00e9e de lecture estim\u00e9e":"1 minute"},"schema":{"@context":"https:\/\/schema.org","@graph":[{"@type":"WebPage","@id":"https:\/\/gartenlounge.ch\/product\/cosidesign\/cosi-all-weather-abdeckung-100x100x50cm\/","url":"https:\/\/gartenlounge.ch\/product\/cosidesign\/cosi-all-weather-abdeckung-100x100x50cm\/","name":"Cosi All-Weather Abdeckung 100x100x50cm - Gartenlounge","isPartOf":{"@id":"https:\/\/gartenlounge.ch\/#website"},"primaryImageOfPage":{"@id":"https:\/\/gartenlounge.ch\/product\/cosidesign\/cosi-all-weather-abdeckung-100x100x50cm\/#primaryimage"},"image":{"@id":"https:\/\/gartenlounge.ch\/product\/cosidesign\/cosi-all-weather-abdeckung-100x100x50cm\/#primaryimage"},"thumbnailUrl":"https:\/\/gartenlounge.ch\/wp-content\/uploads\/2025\/08\/Cosi-All-Weather-Abdeckung-100x100x50cm-1.jpg","datePublished":"2025-08-21T12:26:23+00:00","dateModified":"2025-08-21T12:46:49+00:00","description":"Seit 2006 ist gartenlounge.ch auf lounges und gartenm\u00f6bel aller art spezialisiert. Quer durch die ganze welt, auf der spur von individualit\u00e4t und exklusivit\u00e4t.","breadcrumb":{"@id":"https:\/\/gartenlounge.ch\/product\/cosidesign\/cosi-all-weather-abdeckung-100x100x50cm\/#breadcrumb"},"inLanguage":"fr-FR","potentialAction":[{"@type":"ReadAction","target":["https:\/\/gartenlounge.ch\/product\/cosidesign\/cosi-all-weather-abdeckung-100x100x50cm\/"]}]},{"@type":"ImageObject","inLanguage":"fr-FR","@id":"https:\/\/gartenlounge.ch\/product\/cosidesign\/cosi-all-weather-abdeckung-100x100x50cm\/#primaryimage","url":"https:\/\/gartenlounge.ch\/wp-content\/uploads\/2025\/08\/Cosi-All-Weather-Abdeckung-100x100x50cm-1.jpg","contentUrl":"https:\/\/gartenlounge.ch\/wp-content\/uploads\/2025\/08\/Cosi-All-Weather-Abdeckung-100x100x50cm-1.jpg","width":800,"height":600},{"@type":"BreadcrumbList","@id":"https:\/\/gartenlounge.ch\/product\/cosidesign\/cosi-all-weather-abdeckung-100x100x50cm\/#breadcrumb","itemListElement":[{"@type":"ListItem","position":1,"name":"Home","item":"https:\/\/gartenlounge.ch\/fr\/"},{"@type":"ListItem","position":2,"name":"Boutique","item":"https:\/\/gartenlounge.ch\/fr\/boutique\/"},{"@type":"ListItem","position":3,"name":"Cosi All-Weather Abdeckung 100x100x50cm"}]},{"@type":"WebSite","@id":"https:\/\/gartenlounge.ch\/#website","url":"https:\/\/gartenlounge.ch\/","name":"Gartenlounge","description":"Lounges und Garten Lounges Aller Art Spezialisiert.","publisher":{"@id":"https:\/\/gartenlounge.ch\/#organization"},"potentialAction":[{"@type":"SearchAction","target":{"@type":"EntryPoint","urlTemplate":"https:\/\/gartenlounge.ch\/?s={search_term_string}"},"query-input":"required name=search_term_string"}],"inLanguage":"fr-FR"},{"@type":"Organization","@id":"https:\/\/gartenlounge.ch\/#organization","name":"Gartenlounge - Lounges und Gartenlounges aller Art spezialisiert.","url":"https:\/\/gartenlounge.ch\/","logo":{"@type":"ImageObject","inLanguage":"fr-FR","@id":"https:\/\/gartenlounge.ch\/#\/schema\/logo\/image\/","url":"https:\/\/gartenlounge.ch\/wp-content\/uploads\/2018\/09\/Gartenlongue.ch_.png","contentUrl":"https:\/\/gartenlounge.ch\/wp-content\/uploads\/2018\/09\/Gartenlongue.ch_.png","width":500,"height":67,"caption":"Gartenlounge - Lounges und Gartenlounges aller Art spezialisiert."},"image":{"@id":"https:\/\/gartenlounge.ch\/#\/schema\/logo\/image\/"},"sameAs":["https:\/\/www.facebook.com\/outdoorsofa\/"]}]}},"_links":{"self":[{"href":"https:\/\/gartenlounge.ch\/fr\/wp-json\/wp\/v2\/product\/103966"}],"collection":[{"href":"https:\/\/gartenlounge.ch\/fr\/wp-json\/wp\/v2\/product"}],"about":[{"href":"https:\/\/gartenlounge.ch\/fr\/wp-json\/wp\/v2\/types\/product"}],"wp:featuredmedia":[{"embeddable":true,"href":"https:\/\/gartenlounge.ch\/fr\/wp-json\/wp\/v2\/media\/103967"}],"wp:attachment":[{"href":"https:\/\/gartenlounge.ch\/fr\/wp-json\/wp\/v2\/media?parent=103966"}],"wp:term":[{"taxonomy":"product_cat","embeddable":true,"href":"https:\/\/gartenlounge.ch\/fr\/wp-json\/wp\/v2\/product_cat?post=103966"},{"taxonomy":"product_tag","embeddable":true,"href":"https:\/\/gartenlounge.ch\/fr\/wp-json\/wp\/v2\/product_tag?post=103966"}],"curies":[{"name":"wp","href":"https:\/\/api.w.org\/{rel}","templated":true}]}}