{"id":103930,"date":"2025-08-21T12:13:23","date_gmt":"2025-08-21T12:13:23","guid":{"rendered":"https:\/\/gartenlounge.ch\/?post_type=product&#038;p=103930"},"modified":"2025-11-29T10:31:59","modified_gmt":"2025-11-29T10:31:59","slug":"cosiloft-100-lounge-table-black-teak","status":"publish","type":"product","link":"https:\/\/gartenlounge.ch\/fr\/product\/cosidesign\/cosiloft-100-lounge-table-black-teak\/","title":{"rendered":"Cosiloft 100 lounge table beige \/ teak"},"content":{"rendered":"<p>Der Cosiloft 100 Loungetisch ist ein wundersch\u00f6ner Loungetisch, den Sie nach Ihrem Geschmack gestalten k\u00f6nnen. Diese neue Kollektion von Cosi ist eine Weiterentwicklung der Feuertische.<\/p>\n<p>Der Cosiloft hat einen sch\u00f6nen, durchbrochenen Aluminiumrahmen mit einer Tischplatte Ihrer Wahl. Es sind drei verschiedene Tischplatten erh\u00e4ltlich: Steinoptik, Schwarz und Teak. Der Rahmen ist in drei Farben erh\u00e4ltlich: Wei\u00df f\u00fcr einen modernen Look, Sandbeige f\u00fcr einen ruhigen oder unkonventionellen Garten oder Schwarz f\u00fcr einen industriellen Stil. Trotz seiner sch\u00f6nen Lounge-Tischh\u00f6he kann der Cosiloft 100 sogar eine 5-kg-Gasflasche aufnehmen. Diese ist elegant in das klare Design des Cosiloft-Tisches integriert.<\/p>\n<p>Jeder Cosiloft wird mit einer Abdeckplatte f\u00fcr den Brenner geliefert. So k\u00f6nnen Sie die gesamte Tischfl\u00e4che nutzen, wenn das Feuer nicht in Gebrauch ist. Genie\u00dfen Sie die Zeit mit Familie und Freunden!<\/p>\n<p>*Hinweis: Wenn Sie sich f\u00fcr einen Cosiloft mit Teakholz entscheiden, decken Sie das Teakholz niemals mit einer Schutzh\u00fclle ab. Leider eignet sich Teakholz nicht f\u00fcr die Abdeckung mit einer H\u00fclle. Sie k\u00f6nnen die Teakholz-Tischplatte im Freien stehen lassen oder sie beispielsweise in einer Garage oder einem Gartenhaus aufbewahren.<\/p>\n<p>Der Cosiloft 100 Lounge-Tisch wird mit einem 30-mBar-Regler mit Gasschlauch, 4 Keramikscheiten, Lavasteinen, Batterie und Abdeckplatte geliefert.<\/p>\n<p>&nbsp;<\/p>\n","protected":false},"excerpt":{"rendered":"<p>Der Cosiloft 100 Loungetisch ist ein wundersch\u00f6ner Loungetisch, den Sie nach Ihrem Geschmack gestalten k\u00f6nnen. Diese neue Kollektion von Cosi ist eine Weiterentwicklung der Feuertische. Der Cosiloft hat einen sch\u00f6nen, durchbrochenen Aluminiumrahmen mit einer Tischplatte Ihrer Wahl. Es sind drei verschiedene Tischplatten erh\u00e4ltlich: Steinoptik, Schwarz und Teak. Der Rahmen ist in drei Farben erh\u00e4ltlich: Wei\u00df [&#8230;]\n","protected":false},"featured_media":103931,"template":"","meta":{"_acf_changed":false},"product_cat":[335],"product_tag":[],"acf":[],"yoast_head":"<!-- This site is optimized with the Yoast SEO plugin v22.3 - https:\/\/yoast.com\/wordpress\/plugins\/seo\/ -->\n<title>Cosiloft 100 lounge table beige \/ teak - Gartenlounge<\/title>\n<meta name=\"description\" content=\"Seit 2006 ist gartenlounge.ch auf lounges und gartenm\u00f6bel aller art spezialisiert. Quer durch die ganze welt, auf der spur von individualit\u00e4t und exklusivit\u00e4t.\" \/>\n<meta name=\"robots\" content=\"index, follow, max-snippet:-1, max-image-preview:large, max-video-preview:-1\" \/>\n<link rel=\"canonical\" href=\"https:\/\/gartenlounge.ch\/product\/cosidesign\/cosiloft-100-lounge-table-black-teak\/\" \/>\n<meta property=\"og:locale\" content=\"fr_FR\" \/>\n<meta property=\"og:type\" content=\"article\" \/>\n<meta property=\"og:title\" content=\"Cosiloft 100 lounge table beige \/ teak - Gartenlounge\" \/>\n<meta property=\"og:description\" content=\"Seit 2006 ist gartenlounge.ch auf lounges und gartenm\u00f6bel aller art spezialisiert. Quer durch die ganze welt, auf der spur von individualit\u00e4t und exklusivit\u00e4t.\" \/>\n<meta property=\"og:url\" content=\"https:\/\/gartenlounge.ch\/product\/cosidesign\/cosiloft-100-lounge-table-black-teak\/\" \/>\n<meta property=\"og:site_name\" content=\"Gartenlounge\" \/>\n<meta property=\"article:publisher\" content=\"https:\/\/www.facebook.com\/outdoorsofa\/\" \/>\n<meta property=\"article:modified_time\" content=\"2025-11-29T10:31:59+00:00\" \/>\n<meta property=\"og:image\" content=\"https:\/\/gartenlounge.ch\/wp-content\/uploads\/2025\/08\/Cosiloft-100-lounge-table-black-1.jpg\" \/>\n\t<meta property=\"og:image:width\" content=\"800\" \/>\n\t<meta property=\"og:image:height\" content=\"600\" \/>\n\t<meta property=\"og:image:type\" content=\"image\/jpeg\" \/>\n<meta name=\"twitter:card\" content=\"summary_large_image\" \/>\n<meta name=\"twitter:label1\" content=\"Dur\u00e9e de lecture estim\u00e9e\" \/>\n\t<meta name=\"twitter:data1\" content=\"2 minutes\" \/>\n<script type=\"application\/ld+json\" class=\"yoast-schema-graph\">{\"@context\":\"https:\/\/schema.org\",\"@graph\":[{\"@type\":\"WebPage\",\"@id\":\"https:\/\/gartenlounge.ch\/product\/cosidesign\/cosiloft-100-lounge-table-black-teak\/\",\"url\":\"https:\/\/gartenlounge.ch\/product\/cosidesign\/cosiloft-100-lounge-table-black-teak\/\",\"name\":\"Cosiloft 100 lounge table beige \/ teak - Gartenlounge\",\"isPartOf\":{\"@id\":\"https:\/\/gartenlounge.ch\/#website\"},\"primaryImageOfPage\":{\"@id\":\"https:\/\/gartenlounge.ch\/product\/cosidesign\/cosiloft-100-lounge-table-black-teak\/#primaryimage\"},\"image\":{\"@id\":\"https:\/\/gartenlounge.ch\/product\/cosidesign\/cosiloft-100-lounge-table-black-teak\/#primaryimage\"},\"thumbnailUrl\":\"https:\/\/gartenlounge.ch\/wp-content\/uploads\/2025\/08\/Cosiloft-100-lounge-table-black-1.jpg\",\"datePublished\":\"2025-08-21T12:13:23+00:00\",\"dateModified\":\"2025-11-29T10:31:59+00:00\",\"description\":\"Seit 2006 ist gartenlounge.ch auf lounges und gartenm\u00f6bel aller art spezialisiert. Quer durch die ganze welt, auf der spur von individualit\u00e4t und exklusivit\u00e4t.\",\"breadcrumb\":{\"@id\":\"https:\/\/gartenlounge.ch\/product\/cosidesign\/cosiloft-100-lounge-table-black-teak\/#breadcrumb\"},\"inLanguage\":\"fr-FR\",\"potentialAction\":[{\"@type\":\"ReadAction\",\"target\":[\"https:\/\/gartenlounge.ch\/product\/cosidesign\/cosiloft-100-lounge-table-black-teak\/\"]}]},{\"@type\":\"ImageObject\",\"inLanguage\":\"fr-FR\",\"@id\":\"https:\/\/gartenlounge.ch\/product\/cosidesign\/cosiloft-100-lounge-table-black-teak\/#primaryimage\",\"url\":\"https:\/\/gartenlounge.ch\/wp-content\/uploads\/2025\/08\/Cosiloft-100-lounge-table-black-1.jpg\",\"contentUrl\":\"https:\/\/gartenlounge.ch\/wp-content\/uploads\/2025\/08\/Cosiloft-100-lounge-table-black-1.jpg\",\"width\":800,\"height\":600},{\"@type\":\"BreadcrumbList\",\"@id\":\"https:\/\/gartenlounge.ch\/product\/cosidesign\/cosiloft-100-lounge-table-black-teak\/#breadcrumb\",\"itemListElement\":[{\"@type\":\"ListItem\",\"position\":1,\"name\":\"Home\",\"item\":\"https:\/\/gartenlounge.ch\/fr\/\"},{\"@type\":\"ListItem\",\"position\":2,\"name\":\"Boutique\",\"item\":\"https:\/\/gartenlounge.ch\/fr\/boutique\/\"},{\"@type\":\"ListItem\",\"position\":3,\"name\":\"Cosiloft 100 lounge table beige \/ teak\"}]},{\"@type\":\"WebSite\",\"@id\":\"https:\/\/gartenlounge.ch\/#website\",\"url\":\"https:\/\/gartenlounge.ch\/\",\"name\":\"Gartenlounge\",\"description\":\"Lounges und Garten Lounges Aller Art Spezialisiert.\",\"publisher\":{\"@id\":\"https:\/\/gartenlounge.ch\/#organization\"},\"potentialAction\":[{\"@type\":\"SearchAction\",\"target\":{\"@type\":\"EntryPoint\",\"urlTemplate\":\"https:\/\/gartenlounge.ch\/?s={search_term_string}\"},\"query-input\":\"required name=search_term_string\"}],\"inLanguage\":\"fr-FR\"},{\"@type\":\"Organization\",\"@id\":\"https:\/\/gartenlounge.ch\/#organization\",\"name\":\"Gartenlounge - Lounges und Gartenlounges aller Art spezialisiert.\",\"url\":\"https:\/\/gartenlounge.ch\/\",\"logo\":{\"@type\":\"ImageObject\",\"inLanguage\":\"fr-FR\",\"@id\":\"https:\/\/gartenlounge.ch\/#\/schema\/logo\/image\/\",\"url\":\"https:\/\/gartenlounge.ch\/wp-content\/uploads\/2018\/09\/Gartenlongue.ch_.png\",\"contentUrl\":\"https:\/\/gartenlounge.ch\/wp-content\/uploads\/2018\/09\/Gartenlongue.ch_.png\",\"width\":500,\"height\":67,\"caption\":\"Gartenlounge - Lounges und Gartenlounges aller Art spezialisiert.\"},\"image\":{\"@id\":\"https:\/\/gartenlounge.ch\/#\/schema\/logo\/image\/\"},\"sameAs\":[\"https:\/\/www.facebook.com\/outdoorsofa\/\"]}]}<\/script>\n<!-- \/ Yoast SEO plugin. -->","yoast_head_json":{"title":"Cosiloft 100 lounge table beige \/ teak - Gartenlounge","description":"Seit 2006 ist gartenlounge.ch auf lounges und gartenm\u00f6bel aller art spezialisiert. Quer durch die ganze welt, auf der spur von individualit\u00e4t und exklusivit\u00e4t.","robots":{"index":"index","follow":"follow","max-snippet":"max-snippet:-1","max-image-preview":"max-image-preview:large","max-video-preview":"max-video-preview:-1"},"canonical":"https:\/\/gartenlounge.ch\/product\/cosidesign\/cosiloft-100-lounge-table-black-teak\/","og_locale":"fr_FR","og_type":"article","og_title":"Cosiloft 100 lounge table beige \/ teak - Gartenlounge","og_description":"Seit 2006 ist gartenlounge.ch auf lounges und gartenm\u00f6bel aller art spezialisiert. Quer durch die ganze welt, auf der spur von individualit\u00e4t und exklusivit\u00e4t.","og_url":"https:\/\/gartenlounge.ch\/product\/cosidesign\/cosiloft-100-lounge-table-black-teak\/","og_site_name":"Gartenlounge","article_publisher":"https:\/\/www.facebook.com\/outdoorsofa\/","article_modified_time":"2025-11-29T10:31:59+00:00","og_image":[{"width":800,"height":600,"url":"https:\/\/gartenlounge.ch\/wp-content\/uploads\/2025\/08\/Cosiloft-100-lounge-table-black-1.jpg","type":"image\/jpeg"}],"twitter_card":"summary_large_image","twitter_misc":{"Dur\u00e9e de lecture estim\u00e9e":"2 minutes"},"schema":{"@context":"https:\/\/schema.org","@graph":[{"@type":"WebPage","@id":"https:\/\/gartenlounge.ch\/product\/cosidesign\/cosiloft-100-lounge-table-black-teak\/","url":"https:\/\/gartenlounge.ch\/product\/cosidesign\/cosiloft-100-lounge-table-black-teak\/","name":"Cosiloft 100 lounge table beige \/ teak - Gartenlounge","isPartOf":{"@id":"https:\/\/gartenlounge.ch\/#website"},"primaryImageOfPage":{"@id":"https:\/\/gartenlounge.ch\/product\/cosidesign\/cosiloft-100-lounge-table-black-teak\/#primaryimage"},"image":{"@id":"https:\/\/gartenlounge.ch\/product\/cosidesign\/cosiloft-100-lounge-table-black-teak\/#primaryimage"},"thumbnailUrl":"https:\/\/gartenlounge.ch\/wp-content\/uploads\/2025\/08\/Cosiloft-100-lounge-table-black-1.jpg","datePublished":"2025-08-21T12:13:23+00:00","dateModified":"2025-11-29T10:31:59+00:00","description":"Seit 2006 ist gartenlounge.ch auf lounges und gartenm\u00f6bel aller art spezialisiert. Quer durch die ganze welt, auf der spur von individualit\u00e4t und exklusivit\u00e4t.","breadcrumb":{"@id":"https:\/\/gartenlounge.ch\/product\/cosidesign\/cosiloft-100-lounge-table-black-teak\/#breadcrumb"},"inLanguage":"fr-FR","potentialAction":[{"@type":"ReadAction","target":["https:\/\/gartenlounge.ch\/product\/cosidesign\/cosiloft-100-lounge-table-black-teak\/"]}]},{"@type":"ImageObject","inLanguage":"fr-FR","@id":"https:\/\/gartenlounge.ch\/product\/cosidesign\/cosiloft-100-lounge-table-black-teak\/#primaryimage","url":"https:\/\/gartenlounge.ch\/wp-content\/uploads\/2025\/08\/Cosiloft-100-lounge-table-black-1.jpg","contentUrl":"https:\/\/gartenlounge.ch\/wp-content\/uploads\/2025\/08\/Cosiloft-100-lounge-table-black-1.jpg","width":800,"height":600},{"@type":"BreadcrumbList","@id":"https:\/\/gartenlounge.ch\/product\/cosidesign\/cosiloft-100-lounge-table-black-teak\/#breadcrumb","itemListElement":[{"@type":"ListItem","position":1,"name":"Home","item":"https:\/\/gartenlounge.ch\/fr\/"},{"@type":"ListItem","position":2,"name":"Boutique","item":"https:\/\/gartenlounge.ch\/fr\/boutique\/"},{"@type":"ListItem","position":3,"name":"Cosiloft 100 lounge table beige \/ teak"}]},{"@type":"WebSite","@id":"https:\/\/gartenlounge.ch\/#website","url":"https:\/\/gartenlounge.ch\/","name":"Gartenlounge","description":"Lounges und Garten Lounges Aller Art Spezialisiert.","publisher":{"@id":"https:\/\/gartenlounge.ch\/#organization"},"potentialAction":[{"@type":"SearchAction","target":{"@type":"EntryPoint","urlTemplate":"https:\/\/gartenlounge.ch\/?s={search_term_string}"},"query-input":"required name=search_term_string"}],"inLanguage":"fr-FR"},{"@type":"Organization","@id":"https:\/\/gartenlounge.ch\/#organization","name":"Gartenlounge - Lounges und Gartenlounges aller Art spezialisiert.","url":"https:\/\/gartenlounge.ch\/","logo":{"@type":"ImageObject","inLanguage":"fr-FR","@id":"https:\/\/gartenlounge.ch\/#\/schema\/logo\/image\/","url":"https:\/\/gartenlounge.ch\/wp-content\/uploads\/2018\/09\/Gartenlongue.ch_.png","contentUrl":"https:\/\/gartenlounge.ch\/wp-content\/uploads\/2018\/09\/Gartenlongue.ch_.png","width":500,"height":67,"caption":"Gartenlounge - Lounges und Gartenlounges aller Art spezialisiert."},"image":{"@id":"https:\/\/gartenlounge.ch\/#\/schema\/logo\/image\/"},"sameAs":["https:\/\/www.facebook.com\/outdoorsofa\/"]}]}},"_links":{"self":[{"href":"https:\/\/gartenlounge.ch\/fr\/wp-json\/wp\/v2\/product\/103930"}],"collection":[{"href":"https:\/\/gartenlounge.ch\/fr\/wp-json\/wp\/v2\/product"}],"about":[{"href":"https:\/\/gartenlounge.ch\/fr\/wp-json\/wp\/v2\/types\/product"}],"wp:featuredmedia":[{"embeddable":true,"href":"https:\/\/gartenlounge.ch\/fr\/wp-json\/wp\/v2\/media\/103931"}],"wp:attachment":[{"href":"https:\/\/gartenlounge.ch\/fr\/wp-json\/wp\/v2\/media?parent=103930"}],"wp:term":[{"taxonomy":"product_cat","embeddable":true,"href":"https:\/\/gartenlounge.ch\/fr\/wp-json\/wp\/v2\/product_cat?post=103930"},{"taxonomy":"product_tag","embeddable":true,"href":"https:\/\/gartenlounge.ch\/fr\/wp-json\/wp\/v2\/product_tag?post=103930"}],"curies":[{"name":"wp","href":"https:\/\/api.w.org\/{rel}","templated":true}]}}