{"id":103634,"date":"2025-07-10T06:34:36","date_gmt":"2025-07-10T06:34:36","guid":{"rendered":"https:\/\/gartenlounge.ch\/?post_type=product&#038;p=103634"},"modified":"2026-03-26T11:04:00","modified_gmt":"2026-03-26T11:04:00","slug":"lovely-lounge","status":"publish","type":"product","link":"https:\/\/gartenlounge.ch\/fr\/product\/garten-lounges\/wetterfest\/lovely-lounge\/","title":{"rendered":"gartenlounge Lovely Coffee Set beige"},"content":{"rendered":"<p class=\"yiv7346046998MsoNormal\"><b><span lang=\"DE\">Lovely 3er Sofa<u><\/u><u><\/u><\/span><\/b><\/p>\n<p class=\"yiv7346046998MsoNormal\"><span lang=\"DE\">Sitzh\u00f6he 42cm<u><\/u><u><\/u><\/span><\/p>\n<p class=\"yiv7346046998MsoNormal\"><span lang=\"DE\">Sitztiefe ohne Kissen 74cm<u><\/u><u><\/u><\/span><\/p>\n<p class=\"yiv7346046998MsoNormal\"><span lang=\"DE\">Sitztiefe mit Kissen 55cm<u><\/u><u><\/u><\/span><\/p>\n<p class=\"yiv7346046998MsoNormal\"><span lang=\"DE\">H\u00f6he ohne Kissen 73<u><\/u><u><\/u><\/span><\/p>\n<p class=\"yiv7346046998MsoNormal\"><span lang=\"DE\">H\u00f6he mit Kissen 88<u><\/u><u><\/u><\/span><\/p>\n<p class=\"yiv7346046998MsoNormal\"><span lang=\"DE\">Beite 83cm<u><\/u><u><\/u><\/span><\/p>\n<p class=\"yiv7346046998MsoNormal\"><span lang=\"EN-GB\">L\u00e4nge 200cm<u><\/u><u><\/u><\/span><\/p>\n<p class=\"yiv7346046998MsoNormal\"><b><span lang=\"EN-GB\">Lovely Sessel<u><\/u><u><\/u><\/span><\/b><\/p>\n<p class=\"yiv7346046998MsoNormal\"><span lang=\"DE\">Sitzh\u00f6he 42cm<u><\/u><u><\/u><\/span><\/p>\n<p class=\"yiv7346046998MsoNormal\"><span lang=\"DE\">Sitztiefe ohne Kissen 74cm<u><\/u><u><\/u><\/span><\/p>\n<p class=\"yiv7346046998MsoNormal\"><span lang=\"DE\">Sitztiefe mit Kissen 55cm<u><\/u><u><\/u><\/span><\/p>\n<p class=\"yiv7346046998MsoNormal\"><span lang=\"DE\">H\u00f6he ohne Kissen 73<u><\/u><u><\/u><\/span><\/p>\n<p class=\"yiv7346046998MsoNormal\"><span lang=\"DE\">H\u00f6he mit Kissen 88<u><\/u><u><\/u><\/span><\/p>\n<p class=\"yiv7346046998MsoNormal\"><span lang=\"DE\">Beite 83cm<u><\/u><u><\/u><\/span><\/p>\n<p class=\"yiv7346046998MsoNormal\"><span lang=\"EN-GB\">Tiefe 78cm<\/span><\/p>\n","protected":false},"excerpt":{"rendered":"<p>Lovely 3er Sofa Sitzh\u00f6he 42cm Sitztiefe ohne Kissen 74cm Sitztiefe mit Kissen 55cm H\u00f6he ohne Kissen 73 H\u00f6he mit Kissen 88 Beite 83cm L\u00e4nge 200cm Lovely Sessel Sitzh\u00f6he 42cm Sitztiefe ohne Kissen 74cm Sitztiefe mit Kissen 55cm H\u00f6he ohne Kissen 73 H\u00f6he mit Kissen 88 Beite 83cm Tiefe 78cm<\/p>\n","protected":false},"featured_media":103853,"template":"","meta":{"_acf_changed":false},"product_cat":[70,336],"product_tag":[],"acf":[],"yoast_head":"<!-- This site is optimized with the Yoast SEO plugin v22.3 - https:\/\/yoast.com\/wordpress\/plugins\/seo\/ -->\n<title>gartenlounge Lovely Coffee Set beige - Gartenlounge<\/title>\n<meta name=\"description\" content=\"Seit 2006 ist gartenlounge.ch auf lounges und gartenm\u00f6bel aller art spezialisiert. Quer durch die ganze welt, auf der spur von individualit\u00e4t und exklusivit\u00e4t.\" \/>\n<meta name=\"robots\" content=\"index, follow, max-snippet:-1, max-image-preview:large, max-video-preview:-1\" \/>\n<link rel=\"canonical\" href=\"https:\/\/gartenlounge.ch\/product\/garten-lounges\/wetterfest\/lovely-lounge\/\" \/>\n<meta property=\"og:locale\" content=\"fr_FR\" \/>\n<meta property=\"og:type\" content=\"article\" \/>\n<meta property=\"og:title\" content=\"gartenlounge Lovely Coffee Set beige - Gartenlounge\" \/>\n<meta property=\"og:description\" content=\"Seit 2006 ist gartenlounge.ch auf lounges und gartenm\u00f6bel aller art spezialisiert. Quer durch die ganze welt, auf der spur von individualit\u00e4t und exklusivit\u00e4t.\" \/>\n<meta property=\"og:url\" content=\"https:\/\/gartenlounge.ch\/product\/garten-lounges\/wetterfest\/lovely-lounge\/\" \/>\n<meta property=\"og:site_name\" content=\"Gartenlounge\" \/>\n<meta property=\"article:publisher\" content=\"https:\/\/www.facebook.com\/outdoorsofa\/\" \/>\n<meta property=\"article:modified_time\" content=\"2026-03-26T11:04:00+00:00\" \/>\n<meta property=\"og:image\" content=\"https:\/\/gartenlounge.ch\/wp-content\/uploads\/2025\/07\/Lovely-lounge-beige-0.jpg\" \/>\n\t<meta property=\"og:image:width\" content=\"800\" \/>\n\t<meta property=\"og:image:height\" content=\"600\" \/>\n\t<meta property=\"og:image:type\" content=\"image\/jpeg\" \/>\n<meta name=\"twitter:card\" content=\"summary_large_image\" \/>\n<meta name=\"twitter:label1\" content=\"Dur\u00e9e de lecture estim\u00e9e\" \/>\n\t<meta name=\"twitter:data1\" content=\"1 minute\" \/>\n<script type=\"application\/ld+json\" class=\"yoast-schema-graph\">{\"@context\":\"https:\/\/schema.org\",\"@graph\":[{\"@type\":\"WebPage\",\"@id\":\"https:\/\/gartenlounge.ch\/product\/garten-lounges\/wetterfest\/lovely-lounge\/\",\"url\":\"https:\/\/gartenlounge.ch\/product\/garten-lounges\/wetterfest\/lovely-lounge\/\",\"name\":\"gartenlounge Lovely Coffee Set beige - Gartenlounge\",\"isPartOf\":{\"@id\":\"https:\/\/gartenlounge.ch\/#website\"},\"primaryImageOfPage\":{\"@id\":\"https:\/\/gartenlounge.ch\/product\/garten-lounges\/wetterfest\/lovely-lounge\/#primaryimage\"},\"image\":{\"@id\":\"https:\/\/gartenlounge.ch\/product\/garten-lounges\/wetterfest\/lovely-lounge\/#primaryimage\"},\"thumbnailUrl\":\"https:\/\/gartenlounge.ch\/wp-content\/uploads\/2025\/07\/Lovely-lounge-beige-0.jpg\",\"datePublished\":\"2025-07-10T06:34:36+00:00\",\"dateModified\":\"2026-03-26T11:04:00+00:00\",\"description\":\"Seit 2006 ist gartenlounge.ch auf lounges und gartenm\u00f6bel aller art spezialisiert. Quer durch die ganze welt, auf der spur von individualit\u00e4t und exklusivit\u00e4t.\",\"breadcrumb\":{\"@id\":\"https:\/\/gartenlounge.ch\/product\/garten-lounges\/wetterfest\/lovely-lounge\/#breadcrumb\"},\"inLanguage\":\"fr-FR\",\"potentialAction\":[{\"@type\":\"ReadAction\",\"target\":[\"https:\/\/gartenlounge.ch\/product\/garten-lounges\/wetterfest\/lovely-lounge\/\"]}]},{\"@type\":\"ImageObject\",\"inLanguage\":\"fr-FR\",\"@id\":\"https:\/\/gartenlounge.ch\/product\/garten-lounges\/wetterfest\/lovely-lounge\/#primaryimage\",\"url\":\"https:\/\/gartenlounge.ch\/wp-content\/uploads\/2025\/07\/Lovely-lounge-beige-0.jpg\",\"contentUrl\":\"https:\/\/gartenlounge.ch\/wp-content\/uploads\/2025\/07\/Lovely-lounge-beige-0.jpg\",\"width\":800,\"height\":600},{\"@type\":\"BreadcrumbList\",\"@id\":\"https:\/\/gartenlounge.ch\/product\/garten-lounges\/wetterfest\/lovely-lounge\/#breadcrumb\",\"itemListElement\":[{\"@type\":\"ListItem\",\"position\":1,\"name\":\"Home\",\"item\":\"https:\/\/gartenlounge.ch\/fr\/\"},{\"@type\":\"ListItem\",\"position\":2,\"name\":\"Boutique\",\"item\":\"https:\/\/gartenlounge.ch\/fr\/boutique\/\"},{\"@type\":\"ListItem\",\"position\":3,\"name\":\"gartenlounge Lovely Coffee Set beige\"}]},{\"@type\":\"WebSite\",\"@id\":\"https:\/\/gartenlounge.ch\/#website\",\"url\":\"https:\/\/gartenlounge.ch\/\",\"name\":\"Gartenlounge\",\"description\":\"Lounges und Garten Lounges Aller Art Spezialisiert.\",\"publisher\":{\"@id\":\"https:\/\/gartenlounge.ch\/#organization\"},\"potentialAction\":[{\"@type\":\"SearchAction\",\"target\":{\"@type\":\"EntryPoint\",\"urlTemplate\":\"https:\/\/gartenlounge.ch\/?s={search_term_string}\"},\"query-input\":\"required name=search_term_string\"}],\"inLanguage\":\"fr-FR\"},{\"@type\":\"Organization\",\"@id\":\"https:\/\/gartenlounge.ch\/#organization\",\"name\":\"Gartenlounge - Lounges und Gartenlounges aller Art spezialisiert.\",\"url\":\"https:\/\/gartenlounge.ch\/\",\"logo\":{\"@type\":\"ImageObject\",\"inLanguage\":\"fr-FR\",\"@id\":\"https:\/\/gartenlounge.ch\/#\/schema\/logo\/image\/\",\"url\":\"https:\/\/gartenlounge.ch\/wp-content\/uploads\/2018\/09\/Gartenlongue.ch_.png\",\"contentUrl\":\"https:\/\/gartenlounge.ch\/wp-content\/uploads\/2018\/09\/Gartenlongue.ch_.png\",\"width\":500,\"height\":67,\"caption\":\"Gartenlounge - Lounges und Gartenlounges aller Art spezialisiert.\"},\"image\":{\"@id\":\"https:\/\/gartenlounge.ch\/#\/schema\/logo\/image\/\"},\"sameAs\":[\"https:\/\/www.facebook.com\/outdoorsofa\/\"]}]}<\/script>\n<!-- \/ Yoast SEO plugin. -->","yoast_head_json":{"title":"gartenlounge Lovely Coffee Set beige - Gartenlounge","description":"Seit 2006 ist gartenlounge.ch auf lounges und gartenm\u00f6bel aller art spezialisiert. Quer durch die ganze welt, auf der spur von individualit\u00e4t und exklusivit\u00e4t.","robots":{"index":"index","follow":"follow","max-snippet":"max-snippet:-1","max-image-preview":"max-image-preview:large","max-video-preview":"max-video-preview:-1"},"canonical":"https:\/\/gartenlounge.ch\/product\/garten-lounges\/wetterfest\/lovely-lounge\/","og_locale":"fr_FR","og_type":"article","og_title":"gartenlounge Lovely Coffee Set beige - Gartenlounge","og_description":"Seit 2006 ist gartenlounge.ch auf lounges und gartenm\u00f6bel aller art spezialisiert. Quer durch die ganze welt, auf der spur von individualit\u00e4t und exklusivit\u00e4t.","og_url":"https:\/\/gartenlounge.ch\/product\/garten-lounges\/wetterfest\/lovely-lounge\/","og_site_name":"Gartenlounge","article_publisher":"https:\/\/www.facebook.com\/outdoorsofa\/","article_modified_time":"2026-03-26T11:04:00+00:00","og_image":[{"width":800,"height":600,"url":"https:\/\/gartenlounge.ch\/wp-content\/uploads\/2025\/07\/Lovely-lounge-beige-0.jpg","type":"image\/jpeg"}],"twitter_card":"summary_large_image","twitter_misc":{"Dur\u00e9e de lecture estim\u00e9e":"1 minute"},"schema":{"@context":"https:\/\/schema.org","@graph":[{"@type":"WebPage","@id":"https:\/\/gartenlounge.ch\/product\/garten-lounges\/wetterfest\/lovely-lounge\/","url":"https:\/\/gartenlounge.ch\/product\/garten-lounges\/wetterfest\/lovely-lounge\/","name":"gartenlounge Lovely Coffee Set beige - Gartenlounge","isPartOf":{"@id":"https:\/\/gartenlounge.ch\/#website"},"primaryImageOfPage":{"@id":"https:\/\/gartenlounge.ch\/product\/garten-lounges\/wetterfest\/lovely-lounge\/#primaryimage"},"image":{"@id":"https:\/\/gartenlounge.ch\/product\/garten-lounges\/wetterfest\/lovely-lounge\/#primaryimage"},"thumbnailUrl":"https:\/\/gartenlounge.ch\/wp-content\/uploads\/2025\/07\/Lovely-lounge-beige-0.jpg","datePublished":"2025-07-10T06:34:36+00:00","dateModified":"2026-03-26T11:04:00+00:00","description":"Seit 2006 ist gartenlounge.ch auf lounges und gartenm\u00f6bel aller art spezialisiert. Quer durch die ganze welt, auf der spur von individualit\u00e4t und exklusivit\u00e4t.","breadcrumb":{"@id":"https:\/\/gartenlounge.ch\/product\/garten-lounges\/wetterfest\/lovely-lounge\/#breadcrumb"},"inLanguage":"fr-FR","potentialAction":[{"@type":"ReadAction","target":["https:\/\/gartenlounge.ch\/product\/garten-lounges\/wetterfest\/lovely-lounge\/"]}]},{"@type":"ImageObject","inLanguage":"fr-FR","@id":"https:\/\/gartenlounge.ch\/product\/garten-lounges\/wetterfest\/lovely-lounge\/#primaryimage","url":"https:\/\/gartenlounge.ch\/wp-content\/uploads\/2025\/07\/Lovely-lounge-beige-0.jpg","contentUrl":"https:\/\/gartenlounge.ch\/wp-content\/uploads\/2025\/07\/Lovely-lounge-beige-0.jpg","width":800,"height":600},{"@type":"BreadcrumbList","@id":"https:\/\/gartenlounge.ch\/product\/garten-lounges\/wetterfest\/lovely-lounge\/#breadcrumb","itemListElement":[{"@type":"ListItem","position":1,"name":"Home","item":"https:\/\/gartenlounge.ch\/fr\/"},{"@type":"ListItem","position":2,"name":"Boutique","item":"https:\/\/gartenlounge.ch\/fr\/boutique\/"},{"@type":"ListItem","position":3,"name":"gartenlounge Lovely Coffee Set beige"}]},{"@type":"WebSite","@id":"https:\/\/gartenlounge.ch\/#website","url":"https:\/\/gartenlounge.ch\/","name":"Gartenlounge","description":"Lounges und Garten Lounges Aller Art Spezialisiert.","publisher":{"@id":"https:\/\/gartenlounge.ch\/#organization"},"potentialAction":[{"@type":"SearchAction","target":{"@type":"EntryPoint","urlTemplate":"https:\/\/gartenlounge.ch\/?s={search_term_string}"},"query-input":"required name=search_term_string"}],"inLanguage":"fr-FR"},{"@type":"Organization","@id":"https:\/\/gartenlounge.ch\/#organization","name":"Gartenlounge - Lounges und Gartenlounges aller Art spezialisiert.","url":"https:\/\/gartenlounge.ch\/","logo":{"@type":"ImageObject","inLanguage":"fr-FR","@id":"https:\/\/gartenlounge.ch\/#\/schema\/logo\/image\/","url":"https:\/\/gartenlounge.ch\/wp-content\/uploads\/2018\/09\/Gartenlongue.ch_.png","contentUrl":"https:\/\/gartenlounge.ch\/wp-content\/uploads\/2018\/09\/Gartenlongue.ch_.png","width":500,"height":67,"caption":"Gartenlounge - Lounges und Gartenlounges aller Art spezialisiert."},"image":{"@id":"https:\/\/gartenlounge.ch\/#\/schema\/logo\/image\/"},"sameAs":["https:\/\/www.facebook.com\/outdoorsofa\/"]}]}},"_links":{"self":[{"href":"https:\/\/gartenlounge.ch\/fr\/wp-json\/wp\/v2\/product\/103634"}],"collection":[{"href":"https:\/\/gartenlounge.ch\/fr\/wp-json\/wp\/v2\/product"}],"about":[{"href":"https:\/\/gartenlounge.ch\/fr\/wp-json\/wp\/v2\/types\/product"}],"wp:featuredmedia":[{"embeddable":true,"href":"https:\/\/gartenlounge.ch\/fr\/wp-json\/wp\/v2\/media\/103853"}],"wp:attachment":[{"href":"https:\/\/gartenlounge.ch\/fr\/wp-json\/wp\/v2\/media?parent=103634"}],"wp:term":[{"taxonomy":"product_cat","embeddable":true,"href":"https:\/\/gartenlounge.ch\/fr\/wp-json\/wp\/v2\/product_cat?post=103634"},{"taxonomy":"product_tag","embeddable":true,"href":"https:\/\/gartenlounge.ch\/fr\/wp-json\/wp\/v2\/product_tag?post=103634"}],"curies":[{"name":"wp","href":"https:\/\/api.w.org\/{rel}","templated":true}]}}