{"id":102501,"date":"2024-11-01T07:49:14","date_gmt":"2024-11-01T07:49:14","guid":{"rendered":"https:\/\/gartenlounge.ch\/?post_type=product&#038;p=102501"},"modified":"2025-03-30T21:03:42","modified_gmt":"2025-03-30T21:03:42","slug":"kartell-lantern-fu-rauch","status":"publish","type":"product","link":"https:\/\/gartenlounge.ch\/fr\/product\/outlet\/kartell-lantern-fu-rauch\/","title":{"rendered":"Kartell Lantern, FU Rauch"},"content":{"rendered":"<p>Breite:\u00a0 9,5 cm<br \/>\nTiefe:\u00a0 9,5 cm<br \/>\nH\u00f6he:\u00a0 31 cmSt\u00fcckgewicht:\u00a0 0.8 kg<\/p>\n<p>Der Leuchtenk\u00f6rper kann im Freien verwendet werden (IP54), w\u00e4hrend der Akkusockel nur im Innenbereich verwendet werden darf (IP20).<\/p>\n<ul>\n<li>wiederaufladbare Laterne<\/li>\n<li>mit fest integrierten LEDs<\/li>\n<li>mit handlicher Ladestation<\/li>\n<li>ideal als Tischschmuck<\/li>\n<li>auch aufh\u00e4ngbar<\/li>\n<\/ul>\n<p>Das Erscheinen der Lampe \u00e4hnelt einer orientalischen Laterne. Die LED Akku Leuchte kann sehr verschieden eingesetzt werden \u2013 am Boden, auf dem Tisch oder aufgeh\u00e4ngt, Drinnen oder Draussen. Gelegentlich m\u00fcssen Sie die Universallampe auf der mitgelieferten Ladestation wieder aufladen. Durch den synthetischen Kunststoff PMMA ist die Lantern sehr leicht und kann deshalb gut umpositioniert werden, ganz unabh\u00e4ngig vom Stromnetz.<\/p>\n","protected":false},"excerpt":{"rendered":"<p>Breite:\u00a0 9,5 cm Tiefe:\u00a0 9,5 cm H\u00f6he:\u00a0 31 cmSt\u00fcckgewicht:\u00a0 0.8 kg Der Leuchtenk\u00f6rper kann im Freien verwendet werden (IP54), w\u00e4hrend der Akkusockel nur im Innenbereich verwendet werden darf (IP20). wiederaufladbare Laterne mit fest integrierten LEDs mit handlicher Ladestation ideal als Tischschmuck auch aufh\u00e4ngbar Das Erscheinen der Lampe \u00e4hnelt einer orientalischen Laterne. Die LED Akku Leuchte [&#8230;]\n","protected":false},"featured_media":102502,"template":"","meta":{"_acf_changed":false},"product_cat":[77],"product_tag":[],"acf":[],"yoast_head":"<!-- This site is optimized with the Yoast SEO plugin v22.3 - https:\/\/yoast.com\/wordpress\/plugins\/seo\/ -->\n<title>Kartell Lantern, FU Rauch - Gartenlounge<\/title>\n<meta name=\"description\" content=\"Seit 2006 ist gartenlounge.ch auf lounges und gartenm\u00f6bel aller art spezialisiert. Quer durch die ganze welt, auf der spur von individualit\u00e4t und exklusivit\u00e4t.\" \/>\n<meta name=\"robots\" content=\"index, follow, max-snippet:-1, max-image-preview:large, max-video-preview:-1\" \/>\n<link rel=\"canonical\" href=\"https:\/\/gartenlounge.ch\/product\/outlet\/kartell-lantern-fu-rauch\/\" \/>\n<meta property=\"og:locale\" content=\"fr_FR\" \/>\n<meta property=\"og:type\" content=\"article\" \/>\n<meta property=\"og:title\" content=\"Kartell Lantern, FU Rauch - Gartenlounge\" \/>\n<meta property=\"og:description\" content=\"Seit 2006 ist gartenlounge.ch auf lounges und gartenm\u00f6bel aller art spezialisiert. Quer durch die ganze welt, auf der spur von individualit\u00e4t und exklusivit\u00e4t.\" \/>\n<meta property=\"og:url\" content=\"https:\/\/gartenlounge.ch\/product\/outlet\/kartell-lantern-fu-rauch\/\" \/>\n<meta property=\"og:site_name\" content=\"Gartenlounge\" \/>\n<meta property=\"article:publisher\" content=\"https:\/\/www.facebook.com\/outdoorsofa\/\" \/>\n<meta property=\"article:modified_time\" content=\"2025-03-30T21:03:42+00:00\" \/>\n<meta property=\"og:image\" content=\"https:\/\/gartenlounge.ch\/wp-content\/uploads\/2024\/11\/Kartell-Lantern-FU-Rauch.jpg\" \/>\n\t<meta property=\"og:image:width\" content=\"800\" \/>\n\t<meta property=\"og:image:height\" content=\"600\" \/>\n\t<meta property=\"og:image:type\" content=\"image\/jpeg\" \/>\n<meta name=\"twitter:card\" content=\"summary_large_image\" \/>\n<meta name=\"twitter:label1\" content=\"Dur\u00e9e de lecture estim\u00e9e\" \/>\n\t<meta name=\"twitter:data1\" content=\"1 minute\" \/>\n<script type=\"application\/ld+json\" class=\"yoast-schema-graph\">{\"@context\":\"https:\/\/schema.org\",\"@graph\":[{\"@type\":\"WebPage\",\"@id\":\"https:\/\/gartenlounge.ch\/product\/outlet\/kartell-lantern-fu-rauch\/\",\"url\":\"https:\/\/gartenlounge.ch\/product\/outlet\/kartell-lantern-fu-rauch\/\",\"name\":\"Kartell Lantern, FU Rauch - Gartenlounge\",\"isPartOf\":{\"@id\":\"https:\/\/gartenlounge.ch\/#website\"},\"primaryImageOfPage\":{\"@id\":\"https:\/\/gartenlounge.ch\/product\/outlet\/kartell-lantern-fu-rauch\/#primaryimage\"},\"image\":{\"@id\":\"https:\/\/gartenlounge.ch\/product\/outlet\/kartell-lantern-fu-rauch\/#primaryimage\"},\"thumbnailUrl\":\"https:\/\/gartenlounge.ch\/wp-content\/uploads\/2024\/11\/Kartell-Lantern-FU-Rauch.jpg\",\"datePublished\":\"2024-11-01T07:49:14+00:00\",\"dateModified\":\"2025-03-30T21:03:42+00:00\",\"description\":\"Seit 2006 ist gartenlounge.ch auf lounges und gartenm\u00f6bel aller art spezialisiert. Quer durch die ganze welt, auf der spur von individualit\u00e4t und exklusivit\u00e4t.\",\"breadcrumb\":{\"@id\":\"https:\/\/gartenlounge.ch\/product\/outlet\/kartell-lantern-fu-rauch\/#breadcrumb\"},\"inLanguage\":\"fr-FR\",\"potentialAction\":[{\"@type\":\"ReadAction\",\"target\":[\"https:\/\/gartenlounge.ch\/product\/outlet\/kartell-lantern-fu-rauch\/\"]}]},{\"@type\":\"ImageObject\",\"inLanguage\":\"fr-FR\",\"@id\":\"https:\/\/gartenlounge.ch\/product\/outlet\/kartell-lantern-fu-rauch\/#primaryimage\",\"url\":\"https:\/\/gartenlounge.ch\/wp-content\/uploads\/2024\/11\/Kartell-Lantern-FU-Rauch.jpg\",\"contentUrl\":\"https:\/\/gartenlounge.ch\/wp-content\/uploads\/2024\/11\/Kartell-Lantern-FU-Rauch.jpg\",\"width\":800,\"height\":600},{\"@type\":\"BreadcrumbList\",\"@id\":\"https:\/\/gartenlounge.ch\/product\/outlet\/kartell-lantern-fu-rauch\/#breadcrumb\",\"itemListElement\":[{\"@type\":\"ListItem\",\"position\":1,\"name\":\"Home\",\"item\":\"https:\/\/gartenlounge.ch\/fr\/\"},{\"@type\":\"ListItem\",\"position\":2,\"name\":\"Boutique\",\"item\":\"https:\/\/gartenlounge.ch\/fr\/boutique\/\"},{\"@type\":\"ListItem\",\"position\":3,\"name\":\"Kartell Lantern, FU Rauch\"}]},{\"@type\":\"WebSite\",\"@id\":\"https:\/\/gartenlounge.ch\/#website\",\"url\":\"https:\/\/gartenlounge.ch\/\",\"name\":\"Gartenlounge\",\"description\":\"Lounges und Garten Lounges Aller Art Spezialisiert.\",\"publisher\":{\"@id\":\"https:\/\/gartenlounge.ch\/#organization\"},\"potentialAction\":[{\"@type\":\"SearchAction\",\"target\":{\"@type\":\"EntryPoint\",\"urlTemplate\":\"https:\/\/gartenlounge.ch\/?s={search_term_string}\"},\"query-input\":\"required name=search_term_string\"}],\"inLanguage\":\"fr-FR\"},{\"@type\":\"Organization\",\"@id\":\"https:\/\/gartenlounge.ch\/#organization\",\"name\":\"Gartenlounge - Lounges und Gartenlounges aller Art spezialisiert.\",\"url\":\"https:\/\/gartenlounge.ch\/\",\"logo\":{\"@type\":\"ImageObject\",\"inLanguage\":\"fr-FR\",\"@id\":\"https:\/\/gartenlounge.ch\/#\/schema\/logo\/image\/\",\"url\":\"https:\/\/gartenlounge.ch\/wp-content\/uploads\/2018\/09\/Gartenlongue.ch_.png\",\"contentUrl\":\"https:\/\/gartenlounge.ch\/wp-content\/uploads\/2018\/09\/Gartenlongue.ch_.png\",\"width\":500,\"height\":67,\"caption\":\"Gartenlounge - Lounges und Gartenlounges aller Art spezialisiert.\"},\"image\":{\"@id\":\"https:\/\/gartenlounge.ch\/#\/schema\/logo\/image\/\"},\"sameAs\":[\"https:\/\/www.facebook.com\/outdoorsofa\/\"]}]}<\/script>\n<!-- \/ Yoast SEO plugin. -->","yoast_head_json":{"title":"Kartell Lantern, FU Rauch - Gartenlounge","description":"Seit 2006 ist gartenlounge.ch auf lounges und gartenm\u00f6bel aller art spezialisiert. Quer durch die ganze welt, auf der spur von individualit\u00e4t und exklusivit\u00e4t.","robots":{"index":"index","follow":"follow","max-snippet":"max-snippet:-1","max-image-preview":"max-image-preview:large","max-video-preview":"max-video-preview:-1"},"canonical":"https:\/\/gartenlounge.ch\/product\/outlet\/kartell-lantern-fu-rauch\/","og_locale":"fr_FR","og_type":"article","og_title":"Kartell Lantern, FU Rauch - Gartenlounge","og_description":"Seit 2006 ist gartenlounge.ch auf lounges und gartenm\u00f6bel aller art spezialisiert. Quer durch die ganze welt, auf der spur von individualit\u00e4t und exklusivit\u00e4t.","og_url":"https:\/\/gartenlounge.ch\/product\/outlet\/kartell-lantern-fu-rauch\/","og_site_name":"Gartenlounge","article_publisher":"https:\/\/www.facebook.com\/outdoorsofa\/","article_modified_time":"2025-03-30T21:03:42+00:00","og_image":[{"width":800,"height":600,"url":"https:\/\/gartenlounge.ch\/wp-content\/uploads\/2024\/11\/Kartell-Lantern-FU-Rauch.jpg","type":"image\/jpeg"}],"twitter_card":"summary_large_image","twitter_misc":{"Dur\u00e9e de lecture estim\u00e9e":"1 minute"},"schema":{"@context":"https:\/\/schema.org","@graph":[{"@type":"WebPage","@id":"https:\/\/gartenlounge.ch\/product\/outlet\/kartell-lantern-fu-rauch\/","url":"https:\/\/gartenlounge.ch\/product\/outlet\/kartell-lantern-fu-rauch\/","name":"Kartell Lantern, FU Rauch - Gartenlounge","isPartOf":{"@id":"https:\/\/gartenlounge.ch\/#website"},"primaryImageOfPage":{"@id":"https:\/\/gartenlounge.ch\/product\/outlet\/kartell-lantern-fu-rauch\/#primaryimage"},"image":{"@id":"https:\/\/gartenlounge.ch\/product\/outlet\/kartell-lantern-fu-rauch\/#primaryimage"},"thumbnailUrl":"https:\/\/gartenlounge.ch\/wp-content\/uploads\/2024\/11\/Kartell-Lantern-FU-Rauch.jpg","datePublished":"2024-11-01T07:49:14+00:00","dateModified":"2025-03-30T21:03:42+00:00","description":"Seit 2006 ist gartenlounge.ch auf lounges und gartenm\u00f6bel aller art spezialisiert. Quer durch die ganze welt, auf der spur von individualit\u00e4t und exklusivit\u00e4t.","breadcrumb":{"@id":"https:\/\/gartenlounge.ch\/product\/outlet\/kartell-lantern-fu-rauch\/#breadcrumb"},"inLanguage":"fr-FR","potentialAction":[{"@type":"ReadAction","target":["https:\/\/gartenlounge.ch\/product\/outlet\/kartell-lantern-fu-rauch\/"]}]},{"@type":"ImageObject","inLanguage":"fr-FR","@id":"https:\/\/gartenlounge.ch\/product\/outlet\/kartell-lantern-fu-rauch\/#primaryimage","url":"https:\/\/gartenlounge.ch\/wp-content\/uploads\/2024\/11\/Kartell-Lantern-FU-Rauch.jpg","contentUrl":"https:\/\/gartenlounge.ch\/wp-content\/uploads\/2024\/11\/Kartell-Lantern-FU-Rauch.jpg","width":800,"height":600},{"@type":"BreadcrumbList","@id":"https:\/\/gartenlounge.ch\/product\/outlet\/kartell-lantern-fu-rauch\/#breadcrumb","itemListElement":[{"@type":"ListItem","position":1,"name":"Home","item":"https:\/\/gartenlounge.ch\/fr\/"},{"@type":"ListItem","position":2,"name":"Boutique","item":"https:\/\/gartenlounge.ch\/fr\/boutique\/"},{"@type":"ListItem","position":3,"name":"Kartell Lantern, FU Rauch"}]},{"@type":"WebSite","@id":"https:\/\/gartenlounge.ch\/#website","url":"https:\/\/gartenlounge.ch\/","name":"Gartenlounge","description":"Lounges und Garten Lounges Aller Art Spezialisiert.","publisher":{"@id":"https:\/\/gartenlounge.ch\/#organization"},"potentialAction":[{"@type":"SearchAction","target":{"@type":"EntryPoint","urlTemplate":"https:\/\/gartenlounge.ch\/?s={search_term_string}"},"query-input":"required name=search_term_string"}],"inLanguage":"fr-FR"},{"@type":"Organization","@id":"https:\/\/gartenlounge.ch\/#organization","name":"Gartenlounge - Lounges und Gartenlounges aller Art spezialisiert.","url":"https:\/\/gartenlounge.ch\/","logo":{"@type":"ImageObject","inLanguage":"fr-FR","@id":"https:\/\/gartenlounge.ch\/#\/schema\/logo\/image\/","url":"https:\/\/gartenlounge.ch\/wp-content\/uploads\/2018\/09\/Gartenlongue.ch_.png","contentUrl":"https:\/\/gartenlounge.ch\/wp-content\/uploads\/2018\/09\/Gartenlongue.ch_.png","width":500,"height":67,"caption":"Gartenlounge - Lounges und Gartenlounges aller Art spezialisiert."},"image":{"@id":"https:\/\/gartenlounge.ch\/#\/schema\/logo\/image\/"},"sameAs":["https:\/\/www.facebook.com\/outdoorsofa\/"]}]}},"_links":{"self":[{"href":"https:\/\/gartenlounge.ch\/fr\/wp-json\/wp\/v2\/product\/102501"}],"collection":[{"href":"https:\/\/gartenlounge.ch\/fr\/wp-json\/wp\/v2\/product"}],"about":[{"href":"https:\/\/gartenlounge.ch\/fr\/wp-json\/wp\/v2\/types\/product"}],"wp:featuredmedia":[{"embeddable":true,"href":"https:\/\/gartenlounge.ch\/fr\/wp-json\/wp\/v2\/media\/102502"}],"wp:attachment":[{"href":"https:\/\/gartenlounge.ch\/fr\/wp-json\/wp\/v2\/media?parent=102501"}],"wp:term":[{"taxonomy":"product_cat","embeddable":true,"href":"https:\/\/gartenlounge.ch\/fr\/wp-json\/wp\/v2\/product_cat?post=102501"},{"taxonomy":"product_tag","embeddable":true,"href":"https:\/\/gartenlounge.ch\/fr\/wp-json\/wp\/v2\/product_tag?post=102501"}],"curies":[{"name":"wp","href":"https:\/\/api.w.org\/{rel}","templated":true}]}}