{"id":92197,"date":"2021-05-22T07:53:58","date_gmt":"2021-05-22T07:53:58","guid":{"rendered":"https:\/\/gartenlounge.ch\/tische-stuehle\/"},"modified":"2023-06-15T09:37:42","modified_gmt":"2023-06-15T09:37:42","slug":"tische-stuehle","status":"publish","type":"page","link":"https:\/\/gartenlounge.ch\/fr\/tische-stuehle\/","title":{"rendered":"tables &#038; chaises"},"content":{"rendered":"<div class=\"row\"  id=\"row-1208863963\">\n\n\t<div id=\"col-477599049\" class=\"col medium-4 small-12 large-4\"  >\n\t\t\t\t<div class=\"col-inner\"  >\n\t\t\t\n\t\t\t\n\t<div class=\"img has-hover x md-x lg-x y md-y lg-y\" id=\"image_1018804908\">\n\t\t<a class=\"\" href=\"https:\/\/gartenlounge.ch\/fr\/tables-chaises\/\" >\t\t\t\t\t\t<div class=\"img-inner dark\" >\n\t\t\t<img loading=\"lazy\" decoding=\"async\" width=\"800\" height=\"600\" src=\"https:\/\/gartenlounge.ch\/wp-content\/uploads\/2023\/06\/Tische-M-fra.jpg\" class=\"attachment-large size-large\" alt=\"\" srcset=\"https:\/\/gartenlounge.ch\/wp-content\/uploads\/2023\/06\/Tische-M-fra.jpg 800w, https:\/\/gartenlounge.ch\/wp-content\/uploads\/2023\/06\/Tische-M-fra-533x400.jpg 533w, https:\/\/gartenlounge.ch\/wp-content\/uploads\/2023\/06\/Tische-M-fra-768x576.jpg 768w, https:\/\/gartenlounge.ch\/wp-content\/uploads\/2023\/06\/Tische-M-fra-500x375.jpg 500w\" sizes=\"(max-width: 800px) 100vw, 800px\" \/>\t\t\t\t\t\t\n\t\t\t\t\t<\/div>\n\t\t\t\t\t\t<\/a>\t\t\n<style>\n#image_1018804908 {\n  width: 100%;\n}\n<\/style>\n\t<\/div>\n\t\n\t\t<\/div>\n\t\t\t\t\t<\/div>\n\n\t\n\n\t<div id=\"col-2108289094\" class=\"col medium-4 small-12 large-4\"  >\n\t\t\t\t<div class=\"col-inner\"  >\n\t\t\t\n\t\t\t\n\t<div class=\"img has-hover x md-x lg-x y md-y lg-y\" id=\"image_139082894\">\n\t\t<a class=\"\" href=\"https:\/\/gartenlounge.ch\/fr\/categorie-produit\/chaises\/\" >\t\t\t\t\t\t<div class=\"img-inner dark\" >\n\t\t\t<img loading=\"lazy\" decoding=\"async\" width=\"800\" height=\"600\" src=\"https:\/\/gartenlounge.ch\/wp-content\/uploads\/2023\/06\/Stuhle-M-fra.jpg\" class=\"attachment-large size-large\" alt=\"\" srcset=\"https:\/\/gartenlounge.ch\/wp-content\/uploads\/2023\/06\/Stuhle-M-fra.jpg 800w, https:\/\/gartenlounge.ch\/wp-content\/uploads\/2023\/06\/Stuhle-M-fra-533x400.jpg 533w, https:\/\/gartenlounge.ch\/wp-content\/uploads\/2023\/06\/Stuhle-M-fra-768x576.jpg 768w, https:\/\/gartenlounge.ch\/wp-content\/uploads\/2023\/06\/Stuhle-M-fra-500x375.jpg 500w\" sizes=\"(max-width: 800px) 100vw, 800px\" \/>\t\t\t\t\t\t\n\t\t\t\t\t<\/div>\n\t\t\t\t\t\t<\/a>\t\t\n<style>\n#image_139082894 {\n  width: 100%;\n}\n<\/style>\n\t<\/div>\n\t\n\t\t<\/div>\n\t\t\t\t\t<\/div>\n\n\t\n\n\t<div id=\"col-414237243\" class=\"col medium-4 small-12 large-4\"  >\n\t\t\t\t<div class=\"col-inner\"  >\n\t\t\t\n\t\t\t\n\t<div class=\"img has-hover x md-x lg-x y md-y lg-y\" id=\"image_649816619\">\n\t\t<a class=\"\" href=\"https:\/\/gartenlounge.ch\/fr\/categorie-produit\/tables-dappoint\/\" >\t\t\t\t\t\t<div class=\"img-inner dark\" >\n\t\t\t<img loading=\"lazy\" decoding=\"async\" width=\"800\" height=\"600\" src=\"https:\/\/gartenlounge.ch\/wp-content\/uploads\/2023\/06\/Beistelltische-M-fra.jpg\" class=\"attachment-large size-large\" alt=\"\" srcset=\"https:\/\/gartenlounge.ch\/wp-content\/uploads\/2023\/06\/Beistelltische-M-fra.jpg 800w, https:\/\/gartenlounge.ch\/wp-content\/uploads\/2023\/06\/Beistelltische-M-fra-533x400.jpg 533w, https:\/\/gartenlounge.ch\/wp-content\/uploads\/2023\/06\/Beistelltische-M-fra-768x576.jpg 768w, https:\/\/gartenlounge.ch\/wp-content\/uploads\/2023\/06\/Beistelltische-M-fra-500x375.jpg 500w\" sizes=\"(max-width: 800px) 100vw, 800px\" \/>\t\t\t\t\t\t\n\t\t\t\t\t<\/div>\n\t\t\t\t\t\t<\/a>\t\t\n<style>\n#image_649816619 {\n  width: 100%;\n}\n<\/style>\n\t<\/div>\n\t\n\t\t<\/div>\n\t\t\t\t\t<\/div>\n\n\t\n\n\t<div id=\"col-1343173709\" class=\"col medium-4 small-12 large-4\"  >\n\t\t\t\t<div class=\"col-inner\"  >\n\t\t\t\n\t\t\t\n\t<div class=\"img has-hover x md-x lg-x y md-y lg-y\" id=\"image_749399248\">\n\t\t<a class=\"\" href=\"https:\/\/gartenlounge.ch\/fr\/categorie-produit\/bar-chaise-de-bar\/\" >\t\t\t\t\t\t<div class=\"img-inner dark\" >\n\t\t\t<img loading=\"lazy\" decoding=\"async\" width=\"800\" height=\"600\" src=\"https:\/\/gartenlounge.ch\/wp-content\/uploads\/2023\/06\/Bar-M-fra.jpg\" class=\"attachment-large size-large\" alt=\"\" srcset=\"https:\/\/gartenlounge.ch\/wp-content\/uploads\/2023\/06\/Bar-M-fra.jpg 800w, https:\/\/gartenlounge.ch\/wp-content\/uploads\/2023\/06\/Bar-M-fra-533x400.jpg 533w, https:\/\/gartenlounge.ch\/wp-content\/uploads\/2023\/06\/Bar-M-fra-768x576.jpg 768w, https:\/\/gartenlounge.ch\/wp-content\/uploads\/2023\/06\/Bar-M-fra-500x375.jpg 500w\" sizes=\"(max-width: 800px) 100vw, 800px\" \/>\t\t\t\t\t\t\n\t\t\t\t\t<\/div>\n\t\t\t\t\t\t<\/a>\t\t\n<style>\n#image_749399248 {\n  width: 100%;\n}\n<\/style>\n\t<\/div>\n\t\n\t\t<\/div>\n\t\t\t\t\t<\/div>\n\n\t\n\n\t<div id=\"col-339755497\" class=\"col medium-4 small-12 large-4\"  >\n\t\t\t\t<div class=\"col-inner\"  >\n\t\t\t\n\t\t\t\n\t<div class=\"img has-hover x md-x lg-x y md-y lg-y\" id=\"image_1838294902\">\n\t\t<a class=\"\" href=\"https:\/\/gartenlounge.ch\/fr\/categorie-produit\/espace-feu\/\" >\t\t\t\t\t\t<div class=\"img-inner dark\" >\n\t\t\t<img loading=\"lazy\" decoding=\"async\" width=\"800\" height=\"600\" src=\"https:\/\/gartenlounge.ch\/wp-content\/uploads\/2023\/06\/feuerstalle-fr.jpg\" class=\"attachment-large size-large\" alt=\"\" srcset=\"https:\/\/gartenlounge.ch\/wp-content\/uploads\/2023\/06\/feuerstalle-fr.jpg 800w, https:\/\/gartenlounge.ch\/wp-content\/uploads\/2023\/06\/feuerstalle-fr-533x400.jpg 533w, https:\/\/gartenlounge.ch\/wp-content\/uploads\/2023\/06\/feuerstalle-fr-768x576.jpg 768w, https:\/\/gartenlounge.ch\/wp-content\/uploads\/2023\/06\/feuerstalle-fr-500x375.jpg 500w\" sizes=\"(max-width: 800px) 100vw, 800px\" \/>\t\t\t\t\t\t\n\t\t\t\t\t<\/div>\n\t\t\t\t\t\t<\/a>\t\t\n<style>\n#image_1838294902 {\n  width: 100%;\n}\n<\/style>\n\t<\/div>\n\t\n\t\t<\/div>\n\t\t\t\t\t<\/div>\n\n\t\n<\/div>\n","protected":false},"excerpt":{"rendered":"","protected":false},"author":1,"featured_media":0,"parent":0,"menu_order":0,"comment_status":"closed","ping_status":"closed","template":"","meta":{"_acf_changed":false,"footnotes":""},"acf":[],"yoast_head":"<!-- This site is optimized with the Yoast SEO plugin v22.3 - https:\/\/yoast.com\/wordpress\/plugins\/seo\/ -->\n<title>tables &amp; chaises - Lounges und Garten Lounges Aller Art Spezialisiert.<\/title>\n<meta name=\"description\" content=\"Seit 2006 ist gartenlounge.ch auf lounges und gartenm\u00f6bel aller art spezialisiert. Quer durch die ganze welt, auf der spur von individualit\u00e4t und exklusivit\u00e4t.\" \/>\n<meta name=\"robots\" content=\"index, follow, max-snippet:-1, max-image-preview:large, max-video-preview:-1\" \/>\n<link rel=\"canonical\" href=\"https:\/\/gartenlounge.ch\/fr\/tische-stuehle\/\" \/>\n<meta property=\"og:locale\" content=\"fr_FR\" \/>\n<meta property=\"og:type\" content=\"article\" \/>\n<meta property=\"og:title\" content=\"tables &amp; chaises - Lounges und Garten Lounges Aller Art Spezialisiert.\" \/>\n<meta property=\"og:description\" content=\"Seit 2006 ist gartenlounge.ch auf lounges und gartenm\u00f6bel aller art spezialisiert. Quer durch die ganze welt, auf der spur von individualit\u00e4t und exklusivit\u00e4t.\" \/>\n<meta property=\"og:url\" content=\"https:\/\/gartenlounge.ch\/fr\/tische-stuehle\/\" \/>\n<meta property=\"og:site_name\" content=\"Gartenlounge\" \/>\n<meta property=\"article:publisher\" content=\"https:\/\/www.facebook.com\/outdoorsofa\/\" \/>\n<meta property=\"article:modified_time\" content=\"2023-06-15T09:37:42+00:00\" \/>\n<meta name=\"twitter:card\" content=\"summary_large_image\" \/>\n<meta name=\"twitter:label1\" content=\"Dur\u00e9e de lecture estim\u00e9e\" \/>\n\t<meta name=\"twitter:data1\" content=\"1 minute\" \/>\n<script type=\"application\/ld+json\" class=\"yoast-schema-graph\">{\"@context\":\"https:\/\/schema.org\",\"@graph\":[{\"@type\":\"WebPage\",\"@id\":\"https:\/\/gartenlounge.ch\/fr\/tische-stuehle\/\",\"url\":\"https:\/\/gartenlounge.ch\/fr\/tische-stuehle\/\",\"name\":\"tables & chaises - Lounges und Garten Lounges Aller Art Spezialisiert.\",\"isPartOf\":{\"@id\":\"https:\/\/gartenlounge.ch\/#website\"},\"datePublished\":\"2021-05-22T07:53:58+00:00\",\"dateModified\":\"2023-06-15T09:37:42+00:00\",\"description\":\"Seit 2006 ist gartenlounge.ch auf lounges und gartenm\u00f6bel aller art spezialisiert. Quer durch die ganze welt, auf der spur von individualit\u00e4t und exklusivit\u00e4t.\",\"breadcrumb\":{\"@id\":\"https:\/\/gartenlounge.ch\/fr\/tische-stuehle\/#breadcrumb\"},\"inLanguage\":\"fr-FR\",\"potentialAction\":[{\"@type\":\"ReadAction\",\"target\":[\"https:\/\/gartenlounge.ch\/fr\/tische-stuehle\/\"]}]},{\"@type\":\"BreadcrumbList\",\"@id\":\"https:\/\/gartenlounge.ch\/fr\/tische-stuehle\/#breadcrumb\",\"itemListElement\":[{\"@type\":\"ListItem\",\"position\":1,\"name\":\"Home\",\"item\":\"https:\/\/gartenlounge.ch\/fr\/\"},{\"@type\":\"ListItem\",\"position\":2,\"name\":\"tables &#038; chaises\"}]},{\"@type\":\"WebSite\",\"@id\":\"https:\/\/gartenlounge.ch\/#website\",\"url\":\"https:\/\/gartenlounge.ch\/\",\"name\":\"Gartenlounge\",\"description\":\"Lounges und Garten Lounges Aller Art Spezialisiert.\",\"publisher\":{\"@id\":\"https:\/\/gartenlounge.ch\/#organization\"},\"potentialAction\":[{\"@type\":\"SearchAction\",\"target\":{\"@type\":\"EntryPoint\",\"urlTemplate\":\"https:\/\/gartenlounge.ch\/?s={search_term_string}\"},\"query-input\":\"required name=search_term_string\"}],\"inLanguage\":\"fr-FR\"},{\"@type\":\"Organization\",\"@id\":\"https:\/\/gartenlounge.ch\/#organization\",\"name\":\"Gartenlounge - Lounges und Gartenlounges aller Art spezialisiert.\",\"url\":\"https:\/\/gartenlounge.ch\/\",\"logo\":{\"@type\":\"ImageObject\",\"inLanguage\":\"fr-FR\",\"@id\":\"https:\/\/gartenlounge.ch\/#\/schema\/logo\/image\/\",\"url\":\"https:\/\/gartenlounge.ch\/wp-content\/uploads\/2018\/09\/Gartenlongue.ch_.png\",\"contentUrl\":\"https:\/\/gartenlounge.ch\/wp-content\/uploads\/2018\/09\/Gartenlongue.ch_.png\",\"width\":500,\"height\":67,\"caption\":\"Gartenlounge - Lounges und Gartenlounges aller Art spezialisiert.\"},\"image\":{\"@id\":\"https:\/\/gartenlounge.ch\/#\/schema\/logo\/image\/\"},\"sameAs\":[\"https:\/\/www.facebook.com\/outdoorsofa\/\"]}]}<\/script>\n<!-- \/ Yoast SEO plugin. -->","yoast_head_json":{"title":"tables & chaises - Lounges und Garten Lounges Aller Art Spezialisiert.","description":"Seit 2006 ist gartenlounge.ch auf lounges und gartenm\u00f6bel aller art spezialisiert. Quer durch die ganze welt, auf der spur von individualit\u00e4t und exklusivit\u00e4t.","robots":{"index":"index","follow":"follow","max-snippet":"max-snippet:-1","max-image-preview":"max-image-preview:large","max-video-preview":"max-video-preview:-1"},"canonical":"https:\/\/gartenlounge.ch\/fr\/tische-stuehle\/","og_locale":"fr_FR","og_type":"article","og_title":"tables & chaises - Lounges und Garten Lounges Aller Art Spezialisiert.","og_description":"Seit 2006 ist gartenlounge.ch auf lounges und gartenm\u00f6bel aller art spezialisiert. Quer durch die ganze welt, auf der spur von individualit\u00e4t und exklusivit\u00e4t.","og_url":"https:\/\/gartenlounge.ch\/fr\/tische-stuehle\/","og_site_name":"Gartenlounge","article_publisher":"https:\/\/www.facebook.com\/outdoorsofa\/","article_modified_time":"2023-06-15T09:37:42+00:00","twitter_card":"summary_large_image","twitter_misc":{"Dur\u00e9e de lecture estim\u00e9e":"1 minute"},"schema":{"@context":"https:\/\/schema.org","@graph":[{"@type":"WebPage","@id":"https:\/\/gartenlounge.ch\/fr\/tische-stuehle\/","url":"https:\/\/gartenlounge.ch\/fr\/tische-stuehle\/","name":"tables & chaises - Lounges und Garten Lounges Aller Art Spezialisiert.","isPartOf":{"@id":"https:\/\/gartenlounge.ch\/#website"},"datePublished":"2021-05-22T07:53:58+00:00","dateModified":"2023-06-15T09:37:42+00:00","description":"Seit 2006 ist gartenlounge.ch auf lounges und gartenm\u00f6bel aller art spezialisiert. Quer durch die ganze welt, auf der spur von individualit\u00e4t und exklusivit\u00e4t.","breadcrumb":{"@id":"https:\/\/gartenlounge.ch\/fr\/tische-stuehle\/#breadcrumb"},"inLanguage":"fr-FR","potentialAction":[{"@type":"ReadAction","target":["https:\/\/gartenlounge.ch\/fr\/tische-stuehle\/"]}]},{"@type":"BreadcrumbList","@id":"https:\/\/gartenlounge.ch\/fr\/tische-stuehle\/#breadcrumb","itemListElement":[{"@type":"ListItem","position":1,"name":"Home","item":"https:\/\/gartenlounge.ch\/fr\/"},{"@type":"ListItem","position":2,"name":"tables &#038; chaises"}]},{"@type":"WebSite","@id":"https:\/\/gartenlounge.ch\/#website","url":"https:\/\/gartenlounge.ch\/","name":"Gartenlounge","description":"Lounges und Garten Lounges Aller Art Spezialisiert.","publisher":{"@id":"https:\/\/gartenlounge.ch\/#organization"},"potentialAction":[{"@type":"SearchAction","target":{"@type":"EntryPoint","urlTemplate":"https:\/\/gartenlounge.ch\/?s={search_term_string}"},"query-input":"required name=search_term_string"}],"inLanguage":"fr-FR"},{"@type":"Organization","@id":"https:\/\/gartenlounge.ch\/#organization","name":"Gartenlounge - Lounges und Gartenlounges aller Art spezialisiert.","url":"https:\/\/gartenlounge.ch\/","logo":{"@type":"ImageObject","inLanguage":"fr-FR","@id":"https:\/\/gartenlounge.ch\/#\/schema\/logo\/image\/","url":"https:\/\/gartenlounge.ch\/wp-content\/uploads\/2018\/09\/Gartenlongue.ch_.png","contentUrl":"https:\/\/gartenlounge.ch\/wp-content\/uploads\/2018\/09\/Gartenlongue.ch_.png","width":500,"height":67,"caption":"Gartenlounge - Lounges und Gartenlounges aller Art spezialisiert."},"image":{"@id":"https:\/\/gartenlounge.ch\/#\/schema\/logo\/image\/"},"sameAs":["https:\/\/www.facebook.com\/outdoorsofa\/"]}]}},"_links":{"self":[{"href":"https:\/\/gartenlounge.ch\/fr\/wp-json\/wp\/v2\/pages\/92197"}],"collection":[{"href":"https:\/\/gartenlounge.ch\/fr\/wp-json\/wp\/v2\/pages"}],"about":[{"href":"https:\/\/gartenlounge.ch\/fr\/wp-json\/wp\/v2\/types\/page"}],"author":[{"embeddable":true,"href":"https:\/\/gartenlounge.ch\/fr\/wp-json\/wp\/v2\/users\/1"}],"replies":[{"embeddable":true,"href":"https:\/\/gartenlounge.ch\/fr\/wp-json\/wp\/v2\/comments?post=92197"}],"version-history":[{"count":22,"href":"https:\/\/gartenlounge.ch\/fr\/wp-json\/wp\/v2\/pages\/92197\/revisions"}],"predecessor-version":[{"id":99480,"href":"https:\/\/gartenlounge.ch\/fr\/wp-json\/wp\/v2\/pages\/92197\/revisions\/99480"}],"wp:attachment":[{"href":"https:\/\/gartenlounge.ch\/fr\/wp-json\/wp\/v2\/media?parent=92197"}],"curies":[{"name":"wp","href":"https:\/\/api.w.org\/{rel}","templated":true}]}}