{"id":2884,"date":"2019-11-03T18:08:47","date_gmt":"2019-11-03T18:08:47","guid":{"rendered":"https:\/\/gartenlounge.ch\/protection-des-donnees\/"},"modified":"2019-12-23T10:14:19","modified_gmt":"2019-12-23T10:14:19","slug":"protection-des-donnees","status":"publish","type":"page","link":"https:\/\/gartenlounge.ch\/fr\/protection-des-donnees\/","title":{"rendered":"Protection des donn\u00e9es"},"content":{"rendered":"<div class=\"container section-title-container\" ><h3 class=\"section-title section-title-center\"><b><\/b><span class=\"section-title-main\" >Protection des donn\u00e9es<\/span><b><\/b><\/h3><\/div>\n<p style=\"font-weight: 400;\">En visitant les pages Web, des informations sur l&amp;#39;acc\u00e8s (date, heure, page consult\u00e9e)<br \/>\npeuvent \u00eatre enregistr\u00e9es. Si la possibilit\u00e9 de saisir des donn\u00e9es personnelles ou<br \/>\nprofessionnelles (adresses e-mail, nom, adresses) est donn\u00e9e, la saisie de ces donn\u00e9es a<br \/>\nlieu volontairement.<br \/>\nEn concluant un contrat d&amp;#39;achat avec nous, en enregistrant vos coordonn\u00e9es sur notre<br \/>\nsite Web ou en communiquant avec nous par voie \u00e9lectronique, vous acceptez que nous<br \/>\npuissions recueillir, stocker, divulguer et utiliser vos renseignements personnels que<br \/>\nvous nous fournissez sur notre site Web (y compris en rapport avec un contrat d&amp;#39;achat)<br \/>\nconform\u00e9ment \u00e0 la pr\u00e9sente politique de confidentialit\u00e9 sans votre consentement \u00e9crit<br \/>\npr\u00e9alable.<br \/>\nNous traiterons et utiliserons vos donn\u00e9es et informations de mani\u00e8re s\u00e9curis\u00e9e et<br \/>\nl\u00e9gale conform\u00e9ment \u00e0 la loi suisse. Les donn\u00e9es peuvent \u00eatre trait\u00e9es par voie<br \/>\n\u00e9lectronique ou automatis\u00e9e. Nous n&amp;#39;utiliserons les donn\u00e9es personnelles que vous<br \/>\nnous fournissez (\u00e9galement dans le cadre de votre contrat d&amp;#39;achat) que pour vous<br \/>\ndonner la possibilit\u00e9 d&amp;#39;acheter nos produits, de participer \u00e0 des enqu\u00eates concernant<br \/>\nnotre site Web ou notre gamme de produits, ou pour vous informer sur nos activit\u00e9s,<br \/>\nservices et produits ou transactions en cours. Vos donn\u00e9es seront \u00e9galement utilis\u00e9es si<br \/>\nnous transf\u00e9rons des t\u00e2ches logistiques ou autres \u00e0 des tiers. Vos donn\u00e9es personnelles<br \/>\nseront g\u00e9r\u00e9es par gartenlounge.ch.<\/p>\n<p style=\"font-weight: 400;\">Newsletter<\/p>\n<p>La newsletter de gartenlounge.ch est g\u00e9r\u00e9e par votre profil sur notre site. Vous pouvez<br \/>\nvous inscrire \u00e0 notre newsletter \u00e0 diff\u00e9rents endroits. Si vous vous inscrivez, vous<br \/>\nrecevrez un e-mail de notre part \u00e0 l&amp;#39;adresse e-mail indiqu\u00e9e. Il contiendra un lien pour votre confirmation.<br \/>\nSi vous ne souhaitez plus recevoir la newsletter, vous pouvez le faire en cliquant<br \/>\nsimplement sur le lien de chacune de nos newsletters. Vous pouvez \u00e9galement le faire<br \/>\nvia votre profil sur notre site web.<\/p>\n<p style=\"font-weight: 400;\"><b><strong>Cookies: <\/strong><\/b>Les sites Internet de gartenlounge.ch utilisent des cookies \u00e0 plusieurs endroits. Ils<br \/>\nservent \u00e0 rendre notre offre plus conviviale, plus efficace et plus s\u00fbre. Nous utilisons<br \/>\n\u00e9galement des cookies pour am\u00e9liorer votre exp\u00e9rience d&amp;#39;achat, en particulier pour<br \/>\nsavoir si vous avez d\u00e9j\u00e0 visit\u00e9 le site et pour suivre le contenu de votre panier. Cette<br \/>\npolitique de cookies vous informe sur l&amp;#39;utilisation des cookies sur le site Web :<br \/>\nLes cookies sont de petits fichiers texte qui sont stock\u00e9s sur votre ordinateur par votre<br \/>\nnavigateur. La plupart des cookies que nous utilisons sont des &amp;quot;cookies de session&amp;quot;. Ils<br \/>\nsont automatiquement supprim\u00e9s \u00e0 la fin de votre visite.<br \/>\nLes cookies n&amp;#39;endommagent pas votre ordinateur et ne contiennent pas de virus. Si vous<br \/>\nne souhaitez toujours pas que des cookies soient install\u00e9s, vous pouvez toujours utiliser<br \/>\nnotre site Web sans eux. Vous pouvez modifier les param\u00e8tres de votre navigateur pour<br \/>\nque les cookies ne soient pas accept\u00e9s ou stock\u00e9s \u00e0 tout moment. Vous pouvez<br \/>\n\u00e9galement supprimer \u00e0 tout moment les cookies qui ont d\u00e9j\u00e0 \u00e9t\u00e9 enregistr\u00e9s. Veuillez<br \/>\nconsulter les instructions de votre navigateur.<br \/>\nVeuillez noter que si les cookies sont d\u00e9sactiv\u00e9s, certaines fonctions de notre site Web<br \/>\nsont seulement limit\u00e9es ou ne sont pas disponibles du tout. Nous vous recommandons<br \/>\ndonc de configurer les param\u00e8tres de votre navigateur de mani\u00e8re \u00e0 ce que vous<br \/>\nacceptiez les cookies sur notre site Internet.<\/p>\n<p style=\"font-weight: 400;\"><b><strong>Social Plugins:<\/strong><\/b><\/p>\n<p style=\"font-weight: 400;\">Gartenlounge.ch utilise des plugins sociaux de r\u00e9seaux sociaux comme Facebook,<br \/>\nYoutube, Google+, etc.<br \/>\nVeuillez noter que nous n&amp;#39;avons aucun contr\u00f4le sur la quantit\u00e9 de donn\u00e9es recueillies<br \/>\nsur les r\u00e9seaux sociaux avec leurs plugins sociaux. Le but et l&amp;#39;\u00e9tendue de la collecte, du<br \/>\ntraitement et de l&amp;#39;utilisation des donn\u00e9es par les r\u00e9seaux sociaux respectifs, ainsi que<br \/>\nvos droits en la mati\u00e8re et les possibilit\u00e9s de protection de votre vie priv\u00e9e se trouvent<br \/>\ndans les informations relatives \u00e0 la protection des donn\u00e9es des r\u00e9seaux sociaux<br \/>\nrespectifs.<br \/>\nSi vous \u00eates membre d&amp;#39;un r\u00e9seau social et que vous ne souhaitez pas qu&amp;#39;il \u00e9tablisse un<br \/>\nlien entre les donn\u00e9es recueillies lors de votre visite sur notre site Web et vos donn\u00e9es<br \/>\nde membre enregistr\u00e9es, vous devez vous d\u00e9connecter de ce r\u00e9seau social avant<br \/>\nd&amp;#39;activer les plugins sociaux.<br \/>\nPour plus d`informations, veuillez consulter le site:<br \/>\n\/\/www.trustedshops.com\/tsdocument\/audit_sample_social_plugins_de.pdf.<\/p>\n","protected":false},"excerpt":{"rendered":"<p>En visitant les pages Web, des informations sur l&amp;#39;acc\u00e8s (date, heure, page consult\u00e9e) peuvent \u00eatre enregistr\u00e9es. Si la possibilit\u00e9 de saisir des donn\u00e9es personnelles ou professionnelles (adresses e-mail, nom, adresses) est donn\u00e9e, la saisie de ces donn\u00e9es a lieu volontairement. En concluant un contrat d&amp;#39;achat avec nous, en enregistrant vos coordonn\u00e9es sur notre site Web [&#8230;]\n","protected":false},"author":1,"featured_media":0,"parent":0,"menu_order":0,"comment_status":"closed","ping_status":"closed","template":"","meta":{"_acf_changed":false,"footnotes":""},"acf":[],"yoast_head":"<!-- This site is optimized with the Yoast SEO plugin v22.3 - https:\/\/yoast.com\/wordpress\/plugins\/seo\/ -->\n<title>Protection des donn\u00e9es - Lounges und Garten Lounges Aller Art Spezialisiert.<\/title>\n<meta name=\"description\" content=\"Seit 2006 ist gartenlounge.ch auf lounges und gartenm\u00f6bel aller art spezialisiert. Quer durch die ganze welt, auf der spur von individualit\u00e4t und exklusivit\u00e4t.\" \/>\n<meta name=\"robots\" content=\"index, follow, max-snippet:-1, max-image-preview:large, max-video-preview:-1\" \/>\n<link rel=\"canonical\" href=\"https:\/\/gartenlounge.ch\/fr\/protection-des-donnees\/\" \/>\n<meta property=\"og:locale\" content=\"fr_FR\" \/>\n<meta property=\"og:type\" content=\"article\" \/>\n<meta property=\"og:title\" content=\"Protection des donn\u00e9es - Lounges und Garten Lounges Aller Art Spezialisiert.\" \/>\n<meta property=\"og:description\" content=\"Seit 2006 ist gartenlounge.ch auf lounges und gartenm\u00f6bel aller art spezialisiert. Quer durch die ganze welt, auf der spur von individualit\u00e4t und exklusivit\u00e4t.\" \/>\n<meta property=\"og:url\" content=\"https:\/\/gartenlounge.ch\/fr\/protection-des-donnees\/\" \/>\n<meta property=\"og:site_name\" content=\"Gartenlounge\" \/>\n<meta property=\"article:publisher\" content=\"https:\/\/www.facebook.com\/outdoorsofa\/\" \/>\n<meta property=\"article:modified_time\" content=\"2019-12-23T10:14:19+00:00\" \/>\n<meta name=\"twitter:card\" content=\"summary_large_image\" \/>\n<meta name=\"twitter:label1\" content=\"Dur\u00e9e de lecture estim\u00e9e\" \/>\n\t<meta name=\"twitter:data1\" content=\"4 minutes\" \/>\n<script type=\"application\/ld+json\" class=\"yoast-schema-graph\">{\"@context\":\"https:\/\/schema.org\",\"@graph\":[{\"@type\":\"WebPage\",\"@id\":\"https:\/\/gartenlounge.ch\/fr\/protection-des-donnees\/\",\"url\":\"https:\/\/gartenlounge.ch\/fr\/protection-des-donnees\/\",\"name\":\"Protection des donn\u00e9es - Lounges und Garten Lounges Aller Art Spezialisiert.\",\"isPartOf\":{\"@id\":\"https:\/\/gartenlounge.ch\/#website\"},\"datePublished\":\"2019-11-03T18:08:47+00:00\",\"dateModified\":\"2019-12-23T10:14:19+00:00\",\"description\":\"Seit 2006 ist gartenlounge.ch auf lounges und gartenm\u00f6bel aller art spezialisiert. Quer durch die ganze welt, auf der spur von individualit\u00e4t und exklusivit\u00e4t.\",\"breadcrumb\":{\"@id\":\"https:\/\/gartenlounge.ch\/fr\/protection-des-donnees\/#breadcrumb\"},\"inLanguage\":\"fr-FR\",\"potentialAction\":[{\"@type\":\"ReadAction\",\"target\":[\"https:\/\/gartenlounge.ch\/fr\/protection-des-donnees\/\"]}]},{\"@type\":\"BreadcrumbList\",\"@id\":\"https:\/\/gartenlounge.ch\/fr\/protection-des-donnees\/#breadcrumb\",\"itemListElement\":[{\"@type\":\"ListItem\",\"position\":1,\"name\":\"Home\",\"item\":\"https:\/\/gartenlounge.ch\/fr\/\"},{\"@type\":\"ListItem\",\"position\":2,\"name\":\"Protection des donn\u00e9es\"}]},{\"@type\":\"WebSite\",\"@id\":\"https:\/\/gartenlounge.ch\/#website\",\"url\":\"https:\/\/gartenlounge.ch\/\",\"name\":\"Gartenlounge\",\"description\":\"Lounges und Garten Lounges Aller Art Spezialisiert.\",\"publisher\":{\"@id\":\"https:\/\/gartenlounge.ch\/#organization\"},\"potentialAction\":[{\"@type\":\"SearchAction\",\"target\":{\"@type\":\"EntryPoint\",\"urlTemplate\":\"https:\/\/gartenlounge.ch\/?s={search_term_string}\"},\"query-input\":\"required name=search_term_string\"}],\"inLanguage\":\"fr-FR\"},{\"@type\":\"Organization\",\"@id\":\"https:\/\/gartenlounge.ch\/#organization\",\"name\":\"Gartenlounge - Lounges und Gartenlounges aller Art spezialisiert.\",\"url\":\"https:\/\/gartenlounge.ch\/\",\"logo\":{\"@type\":\"ImageObject\",\"inLanguage\":\"fr-FR\",\"@id\":\"https:\/\/gartenlounge.ch\/#\/schema\/logo\/image\/\",\"url\":\"https:\/\/gartenlounge.ch\/wp-content\/uploads\/2018\/09\/Gartenlongue.ch_.png\",\"contentUrl\":\"https:\/\/gartenlounge.ch\/wp-content\/uploads\/2018\/09\/Gartenlongue.ch_.png\",\"width\":500,\"height\":67,\"caption\":\"Gartenlounge - Lounges und Gartenlounges aller Art spezialisiert.\"},\"image\":{\"@id\":\"https:\/\/gartenlounge.ch\/#\/schema\/logo\/image\/\"},\"sameAs\":[\"https:\/\/www.facebook.com\/outdoorsofa\/\"]}]}<\/script>\n<!-- \/ Yoast SEO plugin. -->","yoast_head_json":{"title":"Protection des donn\u00e9es - Lounges und Garten Lounges Aller Art Spezialisiert.","description":"Seit 2006 ist gartenlounge.ch auf lounges und gartenm\u00f6bel aller art spezialisiert. Quer durch die ganze welt, auf der spur von individualit\u00e4t und exklusivit\u00e4t.","robots":{"index":"index","follow":"follow","max-snippet":"max-snippet:-1","max-image-preview":"max-image-preview:large","max-video-preview":"max-video-preview:-1"},"canonical":"https:\/\/gartenlounge.ch\/fr\/protection-des-donnees\/","og_locale":"fr_FR","og_type":"article","og_title":"Protection des donn\u00e9es - Lounges und Garten Lounges Aller Art Spezialisiert.","og_description":"Seit 2006 ist gartenlounge.ch auf lounges und gartenm\u00f6bel aller art spezialisiert. Quer durch die ganze welt, auf der spur von individualit\u00e4t und exklusivit\u00e4t.","og_url":"https:\/\/gartenlounge.ch\/fr\/protection-des-donnees\/","og_site_name":"Gartenlounge","article_publisher":"https:\/\/www.facebook.com\/outdoorsofa\/","article_modified_time":"2019-12-23T10:14:19+00:00","twitter_card":"summary_large_image","twitter_misc":{"Dur\u00e9e de lecture estim\u00e9e":"4 minutes"},"schema":{"@context":"https:\/\/schema.org","@graph":[{"@type":"WebPage","@id":"https:\/\/gartenlounge.ch\/fr\/protection-des-donnees\/","url":"https:\/\/gartenlounge.ch\/fr\/protection-des-donnees\/","name":"Protection des donn\u00e9es - Lounges und Garten Lounges Aller Art Spezialisiert.","isPartOf":{"@id":"https:\/\/gartenlounge.ch\/#website"},"datePublished":"2019-11-03T18:08:47+00:00","dateModified":"2019-12-23T10:14:19+00:00","description":"Seit 2006 ist gartenlounge.ch auf lounges und gartenm\u00f6bel aller art spezialisiert. Quer durch die ganze welt, auf der spur von individualit\u00e4t und exklusivit\u00e4t.","breadcrumb":{"@id":"https:\/\/gartenlounge.ch\/fr\/protection-des-donnees\/#breadcrumb"},"inLanguage":"fr-FR","potentialAction":[{"@type":"ReadAction","target":["https:\/\/gartenlounge.ch\/fr\/protection-des-donnees\/"]}]},{"@type":"BreadcrumbList","@id":"https:\/\/gartenlounge.ch\/fr\/protection-des-donnees\/#breadcrumb","itemListElement":[{"@type":"ListItem","position":1,"name":"Home","item":"https:\/\/gartenlounge.ch\/fr\/"},{"@type":"ListItem","position":2,"name":"Protection des donn\u00e9es"}]},{"@type":"WebSite","@id":"https:\/\/gartenlounge.ch\/#website","url":"https:\/\/gartenlounge.ch\/","name":"Gartenlounge","description":"Lounges und Garten Lounges Aller Art Spezialisiert.","publisher":{"@id":"https:\/\/gartenlounge.ch\/#organization"},"potentialAction":[{"@type":"SearchAction","target":{"@type":"EntryPoint","urlTemplate":"https:\/\/gartenlounge.ch\/?s={search_term_string}"},"query-input":"required name=search_term_string"}],"inLanguage":"fr-FR"},{"@type":"Organization","@id":"https:\/\/gartenlounge.ch\/#organization","name":"Gartenlounge - Lounges und Gartenlounges aller Art spezialisiert.","url":"https:\/\/gartenlounge.ch\/","logo":{"@type":"ImageObject","inLanguage":"fr-FR","@id":"https:\/\/gartenlounge.ch\/#\/schema\/logo\/image\/","url":"https:\/\/gartenlounge.ch\/wp-content\/uploads\/2018\/09\/Gartenlongue.ch_.png","contentUrl":"https:\/\/gartenlounge.ch\/wp-content\/uploads\/2018\/09\/Gartenlongue.ch_.png","width":500,"height":67,"caption":"Gartenlounge - Lounges und Gartenlounges aller Art spezialisiert."},"image":{"@id":"https:\/\/gartenlounge.ch\/#\/schema\/logo\/image\/"},"sameAs":["https:\/\/www.facebook.com\/outdoorsofa\/"]}]}},"_links":{"self":[{"href":"https:\/\/gartenlounge.ch\/fr\/wp-json\/wp\/v2\/pages\/2884"}],"collection":[{"href":"https:\/\/gartenlounge.ch\/fr\/wp-json\/wp\/v2\/pages"}],"about":[{"href":"https:\/\/gartenlounge.ch\/fr\/wp-json\/wp\/v2\/types\/page"}],"author":[{"embeddable":true,"href":"https:\/\/gartenlounge.ch\/fr\/wp-json\/wp\/v2\/users\/1"}],"replies":[{"embeddable":true,"href":"https:\/\/gartenlounge.ch\/fr\/wp-json\/wp\/v2\/comments?post=2884"}],"version-history":[{"count":2,"href":"https:\/\/gartenlounge.ch\/fr\/wp-json\/wp\/v2\/pages\/2884\/revisions"}],"predecessor-version":[{"id":3192,"href":"https:\/\/gartenlounge.ch\/fr\/wp-json\/wp\/v2\/pages\/2884\/revisions\/3192"}],"wp:attachment":[{"href":"https:\/\/gartenlounge.ch\/fr\/wp-json\/wp\/v2\/media?parent=2884"}],"curies":[{"name":"wp","href":"https:\/\/api.w.org\/{rel}","templated":true}]}}