{"id":2882,"date":"2019-11-03T18:06:46","date_gmt":"2019-11-03T18:06:46","guid":{"rendered":"https:\/\/gartenlounge.ch\/conditions-generales-de-vente\/"},"modified":"2019-12-19T10:00:52","modified_gmt":"2019-12-19T10:00:52","slug":"conditions-generales-de-vente","status":"publish","type":"page","link":"https:\/\/gartenlounge.ch\/fr\/conditions-generales-de-vente\/","title":{"rendered":"Conditions g\u00e9n\u00e9rales de vente"},"content":{"rendered":"<p>Conditions g\u00e9n\u00e9rales de vente<\/p>\n<h1>Produits et prix <\/h1>\n<p>Les prix actuels de nos produits sont publi\u00e9s sur www.gartenlounge.ch . Sous r\u00e9serve expresse de modifications de prix ou d&#8217;erreurs de prix. Tous les prix sont des prix nets, TVA comprise. Sauf convention contraire, les offres \/ offres sont soumises \u00e0 vente pr\u00e9alable.<br \/>\nLa s\u00e9lection effectu\u00e9e par le client dans la boutique en ligne gartenlounge.ch est affich\u00e9e dans le panier. Avec la confirmation de la commande par le client, il soumet \u00e0 gartenlounge.ch une offre ferme de conclure un contrat de vente.<\/p>\n<h1>Conditions de livraison<\/h1>\n<p>La livraison s&#8217;effectue en conformit\u00e9 avec les \u00e9l\u00e9ments s\u00e9lectionn\u00e9s, qui sont d\u00e9sign\u00e9s par des noms. La garantie du libre acc\u00e8s \u00e0 l&#8217;appartement, \u00e0 la maison ou au jardin est \u00e0 la charge de l&#8217;acheteur.<br \/>\nLes retards de livraison dus \u00e0 un cas de force majeure ou \u00e0 des difficult\u00e9s d&#8217;approvisionnement ne donnent pas le droit \u00e0 l&#8217;acheteur d&#8217;annuler la commande, de refuser d&#8217;accepter les articles command\u00e9s, de r\u00e9clamer des dommages et int\u00e9r\u00eats ou de r\u00e9clamer le prix d&#8217;achat ; toute responsabilit\u00e9 pour tout retard li\u00e9 \u00e0 l&#8217;ensemble de la commande et au traitement des marchandises livr\u00e9es est rejet\u00e9e.<\/p>\n<h1>Modalit\u00e9s de paiement<\/h1>\n<p>Sauf accord \u00e9crit contraire, les produits sont livr\u00e9s nets contre paiement anticip\u00e9 de la commande ; d&#8217;autres modes de paiement (par ex. paiement comptant \u00e0 la livraison, etc.) sont possibles sur accord. Dans le cas de produits sur mesure, un acompte de 50% du montant de la facture doit \u00eatre vers\u00e9. Les escomptes ne sont autoris\u00e9s que s&#8217;ils ont \u00e9t\u00e9 convenus par \u00e9crit.<br \/>\nJusqu&#8217;au paiement int\u00e9gral du prix, les objets achet\u00e9s restent la propri\u00e9t\u00e9 de AZ CREATION SA (www.gartenlounge.ch), qui est en droit d&#8217;obtenir une inscription au registre de r\u00e9serve de propri\u00e9t\u00e9. En cas de retard de paiement, AZ CREATION SA se r\u00e9serve le droit de ne pas effectuer la livraison ou la livraison r\u00e9siduelle de l&#8217;objet d&#8217;achat jusqu&#8217;au paiement int\u00e9gral du prix d&#8217;achat restant, ou de r\u00e9silier le contrat d&#8217;achat pour un montant de CHF 500.00.<br \/>\nToute demande reconventionnelle de l&#8217;acheteur ne peut \u00eatre compens\u00e9e qu&#8217;avec l&#8217;accord d&#8217;AZ CREATION SA.<\/p>\n<h1>Conditions de restitution <\/h1>\n<p>Le retour est \u00e0 la charge du client. Le client n&#8217;a pas \u00e0 payer le prix d&#8217;achat si l&#8217;article est retourn\u00e9 complet, inutilis\u00e9 et dans son emballage d&#8217;origine. Dans ce cas, gartenlounge.ch remboursera tout paiement d\u00e9j\u00e0 effectu\u00e9 apr\u00e8s v\u00e9rification de la marchandise.<\/p>\n<h1>Garantie<\/h1>\n<p>L&#8217;acheteur doit inspecter l&#8217;objet d&#8217;achat \u00e0 la livraison. Tout d\u00e9faut doit \u00eatre signal\u00e9 par \u00e9crit dans les trois jours. AZ CREATION SA n&#8217;est pas responsable des r\u00e9clamations tardives. Un d\u00e9faut \u00e9ventuel ne donne pas le droit \u00e0 l&#8217;acheteur de retenir le paiement du prix d&#8217;achat. Des diff\u00e9rences de couleur minimes peuvent se produire et doivent \u00eatre accept\u00e9es par l&#8217;acheteur.<br \/>\nLa garantie pour les vices cach\u00e9s est g\u00e9n\u00e9ralement de deux ans. La garantie donne droit \u00e0 l&#8217;acheteur \u00e0 une r\u00e9paration gratuite si AZ CREATION SA ne remplace pas l&#8217;article en question. Les droits de r\u00e9siliation et de r\u00e9duction de l&#8217;acheteur sont exclus.<br \/>\nLa garantie ne couvre pas les bris de vitres et de miroirs ni les dommages caus\u00e9s aux coussins d&#8217;ameublement par l&#8217;usure. Les r\u00e9troviseurs et les plis qui apparaissent pendant l&#8217;utilisation sont sp\u00e9cifiques au produit, ne constituent pas un d\u00e9faut et ne donnent donc pas lieu \u00e0 des droits de garantie. Les diff\u00e9rences de couleur et de structure sont naturelles et sont accept\u00e9es par l&#8217;acheteur. Sont exclus de la garantie les dommages caus\u00e9s par l&#8217;usure, le vieillissement, l&#8217;utilisation d&#8217;autres produits d&#8217;entretien et de nettoyage et une mauvaise manipulation. La garantie expire si les marchandises sont transform\u00e9es ou modifi\u00e9es par l&#8217;acheteur malgr\u00e9 des d\u00e9fauts reconnaissables.<br \/>\nL&#8217;acheteur ne peut pr\u00e9tendre \u00e0 la garantie que s&#8217;il a rempli ses obligations de paiement.<br \/>\nDans le cas d&#8217;une demande de garantie, la valeur actuelle est pr\u00e9sum\u00e9e telle qu&#8217;elle est appliqu\u00e9e, par exemple, \u00e0 l&#8217;assurance m\u00e9nage. La base de calcul pour les meubles, en fonction du type d&#8217;utilisation et des contraintes, est suppos\u00e9e \u00eatre une &#8220;dur\u00e9e de vie&#8221; ou une &#8220;dur\u00e9e de vie utile&#8221; de 6 \u00e0 10 ans au maximum.<\/p>\n<h1>D\u00e9n\u00e9gation de responsabilit\u00e9<\/h1>\n<p>La pr\u00e9sentation sur Internet n&#8217;est pas contraignante. Nous nous r\u00e9servons le droit de modifier la gamme de produits et sa pr\u00e9sentation \u00e0 tout moment et de retirer compl\u00e8tement certains produits de la gamme. Nous d\u00e9clinons toute responsabilit\u00e9 en cas d&#8217;erreurs typographiques, d&#8217;informations et de repr\u00e9sentations erron\u00e9es ou incompl\u00e8tes.<br \/>\nNous mettons tout en \u0153uvre pour assurer la meilleure disponibilit\u00e9 possible des produits propos\u00e9s sur le site. Toutefois, la pr\u00e9sentation d&#8217;un produit particulier sur le site Web n&#8217;implique pas que nous offrons une garantie quant \u00e0 sa disponibilit\u00e9. Nous ne sommes oblig\u00e9s de livrer que des marchandises en stock. Si les produits command\u00e9s ne sont pas disponibles, nous pourrions ne pas \u00eatre en mesure de compl\u00e9ter la commande. Nous nous r\u00e9servons le droit d&#8217;annuler la commande ou d&#8217;effectuer une livraison partielle. Dans ce cas, nous en informerons l&#8217;acheteur.<\/p>\n<h1>Forme \u00e9crite<\/h1>\n<p>Modifications et\/ou informations complementaire sont valable que par forme \u00e9crit. Des accords verbal sont seulement valable si confirm\u00e9 par \u00e9crit.<\/p>\n<h1>Tribunal comp\u00e9tent <\/h1>\n<p>Le tribunal comp\u00e9tent est Zurich.<\/p>\n","protected":false},"excerpt":{"rendered":"<p>Conditions g\u00e9n\u00e9rales de vente Produits et prix Les prix actuels de nos produits sont publi\u00e9s sur www.gartenlounge.ch . Sous r\u00e9serve expresse de modifications de prix ou d&#8217;erreurs de prix. Tous les prix sont des prix nets, TVA comprise. Sauf convention contraire, les offres \/ offres sont soumises \u00e0 vente pr\u00e9alable. La s\u00e9lection effectu\u00e9e par le [&#8230;]\n","protected":false},"author":1,"featured_media":0,"parent":0,"menu_order":0,"comment_status":"closed","ping_status":"open","template":"","meta":{"_acf_changed":false,"footnotes":""},"acf":[],"yoast_head":"<!-- This site is optimized with the Yoast SEO plugin v22.3 - https:\/\/yoast.com\/wordpress\/plugins\/seo\/ -->\n<title>Conditions g\u00e9n\u00e9rales de vente - Lounges und Garten Lounges Aller Art Spezialisiert.<\/title>\n<meta name=\"description\" content=\"Seit 2006 ist gartenlounge.ch auf lounges und gartenm\u00f6bel aller art spezialisiert. Quer durch die ganze welt, auf der spur von individualit\u00e4t und exklusivit\u00e4t.\" \/>\n<meta name=\"robots\" content=\"index, follow, max-snippet:-1, max-image-preview:large, max-video-preview:-1\" \/>\n<link rel=\"canonical\" href=\"https:\/\/gartenlounge.ch\/fr\/conditions-generales-de-vente\/\" \/>\n<meta property=\"og:locale\" content=\"fr_FR\" \/>\n<meta property=\"og:type\" content=\"article\" \/>\n<meta property=\"og:title\" content=\"Conditions g\u00e9n\u00e9rales de vente - Lounges und Garten Lounges Aller Art Spezialisiert.\" \/>\n<meta property=\"og:description\" content=\"Seit 2006 ist gartenlounge.ch auf lounges und gartenm\u00f6bel aller art spezialisiert. Quer durch die ganze welt, auf der spur von individualit\u00e4t und exklusivit\u00e4t.\" \/>\n<meta property=\"og:url\" content=\"https:\/\/gartenlounge.ch\/fr\/conditions-generales-de-vente\/\" \/>\n<meta property=\"og:site_name\" content=\"Gartenlounge\" \/>\n<meta property=\"article:publisher\" content=\"https:\/\/www.facebook.com\/outdoorsofa\/\" \/>\n<meta property=\"article:modified_time\" content=\"2019-12-19T10:00:52+00:00\" \/>\n<meta name=\"twitter:card\" content=\"summary_large_image\" \/>\n<meta name=\"twitter:label1\" content=\"Dur\u00e9e de lecture estim\u00e9e\" \/>\n\t<meta name=\"twitter:data1\" content=\"4 minutes\" \/>\n<script type=\"application\/ld+json\" class=\"yoast-schema-graph\">{\"@context\":\"https:\/\/schema.org\",\"@graph\":[{\"@type\":\"WebPage\",\"@id\":\"https:\/\/gartenlounge.ch\/fr\/conditions-generales-de-vente\/\",\"url\":\"https:\/\/gartenlounge.ch\/fr\/conditions-generales-de-vente\/\",\"name\":\"Conditions g\u00e9n\u00e9rales de vente - Lounges und Garten Lounges Aller Art Spezialisiert.\",\"isPartOf\":{\"@id\":\"https:\/\/gartenlounge.ch\/#website\"},\"datePublished\":\"2019-11-03T18:06:46+00:00\",\"dateModified\":\"2019-12-19T10:00:52+00:00\",\"description\":\"Seit 2006 ist gartenlounge.ch auf lounges und gartenm\u00f6bel aller art spezialisiert. Quer durch die ganze welt, auf der spur von individualit\u00e4t und exklusivit\u00e4t.\",\"breadcrumb\":{\"@id\":\"https:\/\/gartenlounge.ch\/fr\/conditions-generales-de-vente\/#breadcrumb\"},\"inLanguage\":\"fr-FR\",\"potentialAction\":[{\"@type\":\"ReadAction\",\"target\":[\"https:\/\/gartenlounge.ch\/fr\/conditions-generales-de-vente\/\"]}]},{\"@type\":\"BreadcrumbList\",\"@id\":\"https:\/\/gartenlounge.ch\/fr\/conditions-generales-de-vente\/#breadcrumb\",\"itemListElement\":[{\"@type\":\"ListItem\",\"position\":1,\"name\":\"Home\",\"item\":\"https:\/\/gartenlounge.ch\/fr\/\"},{\"@type\":\"ListItem\",\"position\":2,\"name\":\"Conditions g\u00e9n\u00e9rales de vente\"}]},{\"@type\":\"WebSite\",\"@id\":\"https:\/\/gartenlounge.ch\/#website\",\"url\":\"https:\/\/gartenlounge.ch\/\",\"name\":\"Gartenlounge\",\"description\":\"Lounges und Garten Lounges Aller Art Spezialisiert.\",\"publisher\":{\"@id\":\"https:\/\/gartenlounge.ch\/#organization\"},\"potentialAction\":[{\"@type\":\"SearchAction\",\"target\":{\"@type\":\"EntryPoint\",\"urlTemplate\":\"https:\/\/gartenlounge.ch\/?s={search_term_string}\"},\"query-input\":\"required name=search_term_string\"}],\"inLanguage\":\"fr-FR\"},{\"@type\":\"Organization\",\"@id\":\"https:\/\/gartenlounge.ch\/#organization\",\"name\":\"Gartenlounge - Lounges und Gartenlounges aller Art spezialisiert.\",\"url\":\"https:\/\/gartenlounge.ch\/\",\"logo\":{\"@type\":\"ImageObject\",\"inLanguage\":\"fr-FR\",\"@id\":\"https:\/\/gartenlounge.ch\/#\/schema\/logo\/image\/\",\"url\":\"https:\/\/gartenlounge.ch\/wp-content\/uploads\/2018\/09\/Gartenlongue.ch_.png\",\"contentUrl\":\"https:\/\/gartenlounge.ch\/wp-content\/uploads\/2018\/09\/Gartenlongue.ch_.png\",\"width\":500,\"height\":67,\"caption\":\"Gartenlounge - Lounges und Gartenlounges aller Art spezialisiert.\"},\"image\":{\"@id\":\"https:\/\/gartenlounge.ch\/#\/schema\/logo\/image\/\"},\"sameAs\":[\"https:\/\/www.facebook.com\/outdoorsofa\/\"]}]}<\/script>\n<!-- \/ Yoast SEO plugin. -->","yoast_head_json":{"title":"Conditions g\u00e9n\u00e9rales de vente - Lounges und Garten Lounges Aller Art Spezialisiert.","description":"Seit 2006 ist gartenlounge.ch auf lounges und gartenm\u00f6bel aller art spezialisiert. Quer durch die ganze welt, auf der spur von individualit\u00e4t und exklusivit\u00e4t.","robots":{"index":"index","follow":"follow","max-snippet":"max-snippet:-1","max-image-preview":"max-image-preview:large","max-video-preview":"max-video-preview:-1"},"canonical":"https:\/\/gartenlounge.ch\/fr\/conditions-generales-de-vente\/","og_locale":"fr_FR","og_type":"article","og_title":"Conditions g\u00e9n\u00e9rales de vente - Lounges und Garten Lounges Aller Art Spezialisiert.","og_description":"Seit 2006 ist gartenlounge.ch auf lounges und gartenm\u00f6bel aller art spezialisiert. Quer durch die ganze welt, auf der spur von individualit\u00e4t und exklusivit\u00e4t.","og_url":"https:\/\/gartenlounge.ch\/fr\/conditions-generales-de-vente\/","og_site_name":"Gartenlounge","article_publisher":"https:\/\/www.facebook.com\/outdoorsofa\/","article_modified_time":"2019-12-19T10:00:52+00:00","twitter_card":"summary_large_image","twitter_misc":{"Dur\u00e9e de lecture estim\u00e9e":"4 minutes"},"schema":{"@context":"https:\/\/schema.org","@graph":[{"@type":"WebPage","@id":"https:\/\/gartenlounge.ch\/fr\/conditions-generales-de-vente\/","url":"https:\/\/gartenlounge.ch\/fr\/conditions-generales-de-vente\/","name":"Conditions g\u00e9n\u00e9rales de vente - Lounges und Garten Lounges Aller Art Spezialisiert.","isPartOf":{"@id":"https:\/\/gartenlounge.ch\/#website"},"datePublished":"2019-11-03T18:06:46+00:00","dateModified":"2019-12-19T10:00:52+00:00","description":"Seit 2006 ist gartenlounge.ch auf lounges und gartenm\u00f6bel aller art spezialisiert. Quer durch die ganze welt, auf der spur von individualit\u00e4t und exklusivit\u00e4t.","breadcrumb":{"@id":"https:\/\/gartenlounge.ch\/fr\/conditions-generales-de-vente\/#breadcrumb"},"inLanguage":"fr-FR","potentialAction":[{"@type":"ReadAction","target":["https:\/\/gartenlounge.ch\/fr\/conditions-generales-de-vente\/"]}]},{"@type":"BreadcrumbList","@id":"https:\/\/gartenlounge.ch\/fr\/conditions-generales-de-vente\/#breadcrumb","itemListElement":[{"@type":"ListItem","position":1,"name":"Home","item":"https:\/\/gartenlounge.ch\/fr\/"},{"@type":"ListItem","position":2,"name":"Conditions g\u00e9n\u00e9rales de vente"}]},{"@type":"WebSite","@id":"https:\/\/gartenlounge.ch\/#website","url":"https:\/\/gartenlounge.ch\/","name":"Gartenlounge","description":"Lounges und Garten Lounges Aller Art Spezialisiert.","publisher":{"@id":"https:\/\/gartenlounge.ch\/#organization"},"potentialAction":[{"@type":"SearchAction","target":{"@type":"EntryPoint","urlTemplate":"https:\/\/gartenlounge.ch\/?s={search_term_string}"},"query-input":"required name=search_term_string"}],"inLanguage":"fr-FR"},{"@type":"Organization","@id":"https:\/\/gartenlounge.ch\/#organization","name":"Gartenlounge - Lounges und Gartenlounges aller Art spezialisiert.","url":"https:\/\/gartenlounge.ch\/","logo":{"@type":"ImageObject","inLanguage":"fr-FR","@id":"https:\/\/gartenlounge.ch\/#\/schema\/logo\/image\/","url":"https:\/\/gartenlounge.ch\/wp-content\/uploads\/2018\/09\/Gartenlongue.ch_.png","contentUrl":"https:\/\/gartenlounge.ch\/wp-content\/uploads\/2018\/09\/Gartenlongue.ch_.png","width":500,"height":67,"caption":"Gartenlounge - Lounges und Gartenlounges aller Art spezialisiert."},"image":{"@id":"https:\/\/gartenlounge.ch\/#\/schema\/logo\/image\/"},"sameAs":["https:\/\/www.facebook.com\/outdoorsofa\/"]}]}},"_links":{"self":[{"href":"https:\/\/gartenlounge.ch\/fr\/wp-json\/wp\/v2\/pages\/2882"}],"collection":[{"href":"https:\/\/gartenlounge.ch\/fr\/wp-json\/wp\/v2\/pages"}],"about":[{"href":"https:\/\/gartenlounge.ch\/fr\/wp-json\/wp\/v2\/types\/page"}],"author":[{"embeddable":true,"href":"https:\/\/gartenlounge.ch\/fr\/wp-json\/wp\/v2\/users\/1"}],"replies":[{"embeddable":true,"href":"https:\/\/gartenlounge.ch\/fr\/wp-json\/wp\/v2\/comments?post=2882"}],"version-history":[{"count":2,"href":"https:\/\/gartenlounge.ch\/fr\/wp-json\/wp\/v2\/pages\/2882\/revisions"}],"predecessor-version":[{"id":3170,"href":"https:\/\/gartenlounge.ch\/fr\/wp-json\/wp\/v2\/pages\/2882\/revisions\/3170"}],"wp:attachment":[{"href":"https:\/\/gartenlounge.ch\/fr\/wp-json\/wp\/v2\/media?parent=2882"}],"curies":[{"name":"wp","href":"https:\/\/api.w.org\/{rel}","templated":true}]}}