{"id":99349,"date":"2020-06-05T15:54:48","date_gmt":"2020-06-05T15:54:48","guid":{"rendered":"https:\/\/gartenlounge.ch\/product\/uncategorized\/bite-single-w-203-d-93-h-35\/"},"modified":"2023-06-13T13:43:19","modified_gmt":"2023-06-13T13:43:19","slug":"bite-single-w-203-d-93-h-35","status":"publish","type":"product","link":"https:\/\/gartenlounge.ch\/en\/product\/covers\/bite-single-w-203-d-93-h-35\/","title":{"rendered":"Bite Single W-203 D-93 H-35"},"content":{"rendered":"<div>Gewebeschutz \u2013 Protector<\/div>\n<div>1. Tragen Sie beim Gebrauch von diesem Protector einen Augenschutz und Gummihandschuhe.<\/div>\n<div>Decken Sie zuvor den Boden des Arbeitsbereichs ab.<\/div>\n<div>2. Entfernen Sie alle Verschmutzungen mit Wasser, Seife oder benutzen Sie dazu den Exotan<\/div>\n<div>Cleaner.<\/div>\n<div>3. Die behandelten M\u00f6bel lassen Sie vollkommen austrocknen.<\/div>\n<div>4. Vor dem Gebrauch des Gewebeschutzes, sch\u00fctteln Sie die Flasche mindestens eine Minute<\/div>\n<div>lang.<\/div>\n<div>5. Eine dicke Schicht auf das Gewebe spr\u00fchen, sodass der gereinigte Bereich v\u00f6llig<\/div>\n<div>durchfeuchtet wird.<\/div>\n<div>6. Nach 2 Stunden Durchtrocknung wiederholen.<\/div>\n<div>7. Lassen Sie die behandelten M\u00f6bel dann vollst\u00e4ndig austrocknen.<\/div>\n<div>8. Es empfiehlt sich die Lounges mindestens zweimal im Jahr damit zu behandeln.<\/div>\n<div><\/div>\n<div>Vorsicht:<\/div>\n<div>\u2013 Da Produkt darf nicht in die H\u00e4nde von Kindern gelangen.<\/div>\n<div>\u2013 Bei der Anwendung darf nicht gegessen, getrunken oder geraucht werden.<\/div>\n<div>\u2013 Ber\u00fchungen mit den Augen oder mit der Haut vermeiden.<\/div>\n<div>\u2013 Beim Schlucken dieses Mittels, kein Erbrechen herbeif\u00fchren, sondern sofort einen Arzt<\/div>\n<div>aufsuchen und das Etikett der Flasche vorzeigen.<\/div>\n<div>\u2013 Bei unsachgem\u00e4sser Anwendung \u00fcbernehmen wir keine Haftung.<\/div>\n<div>\u2013 Vor Frost sch\u00fctzen<\/div>\n<div><\/div>\n<div>\n<div>Gewebereinigung \u2013 Cleaner<\/div>\n<div>1. Tragen Sie beim Gebrauch von diesem Cleaner einen Augenschutz und Gummihandschuhe.<\/div>\n<div>Decken Sie zuvor den Boden des Arbeitsbereichs ab.<\/div>\n<div>2. Pr\u00fcfen Sie zuerst an einer unauff\u00e4lligen Stelle, ob das Gewebe farbecht ist.<\/div>\n<div>3. Vor dem Gebrauch feuchten Sie das Gewebe gr\u00fcndlich mit Wasser an.<\/div>\n<div>4. Die Fl\u00fcssigkeit auf das Gewebe spr\u00fchen und 5 Minuten einwirken lassen.<\/div>\n<div>5. Schmutz und Fett mit dem Exotan Reinigungsschwamm entfernen.<\/div>\n<div>6. Das behandelte Gewebe mit Wasser absp\u00fclen und trocknen lassen.<\/div>\n<div>7. Wenn die Flecken nicht restlos entfernt wurden, kann die Behandlung mit einer l\u00e4ngeren<\/div>\n<div>Einwirkungszeit wiederholt werden.<\/div>\n<div>8. Behandeln Sie das Gewebe danach mit dem Protecor.<\/div>\n<div><\/div>\n<div>Vorsicht:<\/div>\n<div>\u2013 Da Produkt darf nicht in die H\u00e4nde von Kindern gelangen.<\/div>\n<div>\u2013 Bei der Anwendung darf nicht gegessen, getrunken oder geraucht werden.<\/div>\n<div>\u2013 Ber\u00fchungen mit den Augen oder mit der Haut vermeiden.<\/div>\n<div>\u2013 Beim Schlucken dieses Mittels, kein Erbrechen herbeif\u00fchren, sondern sofort einen Arzt<\/div>\n<div>aufsuchen und das Etikett der Flasche vorzeigen.<\/div>\n<div>\u2013 Bei unsachgem\u00e4sser Anwendung \u00fcbernehmen wir keine Haftung.<\/div>\n<div>\u2013 Vor Frost sch\u00fctzen<\/div>\n<\/div>\n","protected":false},"excerpt":{"rendered":"<p>Gewebeschutz \u2013 Protector 1. Tragen Sie beim Gebrauch von diesem Protector einen Augenschutz und Gummihandschuhe. Decken Sie zuvor den Boden des Arbeitsbereichs ab. 2. Entfernen Sie alle Verschmutzungen mit Wasser, Seife oder benutzen Sie dazu den Exotan Cleaner. 3. Die behandelten M\u00f6bel lassen Sie vollkommen austrocknen. 4. Vor dem Gebrauch des Gewebeschutzes, sch\u00fctteln Sie die [&#8230;]\n","protected":false},"featured_media":102840,"template":"","meta":{"_acf_changed":false},"product_cat":[242],"product_tag":[],"acf":[],"yoast_head":"<!-- This site is optimized with the Yoast SEO plugin v22.3 - https:\/\/yoast.com\/wordpress\/plugins\/seo\/ -->\n<title>Bite Single W-203 D-93 H-35 - Gartenlounge<\/title>\n<meta name=\"description\" content=\"Seit 2006 ist gartenlounge.ch auf lounges und gartenm\u00f6bel aller art spezialisiert. Quer durch die ganze welt, auf der spur von individualit\u00e4t und exklusivit\u00e4t.\" \/>\n<meta name=\"robots\" content=\"index, follow, max-snippet:-1, max-image-preview:large, max-video-preview:-1\" \/>\n<link rel=\"canonical\" href=\"https:\/\/gartenlounge.ch\/en\/product\/covers\/bite-single-w-203-d-93-h-35\/\" \/>\n<meta property=\"og:locale\" content=\"en_US\" \/>\n<meta property=\"og:type\" content=\"article\" \/>\n<meta property=\"og:title\" content=\"Bite Single W-203 D-93 H-35 - Gartenlounge\" \/>\n<meta property=\"og:description\" content=\"Seit 2006 ist gartenlounge.ch auf lounges und gartenm\u00f6bel aller art spezialisiert. Quer durch die ganze welt, auf der spur von individualit\u00e4t und exklusivit\u00e4t.\" \/>\n<meta property=\"og:url\" content=\"https:\/\/gartenlounge.ch\/en\/product\/covers\/bite-single-w-203-d-93-h-35\/\" \/>\n<meta property=\"og:site_name\" content=\"Gartenlounge\" \/>\n<meta property=\"article:publisher\" content=\"https:\/\/www.facebook.com\/outdoorsofa\/\" \/>\n<meta property=\"article:modified_time\" content=\"2023-06-13T13:43:19+00:00\" \/>\n<meta property=\"og:image\" content=\"https:\/\/gartenlounge.ch\/wp-content\/uploads\/2020\/06\/Bite-Single-1.jpg\" \/>\n\t<meta property=\"og:image:width\" content=\"800\" \/>\n\t<meta property=\"og:image:height\" content=\"600\" \/>\n\t<meta property=\"og:image:type\" content=\"image\/jpeg\" \/>\n<meta name=\"twitter:card\" content=\"summary_large_image\" \/>\n<meta name=\"twitter:label1\" content=\"Est. reading time\" \/>\n\t<meta name=\"twitter:data1\" content=\"2 minutes\" \/>\n<script type=\"application\/ld+json\" class=\"yoast-schema-graph\">{\"@context\":\"https:\/\/schema.org\",\"@graph\":[{\"@type\":\"WebPage\",\"@id\":\"https:\/\/gartenlounge.ch\/en\/product\/covers\/bite-single-w-203-d-93-h-35\/\",\"url\":\"https:\/\/gartenlounge.ch\/en\/product\/covers\/bite-single-w-203-d-93-h-35\/\",\"name\":\"Bite Single W-203 D-93 H-35 - Gartenlounge\",\"isPartOf\":{\"@id\":\"https:\/\/gartenlounge.ch\/#website\"},\"primaryImageOfPage\":{\"@id\":\"https:\/\/gartenlounge.ch\/en\/product\/covers\/bite-single-w-203-d-93-h-35\/#primaryimage\"},\"image\":{\"@id\":\"https:\/\/gartenlounge.ch\/en\/product\/covers\/bite-single-w-203-d-93-h-35\/#primaryimage\"},\"thumbnailUrl\":\"https:\/\/gartenlounge.ch\/wp-content\/uploads\/2020\/06\/Bite_Single_210x90x32.jpg\",\"datePublished\":\"2020-06-05T15:54:48+00:00\",\"dateModified\":\"2023-06-13T13:43:19+00:00\",\"description\":\"Seit 2006 ist gartenlounge.ch auf lounges und gartenm\u00f6bel aller art spezialisiert. Quer durch die ganze welt, auf der spur von individualit\u00e4t und exklusivit\u00e4t.\",\"breadcrumb\":{\"@id\":\"https:\/\/gartenlounge.ch\/en\/product\/covers\/bite-single-w-203-d-93-h-35\/#breadcrumb\"},\"inLanguage\":\"en-US\",\"potentialAction\":[{\"@type\":\"ReadAction\",\"target\":[\"https:\/\/gartenlounge.ch\/en\/product\/covers\/bite-single-w-203-d-93-h-35\/\"]}]},{\"@type\":\"ImageObject\",\"inLanguage\":\"en-US\",\"@id\":\"https:\/\/gartenlounge.ch\/en\/product\/covers\/bite-single-w-203-d-93-h-35\/#primaryimage\",\"url\":\"https:\/\/gartenlounge.ch\/wp-content\/uploads\/2020\/06\/Bite_Single_210x90x32.jpg\",\"contentUrl\":\"https:\/\/gartenlounge.ch\/wp-content\/uploads\/2020\/06\/Bite_Single_210x90x32.jpg\",\"width\":800,\"height\":600},{\"@type\":\"BreadcrumbList\",\"@id\":\"https:\/\/gartenlounge.ch\/en\/product\/covers\/bite-single-w-203-d-93-h-35\/#breadcrumb\",\"itemListElement\":[{\"@type\":\"ListItem\",\"position\":1,\"name\":\"Home\",\"item\":\"https:\/\/gartenlounge.ch\/en\/\"},{\"@type\":\"ListItem\",\"position\":2,\"name\":\"Shop\",\"item\":\"https:\/\/gartenlounge.ch\/en\/shop\/\"},{\"@type\":\"ListItem\",\"position\":3,\"name\":\"Bite Single W-203 D-93 H-35\"}]},{\"@type\":\"WebSite\",\"@id\":\"https:\/\/gartenlounge.ch\/#website\",\"url\":\"https:\/\/gartenlounge.ch\/\",\"name\":\"Gartenlounge\",\"description\":\"Lounges und Garten Lounges Aller Art Spezialisiert.\",\"publisher\":{\"@id\":\"https:\/\/gartenlounge.ch\/#organization\"},\"potentialAction\":[{\"@type\":\"SearchAction\",\"target\":{\"@type\":\"EntryPoint\",\"urlTemplate\":\"https:\/\/gartenlounge.ch\/?s={search_term_string}\"},\"query-input\":\"required name=search_term_string\"}],\"inLanguage\":\"en-US\"},{\"@type\":\"Organization\",\"@id\":\"https:\/\/gartenlounge.ch\/#organization\",\"name\":\"Gartenlounge - Lounges und Gartenlounges aller Art spezialisiert.\",\"url\":\"https:\/\/gartenlounge.ch\/\",\"logo\":{\"@type\":\"ImageObject\",\"inLanguage\":\"en-US\",\"@id\":\"https:\/\/gartenlounge.ch\/#\/schema\/logo\/image\/\",\"url\":\"https:\/\/gartenlounge.ch\/wp-content\/uploads\/2018\/09\/Gartenlongue.ch_.png\",\"contentUrl\":\"https:\/\/gartenlounge.ch\/wp-content\/uploads\/2018\/09\/Gartenlongue.ch_.png\",\"width\":500,\"height\":67,\"caption\":\"Gartenlounge - Lounges und Gartenlounges aller Art spezialisiert.\"},\"image\":{\"@id\":\"https:\/\/gartenlounge.ch\/#\/schema\/logo\/image\/\"},\"sameAs\":[\"https:\/\/www.facebook.com\/outdoorsofa\/\"]}]}<\/script>\n<!-- \/ Yoast SEO plugin. -->","yoast_head_json":{"title":"Bite Single W-203 D-93 H-35 - Gartenlounge","description":"Seit 2006 ist gartenlounge.ch auf lounges und gartenm\u00f6bel aller art spezialisiert. Quer durch die ganze welt, auf der spur von individualit\u00e4t und exklusivit\u00e4t.","robots":{"index":"index","follow":"follow","max-snippet":"max-snippet:-1","max-image-preview":"max-image-preview:large","max-video-preview":"max-video-preview:-1"},"canonical":"https:\/\/gartenlounge.ch\/en\/product\/covers\/bite-single-w-203-d-93-h-35\/","og_locale":"en_US","og_type":"article","og_title":"Bite Single W-203 D-93 H-35 - Gartenlounge","og_description":"Seit 2006 ist gartenlounge.ch auf lounges und gartenm\u00f6bel aller art spezialisiert. Quer durch die ganze welt, auf der spur von individualit\u00e4t und exklusivit\u00e4t.","og_url":"https:\/\/gartenlounge.ch\/en\/product\/covers\/bite-single-w-203-d-93-h-35\/","og_site_name":"Gartenlounge","article_publisher":"https:\/\/www.facebook.com\/outdoorsofa\/","article_modified_time":"2023-06-13T13:43:19+00:00","og_image":[{"width":800,"height":600,"url":"https:\/\/gartenlounge.ch\/wp-content\/uploads\/2020\/06\/Bite-Single-1.jpg","type":"image\/jpeg"}],"twitter_card":"summary_large_image","twitter_misc":{"Est. reading time":"2 minutes"},"schema":{"@context":"https:\/\/schema.org","@graph":[{"@type":"WebPage","@id":"https:\/\/gartenlounge.ch\/en\/product\/covers\/bite-single-w-203-d-93-h-35\/","url":"https:\/\/gartenlounge.ch\/en\/product\/covers\/bite-single-w-203-d-93-h-35\/","name":"Bite Single W-203 D-93 H-35 - Gartenlounge","isPartOf":{"@id":"https:\/\/gartenlounge.ch\/#website"},"primaryImageOfPage":{"@id":"https:\/\/gartenlounge.ch\/en\/product\/covers\/bite-single-w-203-d-93-h-35\/#primaryimage"},"image":{"@id":"https:\/\/gartenlounge.ch\/en\/product\/covers\/bite-single-w-203-d-93-h-35\/#primaryimage"},"thumbnailUrl":"https:\/\/gartenlounge.ch\/wp-content\/uploads\/2020\/06\/Bite_Single_210x90x32.jpg","datePublished":"2020-06-05T15:54:48+00:00","dateModified":"2023-06-13T13:43:19+00:00","description":"Seit 2006 ist gartenlounge.ch auf lounges und gartenm\u00f6bel aller art spezialisiert. Quer durch die ganze welt, auf der spur von individualit\u00e4t und exklusivit\u00e4t.","breadcrumb":{"@id":"https:\/\/gartenlounge.ch\/en\/product\/covers\/bite-single-w-203-d-93-h-35\/#breadcrumb"},"inLanguage":"en-US","potentialAction":[{"@type":"ReadAction","target":["https:\/\/gartenlounge.ch\/en\/product\/covers\/bite-single-w-203-d-93-h-35\/"]}]},{"@type":"ImageObject","inLanguage":"en-US","@id":"https:\/\/gartenlounge.ch\/en\/product\/covers\/bite-single-w-203-d-93-h-35\/#primaryimage","url":"https:\/\/gartenlounge.ch\/wp-content\/uploads\/2020\/06\/Bite_Single_210x90x32.jpg","contentUrl":"https:\/\/gartenlounge.ch\/wp-content\/uploads\/2020\/06\/Bite_Single_210x90x32.jpg","width":800,"height":600},{"@type":"BreadcrumbList","@id":"https:\/\/gartenlounge.ch\/en\/product\/covers\/bite-single-w-203-d-93-h-35\/#breadcrumb","itemListElement":[{"@type":"ListItem","position":1,"name":"Home","item":"https:\/\/gartenlounge.ch\/en\/"},{"@type":"ListItem","position":2,"name":"Shop","item":"https:\/\/gartenlounge.ch\/en\/shop\/"},{"@type":"ListItem","position":3,"name":"Bite Single W-203 D-93 H-35"}]},{"@type":"WebSite","@id":"https:\/\/gartenlounge.ch\/#website","url":"https:\/\/gartenlounge.ch\/","name":"Gartenlounge","description":"Lounges und Garten Lounges Aller Art Spezialisiert.","publisher":{"@id":"https:\/\/gartenlounge.ch\/#organization"},"potentialAction":[{"@type":"SearchAction","target":{"@type":"EntryPoint","urlTemplate":"https:\/\/gartenlounge.ch\/?s={search_term_string}"},"query-input":"required name=search_term_string"}],"inLanguage":"en-US"},{"@type":"Organization","@id":"https:\/\/gartenlounge.ch\/#organization","name":"Gartenlounge - Lounges und Gartenlounges aller Art spezialisiert.","url":"https:\/\/gartenlounge.ch\/","logo":{"@type":"ImageObject","inLanguage":"en-US","@id":"https:\/\/gartenlounge.ch\/#\/schema\/logo\/image\/","url":"https:\/\/gartenlounge.ch\/wp-content\/uploads\/2018\/09\/Gartenlongue.ch_.png","contentUrl":"https:\/\/gartenlounge.ch\/wp-content\/uploads\/2018\/09\/Gartenlongue.ch_.png","width":500,"height":67,"caption":"Gartenlounge - Lounges und Gartenlounges aller Art spezialisiert."},"image":{"@id":"https:\/\/gartenlounge.ch\/#\/schema\/logo\/image\/"},"sameAs":["https:\/\/www.facebook.com\/outdoorsofa\/"]}]}},"_links":{"self":[{"href":"https:\/\/gartenlounge.ch\/en\/wp-json\/wp\/v2\/product\/99349"}],"collection":[{"href":"https:\/\/gartenlounge.ch\/en\/wp-json\/wp\/v2\/product"}],"about":[{"href":"https:\/\/gartenlounge.ch\/en\/wp-json\/wp\/v2\/types\/product"}],"wp:featuredmedia":[{"embeddable":true,"href":"https:\/\/gartenlounge.ch\/en\/wp-json\/wp\/v2\/media\/102840"}],"wp:attachment":[{"href":"https:\/\/gartenlounge.ch\/en\/wp-json\/wp\/v2\/media?parent=99349"}],"wp:term":[{"taxonomy":"product_cat","embeddable":true,"href":"https:\/\/gartenlounge.ch\/en\/wp-json\/wp\/v2\/product_cat?post=99349"},{"taxonomy":"product_tag","embeddable":true,"href":"https:\/\/gartenlounge.ch\/en\/wp-json\/wp\/v2\/product_tag?post=99349"}],"curies":[{"name":"wp","href":"https:\/\/api.w.org\/{rel}","templated":true}]}}