{"id":99134,"date":"2019-07-16T08:55:28","date_gmt":"2019-07-16T08:55:28","guid":{"rendered":"https:\/\/gartenlounge.ch\/product\/uncategorized\/akzentkissen-flanelle-einseitig-gesteppt-50x50cm\/"},"modified":"2023-06-13T11:54:56","modified_gmt":"2023-06-13T11:54:56","slug":"akzentkissen-flanelle-einseitig-gesteppt-50x50cm","status":"publish","type":"product","link":"https:\/\/gartenlounge.ch\/en\/product\/pillow\/akzentkissen-flanelle-einseitig-gesteppt-50x50cm\/","title":{"rendered":"Akzentkissen flanelle einseitig gesteppt 50x50cm"},"content":{"rendered":"<p><strong>Akzentkissen sooty einseitig gesteppt 50x50cm<\/strong><br \/>\n<strong>Sunbrella Akzentkissen<\/strong> <strong>50x50cm<\/strong><\/p>\n<p>Sunbrella Akzentkissen sind wetterfest. Der Sunbrella Aussenstoff ist aus gef\u00e4rbten Acryl-Fasern und hat dadurch eine besondere Strapazierf\u00e4higkeit. Des Weiteren ist Sunbrella resistent gegen Verblassen und nimmt durch Sonnenlicht und chemische Schadstoffe keinen Schaden. Der Stoff f\u00fchlt sich angenehm an und l\u00e4sst sich leicht pflegen.<br \/>\nIm Innern der Kissen befindet sich der Spezialschaustoff Namens \u00abquick dry foam\u00bb. Quick dry foam wurde speziell f\u00fcr den Outdoor Bereich entwickelt. Dieser saugt die Feuchtigkeit und das Wasser nicht auf wie ein Schwamm, sondern hat eine sozusagen eingebaute Drainagefunktion. Das Wasser gleitet ungehindert wieder aus dem Schaumstoff. Der Schaumstoff ist anti micro bakteriell behandelt. Bei Minus Temperaturen m\u00fcssen die Kissen im Haus gelagert werden. Denn wenn noch Feuchtigkeit im Kissen ist, bricht der Schaumstoff, wenn dieser gefriert.<\/p>\n","protected":false},"excerpt":{"rendered":"<p>Akzentkissen sooty einseitig gesteppt 50x50cm Sunbrella Akzentkissen 50x50cm Sunbrella Akzentkissen sind wetterfest. Der Sunbrella Aussenstoff ist aus gef\u00e4rbten Acryl-Fasern und hat dadurch eine besondere Strapazierf\u00e4higkeit. Des Weiteren ist Sunbrella resistent gegen Verblassen und nimmt durch Sonnenlicht und chemische Schadstoffe keinen Schaden. Der Stoff f\u00fchlt sich angenehm an und l\u00e4sst sich leicht pflegen. Im Innern der [&#8230;]\n","protected":false},"featured_media":0,"template":"","meta":{"_acf_changed":false},"product_cat":[156],"product_tag":[],"acf":[],"yoast_head":"<!-- This site is optimized with the Yoast SEO plugin v22.3 - https:\/\/yoast.com\/wordpress\/plugins\/seo\/ -->\n<title>Akzentkissen flanelle einseitig gesteppt 50x50cm - Gartenlounge<\/title>\n<meta name=\"description\" content=\"Seit 2006 ist gartenlounge.ch auf lounges und gartenm\u00f6bel aller art spezialisiert. Quer durch die ganze welt, auf der spur von individualit\u00e4t und exklusivit\u00e4t.\" \/>\n<meta name=\"robots\" content=\"index, follow, max-snippet:-1, max-image-preview:large, max-video-preview:-1\" \/>\n<link rel=\"canonical\" href=\"https:\/\/gartenlounge.ch\/en\/product\/pillow\/akzentkissen-flanelle-einseitig-gesteppt-50x50cm\/\" \/>\n<meta property=\"og:locale\" content=\"en_US\" \/>\n<meta property=\"og:type\" content=\"article\" \/>\n<meta property=\"og:title\" content=\"Akzentkissen flanelle einseitig gesteppt 50x50cm - Gartenlounge\" \/>\n<meta property=\"og:description\" content=\"Seit 2006 ist gartenlounge.ch auf lounges und gartenm\u00f6bel aller art spezialisiert. Quer durch die ganze welt, auf der spur von individualit\u00e4t und exklusivit\u00e4t.\" \/>\n<meta property=\"og:url\" content=\"https:\/\/gartenlounge.ch\/en\/product\/pillow\/akzentkissen-flanelle-einseitig-gesteppt-50x50cm\/\" \/>\n<meta property=\"og:site_name\" content=\"Gartenlounge\" \/>\n<meta property=\"article:publisher\" content=\"https:\/\/www.facebook.com\/outdoorsofa\/\" \/>\n<meta property=\"article:modified_time\" content=\"2023-06-13T11:54:56+00:00\" \/>\n<meta name=\"twitter:card\" content=\"summary_large_image\" \/>\n<meta name=\"twitter:label1\" content=\"Est. reading time\" \/>\n\t<meta name=\"twitter:data1\" content=\"1 minute\" \/>\n<script type=\"application\/ld+json\" class=\"yoast-schema-graph\">{\"@context\":\"https:\/\/schema.org\",\"@graph\":[{\"@type\":\"WebPage\",\"@id\":\"https:\/\/gartenlounge.ch\/en\/product\/pillow\/akzentkissen-flanelle-einseitig-gesteppt-50x50cm\/\",\"url\":\"https:\/\/gartenlounge.ch\/en\/product\/pillow\/akzentkissen-flanelle-einseitig-gesteppt-50x50cm\/\",\"name\":\"Akzentkissen flanelle einseitig gesteppt 50x50cm - Gartenlounge\",\"isPartOf\":{\"@id\":\"https:\/\/gartenlounge.ch\/#website\"},\"datePublished\":\"2019-07-16T08:55:28+00:00\",\"dateModified\":\"2023-06-13T11:54:56+00:00\",\"description\":\"Seit 2006 ist gartenlounge.ch auf lounges und gartenm\u00f6bel aller art spezialisiert. Quer durch die ganze welt, auf der spur von individualit\u00e4t und exklusivit\u00e4t.\",\"breadcrumb\":{\"@id\":\"https:\/\/gartenlounge.ch\/en\/product\/pillow\/akzentkissen-flanelle-einseitig-gesteppt-50x50cm\/#breadcrumb\"},\"inLanguage\":\"en-US\",\"potentialAction\":[{\"@type\":\"ReadAction\",\"target\":[\"https:\/\/gartenlounge.ch\/en\/product\/pillow\/akzentkissen-flanelle-einseitig-gesteppt-50x50cm\/\"]}]},{\"@type\":\"BreadcrumbList\",\"@id\":\"https:\/\/gartenlounge.ch\/en\/product\/pillow\/akzentkissen-flanelle-einseitig-gesteppt-50x50cm\/#breadcrumb\",\"itemListElement\":[{\"@type\":\"ListItem\",\"position\":1,\"name\":\"Home\",\"item\":\"https:\/\/gartenlounge.ch\/en\/\"},{\"@type\":\"ListItem\",\"position\":2,\"name\":\"Shop\",\"item\":\"https:\/\/gartenlounge.ch\/en\/shop\/\"},{\"@type\":\"ListItem\",\"position\":3,\"name\":\"Akzentkissen flanelle einseitig gesteppt 50x50cm\"}]},{\"@type\":\"WebSite\",\"@id\":\"https:\/\/gartenlounge.ch\/#website\",\"url\":\"https:\/\/gartenlounge.ch\/\",\"name\":\"Gartenlounge\",\"description\":\"Lounges und Garten Lounges Aller Art Spezialisiert.\",\"publisher\":{\"@id\":\"https:\/\/gartenlounge.ch\/#organization\"},\"potentialAction\":[{\"@type\":\"SearchAction\",\"target\":{\"@type\":\"EntryPoint\",\"urlTemplate\":\"https:\/\/gartenlounge.ch\/?s={search_term_string}\"},\"query-input\":\"required name=search_term_string\"}],\"inLanguage\":\"en-US\"},{\"@type\":\"Organization\",\"@id\":\"https:\/\/gartenlounge.ch\/#organization\",\"name\":\"Gartenlounge - Lounges und Gartenlounges aller Art spezialisiert.\",\"url\":\"https:\/\/gartenlounge.ch\/\",\"logo\":{\"@type\":\"ImageObject\",\"inLanguage\":\"en-US\",\"@id\":\"https:\/\/gartenlounge.ch\/#\/schema\/logo\/image\/\",\"url\":\"https:\/\/gartenlounge.ch\/wp-content\/uploads\/2018\/09\/Gartenlongue.ch_.png\",\"contentUrl\":\"https:\/\/gartenlounge.ch\/wp-content\/uploads\/2018\/09\/Gartenlongue.ch_.png\",\"width\":500,\"height\":67,\"caption\":\"Gartenlounge - Lounges und Gartenlounges aller Art spezialisiert.\"},\"image\":{\"@id\":\"https:\/\/gartenlounge.ch\/#\/schema\/logo\/image\/\"},\"sameAs\":[\"https:\/\/www.facebook.com\/outdoorsofa\/\"]}]}<\/script>\n<!-- \/ Yoast SEO plugin. -->","yoast_head_json":{"title":"Akzentkissen flanelle einseitig gesteppt 50x50cm - Gartenlounge","description":"Seit 2006 ist gartenlounge.ch auf lounges und gartenm\u00f6bel aller art spezialisiert. Quer durch die ganze welt, auf der spur von individualit\u00e4t und exklusivit\u00e4t.","robots":{"index":"index","follow":"follow","max-snippet":"max-snippet:-1","max-image-preview":"max-image-preview:large","max-video-preview":"max-video-preview:-1"},"canonical":"https:\/\/gartenlounge.ch\/en\/product\/pillow\/akzentkissen-flanelle-einseitig-gesteppt-50x50cm\/","og_locale":"en_US","og_type":"article","og_title":"Akzentkissen flanelle einseitig gesteppt 50x50cm - Gartenlounge","og_description":"Seit 2006 ist gartenlounge.ch auf lounges und gartenm\u00f6bel aller art spezialisiert. Quer durch die ganze welt, auf der spur von individualit\u00e4t und exklusivit\u00e4t.","og_url":"https:\/\/gartenlounge.ch\/en\/product\/pillow\/akzentkissen-flanelle-einseitig-gesteppt-50x50cm\/","og_site_name":"Gartenlounge","article_publisher":"https:\/\/www.facebook.com\/outdoorsofa\/","article_modified_time":"2023-06-13T11:54:56+00:00","twitter_card":"summary_large_image","twitter_misc":{"Est. reading time":"1 minute"},"schema":{"@context":"https:\/\/schema.org","@graph":[{"@type":"WebPage","@id":"https:\/\/gartenlounge.ch\/en\/product\/pillow\/akzentkissen-flanelle-einseitig-gesteppt-50x50cm\/","url":"https:\/\/gartenlounge.ch\/en\/product\/pillow\/akzentkissen-flanelle-einseitig-gesteppt-50x50cm\/","name":"Akzentkissen flanelle einseitig gesteppt 50x50cm - Gartenlounge","isPartOf":{"@id":"https:\/\/gartenlounge.ch\/#website"},"datePublished":"2019-07-16T08:55:28+00:00","dateModified":"2023-06-13T11:54:56+00:00","description":"Seit 2006 ist gartenlounge.ch auf lounges und gartenm\u00f6bel aller art spezialisiert. Quer durch die ganze welt, auf der spur von individualit\u00e4t und exklusivit\u00e4t.","breadcrumb":{"@id":"https:\/\/gartenlounge.ch\/en\/product\/pillow\/akzentkissen-flanelle-einseitig-gesteppt-50x50cm\/#breadcrumb"},"inLanguage":"en-US","potentialAction":[{"@type":"ReadAction","target":["https:\/\/gartenlounge.ch\/en\/product\/pillow\/akzentkissen-flanelle-einseitig-gesteppt-50x50cm\/"]}]},{"@type":"BreadcrumbList","@id":"https:\/\/gartenlounge.ch\/en\/product\/pillow\/akzentkissen-flanelle-einseitig-gesteppt-50x50cm\/#breadcrumb","itemListElement":[{"@type":"ListItem","position":1,"name":"Home","item":"https:\/\/gartenlounge.ch\/en\/"},{"@type":"ListItem","position":2,"name":"Shop","item":"https:\/\/gartenlounge.ch\/en\/shop\/"},{"@type":"ListItem","position":3,"name":"Akzentkissen flanelle einseitig gesteppt 50x50cm"}]},{"@type":"WebSite","@id":"https:\/\/gartenlounge.ch\/#website","url":"https:\/\/gartenlounge.ch\/","name":"Gartenlounge","description":"Lounges und Garten Lounges Aller Art Spezialisiert.","publisher":{"@id":"https:\/\/gartenlounge.ch\/#organization"},"potentialAction":[{"@type":"SearchAction","target":{"@type":"EntryPoint","urlTemplate":"https:\/\/gartenlounge.ch\/?s={search_term_string}"},"query-input":"required name=search_term_string"}],"inLanguage":"en-US"},{"@type":"Organization","@id":"https:\/\/gartenlounge.ch\/#organization","name":"Gartenlounge - Lounges und Gartenlounges aller Art spezialisiert.","url":"https:\/\/gartenlounge.ch\/","logo":{"@type":"ImageObject","inLanguage":"en-US","@id":"https:\/\/gartenlounge.ch\/#\/schema\/logo\/image\/","url":"https:\/\/gartenlounge.ch\/wp-content\/uploads\/2018\/09\/Gartenlongue.ch_.png","contentUrl":"https:\/\/gartenlounge.ch\/wp-content\/uploads\/2018\/09\/Gartenlongue.ch_.png","width":500,"height":67,"caption":"Gartenlounge - Lounges und Gartenlounges aller Art spezialisiert."},"image":{"@id":"https:\/\/gartenlounge.ch\/#\/schema\/logo\/image\/"},"sameAs":["https:\/\/www.facebook.com\/outdoorsofa\/"]}]}},"_links":{"self":[{"href":"https:\/\/gartenlounge.ch\/en\/wp-json\/wp\/v2\/product\/99134"}],"collection":[{"href":"https:\/\/gartenlounge.ch\/en\/wp-json\/wp\/v2\/product"}],"about":[{"href":"https:\/\/gartenlounge.ch\/en\/wp-json\/wp\/v2\/types\/product"}],"wp:attachment":[{"href":"https:\/\/gartenlounge.ch\/en\/wp-json\/wp\/v2\/media?parent=99134"}],"wp:term":[{"taxonomy":"product_cat","embeddable":true,"href":"https:\/\/gartenlounge.ch\/en\/wp-json\/wp\/v2\/product_cat?post=99134"},{"taxonomy":"product_tag","embeddable":true,"href":"https:\/\/gartenlounge.ch\/en\/wp-json\/wp\/v2\/product_tag?post=99134"}],"curies":[{"name":"wp","href":"https:\/\/api.w.org\/{rel}","templated":true}]}}