{"id":98187,"date":"2023-04-25T12:24:14","date_gmt":"2023-04-25T12:24:14","guid":{"rendered":"https:\/\/gartenlounge.ch\/product\/uncategorized\/ecp500-wicker-cleaner\/"},"modified":"2023-06-13T11:04:41","modified_gmt":"2023-06-13T11:04:41","slug":"ecp500-wicker-cleaner","status":"publish","type":"product","link":"https:\/\/gartenlounge.ch\/en\/product\/care\/ecp500-wicker-cleaner\/","title":{"rendered":"ECP500 Wicker Cleaner"},"content":{"rendered":"<p>1. Wear eye protection and rubber gloves when using this cleaner.<br \/>\nCover the floor of the work area beforehand.<br \/>\n2. First check the fabric in an inconspicuous place to see if it is colorfast.<br \/>\n3. Before use, wet the fabric thoroughly with water.<br \/>\n4. spray the liquid onto the fabric and allow to act for 5 minutes.<br \/>\n5. remove dirt and grease with the Exotan cleaning sponge.<br \/>\n6. rinse the treated fabric with water and let it dry.<br \/>\nIf the stains are not completely removed, the treatment can be repeated for a longer period of time.<br \/>\ntreatment can be repeated with a longer exposure time.<br \/>\n8. treat the fabric with the Protecor afterwards.<br \/>\nCaution:<br \/>\n&#8211; Keep the product out of the hands of children.<br \/>\n&#8211; Do not eat, drink or smoke during application.<br \/>\n&#8211; Avoid contact with eyes or skin.<br \/>\n&#8211; If this product is swallowed, do not induce vomiting, but immediately consult a doctor<br \/>\nimmediately and show the label on the bottle.<br \/>\n&#8211; We do not assume any liability in case of improper use.<br \/>\n&#8211; Protect from frost<\/p>\n","protected":false},"excerpt":{"rendered":"<p>1. Wear eye protection and rubber gloves when using this cleaner. Cover the floor of the work area beforehand. 2. First check the fabric in an inconspicuous place to see if it is colorfast. 3. Before use, wet the fabric thoroughly with water. 4. spray the liquid onto the fabric and allow to act for [&#8230;]\n","protected":false},"featured_media":98175,"template":"","meta":{"_acf_changed":false},"product_cat":[164],"product_tag":[],"acf":[],"yoast_head":"<!-- This site is optimized with the Yoast SEO plugin v22.3 - https:\/\/yoast.com\/wordpress\/plugins\/seo\/ -->\n<title>ECP500 Wicker Cleaner - Gartenlounge<\/title>\n<meta name=\"description\" content=\"Seit 2006 ist gartenlounge.ch auf lounges und gartenm\u00f6bel aller art spezialisiert. Quer durch die ganze welt, auf der spur von individualit\u00e4t und exklusivit\u00e4t.\" \/>\n<meta name=\"robots\" content=\"index, follow, max-snippet:-1, max-image-preview:large, max-video-preview:-1\" \/>\n<link rel=\"canonical\" href=\"https:\/\/gartenlounge.ch\/en\/product\/care\/ecp500-wicker-cleaner\/\" \/>\n<meta property=\"og:locale\" content=\"en_US\" \/>\n<meta property=\"og:type\" content=\"article\" \/>\n<meta property=\"og:title\" content=\"ECP500 Wicker Cleaner - Gartenlounge\" \/>\n<meta property=\"og:description\" content=\"Seit 2006 ist gartenlounge.ch auf lounges und gartenm\u00f6bel aller art spezialisiert. Quer durch die ganze welt, auf der spur von individualit\u00e4t und exklusivit\u00e4t.\" \/>\n<meta property=\"og:url\" content=\"https:\/\/gartenlounge.ch\/en\/product\/care\/ecp500-wicker-cleaner\/\" \/>\n<meta property=\"og:site_name\" content=\"Gartenlounge\" \/>\n<meta property=\"article:publisher\" content=\"https:\/\/www.facebook.com\/outdoorsofa\/\" \/>\n<meta property=\"article:modified_time\" content=\"2023-06-13T11:04:41+00:00\" \/>\n<meta property=\"og:image\" content=\"https:\/\/gartenlounge.ch\/wp-content\/uploads\/2023\/04\/ECP500-WickerCleaner_075_NLF.jpg\" \/>\n\t<meta property=\"og:image:width\" content=\"800\" \/>\n\t<meta property=\"og:image:height\" content=\"600\" \/>\n\t<meta property=\"og:image:type\" content=\"image\/jpeg\" \/>\n<meta name=\"twitter:card\" content=\"summary_large_image\" \/>\n<meta name=\"twitter:label1\" content=\"Est. reading time\" \/>\n\t<meta name=\"twitter:data1\" content=\"1 minute\" \/>\n<script type=\"application\/ld+json\" class=\"yoast-schema-graph\">{\"@context\":\"https:\/\/schema.org\",\"@graph\":[{\"@type\":\"WebPage\",\"@id\":\"https:\/\/gartenlounge.ch\/en\/product\/care\/ecp500-wicker-cleaner\/\",\"url\":\"https:\/\/gartenlounge.ch\/en\/product\/care\/ecp500-wicker-cleaner\/\",\"name\":\"ECP500 Wicker Cleaner - Gartenlounge\",\"isPartOf\":{\"@id\":\"https:\/\/gartenlounge.ch\/#website\"},\"primaryImageOfPage\":{\"@id\":\"https:\/\/gartenlounge.ch\/en\/product\/care\/ecp500-wicker-cleaner\/#primaryimage\"},\"image\":{\"@id\":\"https:\/\/gartenlounge.ch\/en\/product\/care\/ecp500-wicker-cleaner\/#primaryimage\"},\"thumbnailUrl\":\"https:\/\/gartenlounge.ch\/wp-content\/uploads\/2023\/04\/ECP500-WickerCleaner_075_NLF.jpg\",\"datePublished\":\"2023-04-25T12:24:14+00:00\",\"dateModified\":\"2023-06-13T11:04:41+00:00\",\"description\":\"Seit 2006 ist gartenlounge.ch auf lounges und gartenm\u00f6bel aller art spezialisiert. Quer durch die ganze welt, auf der spur von individualit\u00e4t und exklusivit\u00e4t.\",\"breadcrumb\":{\"@id\":\"https:\/\/gartenlounge.ch\/en\/product\/care\/ecp500-wicker-cleaner\/#breadcrumb\"},\"inLanguage\":\"en-US\",\"potentialAction\":[{\"@type\":\"ReadAction\",\"target\":[\"https:\/\/gartenlounge.ch\/en\/product\/care\/ecp500-wicker-cleaner\/\"]}]},{\"@type\":\"ImageObject\",\"inLanguage\":\"en-US\",\"@id\":\"https:\/\/gartenlounge.ch\/en\/product\/care\/ecp500-wicker-cleaner\/#primaryimage\",\"url\":\"https:\/\/gartenlounge.ch\/wp-content\/uploads\/2023\/04\/ECP500-WickerCleaner_075_NLF.jpg\",\"contentUrl\":\"https:\/\/gartenlounge.ch\/wp-content\/uploads\/2023\/04\/ECP500-WickerCleaner_075_NLF.jpg\",\"width\":800,\"height\":600},{\"@type\":\"BreadcrumbList\",\"@id\":\"https:\/\/gartenlounge.ch\/en\/product\/care\/ecp500-wicker-cleaner\/#breadcrumb\",\"itemListElement\":[{\"@type\":\"ListItem\",\"position\":1,\"name\":\"Home\",\"item\":\"https:\/\/gartenlounge.ch\/en\/\"},{\"@type\":\"ListItem\",\"position\":2,\"name\":\"Shop\",\"item\":\"https:\/\/gartenlounge.ch\/en\/shop\/\"},{\"@type\":\"ListItem\",\"position\":3,\"name\":\"ECP500 Wicker Cleaner\"}]},{\"@type\":\"WebSite\",\"@id\":\"https:\/\/gartenlounge.ch\/#website\",\"url\":\"https:\/\/gartenlounge.ch\/\",\"name\":\"Gartenlounge\",\"description\":\"Lounges und Garten Lounges Aller Art Spezialisiert.\",\"publisher\":{\"@id\":\"https:\/\/gartenlounge.ch\/#organization\"},\"potentialAction\":[{\"@type\":\"SearchAction\",\"target\":{\"@type\":\"EntryPoint\",\"urlTemplate\":\"https:\/\/gartenlounge.ch\/?s={search_term_string}\"},\"query-input\":\"required name=search_term_string\"}],\"inLanguage\":\"en-US\"},{\"@type\":\"Organization\",\"@id\":\"https:\/\/gartenlounge.ch\/#organization\",\"name\":\"Gartenlounge - Lounges und Gartenlounges aller Art spezialisiert.\",\"url\":\"https:\/\/gartenlounge.ch\/\",\"logo\":{\"@type\":\"ImageObject\",\"inLanguage\":\"en-US\",\"@id\":\"https:\/\/gartenlounge.ch\/#\/schema\/logo\/image\/\",\"url\":\"https:\/\/gartenlounge.ch\/wp-content\/uploads\/2018\/09\/Gartenlongue.ch_.png\",\"contentUrl\":\"https:\/\/gartenlounge.ch\/wp-content\/uploads\/2018\/09\/Gartenlongue.ch_.png\",\"width\":500,\"height\":67,\"caption\":\"Gartenlounge - Lounges und Gartenlounges aller Art spezialisiert.\"},\"image\":{\"@id\":\"https:\/\/gartenlounge.ch\/#\/schema\/logo\/image\/\"},\"sameAs\":[\"https:\/\/www.facebook.com\/outdoorsofa\/\"]}]}<\/script>\n<!-- \/ Yoast SEO plugin. -->","yoast_head_json":{"title":"ECP500 Wicker Cleaner - Gartenlounge","description":"Seit 2006 ist gartenlounge.ch auf lounges und gartenm\u00f6bel aller art spezialisiert. Quer durch die ganze welt, auf der spur von individualit\u00e4t und exklusivit\u00e4t.","robots":{"index":"index","follow":"follow","max-snippet":"max-snippet:-1","max-image-preview":"max-image-preview:large","max-video-preview":"max-video-preview:-1"},"canonical":"https:\/\/gartenlounge.ch\/en\/product\/care\/ecp500-wicker-cleaner\/","og_locale":"en_US","og_type":"article","og_title":"ECP500 Wicker Cleaner - Gartenlounge","og_description":"Seit 2006 ist gartenlounge.ch auf lounges und gartenm\u00f6bel aller art spezialisiert. Quer durch die ganze welt, auf der spur von individualit\u00e4t und exklusivit\u00e4t.","og_url":"https:\/\/gartenlounge.ch\/en\/product\/care\/ecp500-wicker-cleaner\/","og_site_name":"Gartenlounge","article_publisher":"https:\/\/www.facebook.com\/outdoorsofa\/","article_modified_time":"2023-06-13T11:04:41+00:00","og_image":[{"width":800,"height":600,"url":"https:\/\/gartenlounge.ch\/wp-content\/uploads\/2023\/04\/ECP500-WickerCleaner_075_NLF.jpg","type":"image\/jpeg"}],"twitter_card":"summary_large_image","twitter_misc":{"Est. reading time":"1 minute"},"schema":{"@context":"https:\/\/schema.org","@graph":[{"@type":"WebPage","@id":"https:\/\/gartenlounge.ch\/en\/product\/care\/ecp500-wicker-cleaner\/","url":"https:\/\/gartenlounge.ch\/en\/product\/care\/ecp500-wicker-cleaner\/","name":"ECP500 Wicker Cleaner - Gartenlounge","isPartOf":{"@id":"https:\/\/gartenlounge.ch\/#website"},"primaryImageOfPage":{"@id":"https:\/\/gartenlounge.ch\/en\/product\/care\/ecp500-wicker-cleaner\/#primaryimage"},"image":{"@id":"https:\/\/gartenlounge.ch\/en\/product\/care\/ecp500-wicker-cleaner\/#primaryimage"},"thumbnailUrl":"https:\/\/gartenlounge.ch\/wp-content\/uploads\/2023\/04\/ECP500-WickerCleaner_075_NLF.jpg","datePublished":"2023-04-25T12:24:14+00:00","dateModified":"2023-06-13T11:04:41+00:00","description":"Seit 2006 ist gartenlounge.ch auf lounges und gartenm\u00f6bel aller art spezialisiert. Quer durch die ganze welt, auf der spur von individualit\u00e4t und exklusivit\u00e4t.","breadcrumb":{"@id":"https:\/\/gartenlounge.ch\/en\/product\/care\/ecp500-wicker-cleaner\/#breadcrumb"},"inLanguage":"en-US","potentialAction":[{"@type":"ReadAction","target":["https:\/\/gartenlounge.ch\/en\/product\/care\/ecp500-wicker-cleaner\/"]}]},{"@type":"ImageObject","inLanguage":"en-US","@id":"https:\/\/gartenlounge.ch\/en\/product\/care\/ecp500-wicker-cleaner\/#primaryimage","url":"https:\/\/gartenlounge.ch\/wp-content\/uploads\/2023\/04\/ECP500-WickerCleaner_075_NLF.jpg","contentUrl":"https:\/\/gartenlounge.ch\/wp-content\/uploads\/2023\/04\/ECP500-WickerCleaner_075_NLF.jpg","width":800,"height":600},{"@type":"BreadcrumbList","@id":"https:\/\/gartenlounge.ch\/en\/product\/care\/ecp500-wicker-cleaner\/#breadcrumb","itemListElement":[{"@type":"ListItem","position":1,"name":"Home","item":"https:\/\/gartenlounge.ch\/en\/"},{"@type":"ListItem","position":2,"name":"Shop","item":"https:\/\/gartenlounge.ch\/en\/shop\/"},{"@type":"ListItem","position":3,"name":"ECP500 Wicker Cleaner"}]},{"@type":"WebSite","@id":"https:\/\/gartenlounge.ch\/#website","url":"https:\/\/gartenlounge.ch\/","name":"Gartenlounge","description":"Lounges und Garten Lounges Aller Art Spezialisiert.","publisher":{"@id":"https:\/\/gartenlounge.ch\/#organization"},"potentialAction":[{"@type":"SearchAction","target":{"@type":"EntryPoint","urlTemplate":"https:\/\/gartenlounge.ch\/?s={search_term_string}"},"query-input":"required name=search_term_string"}],"inLanguage":"en-US"},{"@type":"Organization","@id":"https:\/\/gartenlounge.ch\/#organization","name":"Gartenlounge - Lounges und Gartenlounges aller Art spezialisiert.","url":"https:\/\/gartenlounge.ch\/","logo":{"@type":"ImageObject","inLanguage":"en-US","@id":"https:\/\/gartenlounge.ch\/#\/schema\/logo\/image\/","url":"https:\/\/gartenlounge.ch\/wp-content\/uploads\/2018\/09\/Gartenlongue.ch_.png","contentUrl":"https:\/\/gartenlounge.ch\/wp-content\/uploads\/2018\/09\/Gartenlongue.ch_.png","width":500,"height":67,"caption":"Gartenlounge - Lounges und Gartenlounges aller Art spezialisiert."},"image":{"@id":"https:\/\/gartenlounge.ch\/#\/schema\/logo\/image\/"},"sameAs":["https:\/\/www.facebook.com\/outdoorsofa\/"]}]}},"_links":{"self":[{"href":"https:\/\/gartenlounge.ch\/en\/wp-json\/wp\/v2\/product\/98187"}],"collection":[{"href":"https:\/\/gartenlounge.ch\/en\/wp-json\/wp\/v2\/product"}],"about":[{"href":"https:\/\/gartenlounge.ch\/en\/wp-json\/wp\/v2\/types\/product"}],"wp:featuredmedia":[{"embeddable":true,"href":"https:\/\/gartenlounge.ch\/en\/wp-json\/wp\/v2\/media\/98175"}],"wp:attachment":[{"href":"https:\/\/gartenlounge.ch\/en\/wp-json\/wp\/v2\/media?parent=98187"}],"wp:term":[{"taxonomy":"product_cat","embeddable":true,"href":"https:\/\/gartenlounge.ch\/en\/wp-json\/wp\/v2\/product_cat?post=98187"},{"taxonomy":"product_tag","embeddable":true,"href":"https:\/\/gartenlounge.ch\/en\/wp-json\/wp\/v2\/product_tag?post=98187"}],"curies":[{"name":"wp","href":"https:\/\/api.w.org\/{rel}","templated":true}]}}