{"id":93483,"date":"2022-10-26T16:47:00","date_gmt":"2022-10-26T16:47:00","guid":{"rendered":"https:\/\/gartenlounge.ch\/product\/uncategorized\/moodz-eck-lounge-270x170x73cm-mit-hocker\/"},"modified":"2022-10-28T21:50:46","modified_gmt":"2022-10-28T21:50:46","slug":"moodz-eck-lounge-270x170x73cm-mit-hocker","status":"publish","type":"product","link":"https:\/\/gartenlounge.ch\/en\/product\/moodz-en\/moodz-eck-lounge-270x170x73cm-mit-hocker\/","title":{"rendered":"Moodz Eck Lounge <br\/> 270x170x73cm mit Hocker"},"content":{"rendered":"<p>Moodz Lounge has a distinctive appearance and with its stylish elegance it will be an eye-catcher in your garden or on your terrace. The individual elements can be combined in any way, so you can arrange lounge according to your needs. The combination of generous dimensions, comfortable cushions and optimal seating comfort, tempts you to lounge and relax. Sit down and put your legs up. Enjoy the sun and warmth, the blue sky and the gentle breeze. Be it as a host with friends, be it with your family or all alone for yourself, the Moodz Lounge offers you an outdoor oasis of well-being that leaves nothing to be desired. Thanks to the combination of Sunbrella, quick dry foam, and a construction developed with a lot of know-how and experience, you will still enjoy it after many years.<\/p>\n","protected":false},"excerpt":{"rendered":"<p>Moodz Lounge has a distinctive appearance and with its stylish elegance it will be an eye-catcher in your garden or on your terrace. The individual elements can be combined in any way, so you can arrange lounge according to your needs. The combination of generous dimensions, comfortable cushions and optimal seating comfort, tempts you to [&#8230;]\n","protected":false},"featured_media":93469,"template":"","meta":{"_acf_changed":false},"product_cat":[279],"product_tag":[],"acf":[],"yoast_head":"<!-- This site is optimized with the Yoast SEO plugin v22.3 - https:\/\/yoast.com\/wordpress\/plugins\/seo\/ -->\n<title>Moodz Eck Lounge  270x170x73cm mit Hocker - Gartenlounge<\/title>\n<meta name=\"description\" content=\"Seit 2006 ist gartenlounge.ch auf lounges und gartenm\u00f6bel aller art spezialisiert. Quer durch die ganze welt, auf der spur von individualit\u00e4t und exklusivit\u00e4t.\" \/>\n<meta name=\"robots\" content=\"index, follow, max-snippet:-1, max-image-preview:large, max-video-preview:-1\" \/>\n<link rel=\"canonical\" href=\"https:\/\/gartenlounge.ch\/en\/product\/moodz-en\/moodz-eck-lounge-270x170x73cm-mit-hocker\/\" \/>\n<meta property=\"og:locale\" content=\"en_US\" \/>\n<meta property=\"og:type\" content=\"article\" \/>\n<meta property=\"og:title\" content=\"Moodz Eck Lounge  270x170x73cm mit Hocker - Gartenlounge\" \/>\n<meta property=\"og:description\" content=\"Seit 2006 ist gartenlounge.ch auf lounges und gartenm\u00f6bel aller art spezialisiert. Quer durch die ganze welt, auf der spur von individualit\u00e4t und exklusivit\u00e4t.\" \/>\n<meta property=\"og:url\" content=\"https:\/\/gartenlounge.ch\/en\/product\/moodz-en\/moodz-eck-lounge-270x170x73cm-mit-hocker\/\" \/>\n<meta property=\"og:site_name\" content=\"Gartenlounge\" \/>\n<meta property=\"article:publisher\" content=\"https:\/\/www.facebook.com\/outdoorsofa\/\" \/>\n<meta property=\"article:modified_time\" content=\"2022-10-28T21:50:46+00:00\" \/>\n<meta property=\"og:image\" content=\"https:\/\/gartenlounge.ch\/wp-content\/uploads\/2022\/10\/Moodz-Eck-Lounge-mit-Hocker-270x170x73cm-1.jpg\" \/>\n\t<meta property=\"og:image:width\" content=\"800\" \/>\n\t<meta property=\"og:image:height\" content=\"600\" \/>\n\t<meta property=\"og:image:type\" content=\"image\/jpeg\" \/>\n<meta name=\"twitter:card\" content=\"summary_large_image\" \/>\n<meta name=\"twitter:label1\" content=\"Est. reading time\" \/>\n\t<meta name=\"twitter:data1\" content=\"1 minute\" \/>\n<script type=\"application\/ld+json\" class=\"yoast-schema-graph\">{\"@context\":\"https:\/\/schema.org\",\"@graph\":[{\"@type\":\"WebPage\",\"@id\":\"https:\/\/gartenlounge.ch\/en\/product\/moodz-en\/moodz-eck-lounge-270x170x73cm-mit-hocker\/\",\"url\":\"https:\/\/gartenlounge.ch\/en\/product\/moodz-en\/moodz-eck-lounge-270x170x73cm-mit-hocker\/\",\"name\":\"Moodz Eck Lounge 270x170x73cm mit Hocker - Gartenlounge\",\"isPartOf\":{\"@id\":\"https:\/\/gartenlounge.ch\/#website\"},\"primaryImageOfPage\":{\"@id\":\"https:\/\/gartenlounge.ch\/en\/product\/moodz-en\/moodz-eck-lounge-270x170x73cm-mit-hocker\/#primaryimage\"},\"image\":{\"@id\":\"https:\/\/gartenlounge.ch\/en\/product\/moodz-en\/moodz-eck-lounge-270x170x73cm-mit-hocker\/#primaryimage\"},\"thumbnailUrl\":\"https:\/\/gartenlounge.ch\/wp-content\/uploads\/2022\/10\/Moodz-Eck-Lounge-mit-Hocker-270x170x73cm-1.jpg\",\"datePublished\":\"2022-10-26T16:47:00+00:00\",\"dateModified\":\"2022-10-28T21:50:46+00:00\",\"description\":\"Seit 2006 ist gartenlounge.ch auf lounges und gartenm\u00f6bel aller art spezialisiert. Quer durch die ganze welt, auf der spur von individualit\u00e4t und exklusivit\u00e4t.\",\"breadcrumb\":{\"@id\":\"https:\/\/gartenlounge.ch\/en\/product\/moodz-en\/moodz-eck-lounge-270x170x73cm-mit-hocker\/#breadcrumb\"},\"inLanguage\":\"en-US\",\"potentialAction\":[{\"@type\":\"ReadAction\",\"target\":[\"https:\/\/gartenlounge.ch\/en\/product\/moodz-en\/moodz-eck-lounge-270x170x73cm-mit-hocker\/\"]}]},{\"@type\":\"ImageObject\",\"inLanguage\":\"en-US\",\"@id\":\"https:\/\/gartenlounge.ch\/en\/product\/moodz-en\/moodz-eck-lounge-270x170x73cm-mit-hocker\/#primaryimage\",\"url\":\"https:\/\/gartenlounge.ch\/wp-content\/uploads\/2022\/10\/Moodz-Eck-Lounge-mit-Hocker-270x170x73cm-1.jpg\",\"contentUrl\":\"https:\/\/gartenlounge.ch\/wp-content\/uploads\/2022\/10\/Moodz-Eck-Lounge-mit-Hocker-270x170x73cm-1.jpg\",\"width\":800,\"height\":600},{\"@type\":\"BreadcrumbList\",\"@id\":\"https:\/\/gartenlounge.ch\/en\/product\/moodz-en\/moodz-eck-lounge-270x170x73cm-mit-hocker\/#breadcrumb\",\"itemListElement\":[{\"@type\":\"ListItem\",\"position\":1,\"name\":\"Home\",\"item\":\"https:\/\/gartenlounge.ch\/en\/\"},{\"@type\":\"ListItem\",\"position\":2,\"name\":\"Shop\",\"item\":\"https:\/\/gartenlounge.ch\/en\/shop\/\"},{\"@type\":\"ListItem\",\"position\":3,\"name\":\"Moodz Eck Lounge 270x170x73cm mit Hocker\"}]},{\"@type\":\"WebSite\",\"@id\":\"https:\/\/gartenlounge.ch\/#website\",\"url\":\"https:\/\/gartenlounge.ch\/\",\"name\":\"Gartenlounge\",\"description\":\"Lounges und Garten Lounges Aller Art Spezialisiert.\",\"publisher\":{\"@id\":\"https:\/\/gartenlounge.ch\/#organization\"},\"potentialAction\":[{\"@type\":\"SearchAction\",\"target\":{\"@type\":\"EntryPoint\",\"urlTemplate\":\"https:\/\/gartenlounge.ch\/?s={search_term_string}\"},\"query-input\":\"required name=search_term_string\"}],\"inLanguage\":\"en-US\"},{\"@type\":\"Organization\",\"@id\":\"https:\/\/gartenlounge.ch\/#organization\",\"name\":\"Gartenlounge - Lounges und Gartenlounges aller Art spezialisiert.\",\"url\":\"https:\/\/gartenlounge.ch\/\",\"logo\":{\"@type\":\"ImageObject\",\"inLanguage\":\"en-US\",\"@id\":\"https:\/\/gartenlounge.ch\/#\/schema\/logo\/image\/\",\"url\":\"https:\/\/gartenlounge.ch\/wp-content\/uploads\/2018\/09\/Gartenlongue.ch_.png\",\"contentUrl\":\"https:\/\/gartenlounge.ch\/wp-content\/uploads\/2018\/09\/Gartenlongue.ch_.png\",\"width\":500,\"height\":67,\"caption\":\"Gartenlounge - Lounges und Gartenlounges aller Art spezialisiert.\"},\"image\":{\"@id\":\"https:\/\/gartenlounge.ch\/#\/schema\/logo\/image\/\"},\"sameAs\":[\"https:\/\/www.facebook.com\/outdoorsofa\/\"]}]}<\/script>\n<!-- \/ Yoast SEO plugin. -->","yoast_head_json":{"title":"Moodz Eck Lounge  270x170x73cm mit Hocker - Gartenlounge","description":"Seit 2006 ist gartenlounge.ch auf lounges und gartenm\u00f6bel aller art spezialisiert. Quer durch die ganze welt, auf der spur von individualit\u00e4t und exklusivit\u00e4t.","robots":{"index":"index","follow":"follow","max-snippet":"max-snippet:-1","max-image-preview":"max-image-preview:large","max-video-preview":"max-video-preview:-1"},"canonical":"https:\/\/gartenlounge.ch\/en\/product\/moodz-en\/moodz-eck-lounge-270x170x73cm-mit-hocker\/","og_locale":"en_US","og_type":"article","og_title":"Moodz Eck Lounge  270x170x73cm mit Hocker - Gartenlounge","og_description":"Seit 2006 ist gartenlounge.ch auf lounges und gartenm\u00f6bel aller art spezialisiert. Quer durch die ganze welt, auf der spur von individualit\u00e4t und exklusivit\u00e4t.","og_url":"https:\/\/gartenlounge.ch\/en\/product\/moodz-en\/moodz-eck-lounge-270x170x73cm-mit-hocker\/","og_site_name":"Gartenlounge","article_publisher":"https:\/\/www.facebook.com\/outdoorsofa\/","article_modified_time":"2022-10-28T21:50:46+00:00","og_image":[{"width":800,"height":600,"url":"https:\/\/gartenlounge.ch\/wp-content\/uploads\/2022\/10\/Moodz-Eck-Lounge-mit-Hocker-270x170x73cm-1.jpg","type":"image\/jpeg"}],"twitter_card":"summary_large_image","twitter_misc":{"Est. reading time":"1 minute"},"schema":{"@context":"https:\/\/schema.org","@graph":[{"@type":"WebPage","@id":"https:\/\/gartenlounge.ch\/en\/product\/moodz-en\/moodz-eck-lounge-270x170x73cm-mit-hocker\/","url":"https:\/\/gartenlounge.ch\/en\/product\/moodz-en\/moodz-eck-lounge-270x170x73cm-mit-hocker\/","name":"Moodz Eck Lounge 270x170x73cm mit Hocker - Gartenlounge","isPartOf":{"@id":"https:\/\/gartenlounge.ch\/#website"},"primaryImageOfPage":{"@id":"https:\/\/gartenlounge.ch\/en\/product\/moodz-en\/moodz-eck-lounge-270x170x73cm-mit-hocker\/#primaryimage"},"image":{"@id":"https:\/\/gartenlounge.ch\/en\/product\/moodz-en\/moodz-eck-lounge-270x170x73cm-mit-hocker\/#primaryimage"},"thumbnailUrl":"https:\/\/gartenlounge.ch\/wp-content\/uploads\/2022\/10\/Moodz-Eck-Lounge-mit-Hocker-270x170x73cm-1.jpg","datePublished":"2022-10-26T16:47:00+00:00","dateModified":"2022-10-28T21:50:46+00:00","description":"Seit 2006 ist gartenlounge.ch auf lounges und gartenm\u00f6bel aller art spezialisiert. Quer durch die ganze welt, auf der spur von individualit\u00e4t und exklusivit\u00e4t.","breadcrumb":{"@id":"https:\/\/gartenlounge.ch\/en\/product\/moodz-en\/moodz-eck-lounge-270x170x73cm-mit-hocker\/#breadcrumb"},"inLanguage":"en-US","potentialAction":[{"@type":"ReadAction","target":["https:\/\/gartenlounge.ch\/en\/product\/moodz-en\/moodz-eck-lounge-270x170x73cm-mit-hocker\/"]}]},{"@type":"ImageObject","inLanguage":"en-US","@id":"https:\/\/gartenlounge.ch\/en\/product\/moodz-en\/moodz-eck-lounge-270x170x73cm-mit-hocker\/#primaryimage","url":"https:\/\/gartenlounge.ch\/wp-content\/uploads\/2022\/10\/Moodz-Eck-Lounge-mit-Hocker-270x170x73cm-1.jpg","contentUrl":"https:\/\/gartenlounge.ch\/wp-content\/uploads\/2022\/10\/Moodz-Eck-Lounge-mit-Hocker-270x170x73cm-1.jpg","width":800,"height":600},{"@type":"BreadcrumbList","@id":"https:\/\/gartenlounge.ch\/en\/product\/moodz-en\/moodz-eck-lounge-270x170x73cm-mit-hocker\/#breadcrumb","itemListElement":[{"@type":"ListItem","position":1,"name":"Home","item":"https:\/\/gartenlounge.ch\/en\/"},{"@type":"ListItem","position":2,"name":"Shop","item":"https:\/\/gartenlounge.ch\/en\/shop\/"},{"@type":"ListItem","position":3,"name":"Moodz Eck Lounge 270x170x73cm mit Hocker"}]},{"@type":"WebSite","@id":"https:\/\/gartenlounge.ch\/#website","url":"https:\/\/gartenlounge.ch\/","name":"Gartenlounge","description":"Lounges und Garten Lounges Aller Art Spezialisiert.","publisher":{"@id":"https:\/\/gartenlounge.ch\/#organization"},"potentialAction":[{"@type":"SearchAction","target":{"@type":"EntryPoint","urlTemplate":"https:\/\/gartenlounge.ch\/?s={search_term_string}"},"query-input":"required name=search_term_string"}],"inLanguage":"en-US"},{"@type":"Organization","@id":"https:\/\/gartenlounge.ch\/#organization","name":"Gartenlounge - Lounges und Gartenlounges aller Art spezialisiert.","url":"https:\/\/gartenlounge.ch\/","logo":{"@type":"ImageObject","inLanguage":"en-US","@id":"https:\/\/gartenlounge.ch\/#\/schema\/logo\/image\/","url":"https:\/\/gartenlounge.ch\/wp-content\/uploads\/2018\/09\/Gartenlongue.ch_.png","contentUrl":"https:\/\/gartenlounge.ch\/wp-content\/uploads\/2018\/09\/Gartenlongue.ch_.png","width":500,"height":67,"caption":"Gartenlounge - Lounges und Gartenlounges aller Art spezialisiert."},"image":{"@id":"https:\/\/gartenlounge.ch\/#\/schema\/logo\/image\/"},"sameAs":["https:\/\/www.facebook.com\/outdoorsofa\/"]}]}},"_links":{"self":[{"href":"https:\/\/gartenlounge.ch\/en\/wp-json\/wp\/v2\/product\/93483"}],"collection":[{"href":"https:\/\/gartenlounge.ch\/en\/wp-json\/wp\/v2\/product"}],"about":[{"href":"https:\/\/gartenlounge.ch\/en\/wp-json\/wp\/v2\/types\/product"}],"wp:featuredmedia":[{"embeddable":true,"href":"https:\/\/gartenlounge.ch\/en\/wp-json\/wp\/v2\/media\/93469"}],"wp:attachment":[{"href":"https:\/\/gartenlounge.ch\/en\/wp-json\/wp\/v2\/media?parent=93483"}],"wp:term":[{"taxonomy":"product_cat","embeddable":true,"href":"https:\/\/gartenlounge.ch\/en\/wp-json\/wp\/v2\/product_cat?post=93483"},{"taxonomy":"product_tag","embeddable":true,"href":"https:\/\/gartenlounge.ch\/en\/wp-json\/wp\/v2\/product_tag?post=93483"}],"curies":[{"name":"wp","href":"https:\/\/api.w.org\/{rel}","templated":true}]}}