{"id":92079,"date":"2022-06-14T21:13:14","date_gmt":"2022-06-14T21:13:14","guid":{"rendered":"https:\/\/gartenlounge.ch\/product\/uncategorized\/nikki-amsterdam-the-pillow\/"},"modified":"2023-06-13T10:47:04","modified_gmt":"2023-06-13T10:47:04","slug":"nikki-amsterdam-the-pillow","status":"publish","type":"product","link":"https:\/\/gartenlounge.ch\/en\/product\/pillow\/nikki-amsterdam-the-pillow\/","title":{"rendered":"Nikki Amsterdam The Pillow"},"content":{"rendered":"<p><span style=\"font-weight: 400;\">This wireless heated cushion (60 x 45 CM) with high cuddliness factor provides wonderful warmth on your lap or in your back. The built-in heating elements are distributed over one side of the cushion. The elements have 3 heat settings and heat the cushion up to 45 \u00b0C! The powerful battery of 16000 mAh gives you hours of pleasure from the pillow.<\/span><\/p>\n<p><span style=\"font-weight: 400;\">Extra attention has been paid to the wonderfully soft outer layer of Teddy fleece, available in the colours Taupe and Grey. The cushion is finished with a beautiful piping along the cushion in the same colour. This gives a beautiful, luxurious look. You can regulate the temperature with the button in the leather label. The outer cover can be washed.<\/span><\/p>\n<p><span style=\"font-weight: 400;\">Use the cuddly soft cushion on the veranda, take it along to the campsite and the boat or snuggle up with it on the sofa!<\/span><\/p>\n<p>&nbsp;<\/p>\n<p><span style=\"font-weight: 400;\">Technical Specs<\/span><\/p>\n<ul>\n<li><span style=\"font-weight: 400;\">Material: Teddy fleece, leather button\u00a0<\/span><\/li>\n<li><span style=\"font-weight: 400;\">Dimensions: 60 X 45 CM\u00a0<\/span><\/li>\n<li><span style=\"font-weight: 400;\">4 infrared heat elements\u00a0<\/span><\/li>\n<li><span style=\"font-weight: 400;\">Including powerbank (16000 mAh\/3.7V)\u00a0<\/span><\/li>\n<li><span style=\"font-weight: 400;\">Input: 100-240V\u00a0<\/span><\/li>\n<li><span style=\"font-weight: 400;\">Output: 5v3A\u00a0<\/span><\/li>\n<li><span style=\"font-weight: 400;\">Operating time: Up to 14 hours\u00a0<\/span><\/li>\n<li><span style=\"font-weight: 400;\">Charging time: Up to 4 hours\u00a0<\/span><\/li>\n<li><span style=\"font-weight: 400;\">Warm-up time: 10-15 min<\/span><\/li>\n<\/ul>\n<p>&nbsp;<\/p>\n<p><b>How does The.Pillow work?<\/b><span style=\"font-weight: 400;\"><br \/>\n<\/span><span style=\"font-weight: 400;\">Use is made of infrared heating technology, more specifically of FIR (Far Infra Red). This is a long wave infrared that penetrates into the deeper layers of the body. Your body temperature rises and you feel wonderfully warm while the air around you remains cold. The heat elements are distributed over one side of the pillow.<\/span><\/p>\n<p><span style=\"font-weight: 400;\">The heat emitted by the heating elements reaches up to 65\u00b0C. This has been extensively tested with heat meters. It takes about 10-15 minutes before the elements are properly warmed up. The heat you will feel is a bit lower, because some heat is lost through the fabric in between. Unlike The.Plaid, which is loosely wrapped around you, your body has fairly direct contact with the heating elements.<\/span><\/p>\n<p><span style=\"font-weight: 400;\">Whether you choose The.Plaid or The.Pillow, the proven health effects of infrared are present in both products and above all provide a wonderfully relaxing feeling.<\/span><\/p>\n<p><b>Material<\/b><span style=\"font-weight: 400;\"><br \/>\n<\/span><span style=\"font-weight: 400;\">The pillow with a very high strokability factor is made of a Teddy fleece and is therefore very soft to the skin. The cover is finished with a beautiful piping and zip in the same colour. The cover can be easily removed and is machine washable. With the button in the leather label you can adjust the desired temperature. By the way, The.Pillow is made of the same material as The.Plaid and is also available in the same colours, which makes it combine beautifully.<\/span><\/p>\n<p><b>Battery<\/b><span style=\"font-weight: 400;\"><br \/>\n<\/span><span style=\"font-weight: 400;\">The use is simple. With the rechargeable battery of 16000 mAh you can use The.Pillow completely wireless. The battery is on the inside of the pillow through a cable with the heat elements attached. The temperature can be set at 3 positions, so that you can regulate your ideal temperature yourself. The first setting regulates a temperature of 35\u02daC, the highest setting 45\u02daC. Fully charged, the battery provides 14 hours of warmth.<\/span><\/p>\n<p><b>Health<\/b><span style=\"font-weight: 400;\"><br \/>\n<\/span><span style=\"font-weight: 400;\">Our heat pillows not only give you a comfortable feeling, they are also good for your health. If you suffer from stiffness, chronic pain or tiredness of the muscles then The.Pillow can certainly help. The heat cushion is equipped with heat elements that ensure that the blood circulation is increased. This ensures relaxation of the muscles and joints which relieves the pain. Lovely after sporting activities or if you have a sore neck or lower back.<\/span><\/p>\n<p><b>Durable<\/b><span style=\"font-weight: 400;\"><br \/>\n<\/span><span style=\"font-weight: 400;\">A cup of tea, Netflix and a super soft pillow that you can snuggle up to. Sounds like an ideal evening on the couch, right? You are nicely warmed up and the thermostat can be set one degree lower. Sustainable and good for your wallet. One degree less means 6% less greenhouse gases! And heating less means lower heating costs. Not only the environment, but also you will be happy.<\/span><\/p>\n","protected":false},"excerpt":{"rendered":"<p>This wireless heated cushion (60 x 45 CM) with high cuddliness factor provides wonderful warmth on your lap or in your back. The built-in heating elements are distributed over one side of the cushion. The elements have 3 heat settings and heat the cushion up to 45 \u00b0C! The powerful battery of 16000 mAh gives [&#8230;]\n","protected":false},"featured_media":102128,"template":"","meta":{"_acf_changed":false},"product_cat":[162,156],"product_tag":[],"acf":[],"yoast_head":"<!-- This site is optimized with the Yoast SEO plugin v22.3 - https:\/\/yoast.com\/wordpress\/plugins\/seo\/ -->\n<title>Nikki Amsterdam The Pillow - Gartenlounge<\/title>\n<meta name=\"description\" content=\"Seit 2006 ist gartenlounge.ch auf lounges und gartenm\u00f6bel aller art spezialisiert. Quer durch die ganze welt, auf der spur von individualit\u00e4t und exklusivit\u00e4t.\" \/>\n<meta name=\"robots\" content=\"index, follow, max-snippet:-1, max-image-preview:large, max-video-preview:-1\" \/>\n<link rel=\"canonical\" href=\"https:\/\/gartenlounge.ch\/en\/product\/pillow\/nikki-amsterdam-the-pillow\/\" \/>\n<meta property=\"og:locale\" content=\"en_US\" \/>\n<meta property=\"og:type\" content=\"article\" \/>\n<meta property=\"og:title\" content=\"Nikki Amsterdam The Pillow - Gartenlounge\" \/>\n<meta property=\"og:description\" content=\"Seit 2006 ist gartenlounge.ch auf lounges und gartenm\u00f6bel aller art spezialisiert. Quer durch die ganze welt, auf der spur von individualit\u00e4t und exklusivit\u00e4t.\" \/>\n<meta property=\"og:url\" content=\"https:\/\/gartenlounge.ch\/en\/product\/pillow\/nikki-amsterdam-the-pillow\/\" \/>\n<meta property=\"og:site_name\" content=\"Gartenlounge\" \/>\n<meta property=\"article:publisher\" content=\"https:\/\/www.facebook.com\/outdoorsofa\/\" \/>\n<meta property=\"article:modified_time\" content=\"2023-06-13T10:47:04+00:00\" \/>\n<meta property=\"og:image\" content=\"https:\/\/gartenlounge.ch\/wp-content\/uploads\/2022\/06\/nikki-amsterdam-pillow-1.jpg\" \/>\n\t<meta property=\"og:image:width\" content=\"800\" \/>\n\t<meta property=\"og:image:height\" content=\"600\" \/>\n\t<meta property=\"og:image:type\" content=\"image\/jpeg\" \/>\n<meta name=\"twitter:card\" content=\"summary_large_image\" \/>\n<meta name=\"twitter:label1\" content=\"Est. reading time\" \/>\n\t<meta name=\"twitter:data1\" content=\"3 minutes\" \/>\n<script type=\"application\/ld+json\" class=\"yoast-schema-graph\">{\"@context\":\"https:\/\/schema.org\",\"@graph\":[{\"@type\":\"WebPage\",\"@id\":\"https:\/\/gartenlounge.ch\/en\/product\/pillow\/nikki-amsterdam-the-pillow\/\",\"url\":\"https:\/\/gartenlounge.ch\/en\/product\/pillow\/nikki-amsterdam-the-pillow\/\",\"name\":\"Nikki Amsterdam The Pillow - Gartenlounge\",\"isPartOf\":{\"@id\":\"https:\/\/gartenlounge.ch\/#website\"},\"primaryImageOfPage\":{\"@id\":\"https:\/\/gartenlounge.ch\/en\/product\/pillow\/nikki-amsterdam-the-pillow\/#primaryimage\"},\"image\":{\"@id\":\"https:\/\/gartenlounge.ch\/en\/product\/pillow\/nikki-amsterdam-the-pillow\/#primaryimage\"},\"thumbnailUrl\":\"https:\/\/gartenlounge.ch\/wp-content\/uploads\/2022\/06\/Nikki-Amsterdam-The-Pillow-30.jpg\",\"datePublished\":\"2022-06-14T21:13:14+00:00\",\"dateModified\":\"2023-06-13T10:47:04+00:00\",\"description\":\"Seit 2006 ist gartenlounge.ch auf lounges und gartenm\u00f6bel aller art spezialisiert. Quer durch die ganze welt, auf der spur von individualit\u00e4t und exklusivit\u00e4t.\",\"breadcrumb\":{\"@id\":\"https:\/\/gartenlounge.ch\/en\/product\/pillow\/nikki-amsterdam-the-pillow\/#breadcrumb\"},\"inLanguage\":\"en-US\",\"potentialAction\":[{\"@type\":\"ReadAction\",\"target\":[\"https:\/\/gartenlounge.ch\/en\/product\/pillow\/nikki-amsterdam-the-pillow\/\"]}]},{\"@type\":\"ImageObject\",\"inLanguage\":\"en-US\",\"@id\":\"https:\/\/gartenlounge.ch\/en\/product\/pillow\/nikki-amsterdam-the-pillow\/#primaryimage\",\"url\":\"https:\/\/gartenlounge.ch\/wp-content\/uploads\/2022\/06\/Nikki-Amsterdam-The-Pillow-30.jpg\",\"contentUrl\":\"https:\/\/gartenlounge.ch\/wp-content\/uploads\/2022\/06\/Nikki-Amsterdam-The-Pillow-30.jpg\",\"width\":800,\"height\":600},{\"@type\":\"BreadcrumbList\",\"@id\":\"https:\/\/gartenlounge.ch\/en\/product\/pillow\/nikki-amsterdam-the-pillow\/#breadcrumb\",\"itemListElement\":[{\"@type\":\"ListItem\",\"position\":1,\"name\":\"Home\",\"item\":\"https:\/\/gartenlounge.ch\/en\/\"},{\"@type\":\"ListItem\",\"position\":2,\"name\":\"Shop\",\"item\":\"https:\/\/gartenlounge.ch\/en\/shop\/\"},{\"@type\":\"ListItem\",\"position\":3,\"name\":\"Nikki Amsterdam The Pillow\"}]},{\"@type\":\"WebSite\",\"@id\":\"https:\/\/gartenlounge.ch\/#website\",\"url\":\"https:\/\/gartenlounge.ch\/\",\"name\":\"Gartenlounge\",\"description\":\"Lounges und Garten Lounges Aller Art Spezialisiert.\",\"publisher\":{\"@id\":\"https:\/\/gartenlounge.ch\/#organization\"},\"potentialAction\":[{\"@type\":\"SearchAction\",\"target\":{\"@type\":\"EntryPoint\",\"urlTemplate\":\"https:\/\/gartenlounge.ch\/?s={search_term_string}\"},\"query-input\":\"required name=search_term_string\"}],\"inLanguage\":\"en-US\"},{\"@type\":\"Organization\",\"@id\":\"https:\/\/gartenlounge.ch\/#organization\",\"name\":\"Gartenlounge - Lounges und Gartenlounges aller Art spezialisiert.\",\"url\":\"https:\/\/gartenlounge.ch\/\",\"logo\":{\"@type\":\"ImageObject\",\"inLanguage\":\"en-US\",\"@id\":\"https:\/\/gartenlounge.ch\/#\/schema\/logo\/image\/\",\"url\":\"https:\/\/gartenlounge.ch\/wp-content\/uploads\/2018\/09\/Gartenlongue.ch_.png\",\"contentUrl\":\"https:\/\/gartenlounge.ch\/wp-content\/uploads\/2018\/09\/Gartenlongue.ch_.png\",\"width\":500,\"height\":67,\"caption\":\"Gartenlounge - Lounges und Gartenlounges aller Art spezialisiert.\"},\"image\":{\"@id\":\"https:\/\/gartenlounge.ch\/#\/schema\/logo\/image\/\"},\"sameAs\":[\"https:\/\/www.facebook.com\/outdoorsofa\/\"]}]}<\/script>\n<!-- \/ Yoast SEO plugin. -->","yoast_head_json":{"title":"Nikki Amsterdam The Pillow - Gartenlounge","description":"Seit 2006 ist gartenlounge.ch auf lounges und gartenm\u00f6bel aller art spezialisiert. Quer durch die ganze welt, auf der spur von individualit\u00e4t und exklusivit\u00e4t.","robots":{"index":"index","follow":"follow","max-snippet":"max-snippet:-1","max-image-preview":"max-image-preview:large","max-video-preview":"max-video-preview:-1"},"canonical":"https:\/\/gartenlounge.ch\/en\/product\/pillow\/nikki-amsterdam-the-pillow\/","og_locale":"en_US","og_type":"article","og_title":"Nikki Amsterdam The Pillow - Gartenlounge","og_description":"Seit 2006 ist gartenlounge.ch auf lounges und gartenm\u00f6bel aller art spezialisiert. Quer durch die ganze welt, auf der spur von individualit\u00e4t und exklusivit\u00e4t.","og_url":"https:\/\/gartenlounge.ch\/en\/product\/pillow\/nikki-amsterdam-the-pillow\/","og_site_name":"Gartenlounge","article_publisher":"https:\/\/www.facebook.com\/outdoorsofa\/","article_modified_time":"2023-06-13T10:47:04+00:00","og_image":[{"width":800,"height":600,"url":"https:\/\/gartenlounge.ch\/wp-content\/uploads\/2022\/06\/nikki-amsterdam-pillow-1.jpg","type":"image\/jpeg"}],"twitter_card":"summary_large_image","twitter_misc":{"Est. reading time":"3 minutes"},"schema":{"@context":"https:\/\/schema.org","@graph":[{"@type":"WebPage","@id":"https:\/\/gartenlounge.ch\/en\/product\/pillow\/nikki-amsterdam-the-pillow\/","url":"https:\/\/gartenlounge.ch\/en\/product\/pillow\/nikki-amsterdam-the-pillow\/","name":"Nikki Amsterdam The Pillow - Gartenlounge","isPartOf":{"@id":"https:\/\/gartenlounge.ch\/#website"},"primaryImageOfPage":{"@id":"https:\/\/gartenlounge.ch\/en\/product\/pillow\/nikki-amsterdam-the-pillow\/#primaryimage"},"image":{"@id":"https:\/\/gartenlounge.ch\/en\/product\/pillow\/nikki-amsterdam-the-pillow\/#primaryimage"},"thumbnailUrl":"https:\/\/gartenlounge.ch\/wp-content\/uploads\/2022\/06\/Nikki-Amsterdam-The-Pillow-30.jpg","datePublished":"2022-06-14T21:13:14+00:00","dateModified":"2023-06-13T10:47:04+00:00","description":"Seit 2006 ist gartenlounge.ch auf lounges und gartenm\u00f6bel aller art spezialisiert. Quer durch die ganze welt, auf der spur von individualit\u00e4t und exklusivit\u00e4t.","breadcrumb":{"@id":"https:\/\/gartenlounge.ch\/en\/product\/pillow\/nikki-amsterdam-the-pillow\/#breadcrumb"},"inLanguage":"en-US","potentialAction":[{"@type":"ReadAction","target":["https:\/\/gartenlounge.ch\/en\/product\/pillow\/nikki-amsterdam-the-pillow\/"]}]},{"@type":"ImageObject","inLanguage":"en-US","@id":"https:\/\/gartenlounge.ch\/en\/product\/pillow\/nikki-amsterdam-the-pillow\/#primaryimage","url":"https:\/\/gartenlounge.ch\/wp-content\/uploads\/2022\/06\/Nikki-Amsterdam-The-Pillow-30.jpg","contentUrl":"https:\/\/gartenlounge.ch\/wp-content\/uploads\/2022\/06\/Nikki-Amsterdam-The-Pillow-30.jpg","width":800,"height":600},{"@type":"BreadcrumbList","@id":"https:\/\/gartenlounge.ch\/en\/product\/pillow\/nikki-amsterdam-the-pillow\/#breadcrumb","itemListElement":[{"@type":"ListItem","position":1,"name":"Home","item":"https:\/\/gartenlounge.ch\/en\/"},{"@type":"ListItem","position":2,"name":"Shop","item":"https:\/\/gartenlounge.ch\/en\/shop\/"},{"@type":"ListItem","position":3,"name":"Nikki Amsterdam The Pillow"}]},{"@type":"WebSite","@id":"https:\/\/gartenlounge.ch\/#website","url":"https:\/\/gartenlounge.ch\/","name":"Gartenlounge","description":"Lounges und Garten Lounges Aller Art Spezialisiert.","publisher":{"@id":"https:\/\/gartenlounge.ch\/#organization"},"potentialAction":[{"@type":"SearchAction","target":{"@type":"EntryPoint","urlTemplate":"https:\/\/gartenlounge.ch\/?s={search_term_string}"},"query-input":"required name=search_term_string"}],"inLanguage":"en-US"},{"@type":"Organization","@id":"https:\/\/gartenlounge.ch\/#organization","name":"Gartenlounge - Lounges und Gartenlounges aller Art spezialisiert.","url":"https:\/\/gartenlounge.ch\/","logo":{"@type":"ImageObject","inLanguage":"en-US","@id":"https:\/\/gartenlounge.ch\/#\/schema\/logo\/image\/","url":"https:\/\/gartenlounge.ch\/wp-content\/uploads\/2018\/09\/Gartenlongue.ch_.png","contentUrl":"https:\/\/gartenlounge.ch\/wp-content\/uploads\/2018\/09\/Gartenlongue.ch_.png","width":500,"height":67,"caption":"Gartenlounge - Lounges und Gartenlounges aller Art spezialisiert."},"image":{"@id":"https:\/\/gartenlounge.ch\/#\/schema\/logo\/image\/"},"sameAs":["https:\/\/www.facebook.com\/outdoorsofa\/"]}]}},"_links":{"self":[{"href":"https:\/\/gartenlounge.ch\/en\/wp-json\/wp\/v2\/product\/92079"}],"collection":[{"href":"https:\/\/gartenlounge.ch\/en\/wp-json\/wp\/v2\/product"}],"about":[{"href":"https:\/\/gartenlounge.ch\/en\/wp-json\/wp\/v2\/types\/product"}],"wp:featuredmedia":[{"embeddable":true,"href":"https:\/\/gartenlounge.ch\/en\/wp-json\/wp\/v2\/media\/102128"}],"wp:attachment":[{"href":"https:\/\/gartenlounge.ch\/en\/wp-json\/wp\/v2\/media?parent=92079"}],"wp:term":[{"taxonomy":"product_cat","embeddable":true,"href":"https:\/\/gartenlounge.ch\/en\/wp-json\/wp\/v2\/product_cat?post=92079"},{"taxonomy":"product_tag","embeddable":true,"href":"https:\/\/gartenlounge.ch\/en\/wp-json\/wp\/v2\/product_tag?post=92079"}],"curies":[{"name":"wp","href":"https:\/\/api.w.org\/{rel}","templated":true}]}}