{"id":90090,"date":"2018-07-15T21:30:31","date_gmt":"2018-07-15T21:34:31","guid":{"rendered":"https:\/\/gartenlounge.ch\/product\/uncategorized\/gardenlounge-glamour\/"},"modified":"2023-04-28T07:08:57","modified_gmt":"2023-04-28T07:08:57","slug":"gardenlounge-glamour","status":"publish","type":"product","link":"https:\/\/gartenlounge.ch\/en\/product\/garten-lounges-en\/wetterfest-en\/gardenlounge-glamour\/","title":{"rendered":"gardenlounge Glamour"},"content":{"rendered":"<p><span style=\"font-weight: 400;\">Glamour is a lounge set with an elegant, timeless design. The two side shelves create different levels and shapes that adapt to any environment with ease and make your lounge \u00a8float\u00a8.<\/span><\/p>\n<p><span style=\"font-weight: 400;\">At the same time, the Glamour Lounge offers plenty of space for family members and guests. All modules are finished with Sunbrella, Quick dry foam and with a coated aluminium frame.<\/span><\/p>\n","protected":false},"excerpt":{"rendered":"<p>Glamour is a lounge set with an elegant, timeless design. The two side shelves create different levels and shapes that adapt to any environment with ease and make your lounge \u00a8float\u00a8. At the same time, the Glamour Lounge offers plenty of space for family members and guests. All modules are finished with Sunbrella, Quick dry [&#8230;]\n","protected":false},"featured_media":104725,"template":"","meta":{"_acf_changed":false},"product_cat":[160,405],"product_tag":[],"acf":[],"yoast_head":"<!-- This site is optimized with the Yoast SEO plugin v22.3 - https:\/\/yoast.com\/wordpress\/plugins\/seo\/ -->\n<title>gardenlounge Glamour - Gartenlounge<\/title>\n<meta name=\"description\" content=\"Seit 2006 ist gartenlounge.ch auf lounges und gartenm\u00f6bel aller art spezialisiert. Quer durch die ganze welt, auf der spur von individualit\u00e4t und exklusivit\u00e4t.\" \/>\n<meta name=\"robots\" content=\"index, follow, max-snippet:-1, max-image-preview:large, max-video-preview:-1\" \/>\n<link rel=\"canonical\" href=\"https:\/\/gartenlounge.ch\/en\/product\/garten-lounges-en\/gardenlounge-glamour\/\" \/>\n<meta property=\"og:locale\" content=\"en_US\" \/>\n<meta property=\"og:type\" content=\"article\" \/>\n<meta property=\"og:title\" content=\"gardenlounge Glamour - Gartenlounge\" \/>\n<meta property=\"og:description\" content=\"Seit 2006 ist gartenlounge.ch auf lounges und gartenm\u00f6bel aller art spezialisiert. Quer durch die ganze welt, auf der spur von individualit\u00e4t und exklusivit\u00e4t.\" \/>\n<meta property=\"og:url\" content=\"https:\/\/gartenlounge.ch\/en\/product\/garten-lounges-en\/gardenlounge-glamour\/\" \/>\n<meta property=\"og:site_name\" content=\"Gartenlounge\" \/>\n<meta property=\"article:publisher\" content=\"https:\/\/www.facebook.com\/outdoorsofa\/\" \/>\n<meta property=\"article:modified_time\" content=\"2023-04-28T07:08:57+00:00\" \/>\n<meta property=\"og:image\" content=\"https:\/\/gartenlounge.ch\/wp-content\/uploads\/2022\/01\/glamour-1.jpg\" \/>\n\t<meta property=\"og:image:width\" content=\"800\" \/>\n\t<meta property=\"og:image:height\" content=\"600\" \/>\n\t<meta property=\"og:image:type\" content=\"image\/jpeg\" \/>\n<meta name=\"twitter:card\" content=\"summary_large_image\" \/>\n<script type=\"application\/ld+json\" class=\"yoast-schema-graph\">{\"@context\":\"https:\/\/schema.org\",\"@graph\":[{\"@type\":\"WebPage\",\"@id\":\"https:\/\/gartenlounge.ch\/en\/product\/garten-lounges-en\/gardenlounge-glamour\/\",\"url\":\"https:\/\/gartenlounge.ch\/en\/product\/garten-lounges-en\/gardenlounge-glamour\/\",\"name\":\"gardenlounge Glamour - Gartenlounge\",\"isPartOf\":{\"@id\":\"https:\/\/gartenlounge.ch\/#website\"},\"primaryImageOfPage\":{\"@id\":\"https:\/\/gartenlounge.ch\/en\/product\/garten-lounges-en\/gardenlounge-glamour\/#primaryimage\"},\"image\":{\"@id\":\"https:\/\/gartenlounge.ch\/en\/product\/garten-lounges-en\/gardenlounge-glamour\/#primaryimage\"},\"thumbnailUrl\":\"https:\/\/gartenlounge.ch\/wp-content\/uploads\/2022\/01\/Glamour-.jpg\",\"datePublished\":\"2018-07-15T21:34:31+00:00\",\"dateModified\":\"2023-04-28T07:08:57+00:00\",\"description\":\"Seit 2006 ist gartenlounge.ch auf lounges und gartenm\u00f6bel aller art spezialisiert. Quer durch die ganze welt, auf der spur von individualit\u00e4t und exklusivit\u00e4t.\",\"breadcrumb\":{\"@id\":\"https:\/\/gartenlounge.ch\/en\/product\/garten-lounges-en\/gardenlounge-glamour\/#breadcrumb\"},\"inLanguage\":\"en-US\",\"potentialAction\":[{\"@type\":\"ReadAction\",\"target\":[\"https:\/\/gartenlounge.ch\/en\/product\/garten-lounges-en\/gardenlounge-glamour\/\"]}]},{\"@type\":\"ImageObject\",\"inLanguage\":\"en-US\",\"@id\":\"https:\/\/gartenlounge.ch\/en\/product\/garten-lounges-en\/gardenlounge-glamour\/#primaryimage\",\"url\":\"https:\/\/gartenlounge.ch\/wp-content\/uploads\/2022\/01\/Glamour-.jpg\",\"contentUrl\":\"https:\/\/gartenlounge.ch\/wp-content\/uploads\/2022\/01\/Glamour-.jpg\",\"width\":800,\"height\":600},{\"@type\":\"BreadcrumbList\",\"@id\":\"https:\/\/gartenlounge.ch\/en\/product\/garten-lounges-en\/gardenlounge-glamour\/#breadcrumb\",\"itemListElement\":[{\"@type\":\"ListItem\",\"position\":1,\"name\":\"Home\",\"item\":\"https:\/\/gartenlounge.ch\/en\/\"},{\"@type\":\"ListItem\",\"position\":2,\"name\":\"Shop\",\"item\":\"https:\/\/gartenlounge.ch\/en\/shop\/\"},{\"@type\":\"ListItem\",\"position\":3,\"name\":\"gardenlounge Glamour\"}]},{\"@type\":\"WebSite\",\"@id\":\"https:\/\/gartenlounge.ch\/#website\",\"url\":\"https:\/\/gartenlounge.ch\/\",\"name\":\"Gartenlounge\",\"description\":\"Lounges und Garten Lounges Aller Art Spezialisiert.\",\"publisher\":{\"@id\":\"https:\/\/gartenlounge.ch\/#organization\"},\"potentialAction\":[{\"@type\":\"SearchAction\",\"target\":{\"@type\":\"EntryPoint\",\"urlTemplate\":\"https:\/\/gartenlounge.ch\/?s={search_term_string}\"},\"query-input\":\"required name=search_term_string\"}],\"inLanguage\":\"en-US\"},{\"@type\":\"Organization\",\"@id\":\"https:\/\/gartenlounge.ch\/#organization\",\"name\":\"Gartenlounge - Lounges und Gartenlounges aller Art spezialisiert.\",\"url\":\"https:\/\/gartenlounge.ch\/\",\"logo\":{\"@type\":\"ImageObject\",\"inLanguage\":\"en-US\",\"@id\":\"https:\/\/gartenlounge.ch\/#\/schema\/logo\/image\/\",\"url\":\"https:\/\/gartenlounge.ch\/wp-content\/uploads\/2018\/09\/Gartenlongue.ch_.png\",\"contentUrl\":\"https:\/\/gartenlounge.ch\/wp-content\/uploads\/2018\/09\/Gartenlongue.ch_.png\",\"width\":500,\"height\":67,\"caption\":\"Gartenlounge - Lounges und Gartenlounges aller Art spezialisiert.\"},\"image\":{\"@id\":\"https:\/\/gartenlounge.ch\/#\/schema\/logo\/image\/\"},\"sameAs\":[\"https:\/\/www.facebook.com\/outdoorsofa\/\"]}]}<\/script>\n<!-- \/ Yoast SEO plugin. -->","yoast_head_json":{"title":"gardenlounge Glamour - Gartenlounge","description":"Seit 2006 ist gartenlounge.ch auf lounges und gartenm\u00f6bel aller art spezialisiert. Quer durch die ganze welt, auf der spur von individualit\u00e4t und exklusivit\u00e4t.","robots":{"index":"index","follow":"follow","max-snippet":"max-snippet:-1","max-image-preview":"max-image-preview:large","max-video-preview":"max-video-preview:-1"},"canonical":"https:\/\/gartenlounge.ch\/en\/product\/garten-lounges-en\/gardenlounge-glamour\/","og_locale":"en_US","og_type":"article","og_title":"gardenlounge Glamour - Gartenlounge","og_description":"Seit 2006 ist gartenlounge.ch auf lounges und gartenm\u00f6bel aller art spezialisiert. Quer durch die ganze welt, auf der spur von individualit\u00e4t und exklusivit\u00e4t.","og_url":"https:\/\/gartenlounge.ch\/en\/product\/garten-lounges-en\/gardenlounge-glamour\/","og_site_name":"Gartenlounge","article_publisher":"https:\/\/www.facebook.com\/outdoorsofa\/","article_modified_time":"2023-04-28T07:08:57+00:00","og_image":[{"width":800,"height":600,"url":"https:\/\/gartenlounge.ch\/wp-content\/uploads\/2022\/01\/glamour-1.jpg","type":"image\/jpeg"}],"twitter_card":"summary_large_image","schema":{"@context":"https:\/\/schema.org","@graph":[{"@type":"WebPage","@id":"https:\/\/gartenlounge.ch\/en\/product\/garten-lounges-en\/gardenlounge-glamour\/","url":"https:\/\/gartenlounge.ch\/en\/product\/garten-lounges-en\/gardenlounge-glamour\/","name":"gardenlounge Glamour - Gartenlounge","isPartOf":{"@id":"https:\/\/gartenlounge.ch\/#website"},"primaryImageOfPage":{"@id":"https:\/\/gartenlounge.ch\/en\/product\/garten-lounges-en\/gardenlounge-glamour\/#primaryimage"},"image":{"@id":"https:\/\/gartenlounge.ch\/en\/product\/garten-lounges-en\/gardenlounge-glamour\/#primaryimage"},"thumbnailUrl":"https:\/\/gartenlounge.ch\/wp-content\/uploads\/2022\/01\/Glamour-.jpg","datePublished":"2018-07-15T21:34:31+00:00","dateModified":"2023-04-28T07:08:57+00:00","description":"Seit 2006 ist gartenlounge.ch auf lounges und gartenm\u00f6bel aller art spezialisiert. Quer durch die ganze welt, auf der spur von individualit\u00e4t und exklusivit\u00e4t.","breadcrumb":{"@id":"https:\/\/gartenlounge.ch\/en\/product\/garten-lounges-en\/gardenlounge-glamour\/#breadcrumb"},"inLanguage":"en-US","potentialAction":[{"@type":"ReadAction","target":["https:\/\/gartenlounge.ch\/en\/product\/garten-lounges-en\/gardenlounge-glamour\/"]}]},{"@type":"ImageObject","inLanguage":"en-US","@id":"https:\/\/gartenlounge.ch\/en\/product\/garten-lounges-en\/gardenlounge-glamour\/#primaryimage","url":"https:\/\/gartenlounge.ch\/wp-content\/uploads\/2022\/01\/Glamour-.jpg","contentUrl":"https:\/\/gartenlounge.ch\/wp-content\/uploads\/2022\/01\/Glamour-.jpg","width":800,"height":600},{"@type":"BreadcrumbList","@id":"https:\/\/gartenlounge.ch\/en\/product\/garten-lounges-en\/gardenlounge-glamour\/#breadcrumb","itemListElement":[{"@type":"ListItem","position":1,"name":"Home","item":"https:\/\/gartenlounge.ch\/en\/"},{"@type":"ListItem","position":2,"name":"Shop","item":"https:\/\/gartenlounge.ch\/en\/shop\/"},{"@type":"ListItem","position":3,"name":"gardenlounge Glamour"}]},{"@type":"WebSite","@id":"https:\/\/gartenlounge.ch\/#website","url":"https:\/\/gartenlounge.ch\/","name":"Gartenlounge","description":"Lounges und Garten Lounges Aller Art Spezialisiert.","publisher":{"@id":"https:\/\/gartenlounge.ch\/#organization"},"potentialAction":[{"@type":"SearchAction","target":{"@type":"EntryPoint","urlTemplate":"https:\/\/gartenlounge.ch\/?s={search_term_string}"},"query-input":"required name=search_term_string"}],"inLanguage":"en-US"},{"@type":"Organization","@id":"https:\/\/gartenlounge.ch\/#organization","name":"Gartenlounge - Lounges und Gartenlounges aller Art spezialisiert.","url":"https:\/\/gartenlounge.ch\/","logo":{"@type":"ImageObject","inLanguage":"en-US","@id":"https:\/\/gartenlounge.ch\/#\/schema\/logo\/image\/","url":"https:\/\/gartenlounge.ch\/wp-content\/uploads\/2018\/09\/Gartenlongue.ch_.png","contentUrl":"https:\/\/gartenlounge.ch\/wp-content\/uploads\/2018\/09\/Gartenlongue.ch_.png","width":500,"height":67,"caption":"Gartenlounge - Lounges und Gartenlounges aller Art spezialisiert."},"image":{"@id":"https:\/\/gartenlounge.ch\/#\/schema\/logo\/image\/"},"sameAs":["https:\/\/www.facebook.com\/outdoorsofa\/"]}]}},"_links":{"self":[{"href":"https:\/\/gartenlounge.ch\/en\/wp-json\/wp\/v2\/product\/90090"}],"collection":[{"href":"https:\/\/gartenlounge.ch\/en\/wp-json\/wp\/v2\/product"}],"about":[{"href":"https:\/\/gartenlounge.ch\/en\/wp-json\/wp\/v2\/types\/product"}],"wp:featuredmedia":[{"embeddable":true,"href":"https:\/\/gartenlounge.ch\/en\/wp-json\/wp\/v2\/media\/104725"}],"wp:attachment":[{"href":"https:\/\/gartenlounge.ch\/en\/wp-json\/wp\/v2\/media?parent=90090"}],"wp:term":[{"taxonomy":"product_cat","embeddable":true,"href":"https:\/\/gartenlounge.ch\/en\/wp-json\/wp\/v2\/product_cat?post=90090"},{"taxonomy":"product_tag","embeddable":true,"href":"https:\/\/gartenlounge.ch\/en\/wp-json\/wp\/v2\/product_tag?post=90090"}],"curies":[{"name":"wp","href":"https:\/\/api.w.org\/{rel}","templated":true}]}}