{"id":89730,"date":"2018-08-02T11:30:54","date_gmt":"2021-12-21T20:48:54","guid":{"rendered":"https:\/\/gartenlounge.ch\/product\/uncategorized\/gartenlounge-ethic\/"},"modified":"2023-10-30T08:49:49","modified_gmt":"2023-10-30T08:49:49","slug":"gartenlounge-ethic","status":"publish","type":"product","link":"https:\/\/gartenlounge.ch\/en\/product\/garten-lounges-en\/wetterfest-en\/gartenlounge-ethic\/","title":{"rendered":"gardenlounge Ethic"},"content":{"rendered":"<p>Ethic brings a touch of modernity to your garden. This trendy lounge is ideal for relaxing with friends and family or just enjoying the sun. The construction is made of fully welded powder coated aluminum, weatherproof Sunbrella fabric and quick drying foam. The Ethic set fits any outdoor space and sets a new standard by using the best covers and foams for outdoor use.<\/p>\n","protected":false},"excerpt":{"rendered":"<p>Ethic brings a touch of modernity to your garden. This trendy lounge is ideal for relaxing with friends and family or just enjoying the sun. The construction is made of fully welded powder coated aluminum, weatherproof Sunbrella fabric and quick drying foam. The Ethic set fits any outdoor space and sets a new standard by [&#8230;]\n","protected":false},"featured_media":89724,"template":"","meta":{"_acf_changed":false},"product_cat":[160,405],"product_tag":[],"acf":[],"yoast_head":"<!-- This site is optimized with the Yoast SEO plugin v22.3 - https:\/\/yoast.com\/wordpress\/plugins\/seo\/ -->\n<title>gardenlounge Ethic - Gartenlounge<\/title>\n<meta name=\"description\" content=\"Seit 2006 ist gartenlounge.ch auf lounges und gartenm\u00f6bel aller art spezialisiert. Quer durch die ganze welt, auf der spur von individualit\u00e4t und exklusivit\u00e4t.\" \/>\n<meta name=\"robots\" content=\"index, follow, max-snippet:-1, max-image-preview:large, max-video-preview:-1\" \/>\n<link rel=\"canonical\" href=\"https:\/\/gartenlounge.ch\/en\/product\/garten-lounges-en\/wetterfest-en\/gartenlounge-ethic\/\" \/>\n<meta property=\"og:locale\" content=\"en_US\" \/>\n<meta property=\"og:type\" content=\"article\" \/>\n<meta property=\"og:title\" content=\"gardenlounge Ethic - Gartenlounge\" \/>\n<meta property=\"og:description\" content=\"Seit 2006 ist gartenlounge.ch auf lounges und gartenm\u00f6bel aller art spezialisiert. Quer durch die ganze welt, auf der spur von individualit\u00e4t und exklusivit\u00e4t.\" \/>\n<meta property=\"og:url\" content=\"https:\/\/gartenlounge.ch\/en\/product\/garten-lounges-en\/wetterfest-en\/gartenlounge-ethic\/\" \/>\n<meta property=\"og:site_name\" content=\"Gartenlounge\" \/>\n<meta property=\"article:publisher\" content=\"https:\/\/www.facebook.com\/outdoorsofa\/\" \/>\n<meta property=\"article:modified_time\" content=\"2023-10-30T08:49:49+00:00\" \/>\n<meta property=\"og:image\" content=\"https:\/\/gartenlounge.ch\/wp-content\/uploads\/2021\/12\/ethic-1-1.jpg\" \/>\n\t<meta property=\"og:image:width\" content=\"800\" \/>\n\t<meta property=\"og:image:height\" content=\"600\" \/>\n\t<meta property=\"og:image:type\" content=\"image\/jpeg\" \/>\n<meta name=\"twitter:card\" content=\"summary_large_image\" \/>\n<script type=\"application\/ld+json\" class=\"yoast-schema-graph\">{\"@context\":\"https:\/\/schema.org\",\"@graph\":[{\"@type\":\"WebPage\",\"@id\":\"https:\/\/gartenlounge.ch\/en\/product\/garten-lounges-en\/wetterfest-en\/gartenlounge-ethic\/\",\"url\":\"https:\/\/gartenlounge.ch\/en\/product\/garten-lounges-en\/wetterfest-en\/gartenlounge-ethic\/\",\"name\":\"gardenlounge Ethic - Gartenlounge\",\"isPartOf\":{\"@id\":\"https:\/\/gartenlounge.ch\/#website\"},\"primaryImageOfPage\":{\"@id\":\"https:\/\/gartenlounge.ch\/en\/product\/garten-lounges-en\/wetterfest-en\/gartenlounge-ethic\/#primaryimage\"},\"image\":{\"@id\":\"https:\/\/gartenlounge.ch\/en\/product\/garten-lounges-en\/wetterfest-en\/gartenlounge-ethic\/#primaryimage\"},\"thumbnailUrl\":\"https:\/\/gartenlounge.ch\/wp-content\/uploads\/2021\/12\/ethic-1.jpg\",\"datePublished\":\"2021-12-21T20:48:54+00:00\",\"dateModified\":\"2023-10-30T08:49:49+00:00\",\"description\":\"Seit 2006 ist gartenlounge.ch auf lounges und gartenm\u00f6bel aller art spezialisiert. Quer durch die ganze welt, auf der spur von individualit\u00e4t und exklusivit\u00e4t.\",\"breadcrumb\":{\"@id\":\"https:\/\/gartenlounge.ch\/en\/product\/garten-lounges-en\/wetterfest-en\/gartenlounge-ethic\/#breadcrumb\"},\"inLanguage\":\"en-US\",\"potentialAction\":[{\"@type\":\"ReadAction\",\"target\":[\"https:\/\/gartenlounge.ch\/en\/product\/garten-lounges-en\/wetterfest-en\/gartenlounge-ethic\/\"]}]},{\"@type\":\"ImageObject\",\"inLanguage\":\"en-US\",\"@id\":\"https:\/\/gartenlounge.ch\/en\/product\/garten-lounges-en\/wetterfest-en\/gartenlounge-ethic\/#primaryimage\",\"url\":\"https:\/\/gartenlounge.ch\/wp-content\/uploads\/2021\/12\/ethic-1.jpg\",\"contentUrl\":\"https:\/\/gartenlounge.ch\/wp-content\/uploads\/2021\/12\/ethic-1.jpg\",\"width\":800,\"height\":600},{\"@type\":\"BreadcrumbList\",\"@id\":\"https:\/\/gartenlounge.ch\/en\/product\/garten-lounges-en\/wetterfest-en\/gartenlounge-ethic\/#breadcrumb\",\"itemListElement\":[{\"@type\":\"ListItem\",\"position\":1,\"name\":\"Home\",\"item\":\"https:\/\/gartenlounge.ch\/en\/\"},{\"@type\":\"ListItem\",\"position\":2,\"name\":\"Shop\",\"item\":\"https:\/\/gartenlounge.ch\/en\/shop\/\"},{\"@type\":\"ListItem\",\"position\":3,\"name\":\"gardenlounge Ethic\"}]},{\"@type\":\"WebSite\",\"@id\":\"https:\/\/gartenlounge.ch\/#website\",\"url\":\"https:\/\/gartenlounge.ch\/\",\"name\":\"Gartenlounge\",\"description\":\"Lounges und Garten Lounges Aller Art Spezialisiert.\",\"publisher\":{\"@id\":\"https:\/\/gartenlounge.ch\/#organization\"},\"potentialAction\":[{\"@type\":\"SearchAction\",\"target\":{\"@type\":\"EntryPoint\",\"urlTemplate\":\"https:\/\/gartenlounge.ch\/?s={search_term_string}\"},\"query-input\":\"required name=search_term_string\"}],\"inLanguage\":\"en-US\"},{\"@type\":\"Organization\",\"@id\":\"https:\/\/gartenlounge.ch\/#organization\",\"name\":\"Gartenlounge - Lounges und Gartenlounges aller Art spezialisiert.\",\"url\":\"https:\/\/gartenlounge.ch\/\",\"logo\":{\"@type\":\"ImageObject\",\"inLanguage\":\"en-US\",\"@id\":\"https:\/\/gartenlounge.ch\/#\/schema\/logo\/image\/\",\"url\":\"https:\/\/gartenlounge.ch\/wp-content\/uploads\/2018\/09\/Gartenlongue.ch_.png\",\"contentUrl\":\"https:\/\/gartenlounge.ch\/wp-content\/uploads\/2018\/09\/Gartenlongue.ch_.png\",\"width\":500,\"height\":67,\"caption\":\"Gartenlounge - Lounges und Gartenlounges aller Art spezialisiert.\"},\"image\":{\"@id\":\"https:\/\/gartenlounge.ch\/#\/schema\/logo\/image\/\"},\"sameAs\":[\"https:\/\/www.facebook.com\/outdoorsofa\/\"]}]}<\/script>\n<!-- \/ Yoast SEO plugin. -->","yoast_head_json":{"title":"gardenlounge Ethic - Gartenlounge","description":"Seit 2006 ist gartenlounge.ch auf lounges und gartenm\u00f6bel aller art spezialisiert. Quer durch die ganze welt, auf der spur von individualit\u00e4t und exklusivit\u00e4t.","robots":{"index":"index","follow":"follow","max-snippet":"max-snippet:-1","max-image-preview":"max-image-preview:large","max-video-preview":"max-video-preview:-1"},"canonical":"https:\/\/gartenlounge.ch\/en\/product\/garten-lounges-en\/wetterfest-en\/gartenlounge-ethic\/","og_locale":"en_US","og_type":"article","og_title":"gardenlounge Ethic - Gartenlounge","og_description":"Seit 2006 ist gartenlounge.ch auf lounges und gartenm\u00f6bel aller art spezialisiert. Quer durch die ganze welt, auf der spur von individualit\u00e4t und exklusivit\u00e4t.","og_url":"https:\/\/gartenlounge.ch\/en\/product\/garten-lounges-en\/wetterfest-en\/gartenlounge-ethic\/","og_site_name":"Gartenlounge","article_publisher":"https:\/\/www.facebook.com\/outdoorsofa\/","article_modified_time":"2023-10-30T08:49:49+00:00","og_image":[{"width":800,"height":600,"url":"https:\/\/gartenlounge.ch\/wp-content\/uploads\/2021\/12\/ethic-1-1.jpg","type":"image\/jpeg"}],"twitter_card":"summary_large_image","schema":{"@context":"https:\/\/schema.org","@graph":[{"@type":"WebPage","@id":"https:\/\/gartenlounge.ch\/en\/product\/garten-lounges-en\/wetterfest-en\/gartenlounge-ethic\/","url":"https:\/\/gartenlounge.ch\/en\/product\/garten-lounges-en\/wetterfest-en\/gartenlounge-ethic\/","name":"gardenlounge Ethic - Gartenlounge","isPartOf":{"@id":"https:\/\/gartenlounge.ch\/#website"},"primaryImageOfPage":{"@id":"https:\/\/gartenlounge.ch\/en\/product\/garten-lounges-en\/wetterfest-en\/gartenlounge-ethic\/#primaryimage"},"image":{"@id":"https:\/\/gartenlounge.ch\/en\/product\/garten-lounges-en\/wetterfest-en\/gartenlounge-ethic\/#primaryimage"},"thumbnailUrl":"https:\/\/gartenlounge.ch\/wp-content\/uploads\/2021\/12\/ethic-1.jpg","datePublished":"2021-12-21T20:48:54+00:00","dateModified":"2023-10-30T08:49:49+00:00","description":"Seit 2006 ist gartenlounge.ch auf lounges und gartenm\u00f6bel aller art spezialisiert. Quer durch die ganze welt, auf der spur von individualit\u00e4t und exklusivit\u00e4t.","breadcrumb":{"@id":"https:\/\/gartenlounge.ch\/en\/product\/garten-lounges-en\/wetterfest-en\/gartenlounge-ethic\/#breadcrumb"},"inLanguage":"en-US","potentialAction":[{"@type":"ReadAction","target":["https:\/\/gartenlounge.ch\/en\/product\/garten-lounges-en\/wetterfest-en\/gartenlounge-ethic\/"]}]},{"@type":"ImageObject","inLanguage":"en-US","@id":"https:\/\/gartenlounge.ch\/en\/product\/garten-lounges-en\/wetterfest-en\/gartenlounge-ethic\/#primaryimage","url":"https:\/\/gartenlounge.ch\/wp-content\/uploads\/2021\/12\/ethic-1.jpg","contentUrl":"https:\/\/gartenlounge.ch\/wp-content\/uploads\/2021\/12\/ethic-1.jpg","width":800,"height":600},{"@type":"BreadcrumbList","@id":"https:\/\/gartenlounge.ch\/en\/product\/garten-lounges-en\/wetterfest-en\/gartenlounge-ethic\/#breadcrumb","itemListElement":[{"@type":"ListItem","position":1,"name":"Home","item":"https:\/\/gartenlounge.ch\/en\/"},{"@type":"ListItem","position":2,"name":"Shop","item":"https:\/\/gartenlounge.ch\/en\/shop\/"},{"@type":"ListItem","position":3,"name":"gardenlounge Ethic"}]},{"@type":"WebSite","@id":"https:\/\/gartenlounge.ch\/#website","url":"https:\/\/gartenlounge.ch\/","name":"Gartenlounge","description":"Lounges und Garten Lounges Aller Art Spezialisiert.","publisher":{"@id":"https:\/\/gartenlounge.ch\/#organization"},"potentialAction":[{"@type":"SearchAction","target":{"@type":"EntryPoint","urlTemplate":"https:\/\/gartenlounge.ch\/?s={search_term_string}"},"query-input":"required name=search_term_string"}],"inLanguage":"en-US"},{"@type":"Organization","@id":"https:\/\/gartenlounge.ch\/#organization","name":"Gartenlounge - Lounges und Gartenlounges aller Art spezialisiert.","url":"https:\/\/gartenlounge.ch\/","logo":{"@type":"ImageObject","inLanguage":"en-US","@id":"https:\/\/gartenlounge.ch\/#\/schema\/logo\/image\/","url":"https:\/\/gartenlounge.ch\/wp-content\/uploads\/2018\/09\/Gartenlongue.ch_.png","contentUrl":"https:\/\/gartenlounge.ch\/wp-content\/uploads\/2018\/09\/Gartenlongue.ch_.png","width":500,"height":67,"caption":"Gartenlounge - Lounges und Gartenlounges aller Art spezialisiert."},"image":{"@id":"https:\/\/gartenlounge.ch\/#\/schema\/logo\/image\/"},"sameAs":["https:\/\/www.facebook.com\/outdoorsofa\/"]}]}},"_links":{"self":[{"href":"https:\/\/gartenlounge.ch\/en\/wp-json\/wp\/v2\/product\/89730"}],"collection":[{"href":"https:\/\/gartenlounge.ch\/en\/wp-json\/wp\/v2\/product"}],"about":[{"href":"https:\/\/gartenlounge.ch\/en\/wp-json\/wp\/v2\/types\/product"}],"wp:featuredmedia":[{"embeddable":true,"href":"https:\/\/gartenlounge.ch\/en\/wp-json\/wp\/v2\/media\/89724"}],"wp:attachment":[{"href":"https:\/\/gartenlounge.ch\/en\/wp-json\/wp\/v2\/media?parent=89730"}],"wp:term":[{"taxonomy":"product_cat","embeddable":true,"href":"https:\/\/gartenlounge.ch\/en\/wp-json\/wp\/v2\/product_cat?post=89730"},{"taxonomy":"product_tag","embeddable":true,"href":"https:\/\/gartenlounge.ch\/en\/wp-json\/wp\/v2\/product_tag?post=89730"}],"curies":[{"name":"wp","href":"https:\/\/api.w.org\/{rel}","templated":true}]}}