{"id":80675,"date":"2021-06-23T17:30:47","date_gmt":"2021-06-23T17:30:47","guid":{"rendered":"https:\/\/gartenlounge.ch\/?post_type=product&#038;p=80675"},"modified":"2024-10-09T10:56:45","modified_gmt":"2024-10-09T10:56:45","slug":"ball-niki-amsterdam","status":"publish","type":"product","link":"https:\/\/gartenlounge.ch\/en\/product\/bluetooth-lamps-speaker\/nikki-amsterdam\/ball-niki-amsterdam\/","title":{"rendered":"Ball Niki Amsterdam"},"content":{"rendered":"<p>Beleuchten Sie den Garten oder die Terrasse mit den kugelf\u00f6rmigen, stimmungsvollen Laternen von Nikki Amsterdam! The Ball ist mit dem ber\u00fchmten Nikki.Amsterdam B\u00fcffelgriff ausgestattet und kann einfach in einen Baum geh\u00e4ngt werden. Dar\u00fcber hinaus ist The Ball vollst\u00e4ndig wasserdicht, so dass Sie es im Pool oder Teich schwimmen lassen k\u00f6nnen. Stellen Sie sich vor, wie atmosph\u00e4risch das sein wird! Nikki Amsterdam kann mit einem Smartphone oder per Fernbedienung einfach und bequem bedient werden. Das Laden funktioniert mit Strom und Batterie.<u><\/u><u><\/u><\/p>\n<p>Was gibt es Sch\u00f6neres, als die Sommertage in vollen Z\u00fcgen zu geniessen. Die herausfordernde Zeit hat uns alle erinnert, wie wichtig ein Ort des Auftankens ist. Ihr Zuhause soll Ihr Paradies und Kraftort sein! Gerne beraten wir Sie pers\u00f6nlich und zeigen Ihnen alle Nikki Amsterdam Modelle bei uns im Showroom.<\/p>\n","protected":false},"excerpt":{"rendered":"<p>Beleuchten Sie den Garten oder die Terrasse mit den kugelf\u00f6rmigen, stimmungsvollen Laternen von Nikki Amsterdam! The Ball ist mit dem ber\u00fchmten Nikki.Amsterdam B\u00fcffelgriff ausgestattet und kann einfach in einen Baum geh\u00e4ngt werden. Dar\u00fcber hinaus ist The Ball vollst\u00e4ndig wasserdicht, so dass Sie es im Pool oder Teich schwimmen lassen k\u00f6nnen. Stellen Sie sich vor, wie [&#8230;]\n","protected":false},"featured_media":102118,"template":"","meta":{"_acf_changed":false},"product_cat":[247,249,77,365],"product_tag":[],"acf":[],"yoast_head":"<!-- This site is optimized with the Yoast SEO plugin v22.3 - https:\/\/yoast.com\/wordpress\/plugins\/seo\/ -->\n<title>Ball Nikki Amsterdam von gartenlounge.ch<\/title>\n<meta name=\"description\" content=\"Seit 2006 ist gartenlounge.ch auf lounges und gartenm\u00f6bel aller art spezialisiert. Quer durch die ganze welt, auf der spur von individualit\u00e4t und exklusivit\u00e4t.\" \/>\n<meta name=\"robots\" content=\"index, follow, max-snippet:-1, max-image-preview:large, max-video-preview:-1\" \/>\n<link rel=\"canonical\" href=\"https:\/\/gartenlounge.ch\/product\/bluetooth-lamps-speaker\/nikki-amsterdam\/ball-niki-amsterdam\/\" \/>\n<meta property=\"og:locale\" content=\"en_US\" \/>\n<meta property=\"og:type\" content=\"article\" \/>\n<meta property=\"og:title\" content=\"Ball Nikki Amsterdam von gartenlounge.ch\" \/>\n<meta property=\"og:description\" content=\"Seit 2006 ist gartenlounge.ch auf lounges und gartenm\u00f6bel aller art spezialisiert. Quer durch die ganze welt, auf der spur von individualit\u00e4t und exklusivit\u00e4t.\" \/>\n<meta property=\"og:url\" content=\"https:\/\/gartenlounge.ch\/product\/bluetooth-lamps-speaker\/nikki-amsterdam\/ball-niki-amsterdam\/\" \/>\n<meta property=\"og:site_name\" content=\"Gartenlounge\" \/>\n<meta property=\"article:publisher\" content=\"https:\/\/www.facebook.com\/outdoorsofa\/\" \/>\n<meta property=\"article:modified_time\" content=\"2024-10-09T10:56:45+00:00\" \/>\n<meta property=\"og:image\" content=\"https:\/\/gartenlounge.ch\/wp-content\/uploads\/2021\/06\/Ball-Niki-Amsterdam-30-1.jpg\" \/>\n\t<meta property=\"og:image:width\" content=\"800\" \/>\n\t<meta property=\"og:image:height\" content=\"600\" \/>\n\t<meta property=\"og:image:type\" content=\"image\/jpeg\" \/>\n<meta name=\"twitter:card\" content=\"summary_large_image\" \/>\n<meta name=\"twitter:label1\" content=\"Est. reading time\" \/>\n\t<meta name=\"twitter:data1\" content=\"1 minute\" \/>\n<script type=\"application\/ld+json\" class=\"yoast-schema-graph\">{\"@context\":\"https:\/\/schema.org\",\"@graph\":[{\"@type\":\"WebPage\",\"@id\":\"https:\/\/gartenlounge.ch\/product\/bluetooth-lamps-speaker\/nikki-amsterdam\/ball-niki-amsterdam\/\",\"url\":\"https:\/\/gartenlounge.ch\/product\/bluetooth-lamps-speaker\/nikki-amsterdam\/ball-niki-amsterdam\/\",\"name\":\"Ball Nikki Amsterdam von gartenlounge.ch\",\"isPartOf\":{\"@id\":\"https:\/\/gartenlounge.ch\/#website\"},\"primaryImageOfPage\":{\"@id\":\"https:\/\/gartenlounge.ch\/product\/bluetooth-lamps-speaker\/nikki-amsterdam\/ball-niki-amsterdam\/#primaryimage\"},\"image\":{\"@id\":\"https:\/\/gartenlounge.ch\/product\/bluetooth-lamps-speaker\/nikki-amsterdam\/ball-niki-amsterdam\/#primaryimage\"},\"thumbnailUrl\":\"https:\/\/gartenlounge.ch\/wp-content\/uploads\/2021\/06\/Ball-Niki-Amsterdam-30-1.jpg\",\"datePublished\":\"2021-06-23T17:30:47+00:00\",\"dateModified\":\"2024-10-09T10:56:45+00:00\",\"description\":\"Seit 2006 ist gartenlounge.ch auf lounges und gartenm\u00f6bel aller art spezialisiert. Quer durch die ganze welt, auf der spur von individualit\u00e4t und exklusivit\u00e4t.\",\"breadcrumb\":{\"@id\":\"https:\/\/gartenlounge.ch\/product\/bluetooth-lamps-speaker\/nikki-amsterdam\/ball-niki-amsterdam\/#breadcrumb\"},\"inLanguage\":\"en-US\",\"potentialAction\":[{\"@type\":\"ReadAction\",\"target\":[\"https:\/\/gartenlounge.ch\/product\/bluetooth-lamps-speaker\/nikki-amsterdam\/ball-niki-amsterdam\/\"]}]},{\"@type\":\"ImageObject\",\"inLanguage\":\"en-US\",\"@id\":\"https:\/\/gartenlounge.ch\/product\/bluetooth-lamps-speaker\/nikki-amsterdam\/ball-niki-amsterdam\/#primaryimage\",\"url\":\"https:\/\/gartenlounge.ch\/wp-content\/uploads\/2021\/06\/Ball-Niki-Amsterdam-30-1.jpg\",\"contentUrl\":\"https:\/\/gartenlounge.ch\/wp-content\/uploads\/2021\/06\/Ball-Niki-Amsterdam-30-1.jpg\",\"width\":800,\"height\":600},{\"@type\":\"BreadcrumbList\",\"@id\":\"https:\/\/gartenlounge.ch\/product\/bluetooth-lamps-speaker\/nikki-amsterdam\/ball-niki-amsterdam\/#breadcrumb\",\"itemListElement\":[{\"@type\":\"ListItem\",\"position\":1,\"name\":\"Home\",\"item\":\"https:\/\/gartenlounge.ch\/en\/\"},{\"@type\":\"ListItem\",\"position\":2,\"name\":\"Shop\",\"item\":\"https:\/\/gartenlounge.ch\/en\/shop\/\"},{\"@type\":\"ListItem\",\"position\":3,\"name\":\"Ball Niki Amsterdam\"}]},{\"@type\":\"WebSite\",\"@id\":\"https:\/\/gartenlounge.ch\/#website\",\"url\":\"https:\/\/gartenlounge.ch\/\",\"name\":\"Gartenlounge\",\"description\":\"Lounges und Garten Lounges Aller Art Spezialisiert.\",\"publisher\":{\"@id\":\"https:\/\/gartenlounge.ch\/#organization\"},\"potentialAction\":[{\"@type\":\"SearchAction\",\"target\":{\"@type\":\"EntryPoint\",\"urlTemplate\":\"https:\/\/gartenlounge.ch\/?s={search_term_string}\"},\"query-input\":\"required name=search_term_string\"}],\"inLanguage\":\"en-US\"},{\"@type\":\"Organization\",\"@id\":\"https:\/\/gartenlounge.ch\/#organization\",\"name\":\"Gartenlounge - Lounges und Gartenlounges aller Art spezialisiert.\",\"url\":\"https:\/\/gartenlounge.ch\/\",\"logo\":{\"@type\":\"ImageObject\",\"inLanguage\":\"en-US\",\"@id\":\"https:\/\/gartenlounge.ch\/#\/schema\/logo\/image\/\",\"url\":\"https:\/\/gartenlounge.ch\/wp-content\/uploads\/2018\/09\/Gartenlongue.ch_.png\",\"contentUrl\":\"https:\/\/gartenlounge.ch\/wp-content\/uploads\/2018\/09\/Gartenlongue.ch_.png\",\"width\":500,\"height\":67,\"caption\":\"Gartenlounge - Lounges und Gartenlounges aller Art spezialisiert.\"},\"image\":{\"@id\":\"https:\/\/gartenlounge.ch\/#\/schema\/logo\/image\/\"},\"sameAs\":[\"https:\/\/www.facebook.com\/outdoorsofa\/\"]}]}<\/script>\n<!-- \/ Yoast SEO plugin. -->","yoast_head_json":{"title":"Ball Nikki Amsterdam von gartenlounge.ch","description":"Seit 2006 ist gartenlounge.ch auf lounges und gartenm\u00f6bel aller art spezialisiert. Quer durch die ganze welt, auf der spur von individualit\u00e4t und exklusivit\u00e4t.","robots":{"index":"index","follow":"follow","max-snippet":"max-snippet:-1","max-image-preview":"max-image-preview:large","max-video-preview":"max-video-preview:-1"},"canonical":"https:\/\/gartenlounge.ch\/product\/bluetooth-lamps-speaker\/nikki-amsterdam\/ball-niki-amsterdam\/","og_locale":"en_US","og_type":"article","og_title":"Ball Nikki Amsterdam von gartenlounge.ch","og_description":"Seit 2006 ist gartenlounge.ch auf lounges und gartenm\u00f6bel aller art spezialisiert. Quer durch die ganze welt, auf der spur von individualit\u00e4t und exklusivit\u00e4t.","og_url":"https:\/\/gartenlounge.ch\/product\/bluetooth-lamps-speaker\/nikki-amsterdam\/ball-niki-amsterdam\/","og_site_name":"Gartenlounge","article_publisher":"https:\/\/www.facebook.com\/outdoorsofa\/","article_modified_time":"2024-10-09T10:56:45+00:00","og_image":[{"width":800,"height":600,"url":"https:\/\/gartenlounge.ch\/wp-content\/uploads\/2021\/06\/Ball-Niki-Amsterdam-30-1.jpg","type":"image\/jpeg"}],"twitter_card":"summary_large_image","twitter_misc":{"Est. reading time":"1 minute"},"schema":{"@context":"https:\/\/schema.org","@graph":[{"@type":"WebPage","@id":"https:\/\/gartenlounge.ch\/product\/bluetooth-lamps-speaker\/nikki-amsterdam\/ball-niki-amsterdam\/","url":"https:\/\/gartenlounge.ch\/product\/bluetooth-lamps-speaker\/nikki-amsterdam\/ball-niki-amsterdam\/","name":"Ball Nikki Amsterdam von gartenlounge.ch","isPartOf":{"@id":"https:\/\/gartenlounge.ch\/#website"},"primaryImageOfPage":{"@id":"https:\/\/gartenlounge.ch\/product\/bluetooth-lamps-speaker\/nikki-amsterdam\/ball-niki-amsterdam\/#primaryimage"},"image":{"@id":"https:\/\/gartenlounge.ch\/product\/bluetooth-lamps-speaker\/nikki-amsterdam\/ball-niki-amsterdam\/#primaryimage"},"thumbnailUrl":"https:\/\/gartenlounge.ch\/wp-content\/uploads\/2021\/06\/Ball-Niki-Amsterdam-30-1.jpg","datePublished":"2021-06-23T17:30:47+00:00","dateModified":"2024-10-09T10:56:45+00:00","description":"Seit 2006 ist gartenlounge.ch auf lounges und gartenm\u00f6bel aller art spezialisiert. Quer durch die ganze welt, auf der spur von individualit\u00e4t und exklusivit\u00e4t.","breadcrumb":{"@id":"https:\/\/gartenlounge.ch\/product\/bluetooth-lamps-speaker\/nikki-amsterdam\/ball-niki-amsterdam\/#breadcrumb"},"inLanguage":"en-US","potentialAction":[{"@type":"ReadAction","target":["https:\/\/gartenlounge.ch\/product\/bluetooth-lamps-speaker\/nikki-amsterdam\/ball-niki-amsterdam\/"]}]},{"@type":"ImageObject","inLanguage":"en-US","@id":"https:\/\/gartenlounge.ch\/product\/bluetooth-lamps-speaker\/nikki-amsterdam\/ball-niki-amsterdam\/#primaryimage","url":"https:\/\/gartenlounge.ch\/wp-content\/uploads\/2021\/06\/Ball-Niki-Amsterdam-30-1.jpg","contentUrl":"https:\/\/gartenlounge.ch\/wp-content\/uploads\/2021\/06\/Ball-Niki-Amsterdam-30-1.jpg","width":800,"height":600},{"@type":"BreadcrumbList","@id":"https:\/\/gartenlounge.ch\/product\/bluetooth-lamps-speaker\/nikki-amsterdam\/ball-niki-amsterdam\/#breadcrumb","itemListElement":[{"@type":"ListItem","position":1,"name":"Home","item":"https:\/\/gartenlounge.ch\/en\/"},{"@type":"ListItem","position":2,"name":"Shop","item":"https:\/\/gartenlounge.ch\/en\/shop\/"},{"@type":"ListItem","position":3,"name":"Ball Niki Amsterdam"}]},{"@type":"WebSite","@id":"https:\/\/gartenlounge.ch\/#website","url":"https:\/\/gartenlounge.ch\/","name":"Gartenlounge","description":"Lounges und Garten Lounges Aller Art Spezialisiert.","publisher":{"@id":"https:\/\/gartenlounge.ch\/#organization"},"potentialAction":[{"@type":"SearchAction","target":{"@type":"EntryPoint","urlTemplate":"https:\/\/gartenlounge.ch\/?s={search_term_string}"},"query-input":"required name=search_term_string"}],"inLanguage":"en-US"},{"@type":"Organization","@id":"https:\/\/gartenlounge.ch\/#organization","name":"Gartenlounge - Lounges und Gartenlounges aller Art spezialisiert.","url":"https:\/\/gartenlounge.ch\/","logo":{"@type":"ImageObject","inLanguage":"en-US","@id":"https:\/\/gartenlounge.ch\/#\/schema\/logo\/image\/","url":"https:\/\/gartenlounge.ch\/wp-content\/uploads\/2018\/09\/Gartenlongue.ch_.png","contentUrl":"https:\/\/gartenlounge.ch\/wp-content\/uploads\/2018\/09\/Gartenlongue.ch_.png","width":500,"height":67,"caption":"Gartenlounge - Lounges und Gartenlounges aller Art spezialisiert."},"image":{"@id":"https:\/\/gartenlounge.ch\/#\/schema\/logo\/image\/"},"sameAs":["https:\/\/www.facebook.com\/outdoorsofa\/"]}]}},"_links":{"self":[{"href":"https:\/\/gartenlounge.ch\/en\/wp-json\/wp\/v2\/product\/80675"}],"collection":[{"href":"https:\/\/gartenlounge.ch\/en\/wp-json\/wp\/v2\/product"}],"about":[{"href":"https:\/\/gartenlounge.ch\/en\/wp-json\/wp\/v2\/types\/product"}],"wp:featuredmedia":[{"embeddable":true,"href":"https:\/\/gartenlounge.ch\/en\/wp-json\/wp\/v2\/media\/102118"}],"wp:attachment":[{"href":"https:\/\/gartenlounge.ch\/en\/wp-json\/wp\/v2\/media?parent=80675"}],"wp:term":[{"taxonomy":"product_cat","embeddable":true,"href":"https:\/\/gartenlounge.ch\/en\/wp-json\/wp\/v2\/product_cat?post=80675"},{"taxonomy":"product_tag","embeddable":true,"href":"https:\/\/gartenlounge.ch\/en\/wp-json\/wp\/v2\/product_tag?post=80675"}],"curies":[{"name":"wp","href":"https:\/\/api.w.org\/{rel}","templated":true}]}}