{"id":3394,"date":"2018-08-03T07:20:23","date_gmt":"2018-08-17T08:25:23","guid":{"rendered":"https:\/\/gartenlounge.ch\/uncategorized\/gartenlounge-bite-island-set-6pcs\/"},"modified":"2023-11-08T08:37:52","modified_gmt":"2023-11-08T08:37:52","slug":"gartenlounge-bite-island-set-6pcs","status":"publish","type":"product","link":"https:\/\/gartenlounge.ch\/en\/product\/garten-lounges-en\/wetterfest-en\/gartenlounge-bite-island-set-6pcs\/","title":{"rendered":"gardenlounge Bite Island Set 6pcs"},"content":{"rendered":"<p><strong>&#8220;Ready for the island &#8230;.?<\/strong><br \/>\nOur Bite Island brings a breath of fresh air to your outdoor area and offers plenty of space to relax and enjoy. Thanks to the modular elements, you can always redesign your oasis of well-being and thus discover a new island every day. Celebrate life, whether all alone as Robinson Crusoe, or as a couple \u00e0 la &#8220;Six Days, Seven Nights&#8221;, or with a (wild?) party together with friends, you choose the theme and we provide the set for you.<br \/>\nThe Bite Island is an outdoor lounge for explorers and connoisseurs and offers a lot of individual freedom for creative experimentation. Thanks to high-quality materials, a solid finish and clear shapes, the Bite Island corresponds to the modern lifestyle. The comfortable elements are covered with Sunbrella and offer thanks to the generous dimensions enough space for a relaxed lounge time with many friends, or as a comfortable lounging area, for sunbathing and lounging. The set includes a sofa for two, a lounger, a bench and a stool. We also carry matching cushions and accessories.<br \/>\n<strong>&#8230;No problem, we can even bring the Bite Island to your home.<\/strong><\/p>\n<p><strong>Special Features:<\/strong><br \/>\n\u2022 Weatherproof &amp; Easy Care<br \/>\n\u2022 &#8220;Quick dry Foam&#8221; foam filling<br \/>\n\u2022 High quality materials and careful workmanship<br \/>\n\u2022 Clear timeless style in modular construction<br \/>\n\u2022 Our recommendation for longevity: Regular maintenance with our EC333 cleaner and care set<br \/>\n\u2022 Allow elements to dry completely before the winter season and cover with our matching cover sleeve<br \/>\n\u2022 or store indoors for winter storage<\/p>\n","protected":false},"excerpt":{"rendered":"<p><br data-mce-bogus=\"1\"><\/p>\n","protected":false},"featured_media":104568,"template":"","meta":{"_acf_changed":false},"product_cat":[160,405],"product_tag":[],"acf":[],"yoast_head":"<!-- This site is optimized with the Yoast SEO plugin v22.3 - https:\/\/yoast.com\/wordpress\/plugins\/seo\/ -->\n<title>gardenlounge Bite Island Set 6pcs - Gartenlounge<\/title>\n<meta name=\"description\" content=\"Seit 2006 ist gartenlounge.ch auf lounges und gartenm\u00f6bel aller art spezialisiert. Quer durch die ganze welt, auf der spur von individualit\u00e4t und exklusivit\u00e4t.\" \/>\n<meta name=\"robots\" content=\"index, follow, max-snippet:-1, max-image-preview:large, max-video-preview:-1\" \/>\n<link rel=\"canonical\" href=\"https:\/\/gartenlounge.ch\/en\/product\/garten-lounges-en\/wetterfest-en\/gartenlounge-bite-island-set-6pcs\/\" \/>\n<meta property=\"og:locale\" content=\"en_US\" \/>\n<meta property=\"og:type\" content=\"article\" \/>\n<meta property=\"og:title\" content=\"gardenlounge Bite Island Set 6pcs - Gartenlounge\" \/>\n<meta property=\"og:description\" content=\"Seit 2006 ist gartenlounge.ch auf lounges und gartenm\u00f6bel aller art spezialisiert. Quer durch die ganze welt, auf der spur von individualit\u00e4t und exklusivit\u00e4t.\" \/>\n<meta property=\"og:url\" content=\"https:\/\/gartenlounge.ch\/en\/product\/garten-lounges-en\/wetterfest-en\/gartenlounge-bite-island-set-6pcs\/\" \/>\n<meta property=\"og:site_name\" content=\"Gartenlounge\" \/>\n<meta property=\"article:publisher\" content=\"https:\/\/www.facebook.com\/outdoorsofa\/\" \/>\n<meta property=\"article:modified_time\" content=\"2023-11-08T08:37:52+00:00\" \/>\n<meta property=\"og:image\" content=\"https:\/\/gartenlounge.ch\/wp-content\/uploads\/2018\/08\/bite-island-bezNew.jpg\" \/>\n\t<meta property=\"og:image:width\" content=\"800\" \/>\n\t<meta property=\"og:image:height\" content=\"600\" \/>\n\t<meta property=\"og:image:type\" content=\"image\/jpeg\" \/>\n<meta name=\"twitter:card\" content=\"summary_large_image\" \/>\n<meta name=\"twitter:label1\" content=\"Est. reading time\" \/>\n\t<meta name=\"twitter:data1\" content=\"1 minute\" \/>\n<script type=\"application\/ld+json\" class=\"yoast-schema-graph\">{\"@context\":\"https:\/\/schema.org\",\"@graph\":[{\"@type\":\"WebPage\",\"@id\":\"https:\/\/gartenlounge.ch\/en\/product\/garten-lounges-en\/wetterfest-en\/gartenlounge-bite-island-set-6pcs\/\",\"url\":\"https:\/\/gartenlounge.ch\/en\/product\/garten-lounges-en\/wetterfest-en\/gartenlounge-bite-island-set-6pcs\/\",\"name\":\"gardenlounge Bite Island Set 6pcs - Gartenlounge\",\"isPartOf\":{\"@id\":\"https:\/\/gartenlounge.ch\/#website\"},\"primaryImageOfPage\":{\"@id\":\"https:\/\/gartenlounge.ch\/en\/product\/garten-lounges-en\/wetterfest-en\/gartenlounge-bite-island-set-6pcs\/#primaryimage\"},\"image\":{\"@id\":\"https:\/\/gartenlounge.ch\/en\/product\/garten-lounges-en\/wetterfest-en\/gartenlounge-bite-island-set-6pcs\/#primaryimage\"},\"thumbnailUrl\":\"https:\/\/gartenlounge.ch\/wp-content\/uploads\/2018\/08\/Bite-island-60.jpg\",\"datePublished\":\"2018-08-17T08:25:23+00:00\",\"dateModified\":\"2023-11-08T08:37:52+00:00\",\"description\":\"Seit 2006 ist gartenlounge.ch auf lounges und gartenm\u00f6bel aller art spezialisiert. Quer durch die ganze welt, auf der spur von individualit\u00e4t und exklusivit\u00e4t.\",\"breadcrumb\":{\"@id\":\"https:\/\/gartenlounge.ch\/en\/product\/garten-lounges-en\/wetterfest-en\/gartenlounge-bite-island-set-6pcs\/#breadcrumb\"},\"inLanguage\":\"en-US\",\"potentialAction\":[{\"@type\":\"ReadAction\",\"target\":[\"https:\/\/gartenlounge.ch\/en\/product\/garten-lounges-en\/wetterfest-en\/gartenlounge-bite-island-set-6pcs\/\"]}]},{\"@type\":\"ImageObject\",\"inLanguage\":\"en-US\",\"@id\":\"https:\/\/gartenlounge.ch\/en\/product\/garten-lounges-en\/wetterfest-en\/gartenlounge-bite-island-set-6pcs\/#primaryimage\",\"url\":\"https:\/\/gartenlounge.ch\/wp-content\/uploads\/2018\/08\/Bite-island-60.jpg\",\"contentUrl\":\"https:\/\/gartenlounge.ch\/wp-content\/uploads\/2018\/08\/Bite-island-60.jpg\",\"width\":800,\"height\":600},{\"@type\":\"BreadcrumbList\",\"@id\":\"https:\/\/gartenlounge.ch\/en\/product\/garten-lounges-en\/wetterfest-en\/gartenlounge-bite-island-set-6pcs\/#breadcrumb\",\"itemListElement\":[{\"@type\":\"ListItem\",\"position\":1,\"name\":\"Home\",\"item\":\"https:\/\/gartenlounge.ch\/en\/\"},{\"@type\":\"ListItem\",\"position\":2,\"name\":\"Shop\",\"item\":\"https:\/\/gartenlounge.ch\/en\/shop\/\"},{\"@type\":\"ListItem\",\"position\":3,\"name\":\"gardenlounge Bite Island Set 6pcs\"}]},{\"@type\":\"WebSite\",\"@id\":\"https:\/\/gartenlounge.ch\/#website\",\"url\":\"https:\/\/gartenlounge.ch\/\",\"name\":\"Gartenlounge\",\"description\":\"Lounges und Garten Lounges Aller Art Spezialisiert.\",\"publisher\":{\"@id\":\"https:\/\/gartenlounge.ch\/#organization\"},\"potentialAction\":[{\"@type\":\"SearchAction\",\"target\":{\"@type\":\"EntryPoint\",\"urlTemplate\":\"https:\/\/gartenlounge.ch\/?s={search_term_string}\"},\"query-input\":\"required name=search_term_string\"}],\"inLanguage\":\"en-US\"},{\"@type\":\"Organization\",\"@id\":\"https:\/\/gartenlounge.ch\/#organization\",\"name\":\"Gartenlounge - Lounges und Gartenlounges aller Art spezialisiert.\",\"url\":\"https:\/\/gartenlounge.ch\/\",\"logo\":{\"@type\":\"ImageObject\",\"inLanguage\":\"en-US\",\"@id\":\"https:\/\/gartenlounge.ch\/#\/schema\/logo\/image\/\",\"url\":\"https:\/\/gartenlounge.ch\/wp-content\/uploads\/2018\/09\/Gartenlongue.ch_.png\",\"contentUrl\":\"https:\/\/gartenlounge.ch\/wp-content\/uploads\/2018\/09\/Gartenlongue.ch_.png\",\"width\":500,\"height\":67,\"caption\":\"Gartenlounge - Lounges und Gartenlounges aller Art spezialisiert.\"},\"image\":{\"@id\":\"https:\/\/gartenlounge.ch\/#\/schema\/logo\/image\/\"},\"sameAs\":[\"https:\/\/www.facebook.com\/outdoorsofa\/\"]}]}<\/script>\n<!-- \/ Yoast SEO plugin. -->","yoast_head_json":{"title":"gardenlounge Bite Island Set 6pcs - Gartenlounge","description":"Seit 2006 ist gartenlounge.ch auf lounges und gartenm\u00f6bel aller art spezialisiert. Quer durch die ganze welt, auf der spur von individualit\u00e4t und exklusivit\u00e4t.","robots":{"index":"index","follow":"follow","max-snippet":"max-snippet:-1","max-image-preview":"max-image-preview:large","max-video-preview":"max-video-preview:-1"},"canonical":"https:\/\/gartenlounge.ch\/en\/product\/garten-lounges-en\/wetterfest-en\/gartenlounge-bite-island-set-6pcs\/","og_locale":"en_US","og_type":"article","og_title":"gardenlounge Bite Island Set 6pcs - Gartenlounge","og_description":"Seit 2006 ist gartenlounge.ch auf lounges und gartenm\u00f6bel aller art spezialisiert. Quer durch die ganze welt, auf der spur von individualit\u00e4t und exklusivit\u00e4t.","og_url":"https:\/\/gartenlounge.ch\/en\/product\/garten-lounges-en\/wetterfest-en\/gartenlounge-bite-island-set-6pcs\/","og_site_name":"Gartenlounge","article_publisher":"https:\/\/www.facebook.com\/outdoorsofa\/","article_modified_time":"2023-11-08T08:37:52+00:00","og_image":[{"width":800,"height":600,"url":"https:\/\/gartenlounge.ch\/wp-content\/uploads\/2018\/08\/bite-island-bezNew.jpg","type":"image\/jpeg"}],"twitter_card":"summary_large_image","twitter_misc":{"Est. reading time":"1 minute"},"schema":{"@context":"https:\/\/schema.org","@graph":[{"@type":"WebPage","@id":"https:\/\/gartenlounge.ch\/en\/product\/garten-lounges-en\/wetterfest-en\/gartenlounge-bite-island-set-6pcs\/","url":"https:\/\/gartenlounge.ch\/en\/product\/garten-lounges-en\/wetterfest-en\/gartenlounge-bite-island-set-6pcs\/","name":"gardenlounge Bite Island Set 6pcs - Gartenlounge","isPartOf":{"@id":"https:\/\/gartenlounge.ch\/#website"},"primaryImageOfPage":{"@id":"https:\/\/gartenlounge.ch\/en\/product\/garten-lounges-en\/wetterfest-en\/gartenlounge-bite-island-set-6pcs\/#primaryimage"},"image":{"@id":"https:\/\/gartenlounge.ch\/en\/product\/garten-lounges-en\/wetterfest-en\/gartenlounge-bite-island-set-6pcs\/#primaryimage"},"thumbnailUrl":"https:\/\/gartenlounge.ch\/wp-content\/uploads\/2018\/08\/Bite-island-60.jpg","datePublished":"2018-08-17T08:25:23+00:00","dateModified":"2023-11-08T08:37:52+00:00","description":"Seit 2006 ist gartenlounge.ch auf lounges und gartenm\u00f6bel aller art spezialisiert. Quer durch die ganze welt, auf der spur von individualit\u00e4t und exklusivit\u00e4t.","breadcrumb":{"@id":"https:\/\/gartenlounge.ch\/en\/product\/garten-lounges-en\/wetterfest-en\/gartenlounge-bite-island-set-6pcs\/#breadcrumb"},"inLanguage":"en-US","potentialAction":[{"@type":"ReadAction","target":["https:\/\/gartenlounge.ch\/en\/product\/garten-lounges-en\/wetterfest-en\/gartenlounge-bite-island-set-6pcs\/"]}]},{"@type":"ImageObject","inLanguage":"en-US","@id":"https:\/\/gartenlounge.ch\/en\/product\/garten-lounges-en\/wetterfest-en\/gartenlounge-bite-island-set-6pcs\/#primaryimage","url":"https:\/\/gartenlounge.ch\/wp-content\/uploads\/2018\/08\/Bite-island-60.jpg","contentUrl":"https:\/\/gartenlounge.ch\/wp-content\/uploads\/2018\/08\/Bite-island-60.jpg","width":800,"height":600},{"@type":"BreadcrumbList","@id":"https:\/\/gartenlounge.ch\/en\/product\/garten-lounges-en\/wetterfest-en\/gartenlounge-bite-island-set-6pcs\/#breadcrumb","itemListElement":[{"@type":"ListItem","position":1,"name":"Home","item":"https:\/\/gartenlounge.ch\/en\/"},{"@type":"ListItem","position":2,"name":"Shop","item":"https:\/\/gartenlounge.ch\/en\/shop\/"},{"@type":"ListItem","position":3,"name":"gardenlounge Bite Island Set 6pcs"}]},{"@type":"WebSite","@id":"https:\/\/gartenlounge.ch\/#website","url":"https:\/\/gartenlounge.ch\/","name":"Gartenlounge","description":"Lounges und Garten Lounges Aller Art Spezialisiert.","publisher":{"@id":"https:\/\/gartenlounge.ch\/#organization"},"potentialAction":[{"@type":"SearchAction","target":{"@type":"EntryPoint","urlTemplate":"https:\/\/gartenlounge.ch\/?s={search_term_string}"},"query-input":"required name=search_term_string"}],"inLanguage":"en-US"},{"@type":"Organization","@id":"https:\/\/gartenlounge.ch\/#organization","name":"Gartenlounge - Lounges und Gartenlounges aller Art spezialisiert.","url":"https:\/\/gartenlounge.ch\/","logo":{"@type":"ImageObject","inLanguage":"en-US","@id":"https:\/\/gartenlounge.ch\/#\/schema\/logo\/image\/","url":"https:\/\/gartenlounge.ch\/wp-content\/uploads\/2018\/09\/Gartenlongue.ch_.png","contentUrl":"https:\/\/gartenlounge.ch\/wp-content\/uploads\/2018\/09\/Gartenlongue.ch_.png","width":500,"height":67,"caption":"Gartenlounge - Lounges und Gartenlounges aller Art spezialisiert."},"image":{"@id":"https:\/\/gartenlounge.ch\/#\/schema\/logo\/image\/"},"sameAs":["https:\/\/www.facebook.com\/outdoorsofa\/"]}]}},"_links":{"self":[{"href":"https:\/\/gartenlounge.ch\/en\/wp-json\/wp\/v2\/product\/3394"}],"collection":[{"href":"https:\/\/gartenlounge.ch\/en\/wp-json\/wp\/v2\/product"}],"about":[{"href":"https:\/\/gartenlounge.ch\/en\/wp-json\/wp\/v2\/types\/product"}],"wp:featuredmedia":[{"embeddable":true,"href":"https:\/\/gartenlounge.ch\/en\/wp-json\/wp\/v2\/media\/104568"}],"wp:attachment":[{"href":"https:\/\/gartenlounge.ch\/en\/wp-json\/wp\/v2\/media?parent=3394"}],"wp:term":[{"taxonomy":"product_cat","embeddable":true,"href":"https:\/\/gartenlounge.ch\/en\/wp-json\/wp\/v2\/product_cat?post=3394"},{"taxonomy":"product_tag","embeddable":true,"href":"https:\/\/gartenlounge.ch\/en\/wp-json\/wp\/v2\/product_tag?post=3394"}],"curies":[{"name":"wp","href":"https:\/\/api.w.org\/{rel}","templated":true}]}}