{"id":3374,"date":"2018-08-03T08:00:36","date_gmt":"2018-08-17T11:48:36","guid":{"rendered":"https:\/\/gartenlounge.ch\/uncategorized\/gartenlounge-bite-sunlounger-single\/"},"modified":"2023-06-12T08:01:46","modified_gmt":"2023-06-12T08:01:46","slug":"gartenlounge-bite-sunlounger-single","status":"publish","type":"product","link":"https:\/\/gartenlounge.ch\/en\/product\/liegestuehle-en\/gartenlounge-bite-sunlounger-single\/","title":{"rendered":"gartenlounge Bite sunlounger single"},"content":{"rendered":"<p><strong>Sunbathing was yesterday &#8230;<\/strong><\/p>\n<p>Wellness at home in the garden is easy and you save money! Seek shade under our Roma parasol or a tree and protect your skin with a sun cream with a high sun protection factor as well as UV-A filter. Now you can relax on our Bite sun lounger and enjoy the summer, the warmth and the view. The slightly curved shape and the upholstery guarantee an ideal, comfortable lying surface. Thanks to the multi-adjustable headrest, you can also find the ideal position at any time, whether you want to read, enjoy the view or take a short nap.<br \/>\nThe Bite sun lounger is available as a single or double lounger. Together with our Bite Corner Set or our Bite Island Set, you can create your very own individual outdoor island of well-being that is guaranteed to leave nothing to be desired.<br \/>\nThanks to high-quality materials, a solid finish and clear shapes, the Bite sun lounger corresponds to the modern lifestyle. It is covered with easy-care Sunbrella and, thanks to its generous dimensions, offers enough space for relaxed lounging. We recommend combining it with our U-table and adding your own personal touch with our accent cushions and accessories.<\/p>\n<p><strong>&#8230; today we offer you Bite fresh air wellness!<\/strong><\/p>\n<p><strong>Special Features:<\/strong><br \/>\nWeatherproof &amp; Easy Care<br \/>\n&#8220;Quick dry Foam&#8221; foam filling<br \/>\nHigh quality materials and careful workmanship<br \/>\nClear timeless style<\/p>\n","protected":false},"excerpt":{"rendered":"<p>Sunbathing was yesterday &#8230; Wellness at home in the garden is easy and you save money! Seek shade under our Roma parasol or a tree and protect your skin with a sun cream with a high sun protection factor as well as UV-A filter. Now you can relax on our Bite sun lounger and enjoy [&#8230;]\n","protected":false},"featured_media":96481,"template":"","meta":{"_acf_changed":false},"product_cat":[262],"product_tag":[],"acf":[],"yoast_head":"<!-- This site is optimized with the Yoast SEO plugin v22.3 - https:\/\/yoast.com\/wordpress\/plugins\/seo\/ -->\n<title>Gartenlounge Bite sunlounger single - Gartenlounge<\/title>\n<meta name=\"description\" content=\"Seit 2006 ist gartenlounge.ch auf lounges und gartenm\u00f6bel aller art spezialisiert. Quer durch die ganze welt, auf der spur von individualit\u00e4t und exklusivit\u00e4t.\" \/>\n<meta name=\"robots\" content=\"index, follow, max-snippet:-1, max-image-preview:large, max-video-preview:-1\" \/>\n<link rel=\"canonical\" href=\"https:\/\/gartenlounge.ch\/en\/product\/liegestuehle-en\/gartenlounge-bite-sunlounger-single\/\" \/>\n<meta property=\"og:locale\" content=\"en_US\" \/>\n<meta property=\"og:type\" content=\"article\" \/>\n<meta property=\"og:title\" content=\"Gartenlounge Bite sunlounger single - Gartenlounge\" \/>\n<meta property=\"og:description\" content=\"Seit 2006 ist gartenlounge.ch auf lounges und gartenm\u00f6bel aller art spezialisiert. Quer durch die ganze welt, auf der spur von individualit\u00e4t und exklusivit\u00e4t.\" \/>\n<meta property=\"og:url\" content=\"https:\/\/gartenlounge.ch\/en\/product\/liegestuehle-en\/gartenlounge-bite-sunlounger-single\/\" \/>\n<meta property=\"og:site_name\" content=\"Gartenlounge\" \/>\n<meta property=\"article:publisher\" content=\"https:\/\/www.facebook.com\/outdoorsofa\/\" \/>\n<meta property=\"article:modified_time\" content=\"2023-06-12T08:01:46+00:00\" \/>\n<meta property=\"og:image\" content=\"https:\/\/gartenlounge.ch\/wp-content\/uploads\/2018\/08\/bite-single-1-1.jpg\" \/>\n\t<meta property=\"og:image:width\" content=\"800\" \/>\n\t<meta property=\"og:image:height\" content=\"600\" \/>\n\t<meta property=\"og:image:type\" content=\"image\/jpeg\" \/>\n<meta name=\"twitter:card\" content=\"summary_large_image\" \/>\n<meta name=\"twitter:label1\" content=\"Est. reading time\" \/>\n\t<meta name=\"twitter:data1\" content=\"1 minute\" \/>\n<script type=\"application\/ld+json\" class=\"yoast-schema-graph\">{\"@context\":\"https:\/\/schema.org\",\"@graph\":[{\"@type\":\"WebPage\",\"@id\":\"https:\/\/gartenlounge.ch\/en\/product\/liegestuehle-en\/gartenlounge-bite-sunlounger-single\/\",\"url\":\"https:\/\/gartenlounge.ch\/en\/product\/liegestuehle-en\/gartenlounge-bite-sunlounger-single\/\",\"name\":\"Gartenlounge Bite sunlounger single - Gartenlounge\",\"isPartOf\":{\"@id\":\"https:\/\/gartenlounge.ch\/#website\"},\"primaryImageOfPage\":{\"@id\":\"https:\/\/gartenlounge.ch\/en\/product\/liegestuehle-en\/gartenlounge-bite-sunlounger-single\/#primaryimage\"},\"image\":{\"@id\":\"https:\/\/gartenlounge.ch\/en\/product\/liegestuehle-en\/gartenlounge-bite-sunlounger-single\/#primaryimage\"},\"thumbnailUrl\":\"https:\/\/gartenlounge.ch\/wp-content\/uploads\/2018\/08\/bite-single-1-1.jpg\",\"datePublished\":\"2018-08-17T11:48:36+00:00\",\"dateModified\":\"2023-06-12T08:01:46+00:00\",\"description\":\"Seit 2006 ist gartenlounge.ch auf lounges und gartenm\u00f6bel aller art spezialisiert. Quer durch die ganze welt, auf der spur von individualit\u00e4t und exklusivit\u00e4t.\",\"breadcrumb\":{\"@id\":\"https:\/\/gartenlounge.ch\/en\/product\/liegestuehle-en\/gartenlounge-bite-sunlounger-single\/#breadcrumb\"},\"inLanguage\":\"en-US\",\"potentialAction\":[{\"@type\":\"ReadAction\",\"target\":[\"https:\/\/gartenlounge.ch\/en\/product\/liegestuehle-en\/gartenlounge-bite-sunlounger-single\/\"]}]},{\"@type\":\"ImageObject\",\"inLanguage\":\"en-US\",\"@id\":\"https:\/\/gartenlounge.ch\/en\/product\/liegestuehle-en\/gartenlounge-bite-sunlounger-single\/#primaryimage\",\"url\":\"https:\/\/gartenlounge.ch\/wp-content\/uploads\/2018\/08\/bite-single-1-1.jpg\",\"contentUrl\":\"https:\/\/gartenlounge.ch\/wp-content\/uploads\/2018\/08\/bite-single-1-1.jpg\",\"width\":800,\"height\":600},{\"@type\":\"BreadcrumbList\",\"@id\":\"https:\/\/gartenlounge.ch\/en\/product\/liegestuehle-en\/gartenlounge-bite-sunlounger-single\/#breadcrumb\",\"itemListElement\":[{\"@type\":\"ListItem\",\"position\":1,\"name\":\"Home\",\"item\":\"https:\/\/gartenlounge.ch\/en\/\"},{\"@type\":\"ListItem\",\"position\":2,\"name\":\"Shop\",\"item\":\"https:\/\/gartenlounge.ch\/en\/shop\/\"},{\"@type\":\"ListItem\",\"position\":3,\"name\":\"gartenlounge Bite sunlounger single\"}]},{\"@type\":\"WebSite\",\"@id\":\"https:\/\/gartenlounge.ch\/#website\",\"url\":\"https:\/\/gartenlounge.ch\/\",\"name\":\"Gartenlounge\",\"description\":\"Lounges und Garten Lounges Aller Art Spezialisiert.\",\"publisher\":{\"@id\":\"https:\/\/gartenlounge.ch\/#organization\"},\"potentialAction\":[{\"@type\":\"SearchAction\",\"target\":{\"@type\":\"EntryPoint\",\"urlTemplate\":\"https:\/\/gartenlounge.ch\/?s={search_term_string}\"},\"query-input\":\"required name=search_term_string\"}],\"inLanguage\":\"en-US\"},{\"@type\":\"Organization\",\"@id\":\"https:\/\/gartenlounge.ch\/#organization\",\"name\":\"Gartenlounge - Lounges und Gartenlounges aller Art spezialisiert.\",\"url\":\"https:\/\/gartenlounge.ch\/\",\"logo\":{\"@type\":\"ImageObject\",\"inLanguage\":\"en-US\",\"@id\":\"https:\/\/gartenlounge.ch\/#\/schema\/logo\/image\/\",\"url\":\"https:\/\/gartenlounge.ch\/wp-content\/uploads\/2018\/09\/Gartenlongue.ch_.png\",\"contentUrl\":\"https:\/\/gartenlounge.ch\/wp-content\/uploads\/2018\/09\/Gartenlongue.ch_.png\",\"width\":500,\"height\":67,\"caption\":\"Gartenlounge - Lounges und Gartenlounges aller Art spezialisiert.\"},\"image\":{\"@id\":\"https:\/\/gartenlounge.ch\/#\/schema\/logo\/image\/\"},\"sameAs\":[\"https:\/\/www.facebook.com\/outdoorsofa\/\"]}]}<\/script>\n<!-- \/ Yoast SEO plugin. -->","yoast_head_json":{"title":"Gartenlounge Bite sunlounger single - Gartenlounge","description":"Seit 2006 ist gartenlounge.ch auf lounges und gartenm\u00f6bel aller art spezialisiert. Quer durch die ganze welt, auf der spur von individualit\u00e4t und exklusivit\u00e4t.","robots":{"index":"index","follow":"follow","max-snippet":"max-snippet:-1","max-image-preview":"max-image-preview:large","max-video-preview":"max-video-preview:-1"},"canonical":"https:\/\/gartenlounge.ch\/en\/product\/liegestuehle-en\/gartenlounge-bite-sunlounger-single\/","og_locale":"en_US","og_type":"article","og_title":"Gartenlounge Bite sunlounger single - Gartenlounge","og_description":"Seit 2006 ist gartenlounge.ch auf lounges und gartenm\u00f6bel aller art spezialisiert. Quer durch die ganze welt, auf der spur von individualit\u00e4t und exklusivit\u00e4t.","og_url":"https:\/\/gartenlounge.ch\/en\/product\/liegestuehle-en\/gartenlounge-bite-sunlounger-single\/","og_site_name":"Gartenlounge","article_publisher":"https:\/\/www.facebook.com\/outdoorsofa\/","article_modified_time":"2023-06-12T08:01:46+00:00","og_image":[{"width":800,"height":600,"url":"https:\/\/gartenlounge.ch\/wp-content\/uploads\/2018\/08\/bite-single-1-1.jpg","type":"image\/jpeg"}],"twitter_card":"summary_large_image","twitter_misc":{"Est. reading time":"1 minute"},"schema":{"@context":"https:\/\/schema.org","@graph":[{"@type":"WebPage","@id":"https:\/\/gartenlounge.ch\/en\/product\/liegestuehle-en\/gartenlounge-bite-sunlounger-single\/","url":"https:\/\/gartenlounge.ch\/en\/product\/liegestuehle-en\/gartenlounge-bite-sunlounger-single\/","name":"Gartenlounge Bite sunlounger single - Gartenlounge","isPartOf":{"@id":"https:\/\/gartenlounge.ch\/#website"},"primaryImageOfPage":{"@id":"https:\/\/gartenlounge.ch\/en\/product\/liegestuehle-en\/gartenlounge-bite-sunlounger-single\/#primaryimage"},"image":{"@id":"https:\/\/gartenlounge.ch\/en\/product\/liegestuehle-en\/gartenlounge-bite-sunlounger-single\/#primaryimage"},"thumbnailUrl":"https:\/\/gartenlounge.ch\/wp-content\/uploads\/2018\/08\/bite-single-1-1.jpg","datePublished":"2018-08-17T11:48:36+00:00","dateModified":"2023-06-12T08:01:46+00:00","description":"Seit 2006 ist gartenlounge.ch auf lounges und gartenm\u00f6bel aller art spezialisiert. Quer durch die ganze welt, auf der spur von individualit\u00e4t und exklusivit\u00e4t.","breadcrumb":{"@id":"https:\/\/gartenlounge.ch\/en\/product\/liegestuehle-en\/gartenlounge-bite-sunlounger-single\/#breadcrumb"},"inLanguage":"en-US","potentialAction":[{"@type":"ReadAction","target":["https:\/\/gartenlounge.ch\/en\/product\/liegestuehle-en\/gartenlounge-bite-sunlounger-single\/"]}]},{"@type":"ImageObject","inLanguage":"en-US","@id":"https:\/\/gartenlounge.ch\/en\/product\/liegestuehle-en\/gartenlounge-bite-sunlounger-single\/#primaryimage","url":"https:\/\/gartenlounge.ch\/wp-content\/uploads\/2018\/08\/bite-single-1-1.jpg","contentUrl":"https:\/\/gartenlounge.ch\/wp-content\/uploads\/2018\/08\/bite-single-1-1.jpg","width":800,"height":600},{"@type":"BreadcrumbList","@id":"https:\/\/gartenlounge.ch\/en\/product\/liegestuehle-en\/gartenlounge-bite-sunlounger-single\/#breadcrumb","itemListElement":[{"@type":"ListItem","position":1,"name":"Home","item":"https:\/\/gartenlounge.ch\/en\/"},{"@type":"ListItem","position":2,"name":"Shop","item":"https:\/\/gartenlounge.ch\/en\/shop\/"},{"@type":"ListItem","position":3,"name":"gartenlounge Bite sunlounger single"}]},{"@type":"WebSite","@id":"https:\/\/gartenlounge.ch\/#website","url":"https:\/\/gartenlounge.ch\/","name":"Gartenlounge","description":"Lounges und Garten Lounges Aller Art Spezialisiert.","publisher":{"@id":"https:\/\/gartenlounge.ch\/#organization"},"potentialAction":[{"@type":"SearchAction","target":{"@type":"EntryPoint","urlTemplate":"https:\/\/gartenlounge.ch\/?s={search_term_string}"},"query-input":"required name=search_term_string"}],"inLanguage":"en-US"},{"@type":"Organization","@id":"https:\/\/gartenlounge.ch\/#organization","name":"Gartenlounge - Lounges und Gartenlounges aller Art spezialisiert.","url":"https:\/\/gartenlounge.ch\/","logo":{"@type":"ImageObject","inLanguage":"en-US","@id":"https:\/\/gartenlounge.ch\/#\/schema\/logo\/image\/","url":"https:\/\/gartenlounge.ch\/wp-content\/uploads\/2018\/09\/Gartenlongue.ch_.png","contentUrl":"https:\/\/gartenlounge.ch\/wp-content\/uploads\/2018\/09\/Gartenlongue.ch_.png","width":500,"height":67,"caption":"Gartenlounge - Lounges und Gartenlounges aller Art spezialisiert."},"image":{"@id":"https:\/\/gartenlounge.ch\/#\/schema\/logo\/image\/"},"sameAs":["https:\/\/www.facebook.com\/outdoorsofa\/"]}]}},"_links":{"self":[{"href":"https:\/\/gartenlounge.ch\/en\/wp-json\/wp\/v2\/product\/3374"}],"collection":[{"href":"https:\/\/gartenlounge.ch\/en\/wp-json\/wp\/v2\/product"}],"about":[{"href":"https:\/\/gartenlounge.ch\/en\/wp-json\/wp\/v2\/types\/product"}],"wp:featuredmedia":[{"embeddable":true,"href":"https:\/\/gartenlounge.ch\/en\/wp-json\/wp\/v2\/media\/96481"}],"wp:attachment":[{"href":"https:\/\/gartenlounge.ch\/en\/wp-json\/wp\/v2\/media?parent=3374"}],"wp:term":[{"taxonomy":"product_cat","embeddable":true,"href":"https:\/\/gartenlounge.ch\/en\/wp-json\/wp\/v2\/product_cat?post=3374"},{"taxonomy":"product_tag","embeddable":true,"href":"https:\/\/gartenlounge.ch\/en\/wp-json\/wp\/v2\/product_tag?post=3374"}],"curies":[{"name":"wp","href":"https:\/\/api.w.org\/{rel}","templated":true}]}}