{"id":33155,"date":"2020-10-05T10:43:29","date_gmt":"2020-10-05T10:43:29","guid":{"rendered":"https:\/\/gartenlounge.ch\/?post_type=product&#038;p=33155"},"modified":"2023-07-25T13:41:13","modified_gmt":"2023-07-25T13:41:13","slug":"lampion-xs","status":"publish","type":"product","link":"https:\/\/gartenlounge.ch\/en\/product\/bluetooth-lamps-speaker\/nikki-amsterdam\/lampion-xs\/","title":{"rendered":"Lampion XS"},"content":{"rendered":"<p>Licht &amp; Musik &amp; Cooler &amp; Ambiente vereint<\/p>\n<p>Nikki Amsterdam verzaubert Ihr Zuhause mit Ihrer Lieblingsmusik, der von Ihnen gew\u00e4hlten Beleuchtungsfarbe und einem k\u00fchlen Getr\u00e4nk Ihrer Wahl, in eine Wohlf\u00fchloase.<\/p>\n<p>Ob auf Ihrer Terrasse, in Ihrem Garten oder in einem Kinderzimmer verleiht Nikki Amsterdam ein gutes Gef\u00fchl.\u00a0Nikki Amsterdam kann mit einem Smartphone oder per Fernbedienung einfach und bequem bedient werden. Das Laden funktioniert mit Strom und Batterie.<\/p>\n<p>Was gibt es Sch\u00f6neres, als die Sommertage in vollen Z\u00fcgen zu geniessen. Die herausfordernde Zeit hat uns alle erinnert, wie wichtig ein Ort des Auftankens ist. Ihr Zuhause soll Ihr Paradies und Kraftort sein! Gerne beraten wir Sie pers\u00f6nlich und zeigen Ihnen alle Nikki Amsterdam Modelle bei uns im Showroom.<\/p>\n<p>Neugierig? Schauen Sie sich den Video an:\u00a0<a href=\"https:\/\/www.youtube.com\/watch?v=Y6vFcH3hm1Y\">https:\/\/www.youtube.com\/watch?v=Y6vFcH3hm1Y<\/a><\/p>\n<p>17x17x22.5cm \/ 1.2 kg<\/p>\n","protected":false},"excerpt":{"rendered":"<p>Licht &amp; Musik &amp; Cooler &amp; Ambiente vereint Nikki Amsterdam verzaubert Ihr Zuhause mit Ihrer Lieblingsmusik, der von Ihnen gew\u00e4hlten Beleuchtungsfarbe und einem k\u00fchlen Getr\u00e4nk Ihrer Wahl, in eine Wohlf\u00fchloase. Ob auf Ihrer Terrasse, in Ihrem Garten oder in einem Kinderzimmer verleiht Nikki Amsterdam ein gutes Gef\u00fchl.\u00a0Nikki Amsterdam kann mit einem Smartphone oder per Fernbedienung [&#8230;]\n","protected":false},"featured_media":33807,"template":"","meta":{"_acf_changed":false},"product_cat":[247,249,365],"product_tag":[],"acf":[],"yoast_head":"<!-- This site is optimized with the Yoast SEO plugin v22.3 - https:\/\/yoast.com\/wordpress\/plugins\/seo\/ -->\n<title>Lampion XS von gartenlounge.ch, Weink\u00fchler, Musik, Licht, wetterfest<\/title>\n<meta name=\"description\" content=\"Seit 2006 ist gartenlounge.ch auf lounges und gartenm\u00f6bel aller art spezialisiert. Quer durch die ganze welt, auf der spur von individualit\u00e4t und exklusivit\u00e4t.\" \/>\n<meta name=\"robots\" content=\"index, follow, max-snippet:-1, max-image-preview:large, max-video-preview:-1\" \/>\n<link rel=\"canonical\" href=\"https:\/\/gartenlounge.ch\/product\/bluetooth-lamps-speaker\/nikki-amsterdam\/lampion-xs\/\" \/>\n<meta property=\"og:locale\" content=\"en_US\" \/>\n<meta property=\"og:type\" content=\"article\" \/>\n<meta property=\"og:title\" content=\"Lampion XS von gartenlounge.ch, Weink\u00fchler, Musik, Licht, wetterfest\" \/>\n<meta property=\"og:description\" content=\"Seit 2006 ist gartenlounge.ch auf lounges und gartenm\u00f6bel aller art spezialisiert. Quer durch die ganze welt, auf der spur von individualit\u00e4t und exklusivit\u00e4t.\" \/>\n<meta property=\"og:url\" content=\"https:\/\/gartenlounge.ch\/product\/bluetooth-lamps-speaker\/nikki-amsterdam\/lampion-xs\/\" \/>\n<meta property=\"og:site_name\" content=\"Gartenlounge\" \/>\n<meta property=\"article:publisher\" content=\"https:\/\/www.facebook.com\/outdoorsofa\/\" \/>\n<meta property=\"article:modified_time\" content=\"2023-07-25T13:41:13+00:00\" \/>\n<meta property=\"og:image\" content=\"https:\/\/gartenlounge.ch\/wp-content\/uploads\/2020\/10\/Lampion-XS-3.jpg\" \/>\n\t<meta property=\"og:image:width\" content=\"800\" \/>\n\t<meta property=\"og:image:height\" content=\"600\" \/>\n\t<meta property=\"og:image:type\" content=\"image\/jpeg\" \/>\n<meta name=\"twitter:card\" content=\"summary_large_image\" \/>\n<meta name=\"twitter:label1\" content=\"Est. reading time\" \/>\n\t<meta name=\"twitter:data1\" content=\"1 minute\" \/>\n<script type=\"application\/ld+json\" class=\"yoast-schema-graph\">{\"@context\":\"https:\/\/schema.org\",\"@graph\":[{\"@type\":\"WebPage\",\"@id\":\"https:\/\/gartenlounge.ch\/product\/bluetooth-lamps-speaker\/nikki-amsterdam\/lampion-xs\/\",\"url\":\"https:\/\/gartenlounge.ch\/product\/bluetooth-lamps-speaker\/nikki-amsterdam\/lampion-xs\/\",\"name\":\"Lampion XS von gartenlounge.ch, Weink\u00fchler, Musik, Licht, wetterfest\",\"isPartOf\":{\"@id\":\"https:\/\/gartenlounge.ch\/#website\"},\"primaryImageOfPage\":{\"@id\":\"https:\/\/gartenlounge.ch\/product\/bluetooth-lamps-speaker\/nikki-amsterdam\/lampion-xs\/#primaryimage\"},\"image\":{\"@id\":\"https:\/\/gartenlounge.ch\/product\/bluetooth-lamps-speaker\/nikki-amsterdam\/lampion-xs\/#primaryimage\"},\"thumbnailUrl\":\"https:\/\/gartenlounge.ch\/wp-content\/uploads\/2020\/10\/Lampion-XS-3.jpg\",\"datePublished\":\"2020-10-05T10:43:29+00:00\",\"dateModified\":\"2023-07-25T13:41:13+00:00\",\"description\":\"Seit 2006 ist gartenlounge.ch auf lounges und gartenm\u00f6bel aller art spezialisiert. Quer durch die ganze welt, auf der spur von individualit\u00e4t und exklusivit\u00e4t.\",\"breadcrumb\":{\"@id\":\"https:\/\/gartenlounge.ch\/product\/bluetooth-lamps-speaker\/nikki-amsterdam\/lampion-xs\/#breadcrumb\"},\"inLanguage\":\"en-US\",\"potentialAction\":[{\"@type\":\"ReadAction\",\"target\":[\"https:\/\/gartenlounge.ch\/product\/bluetooth-lamps-speaker\/nikki-amsterdam\/lampion-xs\/\"]}]},{\"@type\":\"ImageObject\",\"inLanguage\":\"en-US\",\"@id\":\"https:\/\/gartenlounge.ch\/product\/bluetooth-lamps-speaker\/nikki-amsterdam\/lampion-xs\/#primaryimage\",\"url\":\"https:\/\/gartenlounge.ch\/wp-content\/uploads\/2020\/10\/Lampion-XS-3.jpg\",\"contentUrl\":\"https:\/\/gartenlounge.ch\/wp-content\/uploads\/2020\/10\/Lampion-XS-3.jpg\",\"width\":800,\"height\":600},{\"@type\":\"BreadcrumbList\",\"@id\":\"https:\/\/gartenlounge.ch\/product\/bluetooth-lamps-speaker\/nikki-amsterdam\/lampion-xs\/#breadcrumb\",\"itemListElement\":[{\"@type\":\"ListItem\",\"position\":1,\"name\":\"Home\",\"item\":\"https:\/\/gartenlounge.ch\/en\/\"},{\"@type\":\"ListItem\",\"position\":2,\"name\":\"Shop\",\"item\":\"https:\/\/gartenlounge.ch\/en\/shop\/\"},{\"@type\":\"ListItem\",\"position\":3,\"name\":\"Lampion XS\"}]},{\"@type\":\"WebSite\",\"@id\":\"https:\/\/gartenlounge.ch\/#website\",\"url\":\"https:\/\/gartenlounge.ch\/\",\"name\":\"Gartenlounge\",\"description\":\"Lounges und Garten Lounges Aller Art Spezialisiert.\",\"publisher\":{\"@id\":\"https:\/\/gartenlounge.ch\/#organization\"},\"potentialAction\":[{\"@type\":\"SearchAction\",\"target\":{\"@type\":\"EntryPoint\",\"urlTemplate\":\"https:\/\/gartenlounge.ch\/?s={search_term_string}\"},\"query-input\":\"required name=search_term_string\"}],\"inLanguage\":\"en-US\"},{\"@type\":\"Organization\",\"@id\":\"https:\/\/gartenlounge.ch\/#organization\",\"name\":\"Gartenlounge - Lounges und Gartenlounges aller Art spezialisiert.\",\"url\":\"https:\/\/gartenlounge.ch\/\",\"logo\":{\"@type\":\"ImageObject\",\"inLanguage\":\"en-US\",\"@id\":\"https:\/\/gartenlounge.ch\/#\/schema\/logo\/image\/\",\"url\":\"https:\/\/gartenlounge.ch\/wp-content\/uploads\/2018\/09\/Gartenlongue.ch_.png\",\"contentUrl\":\"https:\/\/gartenlounge.ch\/wp-content\/uploads\/2018\/09\/Gartenlongue.ch_.png\",\"width\":500,\"height\":67,\"caption\":\"Gartenlounge - Lounges und Gartenlounges aller Art spezialisiert.\"},\"image\":{\"@id\":\"https:\/\/gartenlounge.ch\/#\/schema\/logo\/image\/\"},\"sameAs\":[\"https:\/\/www.facebook.com\/outdoorsofa\/\"]}]}<\/script>\n<!-- \/ Yoast SEO plugin. -->","yoast_head_json":{"title":"Lampion XS von gartenlounge.ch, Weink\u00fchler, Musik, Licht, wetterfest","description":"Seit 2006 ist gartenlounge.ch auf lounges und gartenm\u00f6bel aller art spezialisiert. Quer durch die ganze welt, auf der spur von individualit\u00e4t und exklusivit\u00e4t.","robots":{"index":"index","follow":"follow","max-snippet":"max-snippet:-1","max-image-preview":"max-image-preview:large","max-video-preview":"max-video-preview:-1"},"canonical":"https:\/\/gartenlounge.ch\/product\/bluetooth-lamps-speaker\/nikki-amsterdam\/lampion-xs\/","og_locale":"en_US","og_type":"article","og_title":"Lampion XS von gartenlounge.ch, Weink\u00fchler, Musik, Licht, wetterfest","og_description":"Seit 2006 ist gartenlounge.ch auf lounges und gartenm\u00f6bel aller art spezialisiert. Quer durch die ganze welt, auf der spur von individualit\u00e4t und exklusivit\u00e4t.","og_url":"https:\/\/gartenlounge.ch\/product\/bluetooth-lamps-speaker\/nikki-amsterdam\/lampion-xs\/","og_site_name":"Gartenlounge","article_publisher":"https:\/\/www.facebook.com\/outdoorsofa\/","article_modified_time":"2023-07-25T13:41:13+00:00","og_image":[{"width":800,"height":600,"url":"https:\/\/gartenlounge.ch\/wp-content\/uploads\/2020\/10\/Lampion-XS-3.jpg","type":"image\/jpeg"}],"twitter_card":"summary_large_image","twitter_misc":{"Est. reading time":"1 minute"},"schema":{"@context":"https:\/\/schema.org","@graph":[{"@type":"WebPage","@id":"https:\/\/gartenlounge.ch\/product\/bluetooth-lamps-speaker\/nikki-amsterdam\/lampion-xs\/","url":"https:\/\/gartenlounge.ch\/product\/bluetooth-lamps-speaker\/nikki-amsterdam\/lampion-xs\/","name":"Lampion XS von gartenlounge.ch, Weink\u00fchler, Musik, Licht, wetterfest","isPartOf":{"@id":"https:\/\/gartenlounge.ch\/#website"},"primaryImageOfPage":{"@id":"https:\/\/gartenlounge.ch\/product\/bluetooth-lamps-speaker\/nikki-amsterdam\/lampion-xs\/#primaryimage"},"image":{"@id":"https:\/\/gartenlounge.ch\/product\/bluetooth-lamps-speaker\/nikki-amsterdam\/lampion-xs\/#primaryimage"},"thumbnailUrl":"https:\/\/gartenlounge.ch\/wp-content\/uploads\/2020\/10\/Lampion-XS-3.jpg","datePublished":"2020-10-05T10:43:29+00:00","dateModified":"2023-07-25T13:41:13+00:00","description":"Seit 2006 ist gartenlounge.ch auf lounges und gartenm\u00f6bel aller art spezialisiert. Quer durch die ganze welt, auf der spur von individualit\u00e4t und exklusivit\u00e4t.","breadcrumb":{"@id":"https:\/\/gartenlounge.ch\/product\/bluetooth-lamps-speaker\/nikki-amsterdam\/lampion-xs\/#breadcrumb"},"inLanguage":"en-US","potentialAction":[{"@type":"ReadAction","target":["https:\/\/gartenlounge.ch\/product\/bluetooth-lamps-speaker\/nikki-amsterdam\/lampion-xs\/"]}]},{"@type":"ImageObject","inLanguage":"en-US","@id":"https:\/\/gartenlounge.ch\/product\/bluetooth-lamps-speaker\/nikki-amsterdam\/lampion-xs\/#primaryimage","url":"https:\/\/gartenlounge.ch\/wp-content\/uploads\/2020\/10\/Lampion-XS-3.jpg","contentUrl":"https:\/\/gartenlounge.ch\/wp-content\/uploads\/2020\/10\/Lampion-XS-3.jpg","width":800,"height":600},{"@type":"BreadcrumbList","@id":"https:\/\/gartenlounge.ch\/product\/bluetooth-lamps-speaker\/nikki-amsterdam\/lampion-xs\/#breadcrumb","itemListElement":[{"@type":"ListItem","position":1,"name":"Home","item":"https:\/\/gartenlounge.ch\/en\/"},{"@type":"ListItem","position":2,"name":"Shop","item":"https:\/\/gartenlounge.ch\/en\/shop\/"},{"@type":"ListItem","position":3,"name":"Lampion XS"}]},{"@type":"WebSite","@id":"https:\/\/gartenlounge.ch\/#website","url":"https:\/\/gartenlounge.ch\/","name":"Gartenlounge","description":"Lounges und Garten Lounges Aller Art Spezialisiert.","publisher":{"@id":"https:\/\/gartenlounge.ch\/#organization"},"potentialAction":[{"@type":"SearchAction","target":{"@type":"EntryPoint","urlTemplate":"https:\/\/gartenlounge.ch\/?s={search_term_string}"},"query-input":"required name=search_term_string"}],"inLanguage":"en-US"},{"@type":"Organization","@id":"https:\/\/gartenlounge.ch\/#organization","name":"Gartenlounge - Lounges und Gartenlounges aller Art spezialisiert.","url":"https:\/\/gartenlounge.ch\/","logo":{"@type":"ImageObject","inLanguage":"en-US","@id":"https:\/\/gartenlounge.ch\/#\/schema\/logo\/image\/","url":"https:\/\/gartenlounge.ch\/wp-content\/uploads\/2018\/09\/Gartenlongue.ch_.png","contentUrl":"https:\/\/gartenlounge.ch\/wp-content\/uploads\/2018\/09\/Gartenlongue.ch_.png","width":500,"height":67,"caption":"Gartenlounge - Lounges und Gartenlounges aller Art spezialisiert."},"image":{"@id":"https:\/\/gartenlounge.ch\/#\/schema\/logo\/image\/"},"sameAs":["https:\/\/www.facebook.com\/outdoorsofa\/"]}]}},"_links":{"self":[{"href":"https:\/\/gartenlounge.ch\/en\/wp-json\/wp\/v2\/product\/33155"}],"collection":[{"href":"https:\/\/gartenlounge.ch\/en\/wp-json\/wp\/v2\/product"}],"about":[{"href":"https:\/\/gartenlounge.ch\/en\/wp-json\/wp\/v2\/types\/product"}],"wp:featuredmedia":[{"embeddable":true,"href":"https:\/\/gartenlounge.ch\/en\/wp-json\/wp\/v2\/media\/33807"}],"wp:attachment":[{"href":"https:\/\/gartenlounge.ch\/en\/wp-json\/wp\/v2\/media?parent=33155"}],"wp:term":[{"taxonomy":"product_cat","embeddable":true,"href":"https:\/\/gartenlounge.ch\/en\/wp-json\/wp\/v2\/product_cat?post=33155"},{"taxonomy":"product_tag","embeddable":true,"href":"https:\/\/gartenlounge.ch\/en\/wp-json\/wp\/v2\/product_tag?post=33155"}],"curies":[{"name":"wp","href":"https:\/\/api.w.org\/{rel}","templated":true}]}}