{"id":19048,"date":"2020-07-18T09:19:13","date_gmt":"2020-07-18T09:19:13","guid":{"rendered":"https:\/\/gartenlounge.ch\/?post_type=product&#038;p=19048"},"modified":"2023-02-23T08:16:31","modified_gmt":"2023-02-23T08:16:31","slug":"joouly-50-ltd","status":"publish","type":"product","link":"https:\/\/gartenlounge.ch\/en\/product\/bluetooth-lamps-speaker\/joouly\/joouly-50-ltd\/","title":{"rendered":"JOOULY 50 LTD"},"content":{"rendered":"<p style=\"font-weight: 400;\">The JOOULY\u00a050 ist eine stylische\u00a0LED-Leuchte\u00a09 verschiedenen warmen Lichtfarben 4 Farbwechsel Varianten, einem integrierten Bluetooth Lautsprecher, sowie einem Beh\u00e4lter der\u00a0als Getr\u00e4nkek\u00fchler oder als Leuchtvase verwendet werden kann.<br \/>\nThe JOOULY 50\u00a0ist sowohl per APP als auch mit Fernbedienung steuerbar.<\/p>\n<p style=\"font-weight: 400;\">H\u00f6he 50cm<br \/>\n&#8211; 4 verschiedene Farbwechsel Varianten per Fernbedienung oder APP w\u00e4hlbar<br \/>\n&#8211; 9 unterschiedliche Lichtfarben, akkubetrieben, dimmbar und kabellos<br \/>\n&#8211; Bluetooth-SYNC-Funktion (Verbinden mehrerer JOOULY\/JOOULY LTD\u00a0Modell 2020 miteinander)<br \/>\n&#8211; 5W Bluetooth Speaker (kompatibel mit Alexa Echo)<br \/>\n&#8211; Akkubetrieb f\u00fcr das Abspielen von Licht und Musik, nur Licht ca. 11 Stunden, Licht und Musik ca. 8 Stunden<\/p>\n<p style=\"font-weight: 400;\">-per APP steuerbar<\/p>\n<p style=\"font-weight: 400;\">Spezifikationen:<br \/>\nMa\u00dfe: 31 X 31 X 50 cm<br \/>\n&#8211; Gewicht: 3,7 kg<\/p>\n<p style=\"font-weight: 400;\">&#8211; LED-Licht: 10 St\u00fcck, 2W<br \/>\n&#8211; Akkubatterie: 3700mAh, Eingang 110 \/ 220V, Ausgang 5V<br \/>\n&#8211; Adapter: Abgedichteter Schmetterlings-Ladestecker 5V\/1A<br \/>\n&#8211; 4 Meter Ladekabel<br \/>\n&#8211; Lautsprecherverst\u00e4rker: 4Ohm, 5W<br \/>\n&#8211; F\u00fcllvol.\/Durchmesser\/Tiefe Beh\u00e4lter: ca.\u00a02 Liter\/\u00d815cm\/17cm<br \/>\n&#8211; Akku-Ladezeit: ca. 5 Stunden<br \/>\n&#8211; f\u00fcr Au\u00dfeneinsatz geeignet da IP66 Schutzklasse<br \/>\n&#8211; Beh\u00e4lter als Vase oder als Sektk\u00fchler (mit Eisw\u00fcrfeln) zu<\/p>\n<p style=\"font-weight: 400;\">nutzen, komplett wasserdicht<br \/>\n&#8211; Fernbedienung f\u00fcr alle Funktionen<br \/>\n&#8211; per APP ebenfalls alle Funktionen steuerbar<br \/>\n&#8211; Aluminium-Designring (geb\u00fcrstet)<br \/>\n&#8211; hochwertiger Tragegriff aus Rindsleder<br \/>\n&#8211; nicht koppelbar mit dem Modell &#8220;JOOULY Pro&#8221;<\/p>\n","protected":false},"excerpt":{"rendered":"<p>The JOOULY\u00a050 ist eine stylische\u00a0LED-Leuchte\u00a09 verschiedenen warmen Lichtfarben 4 Farbwechsel Varianten, einem integrierten Bluetooth Lautsprecher, sowie einem Beh\u00e4lter der\u00a0als Getr\u00e4nkek\u00fchler oder als Leuchtvase verwendet werden kann. The JOOULY 50\u00a0ist sowohl per APP als auch mit Fernbedienung steuerbar. H\u00f6he 50cm &#8211; 4 verschiedene Farbwechsel Varianten per Fernbedienung oder APP w\u00e4hlbar &#8211; 9 unterschiedliche Lichtfarben, akkubetrieben, dimmbar [&#8230;]\n","protected":false},"featured_media":19049,"template":"","meta":{"_acf_changed":false},"product_cat":[247,248,365],"product_tag":[],"acf":[],"yoast_head":"<!-- This site is optimized with the Yoast SEO plugin v22.3 - https:\/\/yoast.com\/wordpress\/plugins\/seo\/ -->\n<title>JOOULY 50 LTD von gartenlounge.ch, Weink\u00fchler, Musik, Licht, wetterfest<\/title>\n<meta name=\"description\" content=\"Seit 2006 ist gartenlounge.ch auf lounges und gartenm\u00f6bel aller art spezialisiert. Quer durch die ganze welt, auf der spur von individualit\u00e4t und exklusivit\u00e4t.\" \/>\n<meta name=\"robots\" content=\"index, follow, max-snippet:-1, max-image-preview:large, max-video-preview:-1\" \/>\n<link rel=\"canonical\" href=\"https:\/\/gartenlounge.ch\/product\/bluetooth-lamps-speaker\/joouly\/joouly-50-ltd\/\" \/>\n<meta property=\"og:locale\" content=\"en_US\" \/>\n<meta property=\"og:type\" content=\"article\" \/>\n<meta property=\"og:title\" content=\"JOOULY 50 LTD von gartenlounge.ch, Weink\u00fchler, Musik, Licht, wetterfest\" \/>\n<meta property=\"og:description\" content=\"Seit 2006 ist gartenlounge.ch auf lounges und gartenm\u00f6bel aller art spezialisiert. Quer durch die ganze welt, auf der spur von individualit\u00e4t und exklusivit\u00e4t.\" \/>\n<meta property=\"og:url\" content=\"https:\/\/gartenlounge.ch\/product\/bluetooth-lamps-speaker\/joouly\/joouly-50-ltd\/\" \/>\n<meta property=\"og:site_name\" content=\"Gartenlounge\" \/>\n<meta property=\"article:publisher\" content=\"https:\/\/www.facebook.com\/outdoorsofa\/\" \/>\n<meta property=\"article:modified_time\" content=\"2023-02-23T08:16:31+00:00\" \/>\n<meta property=\"og:image\" content=\"https:\/\/gartenlounge.ch\/wp-content\/uploads\/2020\/07\/joouly_50_LTD-1.jpg\" \/>\n\t<meta property=\"og:image:width\" content=\"800\" \/>\n\t<meta property=\"og:image:height\" content=\"600\" \/>\n\t<meta property=\"og:image:type\" content=\"image\/jpeg\" \/>\n<meta name=\"twitter:card\" content=\"summary_large_image\" \/>\n<meta name=\"twitter:label1\" content=\"Est. reading time\" \/>\n\t<meta name=\"twitter:data1\" content=\"1 minute\" \/>\n<script type=\"application\/ld+json\" class=\"yoast-schema-graph\">{\"@context\":\"https:\/\/schema.org\",\"@graph\":[{\"@type\":\"WebPage\",\"@id\":\"https:\/\/gartenlounge.ch\/product\/bluetooth-lamps-speaker\/joouly\/joouly-50-ltd\/\",\"url\":\"https:\/\/gartenlounge.ch\/product\/bluetooth-lamps-speaker\/joouly\/joouly-50-ltd\/\",\"name\":\"JOOULY 50 LTD von gartenlounge.ch, Weink\u00fchler, Musik, Licht, wetterfest\",\"isPartOf\":{\"@id\":\"https:\/\/gartenlounge.ch\/#website\"},\"primaryImageOfPage\":{\"@id\":\"https:\/\/gartenlounge.ch\/product\/bluetooth-lamps-speaker\/joouly\/joouly-50-ltd\/#primaryimage\"},\"image\":{\"@id\":\"https:\/\/gartenlounge.ch\/product\/bluetooth-lamps-speaker\/joouly\/joouly-50-ltd\/#primaryimage\"},\"thumbnailUrl\":\"https:\/\/gartenlounge.ch\/wp-content\/uploads\/2020\/07\/joouly_50_LTD-1.jpg\",\"datePublished\":\"2020-07-18T09:19:13+00:00\",\"dateModified\":\"2023-02-23T08:16:31+00:00\",\"description\":\"Seit 2006 ist gartenlounge.ch auf lounges und gartenm\u00f6bel aller art spezialisiert. Quer durch die ganze welt, auf der spur von individualit\u00e4t und exklusivit\u00e4t.\",\"breadcrumb\":{\"@id\":\"https:\/\/gartenlounge.ch\/product\/bluetooth-lamps-speaker\/joouly\/joouly-50-ltd\/#breadcrumb\"},\"inLanguage\":\"en-US\",\"potentialAction\":[{\"@type\":\"ReadAction\",\"target\":[\"https:\/\/gartenlounge.ch\/product\/bluetooth-lamps-speaker\/joouly\/joouly-50-ltd\/\"]}]},{\"@type\":\"ImageObject\",\"inLanguage\":\"en-US\",\"@id\":\"https:\/\/gartenlounge.ch\/product\/bluetooth-lamps-speaker\/joouly\/joouly-50-ltd\/#primaryimage\",\"url\":\"https:\/\/gartenlounge.ch\/wp-content\/uploads\/2020\/07\/joouly_50_LTD-1.jpg\",\"contentUrl\":\"https:\/\/gartenlounge.ch\/wp-content\/uploads\/2020\/07\/joouly_50_LTD-1.jpg\",\"width\":800,\"height\":600},{\"@type\":\"BreadcrumbList\",\"@id\":\"https:\/\/gartenlounge.ch\/product\/bluetooth-lamps-speaker\/joouly\/joouly-50-ltd\/#breadcrumb\",\"itemListElement\":[{\"@type\":\"ListItem\",\"position\":1,\"name\":\"Home\",\"item\":\"https:\/\/gartenlounge.ch\/en\/\"},{\"@type\":\"ListItem\",\"position\":2,\"name\":\"Shop\",\"item\":\"https:\/\/gartenlounge.ch\/en\/shop\/\"},{\"@type\":\"ListItem\",\"position\":3,\"name\":\"JOOULY 50 LTD\"}]},{\"@type\":\"WebSite\",\"@id\":\"https:\/\/gartenlounge.ch\/#website\",\"url\":\"https:\/\/gartenlounge.ch\/\",\"name\":\"Gartenlounge\",\"description\":\"Lounges und Garten Lounges Aller Art Spezialisiert.\",\"publisher\":{\"@id\":\"https:\/\/gartenlounge.ch\/#organization\"},\"potentialAction\":[{\"@type\":\"SearchAction\",\"target\":{\"@type\":\"EntryPoint\",\"urlTemplate\":\"https:\/\/gartenlounge.ch\/?s={search_term_string}\"},\"query-input\":\"required name=search_term_string\"}],\"inLanguage\":\"en-US\"},{\"@type\":\"Organization\",\"@id\":\"https:\/\/gartenlounge.ch\/#organization\",\"name\":\"Gartenlounge - Lounges und Gartenlounges aller Art spezialisiert.\",\"url\":\"https:\/\/gartenlounge.ch\/\",\"logo\":{\"@type\":\"ImageObject\",\"inLanguage\":\"en-US\",\"@id\":\"https:\/\/gartenlounge.ch\/#\/schema\/logo\/image\/\",\"url\":\"https:\/\/gartenlounge.ch\/wp-content\/uploads\/2018\/09\/Gartenlongue.ch_.png\",\"contentUrl\":\"https:\/\/gartenlounge.ch\/wp-content\/uploads\/2018\/09\/Gartenlongue.ch_.png\",\"width\":500,\"height\":67,\"caption\":\"Gartenlounge - Lounges und Gartenlounges aller Art spezialisiert.\"},\"image\":{\"@id\":\"https:\/\/gartenlounge.ch\/#\/schema\/logo\/image\/\"},\"sameAs\":[\"https:\/\/www.facebook.com\/outdoorsofa\/\"]}]}<\/script>\n<!-- \/ Yoast SEO plugin. -->","yoast_head_json":{"title":"JOOULY 50 LTD von gartenlounge.ch, Weink\u00fchler, Musik, Licht, wetterfest","description":"Seit 2006 ist gartenlounge.ch auf lounges und gartenm\u00f6bel aller art spezialisiert. Quer durch die ganze welt, auf der spur von individualit\u00e4t und exklusivit\u00e4t.","robots":{"index":"index","follow":"follow","max-snippet":"max-snippet:-1","max-image-preview":"max-image-preview:large","max-video-preview":"max-video-preview:-1"},"canonical":"https:\/\/gartenlounge.ch\/product\/bluetooth-lamps-speaker\/joouly\/joouly-50-ltd\/","og_locale":"en_US","og_type":"article","og_title":"JOOULY 50 LTD von gartenlounge.ch, Weink\u00fchler, Musik, Licht, wetterfest","og_description":"Seit 2006 ist gartenlounge.ch auf lounges und gartenm\u00f6bel aller art spezialisiert. Quer durch die ganze welt, auf der spur von individualit\u00e4t und exklusivit\u00e4t.","og_url":"https:\/\/gartenlounge.ch\/product\/bluetooth-lamps-speaker\/joouly\/joouly-50-ltd\/","og_site_name":"Gartenlounge","article_publisher":"https:\/\/www.facebook.com\/outdoorsofa\/","article_modified_time":"2023-02-23T08:16:31+00:00","og_image":[{"width":800,"height":600,"url":"https:\/\/gartenlounge.ch\/wp-content\/uploads\/2020\/07\/joouly_50_LTD-1.jpg","type":"image\/jpeg"}],"twitter_card":"summary_large_image","twitter_misc":{"Est. reading time":"1 minute"},"schema":{"@context":"https:\/\/schema.org","@graph":[{"@type":"WebPage","@id":"https:\/\/gartenlounge.ch\/product\/bluetooth-lamps-speaker\/joouly\/joouly-50-ltd\/","url":"https:\/\/gartenlounge.ch\/product\/bluetooth-lamps-speaker\/joouly\/joouly-50-ltd\/","name":"JOOULY 50 LTD von gartenlounge.ch, Weink\u00fchler, Musik, Licht, wetterfest","isPartOf":{"@id":"https:\/\/gartenlounge.ch\/#website"},"primaryImageOfPage":{"@id":"https:\/\/gartenlounge.ch\/product\/bluetooth-lamps-speaker\/joouly\/joouly-50-ltd\/#primaryimage"},"image":{"@id":"https:\/\/gartenlounge.ch\/product\/bluetooth-lamps-speaker\/joouly\/joouly-50-ltd\/#primaryimage"},"thumbnailUrl":"https:\/\/gartenlounge.ch\/wp-content\/uploads\/2020\/07\/joouly_50_LTD-1.jpg","datePublished":"2020-07-18T09:19:13+00:00","dateModified":"2023-02-23T08:16:31+00:00","description":"Seit 2006 ist gartenlounge.ch auf lounges und gartenm\u00f6bel aller art spezialisiert. Quer durch die ganze welt, auf der spur von individualit\u00e4t und exklusivit\u00e4t.","breadcrumb":{"@id":"https:\/\/gartenlounge.ch\/product\/bluetooth-lamps-speaker\/joouly\/joouly-50-ltd\/#breadcrumb"},"inLanguage":"en-US","potentialAction":[{"@type":"ReadAction","target":["https:\/\/gartenlounge.ch\/product\/bluetooth-lamps-speaker\/joouly\/joouly-50-ltd\/"]}]},{"@type":"ImageObject","inLanguage":"en-US","@id":"https:\/\/gartenlounge.ch\/product\/bluetooth-lamps-speaker\/joouly\/joouly-50-ltd\/#primaryimage","url":"https:\/\/gartenlounge.ch\/wp-content\/uploads\/2020\/07\/joouly_50_LTD-1.jpg","contentUrl":"https:\/\/gartenlounge.ch\/wp-content\/uploads\/2020\/07\/joouly_50_LTD-1.jpg","width":800,"height":600},{"@type":"BreadcrumbList","@id":"https:\/\/gartenlounge.ch\/product\/bluetooth-lamps-speaker\/joouly\/joouly-50-ltd\/#breadcrumb","itemListElement":[{"@type":"ListItem","position":1,"name":"Home","item":"https:\/\/gartenlounge.ch\/en\/"},{"@type":"ListItem","position":2,"name":"Shop","item":"https:\/\/gartenlounge.ch\/en\/shop\/"},{"@type":"ListItem","position":3,"name":"JOOULY 50 LTD"}]},{"@type":"WebSite","@id":"https:\/\/gartenlounge.ch\/#website","url":"https:\/\/gartenlounge.ch\/","name":"Gartenlounge","description":"Lounges und Garten Lounges Aller Art Spezialisiert.","publisher":{"@id":"https:\/\/gartenlounge.ch\/#organization"},"potentialAction":[{"@type":"SearchAction","target":{"@type":"EntryPoint","urlTemplate":"https:\/\/gartenlounge.ch\/?s={search_term_string}"},"query-input":"required name=search_term_string"}],"inLanguage":"en-US"},{"@type":"Organization","@id":"https:\/\/gartenlounge.ch\/#organization","name":"Gartenlounge - Lounges und Gartenlounges aller Art spezialisiert.","url":"https:\/\/gartenlounge.ch\/","logo":{"@type":"ImageObject","inLanguage":"en-US","@id":"https:\/\/gartenlounge.ch\/#\/schema\/logo\/image\/","url":"https:\/\/gartenlounge.ch\/wp-content\/uploads\/2018\/09\/Gartenlongue.ch_.png","contentUrl":"https:\/\/gartenlounge.ch\/wp-content\/uploads\/2018\/09\/Gartenlongue.ch_.png","width":500,"height":67,"caption":"Gartenlounge - Lounges und Gartenlounges aller Art spezialisiert."},"image":{"@id":"https:\/\/gartenlounge.ch\/#\/schema\/logo\/image\/"},"sameAs":["https:\/\/www.facebook.com\/outdoorsofa\/"]}]}},"_links":{"self":[{"href":"https:\/\/gartenlounge.ch\/en\/wp-json\/wp\/v2\/product\/19048"}],"collection":[{"href":"https:\/\/gartenlounge.ch\/en\/wp-json\/wp\/v2\/product"}],"about":[{"href":"https:\/\/gartenlounge.ch\/en\/wp-json\/wp\/v2\/types\/product"}],"wp:featuredmedia":[{"embeddable":true,"href":"https:\/\/gartenlounge.ch\/en\/wp-json\/wp\/v2\/media\/19049"}],"wp:attachment":[{"href":"https:\/\/gartenlounge.ch\/en\/wp-json\/wp\/v2\/media?parent=19048"}],"wp:term":[{"taxonomy":"product_cat","embeddable":true,"href":"https:\/\/gartenlounge.ch\/en\/wp-json\/wp\/v2\/product_cat?post=19048"},{"taxonomy":"product_tag","embeddable":true,"href":"https:\/\/gartenlounge.ch\/en\/wp-json\/wp\/v2\/product_tag?post=19048"}],"curies":[{"name":"wp","href":"https:\/\/api.w.org\/{rel}","templated":true}]}}