{"id":13852,"date":"2018-07-15T21:36:28","date_gmt":"2018-07-30T09:00:28","guid":{"rendered":"https:\/\/gartenlounge.ch\/uncategorized\/jewel-lounge-set-3-pcs\/"},"modified":"2023-11-07T13:09:26","modified_gmt":"2023-11-07T13:09:26","slug":"jewel-lounge-set-3-pcs","status":"publish","type":"product","link":"https:\/\/gartenlounge.ch\/en\/product\/garten-lounges-en\/wetterfest-en\/jewel-lounge-set-3-pcs\/","title":{"rendered":"gardenlounge Jewel"},"content":{"rendered":"<p><span style=\"font-weight: 400;\">Flexibility, design and comfort have come together in this beautiful lounge. With a unique design of the back wall, the lounge looks like a sculpture. If you would like to order the insertable lounge table with it, it can be integrated in two places, instead of the cushions, so that you can also see the unique back wall of the lounge from the front. The rounding can be ordered &#8220;left&#8221; or &#8220;right&#8221;. The large lounge is covered with Sunbrella fabric and the quick dry foam ensures that you can sit in the dry again quickly, even after a long period of rain. The brownish lounge corpus is very harmonious with the silvery cushions and thus matches a greyish as well as brownish background.<\/span><\/p>\n","protected":false},"excerpt":{"rendered":"<p>Flexibility, design and comfort have come together in this beautiful lounge. With a unique design of the back wall, the lounge looks like a sculpture. If you would like to order the insertable lounge table with it, it can be integrated in two places, instead of the cushions, so that you can also see the [&#8230;]\n","protected":false},"featured_media":105043,"template":"","meta":{"_acf_changed":false},"product_cat":[160,405],"product_tag":[],"acf":[],"yoast_head":"<!-- This site is optimized with the Yoast SEO plugin v22.3 - https:\/\/yoast.com\/wordpress\/plugins\/seo\/ -->\n<title>gardenlounge Jewel - Gartenlounge<\/title>\n<meta name=\"description\" content=\"Seit 2006 ist gartenlounge.ch auf lounges und gartenm\u00f6bel aller art spezialisiert. Quer durch die ganze welt, auf der spur von individualit\u00e4t und exklusivit\u00e4t.\" \/>\n<meta name=\"robots\" content=\"index, follow, max-snippet:-1, max-image-preview:large, max-video-preview:-1\" \/>\n<link rel=\"canonical\" href=\"https:\/\/gartenlounge.ch\/en\/product\/garten-lounges-en\/wetterfest-en\/jewel-lounge-set-3-pcs\/\" \/>\n<meta property=\"og:locale\" content=\"en_US\" \/>\n<meta property=\"og:type\" content=\"article\" \/>\n<meta property=\"og:title\" content=\"gardenlounge Jewel - Gartenlounge\" \/>\n<meta property=\"og:description\" content=\"Seit 2006 ist gartenlounge.ch auf lounges und gartenm\u00f6bel aller art spezialisiert. Quer durch die ganze welt, auf der spur von individualit\u00e4t und exklusivit\u00e4t.\" \/>\n<meta property=\"og:url\" content=\"https:\/\/gartenlounge.ch\/en\/product\/garten-lounges-en\/wetterfest-en\/jewel-lounge-set-3-pcs\/\" \/>\n<meta property=\"og:site_name\" content=\"Gartenlounge\" \/>\n<meta property=\"article:publisher\" content=\"https:\/\/www.facebook.com\/outdoorsofa\/\" \/>\n<meta property=\"article:modified_time\" content=\"2023-11-07T13:09:26+00:00\" \/>\n<meta property=\"og:image\" content=\"https:\/\/gartenlounge.ch\/wp-content\/uploads\/2022\/02\/Jewel-Lounge-Set.jpg\" \/>\n\t<meta property=\"og:image:width\" content=\"800\" \/>\n\t<meta property=\"og:image:height\" content=\"600\" \/>\n\t<meta property=\"og:image:type\" content=\"image\/jpeg\" \/>\n<meta name=\"twitter:card\" content=\"summary_large_image\" \/>\n<meta name=\"twitter:label1\" content=\"Est. reading time\" \/>\n\t<meta name=\"twitter:data1\" content=\"1 minute\" \/>\n<script type=\"application\/ld+json\" class=\"yoast-schema-graph\">{\"@context\":\"https:\/\/schema.org\",\"@graph\":[{\"@type\":\"WebPage\",\"@id\":\"https:\/\/gartenlounge.ch\/en\/product\/garten-lounges-en\/wetterfest-en\/jewel-lounge-set-3-pcs\/\",\"url\":\"https:\/\/gartenlounge.ch\/en\/product\/garten-lounges-en\/wetterfest-en\/jewel-lounge-set-3-pcs\/\",\"name\":\"gardenlounge Jewel - Gartenlounge\",\"isPartOf\":{\"@id\":\"https:\/\/gartenlounge.ch\/#website\"},\"primaryImageOfPage\":{\"@id\":\"https:\/\/gartenlounge.ch\/en\/product\/garten-lounges-en\/wetterfest-en\/jewel-lounge-set-3-pcs\/#primaryimage\"},\"image\":{\"@id\":\"https:\/\/gartenlounge.ch\/en\/product\/garten-lounges-en\/wetterfest-en\/jewel-lounge-set-3-pcs\/#primaryimage\"},\"thumbnailUrl\":\"https:\/\/gartenlounge.ch\/wp-content\/uploads\/2018\/07\/Jewel-links.jpg\",\"datePublished\":\"2018-07-30T09:00:28+00:00\",\"dateModified\":\"2023-11-07T13:09:26+00:00\",\"description\":\"Seit 2006 ist gartenlounge.ch auf lounges und gartenm\u00f6bel aller art spezialisiert. Quer durch die ganze welt, auf der spur von individualit\u00e4t und exklusivit\u00e4t.\",\"breadcrumb\":{\"@id\":\"https:\/\/gartenlounge.ch\/en\/product\/garten-lounges-en\/wetterfest-en\/jewel-lounge-set-3-pcs\/#breadcrumb\"},\"inLanguage\":\"en-US\",\"potentialAction\":[{\"@type\":\"ReadAction\",\"target\":[\"https:\/\/gartenlounge.ch\/en\/product\/garten-lounges-en\/wetterfest-en\/jewel-lounge-set-3-pcs\/\"]}]},{\"@type\":\"ImageObject\",\"inLanguage\":\"en-US\",\"@id\":\"https:\/\/gartenlounge.ch\/en\/product\/garten-lounges-en\/wetterfest-en\/jewel-lounge-set-3-pcs\/#primaryimage\",\"url\":\"https:\/\/gartenlounge.ch\/wp-content\/uploads\/2018\/07\/Jewel-links.jpg\",\"contentUrl\":\"https:\/\/gartenlounge.ch\/wp-content\/uploads\/2018\/07\/Jewel-links.jpg\",\"width\":800,\"height\":600},{\"@type\":\"BreadcrumbList\",\"@id\":\"https:\/\/gartenlounge.ch\/en\/product\/garten-lounges-en\/wetterfest-en\/jewel-lounge-set-3-pcs\/#breadcrumb\",\"itemListElement\":[{\"@type\":\"ListItem\",\"position\":1,\"name\":\"Home\",\"item\":\"https:\/\/gartenlounge.ch\/en\/\"},{\"@type\":\"ListItem\",\"position\":2,\"name\":\"Shop\",\"item\":\"https:\/\/gartenlounge.ch\/en\/shop\/\"},{\"@type\":\"ListItem\",\"position\":3,\"name\":\"gardenlounge Jewel\"}]},{\"@type\":\"WebSite\",\"@id\":\"https:\/\/gartenlounge.ch\/#website\",\"url\":\"https:\/\/gartenlounge.ch\/\",\"name\":\"Gartenlounge\",\"description\":\"Lounges und Garten Lounges Aller Art Spezialisiert.\",\"publisher\":{\"@id\":\"https:\/\/gartenlounge.ch\/#organization\"},\"potentialAction\":[{\"@type\":\"SearchAction\",\"target\":{\"@type\":\"EntryPoint\",\"urlTemplate\":\"https:\/\/gartenlounge.ch\/?s={search_term_string}\"},\"query-input\":\"required name=search_term_string\"}],\"inLanguage\":\"en-US\"},{\"@type\":\"Organization\",\"@id\":\"https:\/\/gartenlounge.ch\/#organization\",\"name\":\"Gartenlounge - Lounges und Gartenlounges aller Art spezialisiert.\",\"url\":\"https:\/\/gartenlounge.ch\/\",\"logo\":{\"@type\":\"ImageObject\",\"inLanguage\":\"en-US\",\"@id\":\"https:\/\/gartenlounge.ch\/#\/schema\/logo\/image\/\",\"url\":\"https:\/\/gartenlounge.ch\/wp-content\/uploads\/2018\/09\/Gartenlongue.ch_.png\",\"contentUrl\":\"https:\/\/gartenlounge.ch\/wp-content\/uploads\/2018\/09\/Gartenlongue.ch_.png\",\"width\":500,\"height\":67,\"caption\":\"Gartenlounge - Lounges und Gartenlounges aller Art spezialisiert.\"},\"image\":{\"@id\":\"https:\/\/gartenlounge.ch\/#\/schema\/logo\/image\/\"},\"sameAs\":[\"https:\/\/www.facebook.com\/outdoorsofa\/\"]}]}<\/script>\n<!-- \/ Yoast SEO plugin. -->","yoast_head_json":{"title":"gardenlounge Jewel - Gartenlounge","description":"Seit 2006 ist gartenlounge.ch auf lounges und gartenm\u00f6bel aller art spezialisiert. Quer durch die ganze welt, auf der spur von individualit\u00e4t und exklusivit\u00e4t.","robots":{"index":"index","follow":"follow","max-snippet":"max-snippet:-1","max-image-preview":"max-image-preview:large","max-video-preview":"max-video-preview:-1"},"canonical":"https:\/\/gartenlounge.ch\/en\/product\/garten-lounges-en\/wetterfest-en\/jewel-lounge-set-3-pcs\/","og_locale":"en_US","og_type":"article","og_title":"gardenlounge Jewel - Gartenlounge","og_description":"Seit 2006 ist gartenlounge.ch auf lounges und gartenm\u00f6bel aller art spezialisiert. Quer durch die ganze welt, auf der spur von individualit\u00e4t und exklusivit\u00e4t.","og_url":"https:\/\/gartenlounge.ch\/en\/product\/garten-lounges-en\/wetterfest-en\/jewel-lounge-set-3-pcs\/","og_site_name":"Gartenlounge","article_publisher":"https:\/\/www.facebook.com\/outdoorsofa\/","article_modified_time":"2023-11-07T13:09:26+00:00","og_image":[{"width":800,"height":600,"url":"https:\/\/gartenlounge.ch\/wp-content\/uploads\/2022\/02\/Jewel-Lounge-Set.jpg","type":"image\/jpeg"}],"twitter_card":"summary_large_image","twitter_misc":{"Est. reading time":"1 minute"},"schema":{"@context":"https:\/\/schema.org","@graph":[{"@type":"WebPage","@id":"https:\/\/gartenlounge.ch\/en\/product\/garten-lounges-en\/wetterfest-en\/jewel-lounge-set-3-pcs\/","url":"https:\/\/gartenlounge.ch\/en\/product\/garten-lounges-en\/wetterfest-en\/jewel-lounge-set-3-pcs\/","name":"gardenlounge Jewel - Gartenlounge","isPartOf":{"@id":"https:\/\/gartenlounge.ch\/#website"},"primaryImageOfPage":{"@id":"https:\/\/gartenlounge.ch\/en\/product\/garten-lounges-en\/wetterfest-en\/jewel-lounge-set-3-pcs\/#primaryimage"},"image":{"@id":"https:\/\/gartenlounge.ch\/en\/product\/garten-lounges-en\/wetterfest-en\/jewel-lounge-set-3-pcs\/#primaryimage"},"thumbnailUrl":"https:\/\/gartenlounge.ch\/wp-content\/uploads\/2018\/07\/Jewel-links.jpg","datePublished":"2018-07-30T09:00:28+00:00","dateModified":"2023-11-07T13:09:26+00:00","description":"Seit 2006 ist gartenlounge.ch auf lounges und gartenm\u00f6bel aller art spezialisiert. Quer durch die ganze welt, auf der spur von individualit\u00e4t und exklusivit\u00e4t.","breadcrumb":{"@id":"https:\/\/gartenlounge.ch\/en\/product\/garten-lounges-en\/wetterfest-en\/jewel-lounge-set-3-pcs\/#breadcrumb"},"inLanguage":"en-US","potentialAction":[{"@type":"ReadAction","target":["https:\/\/gartenlounge.ch\/en\/product\/garten-lounges-en\/wetterfest-en\/jewel-lounge-set-3-pcs\/"]}]},{"@type":"ImageObject","inLanguage":"en-US","@id":"https:\/\/gartenlounge.ch\/en\/product\/garten-lounges-en\/wetterfest-en\/jewel-lounge-set-3-pcs\/#primaryimage","url":"https:\/\/gartenlounge.ch\/wp-content\/uploads\/2018\/07\/Jewel-links.jpg","contentUrl":"https:\/\/gartenlounge.ch\/wp-content\/uploads\/2018\/07\/Jewel-links.jpg","width":800,"height":600},{"@type":"BreadcrumbList","@id":"https:\/\/gartenlounge.ch\/en\/product\/garten-lounges-en\/wetterfest-en\/jewel-lounge-set-3-pcs\/#breadcrumb","itemListElement":[{"@type":"ListItem","position":1,"name":"Home","item":"https:\/\/gartenlounge.ch\/en\/"},{"@type":"ListItem","position":2,"name":"Shop","item":"https:\/\/gartenlounge.ch\/en\/shop\/"},{"@type":"ListItem","position":3,"name":"gardenlounge Jewel"}]},{"@type":"WebSite","@id":"https:\/\/gartenlounge.ch\/#website","url":"https:\/\/gartenlounge.ch\/","name":"Gartenlounge","description":"Lounges und Garten Lounges Aller Art Spezialisiert.","publisher":{"@id":"https:\/\/gartenlounge.ch\/#organization"},"potentialAction":[{"@type":"SearchAction","target":{"@type":"EntryPoint","urlTemplate":"https:\/\/gartenlounge.ch\/?s={search_term_string}"},"query-input":"required name=search_term_string"}],"inLanguage":"en-US"},{"@type":"Organization","@id":"https:\/\/gartenlounge.ch\/#organization","name":"Gartenlounge - Lounges und Gartenlounges aller Art spezialisiert.","url":"https:\/\/gartenlounge.ch\/","logo":{"@type":"ImageObject","inLanguage":"en-US","@id":"https:\/\/gartenlounge.ch\/#\/schema\/logo\/image\/","url":"https:\/\/gartenlounge.ch\/wp-content\/uploads\/2018\/09\/Gartenlongue.ch_.png","contentUrl":"https:\/\/gartenlounge.ch\/wp-content\/uploads\/2018\/09\/Gartenlongue.ch_.png","width":500,"height":67,"caption":"Gartenlounge - Lounges und Gartenlounges aller Art spezialisiert."},"image":{"@id":"https:\/\/gartenlounge.ch\/#\/schema\/logo\/image\/"},"sameAs":["https:\/\/www.facebook.com\/outdoorsofa\/"]}]}},"_links":{"self":[{"href":"https:\/\/gartenlounge.ch\/en\/wp-json\/wp\/v2\/product\/13852"}],"collection":[{"href":"https:\/\/gartenlounge.ch\/en\/wp-json\/wp\/v2\/product"}],"about":[{"href":"https:\/\/gartenlounge.ch\/en\/wp-json\/wp\/v2\/types\/product"}],"wp:featuredmedia":[{"embeddable":true,"href":"https:\/\/gartenlounge.ch\/en\/wp-json\/wp\/v2\/media\/105043"}],"wp:attachment":[{"href":"https:\/\/gartenlounge.ch\/en\/wp-json\/wp\/v2\/media?parent=13852"}],"wp:term":[{"taxonomy":"product_cat","embeddable":true,"href":"https:\/\/gartenlounge.ch\/en\/wp-json\/wp\/v2\/product_cat?post=13852"},{"taxonomy":"product_tag","embeddable":true,"href":"https:\/\/gartenlounge.ch\/en\/wp-json\/wp\/v2\/product_tag?post=13852"}],"curies":[{"name":"wp","href":"https:\/\/api.w.org\/{rel}","templated":true}]}}