{"id":105046,"date":"2026-04-17T06:01:03","date_gmt":"2026-04-17T06:01:03","guid":{"rendered":"https:\/\/gartenlounge.ch\/?post_type=product&#038;p=105046"},"modified":"2026-04-17T06:05:37","modified_gmt":"2026-04-17T06:05:37","slug":"gartenlounge-jewel-rechts","status":"publish","type":"product","link":"https:\/\/gartenlounge.ch\/en\/product\/garten-lounges\/wetterfest\/gartenlounge-jewel-rechts\/","title":{"rendered":"gartenlounge Jewel rechts"},"content":{"rendered":"<p><span style=\"font-weight: 400;\">Flexibilit\u00e4t, Design und Bequemlichkeit haben sich bei dieser wundersch\u00f6nen Lounge vereint. Mit einem einzigartigen Design der R\u00fcckenwand wirkt die Lounge wie eine Skulptur. Falls Sie den einsetzbaren Loungetisch dazu bestellen m\u00f6chten, kann dieser an zwei Stellen, anstelle der Kissen integriert werden, sodass Sie die einzigartige R\u00fcckenwand der Lounge auch von vorne sehen k\u00f6nnen. Die Abrundung ist \u00ablinks\u00bb oder \u00abrechts\u00bb bestellbar. Die grosse Lounge ist mit Sunbrella Stoff \u00fcberzogen und der quick dry Schaumstoff sorgt daf\u00fcr, dass Sie auch nach langem Regen schnell wieder im Trockenen sitzen k\u00f6nnen. Der br\u00e4unliche Loungekorpus ist mit den silbrigen Kissen sehr harmonisch und passt sich somit einem gr\u00e4ulichen wie auch br\u00e4unlichen Untergrund an.<\/span><\/p>\n","protected":false},"excerpt":{"rendered":"<p>Flexibilit\u00e4t, Design und Bequemlichkeit haben sich bei dieser wundersch\u00f6nen Lounge vereint. Mit einem einzigartigen Design der R\u00fcckenwand wirkt die Lounge wie eine Skulptur. Falls Sie den einsetzbaren Loungetisch dazu bestellen m\u00f6chten, kann dieser an zwei Stellen, anstelle der Kissen integriert werden, sodass Sie die einzigartige R\u00fcckenwand der Lounge auch von vorne sehen k\u00f6nnen. Die Abrundung [&#8230;]\n","protected":false},"featured_media":105047,"template":"","meta":{"_acf_changed":false},"product_cat":[70,336],"product_tag":[],"acf":[],"yoast_head":"<!-- This site is optimized with the Yoast SEO plugin v22.3 - https:\/\/yoast.com\/wordpress\/plugins\/seo\/ -->\n<title>gartenlounge Jewel rechts - Gartenlounge<\/title>\n<meta name=\"description\" content=\"Seit 2006 ist gartenlounge.ch auf lounges und gartenm\u00f6bel aller art spezialisiert. Quer durch die ganze welt, auf der spur von individualit\u00e4t und exklusivit\u00e4t.\" \/>\n<meta name=\"robots\" content=\"index, follow, max-snippet:-1, max-image-preview:large, max-video-preview:-1\" \/>\n<link rel=\"canonical\" href=\"https:\/\/gartenlounge.ch\/product\/garten-lounges\/wetterfest\/gartenlounge-jewel-rechts\/\" \/>\n<meta property=\"og:locale\" content=\"en_US\" \/>\n<meta property=\"og:type\" content=\"article\" \/>\n<meta property=\"og:title\" content=\"gartenlounge Jewel rechts - Gartenlounge\" \/>\n<meta property=\"og:description\" content=\"Seit 2006 ist gartenlounge.ch auf lounges und gartenm\u00f6bel aller art spezialisiert. Quer durch die ganze welt, auf der spur von individualit\u00e4t und exklusivit\u00e4t.\" \/>\n<meta property=\"og:url\" content=\"https:\/\/gartenlounge.ch\/product\/garten-lounges\/wetterfest\/gartenlounge-jewel-rechts\/\" \/>\n<meta property=\"og:site_name\" content=\"Gartenlounge\" \/>\n<meta property=\"article:publisher\" content=\"https:\/\/www.facebook.com\/outdoorsofa\/\" \/>\n<meta property=\"article:modified_time\" content=\"2026-04-17T06:05:37+00:00\" \/>\n<meta property=\"og:image\" content=\"https:\/\/gartenlounge.ch\/wp-content\/uploads\/2026\/04\/Jewel-rechts.jpg\" \/>\n\t<meta property=\"og:image:width\" content=\"800\" \/>\n\t<meta property=\"og:image:height\" content=\"600\" \/>\n\t<meta property=\"og:image:type\" content=\"image\/jpeg\" \/>\n<meta name=\"twitter:card\" content=\"summary_large_image\" \/>\n<meta name=\"twitter:label1\" content=\"Est. reading time\" \/>\n\t<meta name=\"twitter:data1\" content=\"1 minute\" \/>\n<script type=\"application\/ld+json\" class=\"yoast-schema-graph\">{\"@context\":\"https:\/\/schema.org\",\"@graph\":[{\"@type\":\"WebPage\",\"@id\":\"https:\/\/gartenlounge.ch\/product\/garten-lounges\/wetterfest\/gartenlounge-jewel-rechts\/\",\"url\":\"https:\/\/gartenlounge.ch\/product\/garten-lounges\/wetterfest\/gartenlounge-jewel-rechts\/\",\"name\":\"gartenlounge Jewel rechts - Gartenlounge\",\"isPartOf\":{\"@id\":\"https:\/\/gartenlounge.ch\/#website\"},\"primaryImageOfPage\":{\"@id\":\"https:\/\/gartenlounge.ch\/product\/garten-lounges\/wetterfest\/gartenlounge-jewel-rechts\/#primaryimage\"},\"image\":{\"@id\":\"https:\/\/gartenlounge.ch\/product\/garten-lounges\/wetterfest\/gartenlounge-jewel-rechts\/#primaryimage\"},\"thumbnailUrl\":\"https:\/\/gartenlounge.ch\/wp-content\/uploads\/2026\/04\/Jewel-rechts.jpg\",\"datePublished\":\"2026-04-17T06:01:03+00:00\",\"dateModified\":\"2026-04-17T06:05:37+00:00\",\"description\":\"Seit 2006 ist gartenlounge.ch auf lounges und gartenm\u00f6bel aller art spezialisiert. Quer durch die ganze welt, auf der spur von individualit\u00e4t und exklusivit\u00e4t.\",\"breadcrumb\":{\"@id\":\"https:\/\/gartenlounge.ch\/product\/garten-lounges\/wetterfest\/gartenlounge-jewel-rechts\/#breadcrumb\"},\"inLanguage\":\"en-US\",\"potentialAction\":[{\"@type\":\"ReadAction\",\"target\":[\"https:\/\/gartenlounge.ch\/product\/garten-lounges\/wetterfest\/gartenlounge-jewel-rechts\/\"]}]},{\"@type\":\"ImageObject\",\"inLanguage\":\"en-US\",\"@id\":\"https:\/\/gartenlounge.ch\/product\/garten-lounges\/wetterfest\/gartenlounge-jewel-rechts\/#primaryimage\",\"url\":\"https:\/\/gartenlounge.ch\/wp-content\/uploads\/2026\/04\/Jewel-rechts.jpg\",\"contentUrl\":\"https:\/\/gartenlounge.ch\/wp-content\/uploads\/2026\/04\/Jewel-rechts.jpg\",\"width\":800,\"height\":600},{\"@type\":\"BreadcrumbList\",\"@id\":\"https:\/\/gartenlounge.ch\/product\/garten-lounges\/wetterfest\/gartenlounge-jewel-rechts\/#breadcrumb\",\"itemListElement\":[{\"@type\":\"ListItem\",\"position\":1,\"name\":\"Home\",\"item\":\"https:\/\/gartenlounge.ch\/en\/\"},{\"@type\":\"ListItem\",\"position\":2,\"name\":\"Shop\",\"item\":\"https:\/\/gartenlounge.ch\/en\/shop\/\"},{\"@type\":\"ListItem\",\"position\":3,\"name\":\"gartenlounge Jewel rechts\"}]},{\"@type\":\"WebSite\",\"@id\":\"https:\/\/gartenlounge.ch\/#website\",\"url\":\"https:\/\/gartenlounge.ch\/\",\"name\":\"Gartenlounge\",\"description\":\"Lounges und Garten Lounges Aller Art Spezialisiert.\",\"publisher\":{\"@id\":\"https:\/\/gartenlounge.ch\/#organization\"},\"potentialAction\":[{\"@type\":\"SearchAction\",\"target\":{\"@type\":\"EntryPoint\",\"urlTemplate\":\"https:\/\/gartenlounge.ch\/?s={search_term_string}\"},\"query-input\":\"required name=search_term_string\"}],\"inLanguage\":\"en-US\"},{\"@type\":\"Organization\",\"@id\":\"https:\/\/gartenlounge.ch\/#organization\",\"name\":\"Gartenlounge - Lounges und Gartenlounges aller Art spezialisiert.\",\"url\":\"https:\/\/gartenlounge.ch\/\",\"logo\":{\"@type\":\"ImageObject\",\"inLanguage\":\"en-US\",\"@id\":\"https:\/\/gartenlounge.ch\/#\/schema\/logo\/image\/\",\"url\":\"https:\/\/gartenlounge.ch\/wp-content\/uploads\/2018\/09\/Gartenlongue.ch_.png\",\"contentUrl\":\"https:\/\/gartenlounge.ch\/wp-content\/uploads\/2018\/09\/Gartenlongue.ch_.png\",\"width\":500,\"height\":67,\"caption\":\"Gartenlounge - Lounges und Gartenlounges aller Art spezialisiert.\"},\"image\":{\"@id\":\"https:\/\/gartenlounge.ch\/#\/schema\/logo\/image\/\"},\"sameAs\":[\"https:\/\/www.facebook.com\/outdoorsofa\/\"]}]}<\/script>\n<!-- \/ Yoast SEO plugin. -->","yoast_head_json":{"title":"gartenlounge Jewel rechts - Gartenlounge","description":"Seit 2006 ist gartenlounge.ch auf lounges und gartenm\u00f6bel aller art spezialisiert. Quer durch die ganze welt, auf der spur von individualit\u00e4t und exklusivit\u00e4t.","robots":{"index":"index","follow":"follow","max-snippet":"max-snippet:-1","max-image-preview":"max-image-preview:large","max-video-preview":"max-video-preview:-1"},"canonical":"https:\/\/gartenlounge.ch\/product\/garten-lounges\/wetterfest\/gartenlounge-jewel-rechts\/","og_locale":"en_US","og_type":"article","og_title":"gartenlounge Jewel rechts - Gartenlounge","og_description":"Seit 2006 ist gartenlounge.ch auf lounges und gartenm\u00f6bel aller art spezialisiert. Quer durch die ganze welt, auf der spur von individualit\u00e4t und exklusivit\u00e4t.","og_url":"https:\/\/gartenlounge.ch\/product\/garten-lounges\/wetterfest\/gartenlounge-jewel-rechts\/","og_site_name":"Gartenlounge","article_publisher":"https:\/\/www.facebook.com\/outdoorsofa\/","article_modified_time":"2026-04-17T06:05:37+00:00","og_image":[{"width":800,"height":600,"url":"https:\/\/gartenlounge.ch\/wp-content\/uploads\/2026\/04\/Jewel-rechts.jpg","type":"image\/jpeg"}],"twitter_card":"summary_large_image","twitter_misc":{"Est. reading time":"1 minute"},"schema":{"@context":"https:\/\/schema.org","@graph":[{"@type":"WebPage","@id":"https:\/\/gartenlounge.ch\/product\/garten-lounges\/wetterfest\/gartenlounge-jewel-rechts\/","url":"https:\/\/gartenlounge.ch\/product\/garten-lounges\/wetterfest\/gartenlounge-jewel-rechts\/","name":"gartenlounge Jewel rechts - Gartenlounge","isPartOf":{"@id":"https:\/\/gartenlounge.ch\/#website"},"primaryImageOfPage":{"@id":"https:\/\/gartenlounge.ch\/product\/garten-lounges\/wetterfest\/gartenlounge-jewel-rechts\/#primaryimage"},"image":{"@id":"https:\/\/gartenlounge.ch\/product\/garten-lounges\/wetterfest\/gartenlounge-jewel-rechts\/#primaryimage"},"thumbnailUrl":"https:\/\/gartenlounge.ch\/wp-content\/uploads\/2026\/04\/Jewel-rechts.jpg","datePublished":"2026-04-17T06:01:03+00:00","dateModified":"2026-04-17T06:05:37+00:00","description":"Seit 2006 ist gartenlounge.ch auf lounges und gartenm\u00f6bel aller art spezialisiert. Quer durch die ganze welt, auf der spur von individualit\u00e4t und exklusivit\u00e4t.","breadcrumb":{"@id":"https:\/\/gartenlounge.ch\/product\/garten-lounges\/wetterfest\/gartenlounge-jewel-rechts\/#breadcrumb"},"inLanguage":"en-US","potentialAction":[{"@type":"ReadAction","target":["https:\/\/gartenlounge.ch\/product\/garten-lounges\/wetterfest\/gartenlounge-jewel-rechts\/"]}]},{"@type":"ImageObject","inLanguage":"en-US","@id":"https:\/\/gartenlounge.ch\/product\/garten-lounges\/wetterfest\/gartenlounge-jewel-rechts\/#primaryimage","url":"https:\/\/gartenlounge.ch\/wp-content\/uploads\/2026\/04\/Jewel-rechts.jpg","contentUrl":"https:\/\/gartenlounge.ch\/wp-content\/uploads\/2026\/04\/Jewel-rechts.jpg","width":800,"height":600},{"@type":"BreadcrumbList","@id":"https:\/\/gartenlounge.ch\/product\/garten-lounges\/wetterfest\/gartenlounge-jewel-rechts\/#breadcrumb","itemListElement":[{"@type":"ListItem","position":1,"name":"Home","item":"https:\/\/gartenlounge.ch\/en\/"},{"@type":"ListItem","position":2,"name":"Shop","item":"https:\/\/gartenlounge.ch\/en\/shop\/"},{"@type":"ListItem","position":3,"name":"gartenlounge Jewel rechts"}]},{"@type":"WebSite","@id":"https:\/\/gartenlounge.ch\/#website","url":"https:\/\/gartenlounge.ch\/","name":"Gartenlounge","description":"Lounges und Garten Lounges Aller Art Spezialisiert.","publisher":{"@id":"https:\/\/gartenlounge.ch\/#organization"},"potentialAction":[{"@type":"SearchAction","target":{"@type":"EntryPoint","urlTemplate":"https:\/\/gartenlounge.ch\/?s={search_term_string}"},"query-input":"required name=search_term_string"}],"inLanguage":"en-US"},{"@type":"Organization","@id":"https:\/\/gartenlounge.ch\/#organization","name":"Gartenlounge - Lounges und Gartenlounges aller Art spezialisiert.","url":"https:\/\/gartenlounge.ch\/","logo":{"@type":"ImageObject","inLanguage":"en-US","@id":"https:\/\/gartenlounge.ch\/#\/schema\/logo\/image\/","url":"https:\/\/gartenlounge.ch\/wp-content\/uploads\/2018\/09\/Gartenlongue.ch_.png","contentUrl":"https:\/\/gartenlounge.ch\/wp-content\/uploads\/2018\/09\/Gartenlongue.ch_.png","width":500,"height":67,"caption":"Gartenlounge - Lounges und Gartenlounges aller Art spezialisiert."},"image":{"@id":"https:\/\/gartenlounge.ch\/#\/schema\/logo\/image\/"},"sameAs":["https:\/\/www.facebook.com\/outdoorsofa\/"]}]}},"_links":{"self":[{"href":"https:\/\/gartenlounge.ch\/en\/wp-json\/wp\/v2\/product\/105046"}],"collection":[{"href":"https:\/\/gartenlounge.ch\/en\/wp-json\/wp\/v2\/product"}],"about":[{"href":"https:\/\/gartenlounge.ch\/en\/wp-json\/wp\/v2\/types\/product"}],"wp:featuredmedia":[{"embeddable":true,"href":"https:\/\/gartenlounge.ch\/en\/wp-json\/wp\/v2\/media\/105047"}],"wp:attachment":[{"href":"https:\/\/gartenlounge.ch\/en\/wp-json\/wp\/v2\/media?parent=105046"}],"wp:term":[{"taxonomy":"product_cat","embeddable":true,"href":"https:\/\/gartenlounge.ch\/en\/wp-json\/wp\/v2\/product_cat?post=105046"},{"taxonomy":"product_tag","embeddable":true,"href":"https:\/\/gartenlounge.ch\/en\/wp-json\/wp\/v2\/product_tag?post=105046"}],"curies":[{"name":"wp","href":"https:\/\/api.w.org\/{rel}","templated":true}]}}