{"id":103785,"date":"2025-07-15T09:16:24","date_gmt":"2025-07-15T09:16:24","guid":{"rendered":"https:\/\/gartenlounge.ch\/?post_type=product&#038;p=103785"},"modified":"2025-07-15T09:17:31","modified_gmt":"2025-07-15T09:17:31","slug":"bite-sunlounger-doppelliege","status":"publish","type":"product","link":"https:\/\/gartenlounge.ch\/en\/product\/liegestuehle\/wetterfest-liegestuehle\/bite-sunlounger-doppelliege\/","title":{"rendered":"Bite Sunlounger Doppelliege"},"content":{"rendered":"<p><b>Sonnenbaden war gestern \u2026<\/b><\/p>\n<p class=\"yiv9345457592MsoNormal\">Wellness zu Hause im Garten ist ganz einfach und Sie sparen erst noch Kosten! Suchen Sie Schatten unter unserem Roma-Sonnenschirm oder einem Baum und sch\u00fctzen Sie Ihre Haut mit einer Sonnencr\u00e8me mit hohem Lichtschutzfaktor sowie UV-A-Filter. Nun k\u00f6nnen Sie auf unserer Bite Sonnenliege entspannen und den Sommer, die W\u00e4rme und die Aussicht geniessen. Die leicht geschwungene Form und die Polsterung garantieren eine ideale, komfortable Liegefl\u00e4che. Dank dem mehrfach verstellbaren Kopfteil finden Sie zudem jederzeit die ideale Position, ganz gleich ob Sie lesen, die Aussicht geniessen oder ein kurzes Nickerchen machen wollen.<u><\/u><u><\/u><\/p>\n<p class=\"yiv9345457592MsoNormal\">Die Bite Sonnenliege ist als Einzel- oder Doppelliege erh\u00e4ltlich. Zusammen mit unserem Bite Corner Set oder unserem Bite Island Set k\u00f6nnen Sie ihre ganz individuelle Outdoor Wohlf\u00fchlinsel schaffen, die garantiert keine W\u00fcnsche offen l\u00e4sst.<u><\/u><u><\/u><\/p>\n<p class=\"yiv9345457592MsoNormal\">Dank hochwertiger Materialien, einer soliden Verarbeitung und klaren Formen entsprich die Bite Sonnenliege dem modernen Lifestyle. Sie ist mit pflegeleichtem Sunbrella bezogen und bieten dank den grossz\u00fcgigen Dimensionen gen\u00fcgend Platz f\u00fcr entspanntes Liegen. Wir empfehlen Ihnen, dazu unseren U-Tisch zu kombinieren und mit unseren Akzentkissen und Accessoires Ihre ganz pers\u00f6nliche Note zu setzen.<u><\/u><u><\/u><\/p>\n<p class=\"yiv9345457592MsoNormal\" align=\"right\"><b>\u2026 heute bieten wir Ihnen Bite-Frischluft-Wellness!<\/b><b><u><\/u><u><\/u><\/b><\/p>\n<p class=\"yiv9345457592MsoNormal\"><strong>Besondere Eigenschaften:<\/strong><u><\/u><u><\/u><\/p>\n<ul type=\"disc\">\n<li class=\"yiv9345457592MsoNormal\">Wetterfest &amp; Pflegeleicht<u><\/u><u><\/u><\/li>\n<li class=\"yiv9345457592m_9187626556770862960MsoListParagraphCxSpFirst\"><span lang=\"DE\">\u201eFast dry Foam\u201c Schaumstofff\u00fcllung<u><\/u><u><\/u><\/span><\/li>\n<li class=\"yiv9345457592m_9187626556770862960MsoListParagraphCxSpMiddle\"><span lang=\"DE\">Hochwertige Materialien und sorgf\u00e4ltige Verarbeitung<\/span><u><\/u><u><\/u><\/li>\n<li class=\"yiv9345457592m_9187626556770862960MsoListParagraphCxSpMiddle\"><span lang=\"DE\">Klarer zeitloser Stil<\/span><u><\/u><u><\/u><\/li>\n<li class=\"yiv9345457592m_9187626556770862960MsoListParagraphCxSpMiddle\"><span lang=\"DE\">Unsere Empfehlung f\u00fcr Langlebigkeit: Regelm\u00e4ssige Pflege mit unserem Set EC333 Reiniger und Pflege<\/span><u><\/u><u><\/u><\/li>\n<li class=\"yiv9345457592m_9187626556770862960MsoListParagraphCxSpLast\"><span lang=\"DE\">Elemente vor der Wintersaison vollst\u00e4ndig trocknen lassen und mit unserer passenden Abdeckh\u00fclle bedecken<br \/>\noder f\u00fcr die \u00dcberwinterung im Haus aufbewahren.<\/span><\/li>\n<\/ul>\n","protected":false},"excerpt":{"rendered":"<p>Sonnenbaden war gestern \u2026 Wellness zu Hause im Garten ist ganz einfach und Sie sparen erst noch Kosten! Suchen Sie Schatten unter unserem Roma-Sonnenschirm oder einem Baum und sch\u00fctzen Sie Ihre Haut mit einer Sonnencr\u00e8me mit hohem Lichtschutzfaktor sowie UV-A-Filter. Nun k\u00f6nnen Sie auf unserer Bite Sonnenliege entspannen und den Sommer, die W\u00e4rme und die [&#8230;]\n","protected":false},"featured_media":103786,"template":"","meta":{"_acf_changed":false},"product_cat":[255,366],"product_tag":[],"acf":[],"yoast_head":"<!-- This site is optimized with the Yoast SEO plugin v22.3 - https:\/\/yoast.com\/wordpress\/plugins\/seo\/ -->\n<title>Bite Sunlounger Doppelliege - Gartenlounge<\/title>\n<meta name=\"description\" content=\"Seit 2006 ist gartenlounge.ch auf lounges und gartenm\u00f6bel aller art spezialisiert. Quer durch die ganze welt, auf der spur von individualit\u00e4t und exklusivit\u00e4t.\" \/>\n<meta name=\"robots\" content=\"index, follow, max-snippet:-1, max-image-preview:large, max-video-preview:-1\" \/>\n<link rel=\"canonical\" href=\"https:\/\/gartenlounge.ch\/product\/liegestuehle\/wetterfest-liegestuehle\/bite-sunlounger-doppelliege\/\" \/>\n<meta property=\"og:locale\" content=\"en_US\" \/>\n<meta property=\"og:type\" content=\"article\" \/>\n<meta property=\"og:title\" content=\"Bite Sunlounger Doppelliege - Gartenlounge\" \/>\n<meta property=\"og:description\" content=\"Seit 2006 ist gartenlounge.ch auf lounges und gartenm\u00f6bel aller art spezialisiert. Quer durch die ganze welt, auf der spur von individualit\u00e4t und exklusivit\u00e4t.\" \/>\n<meta property=\"og:url\" content=\"https:\/\/gartenlounge.ch\/product\/liegestuehle\/wetterfest-liegestuehle\/bite-sunlounger-doppelliege\/\" \/>\n<meta property=\"og:site_name\" content=\"Gartenlounge\" \/>\n<meta property=\"article:publisher\" content=\"https:\/\/www.facebook.com\/outdoorsofa\/\" \/>\n<meta property=\"article:modified_time\" content=\"2025-07-15T09:17:31+00:00\" \/>\n<meta property=\"og:image\" content=\"https:\/\/gartenlounge.ch\/wp-content\/uploads\/2025\/07\/Bite-sunlounger-double-1.jpg\" \/>\n\t<meta property=\"og:image:width\" content=\"800\" \/>\n\t<meta property=\"og:image:height\" content=\"600\" \/>\n\t<meta property=\"og:image:type\" content=\"image\/jpeg\" \/>\n<meta name=\"twitter:card\" content=\"summary_large_image\" \/>\n<meta name=\"twitter:label1\" content=\"Est. reading time\" \/>\n\t<meta name=\"twitter:data1\" content=\"2 minutes\" \/>\n<script type=\"application\/ld+json\" class=\"yoast-schema-graph\">{\"@context\":\"https:\/\/schema.org\",\"@graph\":[{\"@type\":\"WebPage\",\"@id\":\"https:\/\/gartenlounge.ch\/product\/liegestuehle\/wetterfest-liegestuehle\/bite-sunlounger-doppelliege\/\",\"url\":\"https:\/\/gartenlounge.ch\/product\/liegestuehle\/wetterfest-liegestuehle\/bite-sunlounger-doppelliege\/\",\"name\":\"Bite Sunlounger Doppelliege - Gartenlounge\",\"isPartOf\":{\"@id\":\"https:\/\/gartenlounge.ch\/#website\"},\"primaryImageOfPage\":{\"@id\":\"https:\/\/gartenlounge.ch\/product\/liegestuehle\/wetterfest-liegestuehle\/bite-sunlounger-doppelliege\/#primaryimage\"},\"image\":{\"@id\":\"https:\/\/gartenlounge.ch\/product\/liegestuehle\/wetterfest-liegestuehle\/bite-sunlounger-doppelliege\/#primaryimage\"},\"thumbnailUrl\":\"https:\/\/gartenlounge.ch\/wp-content\/uploads\/2025\/07\/Bite-sunlounger-double-1.jpg\",\"datePublished\":\"2025-07-15T09:16:24+00:00\",\"dateModified\":\"2025-07-15T09:17:31+00:00\",\"description\":\"Seit 2006 ist gartenlounge.ch auf lounges und gartenm\u00f6bel aller art spezialisiert. Quer durch die ganze welt, auf der spur von individualit\u00e4t und exklusivit\u00e4t.\",\"breadcrumb\":{\"@id\":\"https:\/\/gartenlounge.ch\/product\/liegestuehle\/wetterfest-liegestuehle\/bite-sunlounger-doppelliege\/#breadcrumb\"},\"inLanguage\":\"en-US\",\"potentialAction\":[{\"@type\":\"ReadAction\",\"target\":[\"https:\/\/gartenlounge.ch\/product\/liegestuehle\/wetterfest-liegestuehle\/bite-sunlounger-doppelliege\/\"]}]},{\"@type\":\"ImageObject\",\"inLanguage\":\"en-US\",\"@id\":\"https:\/\/gartenlounge.ch\/product\/liegestuehle\/wetterfest-liegestuehle\/bite-sunlounger-doppelliege\/#primaryimage\",\"url\":\"https:\/\/gartenlounge.ch\/wp-content\/uploads\/2025\/07\/Bite-sunlounger-double-1.jpg\",\"contentUrl\":\"https:\/\/gartenlounge.ch\/wp-content\/uploads\/2025\/07\/Bite-sunlounger-double-1.jpg\",\"width\":800,\"height\":600},{\"@type\":\"BreadcrumbList\",\"@id\":\"https:\/\/gartenlounge.ch\/product\/liegestuehle\/wetterfest-liegestuehle\/bite-sunlounger-doppelliege\/#breadcrumb\",\"itemListElement\":[{\"@type\":\"ListItem\",\"position\":1,\"name\":\"Home\",\"item\":\"https:\/\/gartenlounge.ch\/en\/\"},{\"@type\":\"ListItem\",\"position\":2,\"name\":\"Shop\",\"item\":\"https:\/\/gartenlounge.ch\/en\/shop\/\"},{\"@type\":\"ListItem\",\"position\":3,\"name\":\"Bite Sunlounger Doppelliege\"}]},{\"@type\":\"WebSite\",\"@id\":\"https:\/\/gartenlounge.ch\/#website\",\"url\":\"https:\/\/gartenlounge.ch\/\",\"name\":\"Gartenlounge\",\"description\":\"Lounges und Garten Lounges Aller Art Spezialisiert.\",\"publisher\":{\"@id\":\"https:\/\/gartenlounge.ch\/#organization\"},\"potentialAction\":[{\"@type\":\"SearchAction\",\"target\":{\"@type\":\"EntryPoint\",\"urlTemplate\":\"https:\/\/gartenlounge.ch\/?s={search_term_string}\"},\"query-input\":\"required name=search_term_string\"}],\"inLanguage\":\"en-US\"},{\"@type\":\"Organization\",\"@id\":\"https:\/\/gartenlounge.ch\/#organization\",\"name\":\"Gartenlounge - Lounges und Gartenlounges aller Art spezialisiert.\",\"url\":\"https:\/\/gartenlounge.ch\/\",\"logo\":{\"@type\":\"ImageObject\",\"inLanguage\":\"en-US\",\"@id\":\"https:\/\/gartenlounge.ch\/#\/schema\/logo\/image\/\",\"url\":\"https:\/\/gartenlounge.ch\/wp-content\/uploads\/2018\/09\/Gartenlongue.ch_.png\",\"contentUrl\":\"https:\/\/gartenlounge.ch\/wp-content\/uploads\/2018\/09\/Gartenlongue.ch_.png\",\"width\":500,\"height\":67,\"caption\":\"Gartenlounge - Lounges und Gartenlounges aller Art spezialisiert.\"},\"image\":{\"@id\":\"https:\/\/gartenlounge.ch\/#\/schema\/logo\/image\/\"},\"sameAs\":[\"https:\/\/www.facebook.com\/outdoorsofa\/\"]}]}<\/script>\n<!-- \/ Yoast SEO plugin. -->","yoast_head_json":{"title":"Bite Sunlounger Doppelliege - Gartenlounge","description":"Seit 2006 ist gartenlounge.ch auf lounges und gartenm\u00f6bel aller art spezialisiert. Quer durch die ganze welt, auf der spur von individualit\u00e4t und exklusivit\u00e4t.","robots":{"index":"index","follow":"follow","max-snippet":"max-snippet:-1","max-image-preview":"max-image-preview:large","max-video-preview":"max-video-preview:-1"},"canonical":"https:\/\/gartenlounge.ch\/product\/liegestuehle\/wetterfest-liegestuehle\/bite-sunlounger-doppelliege\/","og_locale":"en_US","og_type":"article","og_title":"Bite Sunlounger Doppelliege - Gartenlounge","og_description":"Seit 2006 ist gartenlounge.ch auf lounges und gartenm\u00f6bel aller art spezialisiert. Quer durch die ganze welt, auf der spur von individualit\u00e4t und exklusivit\u00e4t.","og_url":"https:\/\/gartenlounge.ch\/product\/liegestuehle\/wetterfest-liegestuehle\/bite-sunlounger-doppelliege\/","og_site_name":"Gartenlounge","article_publisher":"https:\/\/www.facebook.com\/outdoorsofa\/","article_modified_time":"2025-07-15T09:17:31+00:00","og_image":[{"width":800,"height":600,"url":"https:\/\/gartenlounge.ch\/wp-content\/uploads\/2025\/07\/Bite-sunlounger-double-1.jpg","type":"image\/jpeg"}],"twitter_card":"summary_large_image","twitter_misc":{"Est. reading time":"2 minutes"},"schema":{"@context":"https:\/\/schema.org","@graph":[{"@type":"WebPage","@id":"https:\/\/gartenlounge.ch\/product\/liegestuehle\/wetterfest-liegestuehle\/bite-sunlounger-doppelliege\/","url":"https:\/\/gartenlounge.ch\/product\/liegestuehle\/wetterfest-liegestuehle\/bite-sunlounger-doppelliege\/","name":"Bite Sunlounger Doppelliege - Gartenlounge","isPartOf":{"@id":"https:\/\/gartenlounge.ch\/#website"},"primaryImageOfPage":{"@id":"https:\/\/gartenlounge.ch\/product\/liegestuehle\/wetterfest-liegestuehle\/bite-sunlounger-doppelliege\/#primaryimage"},"image":{"@id":"https:\/\/gartenlounge.ch\/product\/liegestuehle\/wetterfest-liegestuehle\/bite-sunlounger-doppelliege\/#primaryimage"},"thumbnailUrl":"https:\/\/gartenlounge.ch\/wp-content\/uploads\/2025\/07\/Bite-sunlounger-double-1.jpg","datePublished":"2025-07-15T09:16:24+00:00","dateModified":"2025-07-15T09:17:31+00:00","description":"Seit 2006 ist gartenlounge.ch auf lounges und gartenm\u00f6bel aller art spezialisiert. Quer durch die ganze welt, auf der spur von individualit\u00e4t und exklusivit\u00e4t.","breadcrumb":{"@id":"https:\/\/gartenlounge.ch\/product\/liegestuehle\/wetterfest-liegestuehle\/bite-sunlounger-doppelliege\/#breadcrumb"},"inLanguage":"en-US","potentialAction":[{"@type":"ReadAction","target":["https:\/\/gartenlounge.ch\/product\/liegestuehle\/wetterfest-liegestuehle\/bite-sunlounger-doppelliege\/"]}]},{"@type":"ImageObject","inLanguage":"en-US","@id":"https:\/\/gartenlounge.ch\/product\/liegestuehle\/wetterfest-liegestuehle\/bite-sunlounger-doppelliege\/#primaryimage","url":"https:\/\/gartenlounge.ch\/wp-content\/uploads\/2025\/07\/Bite-sunlounger-double-1.jpg","contentUrl":"https:\/\/gartenlounge.ch\/wp-content\/uploads\/2025\/07\/Bite-sunlounger-double-1.jpg","width":800,"height":600},{"@type":"BreadcrumbList","@id":"https:\/\/gartenlounge.ch\/product\/liegestuehle\/wetterfest-liegestuehle\/bite-sunlounger-doppelliege\/#breadcrumb","itemListElement":[{"@type":"ListItem","position":1,"name":"Home","item":"https:\/\/gartenlounge.ch\/en\/"},{"@type":"ListItem","position":2,"name":"Shop","item":"https:\/\/gartenlounge.ch\/en\/shop\/"},{"@type":"ListItem","position":3,"name":"Bite Sunlounger Doppelliege"}]},{"@type":"WebSite","@id":"https:\/\/gartenlounge.ch\/#website","url":"https:\/\/gartenlounge.ch\/","name":"Gartenlounge","description":"Lounges und Garten Lounges Aller Art Spezialisiert.","publisher":{"@id":"https:\/\/gartenlounge.ch\/#organization"},"potentialAction":[{"@type":"SearchAction","target":{"@type":"EntryPoint","urlTemplate":"https:\/\/gartenlounge.ch\/?s={search_term_string}"},"query-input":"required name=search_term_string"}],"inLanguage":"en-US"},{"@type":"Organization","@id":"https:\/\/gartenlounge.ch\/#organization","name":"Gartenlounge - Lounges und Gartenlounges aller Art spezialisiert.","url":"https:\/\/gartenlounge.ch\/","logo":{"@type":"ImageObject","inLanguage":"en-US","@id":"https:\/\/gartenlounge.ch\/#\/schema\/logo\/image\/","url":"https:\/\/gartenlounge.ch\/wp-content\/uploads\/2018\/09\/Gartenlongue.ch_.png","contentUrl":"https:\/\/gartenlounge.ch\/wp-content\/uploads\/2018\/09\/Gartenlongue.ch_.png","width":500,"height":67,"caption":"Gartenlounge - Lounges und Gartenlounges aller Art spezialisiert."},"image":{"@id":"https:\/\/gartenlounge.ch\/#\/schema\/logo\/image\/"},"sameAs":["https:\/\/www.facebook.com\/outdoorsofa\/"]}]}},"_links":{"self":[{"href":"https:\/\/gartenlounge.ch\/en\/wp-json\/wp\/v2\/product\/103785"}],"collection":[{"href":"https:\/\/gartenlounge.ch\/en\/wp-json\/wp\/v2\/product"}],"about":[{"href":"https:\/\/gartenlounge.ch\/en\/wp-json\/wp\/v2\/types\/product"}],"wp:featuredmedia":[{"embeddable":true,"href":"https:\/\/gartenlounge.ch\/en\/wp-json\/wp\/v2\/media\/103786"}],"wp:attachment":[{"href":"https:\/\/gartenlounge.ch\/en\/wp-json\/wp\/v2\/media?parent=103785"}],"wp:term":[{"taxonomy":"product_cat","embeddable":true,"href":"https:\/\/gartenlounge.ch\/en\/wp-json\/wp\/v2\/product_cat?post=103785"},{"taxonomy":"product_tag","embeddable":true,"href":"https:\/\/gartenlounge.ch\/en\/wp-json\/wp\/v2\/product_tag?post=103785"}],"curies":[{"name":"wp","href":"https:\/\/api.w.org\/{rel}","templated":true}]}}