{"id":103289,"date":"2025-05-08T09:23:05","date_gmt":"2025-05-08T09:23:05","guid":{"rendered":"https:\/\/gartenlounge.ch\/?post_type=product&#038;p=103289"},"modified":"2025-05-08T09:23:06","modified_gmt":"2025-05-08T09:23:06","slug":"cosiscoop-original-schwarz-geraeuchert","status":"publish","type":"product","link":"https:\/\/gartenlounge.ch\/en\/product\/cosidesign\/cosiscoop-original-schwarz-geraeuchert\/","title":{"rendered":"Cosiscoop Original schwarz ger\u00e4uchert"},"content":{"rendered":"<p>Die Gaslaterne Cosiscoop Original ist ideal f\u00fcr den Garten und f\u00fcr den Urlaub. Nehmen Sie diese multifunktionale Laterne \u00fcberall mit hin. Dieser Cosi-to-go schafft die perfekte Atmosph\u00e4re und ist einfach zu bedienen.<\/p>\n<p>Die Cosiscoop Original mit transparentem Glas ist in sieben Farben erh\u00e4ltlich: Schwarz, Olivgr\u00fcn, Taupe, Terra, Ton, Edelstahl und Gold. Die Farben Schwarz, Ton und Gold sind auch mit Rauchglas erh\u00e4ltlich. Die Gaslaternen werden mit 190-Gramm-Gaskartuschen betrieben. Legen Sie die Gaskartusche in den Boden der Laterne, drehen Sie den Drehknopf auf und z\u00fcnden Sie sie mit einem langen Feuerzeug an. Sie haben dann eine stimmungsvolle Flamme f\u00fcr etwa 5-6 Stunden.<\/p>\n<p>M\u00f6chten Sie sie in der Zwischenzeit ausschalten? Kein Problem, mit dem Drehknopf k\u00f6nnen Sie die Flamme einfach l\u00f6schen und beim n\u00e4chsten Mal mit einem langen Feuerzeug wieder entz\u00fcnden. Beeindrucken Sie Ihre Freunde und Familie mit dieser sch\u00f6nen Gaslaterne.<\/p>\n<p>Alle Cosiscoop-Gaslaternen werden mit einer universellen 190-Gramm-Gaskartusche betrieben. Beachten Sie, dass Sie immer eine Gaskartusche w\u00e4hlen, die mit einem Gasabsperrventil ausgestattet ist. Wenn die Gaslaterne den Kontakt zur Kartusche verliert, \u00fcbernimmt das Gasabsperrventil automatisch seine Aufgabe.<\/p>\n<p>Die Cosiscoop Original wird mit Glas und Kieselsteinen geliefert. Universelle 190-Gramm-Gaskartuschen mit Sicherheitsventil erhalten Sie bei unseren Cosi-Partnern, in Gartencentern und Baum\u00e4rkten.<\/p>\n","protected":false},"excerpt":{"rendered":"<p>Die Gaslaterne Cosiscoop Original ist ideal f\u00fcr den Garten und f\u00fcr den Urlaub. Nehmen Sie diese multifunktionale Laterne \u00fcberall mit hin. Dieser Cosi-to-go schafft die perfekte Atmosph\u00e4re und ist einfach zu bedienen. Die Cosiscoop Original mit transparentem Glas ist in sieben Farben erh\u00e4ltlich: Schwarz, Olivgr\u00fcn, Taupe, Terra, Ton, Edelstahl und Gold. Die Farben Schwarz, Ton [&#8230;]\n","protected":false},"featured_media":103290,"template":"","meta":{"_acf_changed":false},"product_cat":[335],"product_tag":[],"acf":[],"yoast_head":"<!-- This site is optimized with the Yoast SEO plugin v22.3 - https:\/\/yoast.com\/wordpress\/plugins\/seo\/ -->\n<title>Cosiscoop Original schwarz ger\u00e4uchert - Gartenlounge<\/title>\n<meta name=\"description\" content=\"Seit 2006 ist gartenlounge.ch auf lounges und gartenm\u00f6bel aller art spezialisiert. Quer durch die ganze welt, auf der spur von individualit\u00e4t und exklusivit\u00e4t.\" \/>\n<meta name=\"robots\" content=\"index, follow, max-snippet:-1, max-image-preview:large, max-video-preview:-1\" \/>\n<link rel=\"canonical\" href=\"https:\/\/gartenlounge.ch\/product\/cosidesign\/cosiscoop-original-schwarz-geraeuchert\/\" \/>\n<meta property=\"og:locale\" content=\"en_US\" \/>\n<meta property=\"og:type\" content=\"article\" \/>\n<meta property=\"og:title\" content=\"Cosiscoop Original schwarz ger\u00e4uchert - Gartenlounge\" \/>\n<meta property=\"og:description\" content=\"Seit 2006 ist gartenlounge.ch auf lounges und gartenm\u00f6bel aller art spezialisiert. Quer durch die ganze welt, auf der spur von individualit\u00e4t und exklusivit\u00e4t.\" \/>\n<meta property=\"og:url\" content=\"https:\/\/gartenlounge.ch\/product\/cosidesign\/cosiscoop-original-schwarz-geraeuchert\/\" \/>\n<meta property=\"og:site_name\" content=\"Gartenlounge\" \/>\n<meta property=\"article:publisher\" content=\"https:\/\/www.facebook.com\/outdoorsofa\/\" \/>\n<meta property=\"article:modified_time\" content=\"2025-05-08T09:23:06+00:00\" \/>\n<meta property=\"og:image\" content=\"https:\/\/gartenlounge.ch\/wp-content\/uploads\/2025\/05\/Cosiscoop-Original-black-smoked.jpg\" \/>\n\t<meta property=\"og:image:width\" content=\"800\" \/>\n\t<meta property=\"og:image:height\" content=\"600\" \/>\n\t<meta property=\"og:image:type\" content=\"image\/jpeg\" \/>\n<meta name=\"twitter:card\" content=\"summary_large_image\" \/>\n<meta name=\"twitter:label1\" content=\"Est. reading time\" \/>\n\t<meta name=\"twitter:data1\" content=\"2 minutes\" \/>\n<script type=\"application\/ld+json\" class=\"yoast-schema-graph\">{\"@context\":\"https:\/\/schema.org\",\"@graph\":[{\"@type\":\"WebPage\",\"@id\":\"https:\/\/gartenlounge.ch\/product\/cosidesign\/cosiscoop-original-schwarz-geraeuchert\/\",\"url\":\"https:\/\/gartenlounge.ch\/product\/cosidesign\/cosiscoop-original-schwarz-geraeuchert\/\",\"name\":\"Cosiscoop Original schwarz ger\u00e4uchert - Gartenlounge\",\"isPartOf\":{\"@id\":\"https:\/\/gartenlounge.ch\/#website\"},\"primaryImageOfPage\":{\"@id\":\"https:\/\/gartenlounge.ch\/product\/cosidesign\/cosiscoop-original-schwarz-geraeuchert\/#primaryimage\"},\"image\":{\"@id\":\"https:\/\/gartenlounge.ch\/product\/cosidesign\/cosiscoop-original-schwarz-geraeuchert\/#primaryimage\"},\"thumbnailUrl\":\"https:\/\/gartenlounge.ch\/wp-content\/uploads\/2025\/05\/Cosiscoop-Original-black-smoked.jpg\",\"datePublished\":\"2025-05-08T09:23:05+00:00\",\"dateModified\":\"2025-05-08T09:23:06+00:00\",\"description\":\"Seit 2006 ist gartenlounge.ch auf lounges und gartenm\u00f6bel aller art spezialisiert. Quer durch die ganze welt, auf der spur von individualit\u00e4t und exklusivit\u00e4t.\",\"breadcrumb\":{\"@id\":\"https:\/\/gartenlounge.ch\/product\/cosidesign\/cosiscoop-original-schwarz-geraeuchert\/#breadcrumb\"},\"inLanguage\":\"en-US\",\"potentialAction\":[{\"@type\":\"ReadAction\",\"target\":[\"https:\/\/gartenlounge.ch\/product\/cosidesign\/cosiscoop-original-schwarz-geraeuchert\/\"]}]},{\"@type\":\"ImageObject\",\"inLanguage\":\"en-US\",\"@id\":\"https:\/\/gartenlounge.ch\/product\/cosidesign\/cosiscoop-original-schwarz-geraeuchert\/#primaryimage\",\"url\":\"https:\/\/gartenlounge.ch\/wp-content\/uploads\/2025\/05\/Cosiscoop-Original-black-smoked.jpg\",\"contentUrl\":\"https:\/\/gartenlounge.ch\/wp-content\/uploads\/2025\/05\/Cosiscoop-Original-black-smoked.jpg\",\"width\":800,\"height\":600},{\"@type\":\"BreadcrumbList\",\"@id\":\"https:\/\/gartenlounge.ch\/product\/cosidesign\/cosiscoop-original-schwarz-geraeuchert\/#breadcrumb\",\"itemListElement\":[{\"@type\":\"ListItem\",\"position\":1,\"name\":\"Home\",\"item\":\"https:\/\/gartenlounge.ch\/en\/\"},{\"@type\":\"ListItem\",\"position\":2,\"name\":\"Shop\",\"item\":\"https:\/\/gartenlounge.ch\/en\/shop\/\"},{\"@type\":\"ListItem\",\"position\":3,\"name\":\"Cosiscoop Original schwarz ger\u00e4uchert\"}]},{\"@type\":\"WebSite\",\"@id\":\"https:\/\/gartenlounge.ch\/#website\",\"url\":\"https:\/\/gartenlounge.ch\/\",\"name\":\"Gartenlounge\",\"description\":\"Lounges und Garten Lounges Aller Art Spezialisiert.\",\"publisher\":{\"@id\":\"https:\/\/gartenlounge.ch\/#organization\"},\"potentialAction\":[{\"@type\":\"SearchAction\",\"target\":{\"@type\":\"EntryPoint\",\"urlTemplate\":\"https:\/\/gartenlounge.ch\/?s={search_term_string}\"},\"query-input\":\"required name=search_term_string\"}],\"inLanguage\":\"en-US\"},{\"@type\":\"Organization\",\"@id\":\"https:\/\/gartenlounge.ch\/#organization\",\"name\":\"Gartenlounge - Lounges und Gartenlounges aller Art spezialisiert.\",\"url\":\"https:\/\/gartenlounge.ch\/\",\"logo\":{\"@type\":\"ImageObject\",\"inLanguage\":\"en-US\",\"@id\":\"https:\/\/gartenlounge.ch\/#\/schema\/logo\/image\/\",\"url\":\"https:\/\/gartenlounge.ch\/wp-content\/uploads\/2018\/09\/Gartenlongue.ch_.png\",\"contentUrl\":\"https:\/\/gartenlounge.ch\/wp-content\/uploads\/2018\/09\/Gartenlongue.ch_.png\",\"width\":500,\"height\":67,\"caption\":\"Gartenlounge - Lounges und Gartenlounges aller Art spezialisiert.\"},\"image\":{\"@id\":\"https:\/\/gartenlounge.ch\/#\/schema\/logo\/image\/\"},\"sameAs\":[\"https:\/\/www.facebook.com\/outdoorsofa\/\"]}]}<\/script>\n<!-- \/ Yoast SEO plugin. -->","yoast_head_json":{"title":"Cosiscoop Original schwarz ger\u00e4uchert - Gartenlounge","description":"Seit 2006 ist gartenlounge.ch auf lounges und gartenm\u00f6bel aller art spezialisiert. Quer durch die ganze welt, auf der spur von individualit\u00e4t und exklusivit\u00e4t.","robots":{"index":"index","follow":"follow","max-snippet":"max-snippet:-1","max-image-preview":"max-image-preview:large","max-video-preview":"max-video-preview:-1"},"canonical":"https:\/\/gartenlounge.ch\/product\/cosidesign\/cosiscoop-original-schwarz-geraeuchert\/","og_locale":"en_US","og_type":"article","og_title":"Cosiscoop Original schwarz ger\u00e4uchert - Gartenlounge","og_description":"Seit 2006 ist gartenlounge.ch auf lounges und gartenm\u00f6bel aller art spezialisiert. Quer durch die ganze welt, auf der spur von individualit\u00e4t und exklusivit\u00e4t.","og_url":"https:\/\/gartenlounge.ch\/product\/cosidesign\/cosiscoop-original-schwarz-geraeuchert\/","og_site_name":"Gartenlounge","article_publisher":"https:\/\/www.facebook.com\/outdoorsofa\/","article_modified_time":"2025-05-08T09:23:06+00:00","og_image":[{"width":800,"height":600,"url":"https:\/\/gartenlounge.ch\/wp-content\/uploads\/2025\/05\/Cosiscoop-Original-black-smoked.jpg","type":"image\/jpeg"}],"twitter_card":"summary_large_image","twitter_misc":{"Est. reading time":"2 minutes"},"schema":{"@context":"https:\/\/schema.org","@graph":[{"@type":"WebPage","@id":"https:\/\/gartenlounge.ch\/product\/cosidesign\/cosiscoop-original-schwarz-geraeuchert\/","url":"https:\/\/gartenlounge.ch\/product\/cosidesign\/cosiscoop-original-schwarz-geraeuchert\/","name":"Cosiscoop Original schwarz ger\u00e4uchert - Gartenlounge","isPartOf":{"@id":"https:\/\/gartenlounge.ch\/#website"},"primaryImageOfPage":{"@id":"https:\/\/gartenlounge.ch\/product\/cosidesign\/cosiscoop-original-schwarz-geraeuchert\/#primaryimage"},"image":{"@id":"https:\/\/gartenlounge.ch\/product\/cosidesign\/cosiscoop-original-schwarz-geraeuchert\/#primaryimage"},"thumbnailUrl":"https:\/\/gartenlounge.ch\/wp-content\/uploads\/2025\/05\/Cosiscoop-Original-black-smoked.jpg","datePublished":"2025-05-08T09:23:05+00:00","dateModified":"2025-05-08T09:23:06+00:00","description":"Seit 2006 ist gartenlounge.ch auf lounges und gartenm\u00f6bel aller art spezialisiert. Quer durch die ganze welt, auf der spur von individualit\u00e4t und exklusivit\u00e4t.","breadcrumb":{"@id":"https:\/\/gartenlounge.ch\/product\/cosidesign\/cosiscoop-original-schwarz-geraeuchert\/#breadcrumb"},"inLanguage":"en-US","potentialAction":[{"@type":"ReadAction","target":["https:\/\/gartenlounge.ch\/product\/cosidesign\/cosiscoop-original-schwarz-geraeuchert\/"]}]},{"@type":"ImageObject","inLanguage":"en-US","@id":"https:\/\/gartenlounge.ch\/product\/cosidesign\/cosiscoop-original-schwarz-geraeuchert\/#primaryimage","url":"https:\/\/gartenlounge.ch\/wp-content\/uploads\/2025\/05\/Cosiscoop-Original-black-smoked.jpg","contentUrl":"https:\/\/gartenlounge.ch\/wp-content\/uploads\/2025\/05\/Cosiscoop-Original-black-smoked.jpg","width":800,"height":600},{"@type":"BreadcrumbList","@id":"https:\/\/gartenlounge.ch\/product\/cosidesign\/cosiscoop-original-schwarz-geraeuchert\/#breadcrumb","itemListElement":[{"@type":"ListItem","position":1,"name":"Home","item":"https:\/\/gartenlounge.ch\/en\/"},{"@type":"ListItem","position":2,"name":"Shop","item":"https:\/\/gartenlounge.ch\/en\/shop\/"},{"@type":"ListItem","position":3,"name":"Cosiscoop Original schwarz ger\u00e4uchert"}]},{"@type":"WebSite","@id":"https:\/\/gartenlounge.ch\/#website","url":"https:\/\/gartenlounge.ch\/","name":"Gartenlounge","description":"Lounges und Garten Lounges Aller Art Spezialisiert.","publisher":{"@id":"https:\/\/gartenlounge.ch\/#organization"},"potentialAction":[{"@type":"SearchAction","target":{"@type":"EntryPoint","urlTemplate":"https:\/\/gartenlounge.ch\/?s={search_term_string}"},"query-input":"required name=search_term_string"}],"inLanguage":"en-US"},{"@type":"Organization","@id":"https:\/\/gartenlounge.ch\/#organization","name":"Gartenlounge - Lounges und Gartenlounges aller Art spezialisiert.","url":"https:\/\/gartenlounge.ch\/","logo":{"@type":"ImageObject","inLanguage":"en-US","@id":"https:\/\/gartenlounge.ch\/#\/schema\/logo\/image\/","url":"https:\/\/gartenlounge.ch\/wp-content\/uploads\/2018\/09\/Gartenlongue.ch_.png","contentUrl":"https:\/\/gartenlounge.ch\/wp-content\/uploads\/2018\/09\/Gartenlongue.ch_.png","width":500,"height":67,"caption":"Gartenlounge - Lounges und Gartenlounges aller Art spezialisiert."},"image":{"@id":"https:\/\/gartenlounge.ch\/#\/schema\/logo\/image\/"},"sameAs":["https:\/\/www.facebook.com\/outdoorsofa\/"]}]}},"_links":{"self":[{"href":"https:\/\/gartenlounge.ch\/en\/wp-json\/wp\/v2\/product\/103289"}],"collection":[{"href":"https:\/\/gartenlounge.ch\/en\/wp-json\/wp\/v2\/product"}],"about":[{"href":"https:\/\/gartenlounge.ch\/en\/wp-json\/wp\/v2\/types\/product"}],"wp:featuredmedia":[{"embeddable":true,"href":"https:\/\/gartenlounge.ch\/en\/wp-json\/wp\/v2\/media\/103290"}],"wp:attachment":[{"href":"https:\/\/gartenlounge.ch\/en\/wp-json\/wp\/v2\/media?parent=103289"}],"wp:term":[{"taxonomy":"product_cat","embeddable":true,"href":"https:\/\/gartenlounge.ch\/en\/wp-json\/wp\/v2\/product_cat?post=103289"},{"taxonomy":"product_tag","embeddable":true,"href":"https:\/\/gartenlounge.ch\/en\/wp-json\/wp\/v2\/product_tag?post=103289"}],"curies":[{"name":"wp","href":"https:\/\/api.w.org\/{rel}","templated":true}]}}