{"id":102762,"date":"2025-01-22T11:02:31","date_gmt":"2025-01-22T11:02:31","guid":{"rendered":"https:\/\/gartenlounge.ch\/?post_type=product&#038;p=102762"},"modified":"2025-01-22T11:02:31","modified_gmt":"2025-01-22T11:02:31","slug":"rubik-grau-ausstellungsmodel","status":"publish","type":"product","link":"https:\/\/gartenlounge.ch\/en\/product\/outlet\/rubik-grau-ausstellungsmodel\/","title":{"rendered":"Rubik grau Ausstellungsmodel"},"content":{"rendered":"<p class=\"yiv4695073517MsoNormal\">Neuwertiges Ausstellungsmodel, Preis beinhaltet keine Akzentkissen. Diese k\u00f6nnen dazu gekauft werden, St\u00fcckpreis CHF 70 (wetterfest Sunbrella mit Quickdry foam).<u><\/u><u><\/u><\/p>\n<p class=\"yiv4695073517MsoNormal\"><strong>Das Set beinhaltet:<\/strong><u><\/u><u><\/u><u><\/u><\/p>\n<p class=\"yiv4695073517MsoNormal\">Farbe grau<u><\/u><u><\/u><\/p>\n<p class=\"yiv4695073517MsoNormal\">2x Sitzelement 70x90x31cm<u><\/u><u><\/u><\/p>\n<p class=\"yiv4695073517MsoNormal\">1x R\u00fcckenelement 120x50x60cm<u><\/u><u><\/u><\/p>\n<p class=\"yiv4695073517MsoNormal\">1x R\u00fcckenelement 90x50s60cm<u><\/u><u><\/u><\/p>\n<p class=\"yiv4695073517MsoNormal\">1x Armlehne 120x50x44cm<u><\/u><u><\/u><\/p>\n<p class=\"yiv4695073517MsoNormal\">1x Armlehne 70x50x44cm<\/p>\n<p>Inspirationen f\u00fcr Draussen<br \/>\nGestalten Sie Ihre Lounge. Mit wenigen Elementen in Quaderform<br \/>\nf\u00fcgen Sie Ihre ganz eigene individuelle Lounge zusammen. Ver\u00e4ndern sich<br \/>\nIhre Bed\u00fcrfnisse \u2013 ver\u00e4ndert sich Ihre Lounge.<br \/>\nDie charakteristische, rechtwinklige Struktur und die kubistischen grossz\u00fcgigen Fl\u00e4chen machen Rubik vielf\u00e4ltig einsetzbar und zum Hingucker f\u00fcr jeden Anlass.<br \/>\nDas Kunstleder ist wetterresistent, d.h. wasserfest dank seiner verklebten N\u00e4hte, sowie frostbest\u00e4ndig. Dadurch k\u00f6nnen die Gartenm\u00f6bel jahrelang und zu jeder Saison problemlos draussen stehen. Der Stoff ist reissfest, flexibel und abnutzungsresistent.<br \/>\nDie Unterkonstruktion, ein Aluminiumrahmen, ist mit dem Schaumstoff Quick dry foam ummantelt. Quick dry foam ist wasserdurchl\u00e4ssig und schnelltrocknend. Das Grundmaterial dieser F\u00fcllung ist Gummi, eine z\u00e4he, feste, elastische Masse, die gegen Verrottung und Schimmelpilz behandelt wurde. Das Wasser str\u00f6mt einfach durch das Polster hindurch und die Elemente k\u00f6nnen auch bei Regen draussen bleiben. Quick dry foam ist ein extrem dauerhaftes Material mit hohem Sitzkomfort.<\/p>\n<p>Rubik \u2013 Ihr ganz pers\u00f6nlicher Beachclub!<\/p>\n","protected":false},"excerpt":{"rendered":"<p>Neuwertiges Ausstellungsmodel, Preis beinhaltet keine Akzentkissen. Diese k\u00f6nnen dazu gekauft werden, St\u00fcckpreis CHF 70 (wetterfest Sunbrella mit Quickdry foam). Das Set beinhaltet: Farbe grau 2x Sitzelement 70x90x31cm 1x R\u00fcckenelement 120x50x60cm 1x R\u00fcckenelement 90x50s60cm 1x Armlehne 120x50x44cm 1x Armlehne 70x50x44cm Inspirationen f\u00fcr Draussen Gestalten Sie Ihre Lounge. Mit wenigen Elementen in Quaderform f\u00fcgen Sie Ihre ganz [&#8230;]\n","protected":false},"featured_media":102763,"template":"","meta":{"_acf_changed":false},"product_cat":[77],"product_tag":[],"acf":[],"yoast_head":"<!-- This site is optimized with the Yoast SEO plugin v22.3 - https:\/\/yoast.com\/wordpress\/plugins\/seo\/ -->\n<title>Rubik grau Ausstellungsmodel - Gartenlounge<\/title>\n<meta name=\"description\" content=\"Seit 2006 ist gartenlounge.ch auf lounges und gartenm\u00f6bel aller art spezialisiert. Quer durch die ganze welt, auf der spur von individualit\u00e4t und exklusivit\u00e4t.\" \/>\n<meta name=\"robots\" content=\"index, follow, max-snippet:-1, max-image-preview:large, max-video-preview:-1\" \/>\n<link rel=\"canonical\" href=\"https:\/\/gartenlounge.ch\/product\/outlet\/rubik-grau-ausstellungsmodel\/\" \/>\n<meta property=\"og:locale\" content=\"en_US\" \/>\n<meta property=\"og:type\" content=\"article\" \/>\n<meta property=\"og:title\" content=\"Rubik grau Ausstellungsmodel - Gartenlounge\" \/>\n<meta property=\"og:description\" content=\"Seit 2006 ist gartenlounge.ch auf lounges und gartenm\u00f6bel aller art spezialisiert. Quer durch die ganze welt, auf der spur von individualit\u00e4t und exklusivit\u00e4t.\" \/>\n<meta property=\"og:url\" content=\"https:\/\/gartenlounge.ch\/product\/outlet\/rubik-grau-ausstellungsmodel\/\" \/>\n<meta property=\"og:site_name\" content=\"Gartenlounge\" \/>\n<meta property=\"article:publisher\" content=\"https:\/\/www.facebook.com\/outdoorsofa\/\" \/>\n<meta property=\"og:image\" content=\"https:\/\/gartenlounge.ch\/wp-content\/uploads\/2025\/01\/Rubik-grau-Ausstellungsmodel.jpg\" \/>\n\t<meta property=\"og:image:width\" content=\"800\" \/>\n\t<meta property=\"og:image:height\" content=\"600\" \/>\n\t<meta property=\"og:image:type\" content=\"image\/jpeg\" \/>\n<meta name=\"twitter:card\" content=\"summary_large_image\" \/>\n<meta name=\"twitter:label1\" content=\"Est. reading time\" \/>\n\t<meta name=\"twitter:data1\" content=\"2 minutes\" \/>\n<script type=\"application\/ld+json\" class=\"yoast-schema-graph\">{\"@context\":\"https:\/\/schema.org\",\"@graph\":[{\"@type\":\"WebPage\",\"@id\":\"https:\/\/gartenlounge.ch\/product\/outlet\/rubik-grau-ausstellungsmodel\/\",\"url\":\"https:\/\/gartenlounge.ch\/product\/outlet\/rubik-grau-ausstellungsmodel\/\",\"name\":\"Rubik grau Ausstellungsmodel - Gartenlounge\",\"isPartOf\":{\"@id\":\"https:\/\/gartenlounge.ch\/#website\"},\"primaryImageOfPage\":{\"@id\":\"https:\/\/gartenlounge.ch\/product\/outlet\/rubik-grau-ausstellungsmodel\/#primaryimage\"},\"image\":{\"@id\":\"https:\/\/gartenlounge.ch\/product\/outlet\/rubik-grau-ausstellungsmodel\/#primaryimage\"},\"thumbnailUrl\":\"https:\/\/gartenlounge.ch\/wp-content\/uploads\/2025\/01\/Rubik-grau-Ausstellungsmodel.jpg\",\"datePublished\":\"2025-01-22T11:02:31+00:00\",\"dateModified\":\"2025-01-22T11:02:31+00:00\",\"description\":\"Seit 2006 ist gartenlounge.ch auf lounges und gartenm\u00f6bel aller art spezialisiert. Quer durch die ganze welt, auf der spur von individualit\u00e4t und exklusivit\u00e4t.\",\"breadcrumb\":{\"@id\":\"https:\/\/gartenlounge.ch\/product\/outlet\/rubik-grau-ausstellungsmodel\/#breadcrumb\"},\"inLanguage\":\"en-US\",\"potentialAction\":[{\"@type\":\"ReadAction\",\"target\":[\"https:\/\/gartenlounge.ch\/product\/outlet\/rubik-grau-ausstellungsmodel\/\"]}]},{\"@type\":\"ImageObject\",\"inLanguage\":\"en-US\",\"@id\":\"https:\/\/gartenlounge.ch\/product\/outlet\/rubik-grau-ausstellungsmodel\/#primaryimage\",\"url\":\"https:\/\/gartenlounge.ch\/wp-content\/uploads\/2025\/01\/Rubik-grau-Ausstellungsmodel.jpg\",\"contentUrl\":\"https:\/\/gartenlounge.ch\/wp-content\/uploads\/2025\/01\/Rubik-grau-Ausstellungsmodel.jpg\",\"width\":800,\"height\":600},{\"@type\":\"BreadcrumbList\",\"@id\":\"https:\/\/gartenlounge.ch\/product\/outlet\/rubik-grau-ausstellungsmodel\/#breadcrumb\",\"itemListElement\":[{\"@type\":\"ListItem\",\"position\":1,\"name\":\"Home\",\"item\":\"https:\/\/gartenlounge.ch\/en\/\"},{\"@type\":\"ListItem\",\"position\":2,\"name\":\"Shop\",\"item\":\"https:\/\/gartenlounge.ch\/en\/shop\/\"},{\"@type\":\"ListItem\",\"position\":3,\"name\":\"Rubik grau Ausstellungsmodel\"}]},{\"@type\":\"WebSite\",\"@id\":\"https:\/\/gartenlounge.ch\/#website\",\"url\":\"https:\/\/gartenlounge.ch\/\",\"name\":\"Gartenlounge\",\"description\":\"Lounges und Garten Lounges Aller Art Spezialisiert.\",\"publisher\":{\"@id\":\"https:\/\/gartenlounge.ch\/#organization\"},\"potentialAction\":[{\"@type\":\"SearchAction\",\"target\":{\"@type\":\"EntryPoint\",\"urlTemplate\":\"https:\/\/gartenlounge.ch\/?s={search_term_string}\"},\"query-input\":\"required name=search_term_string\"}],\"inLanguage\":\"en-US\"},{\"@type\":\"Organization\",\"@id\":\"https:\/\/gartenlounge.ch\/#organization\",\"name\":\"Gartenlounge - Lounges und Gartenlounges aller Art spezialisiert.\",\"url\":\"https:\/\/gartenlounge.ch\/\",\"logo\":{\"@type\":\"ImageObject\",\"inLanguage\":\"en-US\",\"@id\":\"https:\/\/gartenlounge.ch\/#\/schema\/logo\/image\/\",\"url\":\"https:\/\/gartenlounge.ch\/wp-content\/uploads\/2018\/09\/Gartenlongue.ch_.png\",\"contentUrl\":\"https:\/\/gartenlounge.ch\/wp-content\/uploads\/2018\/09\/Gartenlongue.ch_.png\",\"width\":500,\"height\":67,\"caption\":\"Gartenlounge - Lounges und Gartenlounges aller Art spezialisiert.\"},\"image\":{\"@id\":\"https:\/\/gartenlounge.ch\/#\/schema\/logo\/image\/\"},\"sameAs\":[\"https:\/\/www.facebook.com\/outdoorsofa\/\"]}]}<\/script>\n<!-- \/ Yoast SEO plugin. -->","yoast_head_json":{"title":"Rubik grau Ausstellungsmodel - Gartenlounge","description":"Seit 2006 ist gartenlounge.ch auf lounges und gartenm\u00f6bel aller art spezialisiert. Quer durch die ganze welt, auf der spur von individualit\u00e4t und exklusivit\u00e4t.","robots":{"index":"index","follow":"follow","max-snippet":"max-snippet:-1","max-image-preview":"max-image-preview:large","max-video-preview":"max-video-preview:-1"},"canonical":"https:\/\/gartenlounge.ch\/product\/outlet\/rubik-grau-ausstellungsmodel\/","og_locale":"en_US","og_type":"article","og_title":"Rubik grau Ausstellungsmodel - Gartenlounge","og_description":"Seit 2006 ist gartenlounge.ch auf lounges und gartenm\u00f6bel aller art spezialisiert. Quer durch die ganze welt, auf der spur von individualit\u00e4t und exklusivit\u00e4t.","og_url":"https:\/\/gartenlounge.ch\/product\/outlet\/rubik-grau-ausstellungsmodel\/","og_site_name":"Gartenlounge","article_publisher":"https:\/\/www.facebook.com\/outdoorsofa\/","og_image":[{"width":800,"height":600,"url":"https:\/\/gartenlounge.ch\/wp-content\/uploads\/2025\/01\/Rubik-grau-Ausstellungsmodel.jpg","type":"image\/jpeg"}],"twitter_card":"summary_large_image","twitter_misc":{"Est. reading time":"2 minutes"},"schema":{"@context":"https:\/\/schema.org","@graph":[{"@type":"WebPage","@id":"https:\/\/gartenlounge.ch\/product\/outlet\/rubik-grau-ausstellungsmodel\/","url":"https:\/\/gartenlounge.ch\/product\/outlet\/rubik-grau-ausstellungsmodel\/","name":"Rubik grau Ausstellungsmodel - Gartenlounge","isPartOf":{"@id":"https:\/\/gartenlounge.ch\/#website"},"primaryImageOfPage":{"@id":"https:\/\/gartenlounge.ch\/product\/outlet\/rubik-grau-ausstellungsmodel\/#primaryimage"},"image":{"@id":"https:\/\/gartenlounge.ch\/product\/outlet\/rubik-grau-ausstellungsmodel\/#primaryimage"},"thumbnailUrl":"https:\/\/gartenlounge.ch\/wp-content\/uploads\/2025\/01\/Rubik-grau-Ausstellungsmodel.jpg","datePublished":"2025-01-22T11:02:31+00:00","dateModified":"2025-01-22T11:02:31+00:00","description":"Seit 2006 ist gartenlounge.ch auf lounges und gartenm\u00f6bel aller art spezialisiert. Quer durch die ganze welt, auf der spur von individualit\u00e4t und exklusivit\u00e4t.","breadcrumb":{"@id":"https:\/\/gartenlounge.ch\/product\/outlet\/rubik-grau-ausstellungsmodel\/#breadcrumb"},"inLanguage":"en-US","potentialAction":[{"@type":"ReadAction","target":["https:\/\/gartenlounge.ch\/product\/outlet\/rubik-grau-ausstellungsmodel\/"]}]},{"@type":"ImageObject","inLanguage":"en-US","@id":"https:\/\/gartenlounge.ch\/product\/outlet\/rubik-grau-ausstellungsmodel\/#primaryimage","url":"https:\/\/gartenlounge.ch\/wp-content\/uploads\/2025\/01\/Rubik-grau-Ausstellungsmodel.jpg","contentUrl":"https:\/\/gartenlounge.ch\/wp-content\/uploads\/2025\/01\/Rubik-grau-Ausstellungsmodel.jpg","width":800,"height":600},{"@type":"BreadcrumbList","@id":"https:\/\/gartenlounge.ch\/product\/outlet\/rubik-grau-ausstellungsmodel\/#breadcrumb","itemListElement":[{"@type":"ListItem","position":1,"name":"Home","item":"https:\/\/gartenlounge.ch\/en\/"},{"@type":"ListItem","position":2,"name":"Shop","item":"https:\/\/gartenlounge.ch\/en\/shop\/"},{"@type":"ListItem","position":3,"name":"Rubik grau Ausstellungsmodel"}]},{"@type":"WebSite","@id":"https:\/\/gartenlounge.ch\/#website","url":"https:\/\/gartenlounge.ch\/","name":"Gartenlounge","description":"Lounges und Garten Lounges Aller Art Spezialisiert.","publisher":{"@id":"https:\/\/gartenlounge.ch\/#organization"},"potentialAction":[{"@type":"SearchAction","target":{"@type":"EntryPoint","urlTemplate":"https:\/\/gartenlounge.ch\/?s={search_term_string}"},"query-input":"required name=search_term_string"}],"inLanguage":"en-US"},{"@type":"Organization","@id":"https:\/\/gartenlounge.ch\/#organization","name":"Gartenlounge - Lounges und Gartenlounges aller Art spezialisiert.","url":"https:\/\/gartenlounge.ch\/","logo":{"@type":"ImageObject","inLanguage":"en-US","@id":"https:\/\/gartenlounge.ch\/#\/schema\/logo\/image\/","url":"https:\/\/gartenlounge.ch\/wp-content\/uploads\/2018\/09\/Gartenlongue.ch_.png","contentUrl":"https:\/\/gartenlounge.ch\/wp-content\/uploads\/2018\/09\/Gartenlongue.ch_.png","width":500,"height":67,"caption":"Gartenlounge - Lounges und Gartenlounges aller Art spezialisiert."},"image":{"@id":"https:\/\/gartenlounge.ch\/#\/schema\/logo\/image\/"},"sameAs":["https:\/\/www.facebook.com\/outdoorsofa\/"]}]}},"_links":{"self":[{"href":"https:\/\/gartenlounge.ch\/en\/wp-json\/wp\/v2\/product\/102762"}],"collection":[{"href":"https:\/\/gartenlounge.ch\/en\/wp-json\/wp\/v2\/product"}],"about":[{"href":"https:\/\/gartenlounge.ch\/en\/wp-json\/wp\/v2\/types\/product"}],"wp:featuredmedia":[{"embeddable":true,"href":"https:\/\/gartenlounge.ch\/en\/wp-json\/wp\/v2\/media\/102763"}],"wp:attachment":[{"href":"https:\/\/gartenlounge.ch\/en\/wp-json\/wp\/v2\/media?parent=102762"}],"wp:term":[{"taxonomy":"product_cat","embeddable":true,"href":"https:\/\/gartenlounge.ch\/en\/wp-json\/wp\/v2\/product_cat?post=102762"},{"taxonomy":"product_tag","embeddable":true,"href":"https:\/\/gartenlounge.ch\/en\/wp-json\/wp\/v2\/product_tag?post=102762"}],"curies":[{"name":"wp","href":"https:\/\/api.w.org\/{rel}","templated":true}]}}